{"id":5917,"date":"2026-01-14T13:43:40","date_gmt":"2026-01-14T13:43:40","guid":{"rendered":"https:\/\/turkishtrade.co\/product\/mens-leather-brogue-loafers\/"},"modified":"2026-04-09T19:19:57","modified_gmt":"2026-04-09T19:19:57","slug":"mens-leather-brogue-loafers","status":"publish","type":"product","link":"https:\/\/turkishtrade.co\/fr\/shop\/mens-leather-brogue-loafers\/","title":{"rendered":"Mocassins en cuir de qualit\u00e9 sup\u00e9rieure pour hommes"},"content":{"rendered":"<p><strong>Mocassins en cuir pour hommes<\/strong><\/p>\n<p>Entrez dans une sophistication intemporelle avec nos mocassins brogue en cuir pour hommes, m\u00e9ticuleusement confectionn\u00e9s. Con\u00e7us pour le gentleman moderne qui appr\u00e9cie \u00e0 la fois le style et le confort, ces mocassins allient harmonieusement l'\u00e9l\u00e9gance classique et le design contemporain. Parfaits pour une myriade d'occasions, des r\u00e9unions d'affaires importantes aux rassemblements d\u00e9contract\u00e9s, ces mocassins sont parfaits pour les hommes. <strong>Mocassins en cuir pour hommes<\/strong> sont un compl\u00e9ment indispensable \u00e0 toute garde-robe exigeante.<\/p>\n<p>D\u00e9couvrez l'alliance de la tradition et de la modernit\u00e9 gr\u00e2ce \u00e0 nos installations exceptionnelles. <strong>Mocassins en cuir pour hommes<\/strong>.<\/p>\n<p><h3>Une qualit\u00e9 et un savoir-faire in\u00e9gal\u00e9s<\/h3>\n<\/p>\n<p>Chaque paire de nos <strong>Mocassins en cuir pour hommes<\/strong> t\u00e9moigne d'un savoir-faire artisanal de qualit\u00e9 sup\u00e9rieure. L'ext\u00e9rieur est fabriqu\u00e9 en cuir de veau souple de premi\u00e8re qualit\u00e9, r\u00e9put\u00e9 pour son toucher luxueux, sa durabilit\u00e9 et sa capacit\u00e9 \u00e0 d\u00e9velopper une belle patine au fil du temps. \u00c0 l'int\u00e9rieur, vos pieds seront berc\u00e9s par la douceur exquise du cuir de ch\u00e8vre v\u00e9ritable, garantissant une exp\u00e9rience respirante et incroyablement confortable \u00e0 chaque pas.<\/p>\n<p>Les d\u00e9tails brogue, caract\u00e9ristiques des chaussures classiques, ajoutent une touche de caract\u00e8re raffin\u00e9, ce qui fait de ces chaussures un produit de qualit\u00e9. <strong>Mocassins en cuir pour hommes<\/strong> se distinguent vraiment.<\/p>\n<p><h3>Confort tout au long de la journ\u00e9e et style durable<\/h3>\n<\/p>\n<p>Le confort est primordial, et ces <strong>Mocassins en cuir pour hommes<\/strong> livrent. Dot\u00e9es d'une semelle EVA \u00e0 la fois l\u00e9g\u00e8re et robuste, elles offrent un excellent amorti et un bon soutien, ce qui les rend id\u00e9ales pour \u00eatre port\u00e9es toute la journ\u00e9e sans fatigue. La hauteur du talon du mocassin classique de 1 \u00e0 3 cm assure une foul\u00e9e stable et ergonomique.<\/p>\n<p>Cette conception bien pens\u00e9e signifie que vous n'avez pas \u00e0 sacrifier le confort pour le style. Que vous naviguiez dans les rues de la ville ou que vous assistiez \u00e0 un \u00e9v\u00e9nement formel, vous pouvez compter sur ces chaussures. <strong>Mocassins en cuir pour hommes<\/strong> pour vous permettre d'avoir une apparence soign\u00e9e et de vous sentir bien.<\/p>\n<p><h3>Parfait pour les commandes en gros et les d\u00e9taillants<\/h3>\n<\/p>\n<p>Pour les entreprises et les d\u00e9taillants \u00e0 la recherche de chaussures de haute qualit\u00e9, nos <strong>Mocassins en cuir pour hommes<\/strong> sont disponibles pour des achats en gros avec une quantit\u00e9 minimum de 8 paires. Nous sommes fiers de notre production efficace et de notre d\u00e9lai de livraison fiable d'environ 12 jours, plus les frais d'exp\u00e9dition. Offrez \u00e0 vos clients des chaussures de qualit\u00e9 sup\u00e9rieure qui allient l'\u00e9l\u00e9gance traditionnelle au confort et \u00e0 l'attrait modernes.<\/p>\n<p>Disponibles dans une large gamme de tailles allant de l'UE 39 \u00e0 l'UE 45, ces \u00e9l\u00e9gantes <strong>Mocassins en cuir pour hommes<\/strong> s'adressent \u00e0 une large client\u00e8le, ce qui garantit la satisfaction et la fid\u00e9lisation des clients. Ces produits exquis <strong>Mocassins en cuir pour hommes<\/strong> repr\u00e9sentent un excellent investissement pour votre inventaire.<\/p>","protected":false},"excerpt":{"rendered":"<ul>\n<li>Fabriqu\u00e9 en cuir de veau de premi\u00e8re qualit\u00e9 \u00e0 l'ext\u00e9rieur et en cuir de ch\u00e8vre souple \u00e0 l'int\u00e9rieur.<\/li>\n<li>Semelle EVA l\u00e9g\u00e8re et confortable pour une utilisation tout au long de la journ\u00e9e.<\/li>\n<li>Mocassin classique et d\u00e9contract\u00e9 Hauteur du talon : 1-3 cm.<\/li>\n<li>Disponible dans une large gamme de tailles : EU 39, 40, 41, 42, 43, 44, 45.<\/li>\n<li>Quantit\u00e9 minimale de commande : 8 paires.<\/li>\n<li>D\u00e9lai de production et de livraison : Environ 12 jours + exp\u00e9dition.<\/li>\n<\/ul>","protected":false},"featured_media":3955,"template":"","meta":{"_acf_changed":false,"_uag_custom_page_level_css":"","site-sidebar-layout":"default","site-content-layout":"","ast-site-content-layout":"default","site-content-style":"default","site-sidebar-style":"default","ast-global-header-display":"","ast-banner-title-visibility":"","ast-main-header-display":"","ast-hfb-above-header-display":"","ast-hfb-below-header-display":"","ast-hfb-mobile-header-display":"","site-post-title":"","ast-breadcrumbs-content":"","ast-featured-img":"","footer-sml-layout":"","ast-disable-related-posts":"","theme-transparent-header-meta":"","adv-header-id-meta":"","stick-header-meta":"","header-above-stick-meta":"","header-main-stick-meta":"","header-below-stick-meta":"","astra-migrate-meta-layouts":"default","ast-page-background-enabled":"default","ast-page-background-meta":{"desktop":{"background-color":"var(--ast-global-color-4)","background-image":"","background-repeat":"repeat","background-position":"center center","background-size":"auto","background-attachment":"scroll","background-type":"","background-media":"","overlay-type":"","overlay-color":"","overlay-opacity":"","overlay-gradient":""},"tablet":{"background-color":"","background-image":"","background-repeat":"repeat","background-position":"center center","background-size":"auto","background-attachment":"scroll","background-type":"","background-media":"","overlay-type":"","overlay-color":"","overlay-opacity":"","overlay-gradient":""},"mobile":{"background-color":"","background-image":"","background-repeat":"repeat","background-position":"center center","background-size":"auto","background-attachment":"scroll","background-type":"","background-media":"","overlay-type":"","overlay-color":"","overlay-opacity":"","overlay-gradient":""}},"ast-content-background-meta":{"desktop":{"background-color":"var(--ast-global-color-5)","background-image":"","background-repeat":"repeat","background-position":"center center","background-size":"auto","background-attachment":"scroll","background-type":"","background-media":"","overlay-type":"","overlay-color":"","overlay-opacity":"","overlay-gradient":""},"tablet":{"background-color":"var(--ast-global-color-5)","background-image":"","background-repeat":"repeat","background-position":"center center","background-size":"auto","background-attachment":"scroll","background-type":"","background-media":"","overlay-type":"","overlay-color":"","overlay-opacity":"","overlay-gradient":""},"mobile":{"background-color":"var(--ast-global-color-5)","background-image":"","background-repeat":"repeat","background-position":"center center","background-size":"auto","background-attachment":"scroll","background-type":"","background-media":"","overlay-type":"","overlay-color":"","overlay-opacity":"","overlay-gradient":""}}},"product_brand":[],"product_cat":[48,47,49,430,40],"product_tag":[654,674,513,185,512,457,737,438,251,189,219,215,186,456],"class_list":{"0":"post-5917","1":"product","2":"type-product","3":"status-publish","4":"has-post-thumbnail","6":"product_cat-casual","7":"product_cat-classic","8":"product_cat-loafer","9":"product_cat-men","10":"product_cat-mens-shoes","11":"product_tag-brogue-shoes","12":"product_tag-bulk-shoes","13":"product_tag-business-casual-shoes","14":"product_tag-calf-leather-shoes","15":"product_tag-casual-loafers","16":"product_tag-classic-loafers","17":"product_tag-dress-loafers","18":"product_tag-eva-sole","19":"product_tag-formal-shoes","20":"product_tag-goat-leather-lining","21":"product_tag-handmade-shoes","22":"product_tag-leather-loafers","23":"product_tag-mens-loafers","24":"product_tag-wholesale-loafers","25":"desktop-align-center","26":"tablet-align-center","27":"mobile-align-center","29":"first","30":"instock","31":"shipping-taxable","32":"purchasable","33":"product-type-variable","34":"has-default-attributes"},"acf":[],"uagb_featured_image_src":{"full":["https:\/\/turkishtrade.co\/wp-content\/uploads\/2026\/01\/2400EJOMN00468-DARK-BROWN-X_1350.png",453,250,false],"thumbnail":["https:\/\/turkishtrade.co\/wp-content\/uploads\/2026\/01\/2400EJOMN00468-DARK-BROWN-X_1350-150x150.png",150,150,true],"medium":["https:\/\/turkishtrade.co\/wp-content\/uploads\/2026\/01\/2400EJOMN00468-DARK-BROWN-X_1350-300x166.png",300,166,true],"medium_large":["https:\/\/turkishtrade.co\/wp-content\/uploads\/2026\/01\/2400EJOMN00468-DARK-BROWN-X_1350.png",453,250,false],"large":["https:\/\/turkishtrade.co\/wp-content\/uploads\/2026\/01\/2400EJOMN00468-DARK-BROWN-X_1350.png",453,250,false],"1536x1536":["https:\/\/turkishtrade.co\/wp-content\/uploads\/2026\/01\/2400EJOMN00468-DARK-BROWN-X_1350.png",453,250,false],"2048x2048":["https:\/\/turkishtrade.co\/wp-content\/uploads\/2026\/01\/2400EJOMN00468-DARK-BROWN-X_1350.png",453,250,false],"trp-custom-language-flag":["https:\/\/turkishtrade.co\/wp-content\/uploads\/2026\/01\/2400EJOMN00468-DARK-BROWN-X_1350-18x10.png",18,10,true],"woocommerce_thumbnail":["https:\/\/turkishtrade.co\/wp-content\/uploads\/2026\/01\/2400EJOMN00468-DARK-BROWN-X_1350-400x250.png",400,250,true],"woocommerce_single":["https:\/\/turkishtrade.co\/wp-content\/uploads\/2026\/01\/2400EJOMN00468-DARK-BROWN-X_1350.png",453,250,false],"woocommerce_gallery_thumbnail":["https:\/\/turkishtrade.co\/wp-content\/uploads\/2026\/01\/2400EJOMN00468-DARK-BROWN-X_1350-100x100.png",100,100,true]},"uagb_author_info":{"display_name":"yaser olabi","author_link":"https:\/\/turkishtrade.co\/fr\/author\/"},"uagb_comment_info":0,"uagb_excerpt":"Crafted from premium Calf Leather exterior and soft Goat Leather interior. Lightweight and comfortable EVA sole for all-day wear. Classic loafer casual heel height: 1-3 cm. Available in a wide range of sizes: EU 39, 40, 41, 42, 43, 44, 45. Minimum order quantity: 8 pairs. Production and delivery time: Approximately 12 days + shipping.","_links":{"self":[{"href":"https:\/\/turkishtrade.co\/fr\/wp-json\/wp\/v2\/product\/5917","targetHints":{"allow":["GET"]}}],"collection":[{"href":"https:\/\/turkishtrade.co\/fr\/wp-json\/wp\/v2\/product"}],"about":[{"href":"https:\/\/turkishtrade.co\/fr\/wp-json\/wp\/v2\/types\/product"}],"wp:featuredmedia":[{"embeddable":true,"href":"https:\/\/turkishtrade.co\/fr\/wp-json\/wp\/v2\/media\/3955"}],"wp:attachment":[{"href":"https:\/\/turkishtrade.co\/fr\/wp-json\/wp\/v2\/media?parent=5917"}],"wp:term":[{"taxonomy":"product_brand","embeddable":true,"href":"https:\/\/turkishtrade.co\/fr\/wp-json\/wp\/v2\/product_brand?post=5917"},{"taxonomy":"product_cat","embeddable":true,"href":"https:\/\/turkishtrade.co\/fr\/wp-json\/wp\/v2\/product_cat?post=5917"},{"taxonomy":"product_tag","embeddable":true,"href":"https:\/\/turkishtrade.co\/fr\/wp-json\/wp\/v2\/product_tag?post=5917"}],"curies":[{"name":"wp","href":"https:\/\/api.w.org\/{rel}","templated":true}]}}