{"id":5913,"date":"2026-01-14T13:42:48","date_gmt":"2026-01-14T13:42:48","guid":{"rendered":"https:\/\/turkishtrade.co\/product\/men-s-brown-monk-loafers\/"},"modified":"2026-04-09T19:20:04","modified_gmt":"2026-04-09T19:20:04","slug":"mens-brown-monk-loafers","status":"publish","type":"product","link":"https:\/\/turkishtrade.co\/fr\/shop\/mens-brown-monk-loafers\/","title":{"rendered":"Mocassins Premium pour hommes, marron, avec semelle EVA"},"content":{"rendered":"<p><strong>Mocassins marrons pour hommes<\/strong><\/p>\n<p>\u00c9levez votre collection de chaussures gr\u00e2ce \u00e0 nos chaussures exquises. <strong>mocassins bruns pour hommes<\/strong>, Ces mocassins sont un m\u00e9lange parfait de style classique et de confort moderne. M\u00e9ticuleusement fabriqu\u00e9s \u00e0 partir des meilleurs mat\u00e9riaux, ces mocassins sont con\u00e7us pour les hommes exigeants qui appr\u00e9cient \u00e0 la fois l'esth\u00e9tique et la durabilit\u00e9. L'ext\u00e9rieur en cuir de veau v\u00e9ritable offre un \u00e9clat sophistiqu\u00e9, tandis que la tige en daim marron contrastant ajoute une touche de texture unique et de profondeur.<\/p>\n<p>Il ne s'agit pas de simples chaussures, mais d'une d\u00e9claration de go\u00fbt raffin\u00e9.<\/p>\n<p><h3>Un savoir-faire in\u00e9gal\u00e9 et des mat\u00e9riaux de premi\u00e8re qualit\u00e9<\/h3>\n<\/p>\n<p>Notre <strong>mocassins bruns pour hommes<\/strong> b\u00e9n\u00e9ficient d'une construction de qualit\u00e9 sup\u00e9rieure, garantissant une usure et un confort durables. L'ext\u00e9rieur est en cuir de veau luxueux, connu pour son \u00e9lasticit\u00e9 et sa finition lisse, offrant un aspect distingu\u00e9 qui ne fait que s'am\u00e9liorer avec l'\u00e2ge. \u00c0 l'int\u00e9rieur, vos pieds b\u00e9n\u00e9ficieront du confort moelleux d'une doublure en cuir de ch\u00e8vre souple, garantissant une bonne respirabilit\u00e9 et une sensation de qualit\u00e9 sup\u00e9rieure \u00e0 chaque pas.<\/p>\n<p>La double bride monk caract\u00e9ristique, dot\u00e9e d'\u00e9l\u00e9gantes boucles, ajoute un attrait intemporel, ce qui fait de ces chaussures un produit de choix pour les femmes. <strong>mocassins bruns pour hommes<\/strong> un compl\u00e9ment polyvalent \u00e0 toute garde-robe.<\/p>\n<p><h3>Con\u00e7u pour le confort et la durabilit\u00e9<\/h3>\n<\/p>\n<p>Le confort est primordial, et ces <strong>mocassins bruns pour hommes<\/strong> sont dot\u00e9es d'une semelle EVA innovante. Ce mat\u00e9riau l\u00e9ger mais incroyablement durable offre une excellente absorption des chocs et une adh\u00e9rence sup\u00e9rieure, ce qui les rend id\u00e9ales pour \u00eatre port\u00e9es toute la journ\u00e9e, que vous naviguiez dans les rues de la ville ou que vous assistiez \u00e0 d'importantes r\u00e9unions d'affaires. Avec une hauteur de talon confortable comprise entre 1 et 3 cm, elles offrent une \u00e9l\u00e9vation subtile sans compromettre la stabilit\u00e9.<\/p>\n<p>Disponible dans une gamme compl\u00e8te de tailles europ\u00e9ennes allant du 39 au 45, il est possible de trouver la taille id\u00e9ale pour ces produits exceptionnels. <strong>mocassins bruns pour hommes<\/strong> est sans effort.<\/p>\n<p><h3>Le choix id\u00e9al pour les acheteurs en gros<\/h3>\n<\/p>\n<p>Pour les entreprises \u00e0 la recherche de chaussures \u00e9l\u00e9gantes et de haute qualit\u00e9, nos <strong>mocassins bruns pour hommes<\/strong> sont un choix in\u00e9gal\u00e9. Nous proposons ces chaussures de qualit\u00e9 sup\u00e9rieure en gros avec une quantit\u00e9 minimale de commande de 8 paires, ce qui garantit des prix comp\u00e9titifs pour les achats en gros. Avec un d\u00e9lai de livraison estim\u00e9 \u00e0 12 jours plus les frais d'exp\u00e9dition, vous pouvez approvisionner efficacement votre stock avec un produit qui r\u00e9sonne avec la qualit\u00e9 et la sophistication.<\/p>\n<p>Offrez \u00e0 vos clients ce qu'il y a de mieux en mati\u00e8re de chaussures en choisissant nos produits distingu\u00e9s. <strong>mocassins bruns pour hommes<\/strong>.<\/p>\n<p><h3>Polyvalence et style<\/h3>\n<\/p>\n<p>Ces produits polyvalents <strong>mocassins bruns pour hommes<\/strong> Les pantalons de cette collection passent sans probl\u00e8me d'une tenue d\u00e9contract\u00e9e \u00e0 une tenue semi-d\u00e9contract\u00e9e. Associez-les \u00e0 un pantalon de tailleur pour un look de bureau raffin\u00e9, ou \u00e0 un pantalon chino pour un ensemble sophistiqu\u00e9 le week-end. Leur riche teinte marron et leur design distinctif en font une pi\u00e8ce \u00e0 part, vous garantissant de toujours sortir en toute confiance et avec style. Investissez dans une paire de chaussures qui refl\u00e8te vraiment une qualit\u00e9 exceptionnelle et un design intemporel.<\/p>","protected":false},"excerpt":{"rendered":"<ul>\n<li>Fabriqu\u00e9 en cuir de veau de premi\u00e8re qualit\u00e9 \u00e0 l'ext\u00e9rieur et en cuir de ch\u00e8vre souple \u00e0 l'int\u00e9rieur.<\/li>\n<li>Double bracelet monk styl\u00e9 avec d'\u00e9l\u00e9gants accents en daim marron<\/li>\n<li>Semelle EVA confortable et durable pour une meilleure adh\u00e9rence et une meilleure portabilit\u00e9.<\/li>\n<li>Disponible en tailles europ\u00e9ennes 39, 40, 41, 42, 43, 44, 45<\/li>\n<li><strong>Disponibilit\u00e9 en gros :<\/strong> Commande minimum de 8 paires.<\/li>\n<\/ul>","protected":false},"featured_media":3952,"template":"","meta":{"_acf_changed":false,"_uag_custom_page_level_css":"","site-sidebar-layout":"default","site-content-layout":"","ast-site-content-layout":"default","site-content-style":"default","site-sidebar-style":"default","ast-global-header-display":"","ast-banner-title-visibility":"","ast-main-header-display":"","ast-hfb-above-header-display":"","ast-hfb-below-header-display":"","ast-hfb-mobile-header-display":"","site-post-title":"","ast-breadcrumbs-content":"","ast-featured-img":"","footer-sml-layout":"","ast-disable-related-posts":"","theme-transparent-header-meta":"","adv-header-id-meta":"","stick-header-meta":"","header-above-stick-meta":"","header-main-stick-meta":"","header-below-stick-meta":"","astra-migrate-meta-layouts":"default","ast-page-background-enabled":"default","ast-page-background-meta":{"desktop":{"background-color":"var(--ast-global-color-4)","background-image":"","background-repeat":"repeat","background-position":"center center","background-size":"auto","background-attachment":"scroll","background-type":"","background-media":"","overlay-type":"","overlay-color":"","overlay-opacity":"","overlay-gradient":""},"tablet":{"background-color":"","background-image":"","background-repeat":"repeat","background-position":"center center","background-size":"auto","background-attachment":"scroll","background-type":"","background-media":"","overlay-type":"","overlay-color":"","overlay-opacity":"","overlay-gradient":""},"mobile":{"background-color":"","background-image":"","background-repeat":"repeat","background-position":"center center","background-size":"auto","background-attachment":"scroll","background-type":"","background-media":"","overlay-type":"","overlay-color":"","overlay-opacity":"","overlay-gradient":""}},"ast-content-background-meta":{"desktop":{"background-color":"var(--ast-global-color-5)","background-image":"","background-repeat":"repeat","background-position":"center center","background-size":"auto","background-attachment":"scroll","background-type":"","background-media":"","overlay-type":"","overlay-color":"","overlay-opacity":"","overlay-gradient":""},"tablet":{"background-color":"var(--ast-global-color-5)","background-image":"","background-repeat":"repeat","background-position":"center center","background-size":"auto","background-attachment":"scroll","background-type":"","background-media":"","overlay-type":"","overlay-color":"","overlay-opacity":"","overlay-gradient":""},"mobile":{"background-color":"var(--ast-global-color-5)","background-image":"","background-repeat":"repeat","background-position":"center center","background-size":"auto","background-attachment":"scroll","background-type":"","background-media":"","overlay-type":"","overlay-color":"","overlay-opacity":"","overlay-gradient":""}}},"product_brand":[],"product_cat":[48,47,49,430,40],"product_tag":[292,202,512,1087,756,438,437,186,261,210,149,281],"class_list":{"0":"post-5913","1":"product","2":"type-product","3":"status-publish","4":"has-post-thumbnail","6":"product_cat-casual","7":"product_cat-classic","8":"product_cat-loafer","9":"product_cat-men","10":"product_cat-mens-shoes","11":"product_tag-brown-leather-shoes","12":"product_tag-calf-leather","13":"product_tag-casual-loafers","14":"product_tag-dual-buckle-shoes","15":"product_tag-european-sizes","16":"product_tag-eva-sole","17":"product_tag-goat-leather","18":"product_tag-mens-loafers","19":"product_tag-monk-strap-shoes","20":"product_tag-smart-casual","21":"product_tag-suede-loafers","22":"product_tag-wholesale-shoes","23":"desktop-align-center","24":"tablet-align-center","25":"mobile-align-center","27":"first","28":"instock","29":"shipping-taxable","30":"purchasable","31":"product-type-variable","32":"has-default-attributes"},"acf":[],"uagb_featured_image_src":{"full":["https:\/\/turkishtrade.co\/wp-content\/uploads\/2026\/01\/2400EJOMN00464-CAMEL-R_570-4-USD.png",453,250,false],"thumbnail":["https:\/\/turkishtrade.co\/wp-content\/uploads\/2026\/01\/2400EJOMN00464-CAMEL-R_570-4-USD-150x150.png",150,150,true],"medium":["https:\/\/turkishtrade.co\/wp-content\/uploads\/2026\/01\/2400EJOMN00464-CAMEL-R_570-4-USD-300x166.png",300,166,true],"medium_large":["https:\/\/turkishtrade.co\/wp-content\/uploads\/2026\/01\/2400EJOMN00464-CAMEL-R_570-4-USD.png",453,250,false],"large":["https:\/\/turkishtrade.co\/wp-content\/uploads\/2026\/01\/2400EJOMN00464-CAMEL-R_570-4-USD.png",453,250,false],"1536x1536":["https:\/\/turkishtrade.co\/wp-content\/uploads\/2026\/01\/2400EJOMN00464-CAMEL-R_570-4-USD.png",453,250,false],"2048x2048":["https:\/\/turkishtrade.co\/wp-content\/uploads\/2026\/01\/2400EJOMN00464-CAMEL-R_570-4-USD.png",453,250,false],"trp-custom-language-flag":["https:\/\/turkishtrade.co\/wp-content\/uploads\/2026\/01\/2400EJOMN00464-CAMEL-R_570-4-USD-18x10.png",18,10,true],"woocommerce_thumbnail":["https:\/\/turkishtrade.co\/wp-content\/uploads\/2026\/01\/2400EJOMN00464-CAMEL-R_570-4-USD-400x250.png",400,250,true],"woocommerce_single":["https:\/\/turkishtrade.co\/wp-content\/uploads\/2026\/01\/2400EJOMN00464-CAMEL-R_570-4-USD.png",453,250,false],"woocommerce_gallery_thumbnail":["https:\/\/turkishtrade.co\/wp-content\/uploads\/2026\/01\/2400EJOMN00464-CAMEL-R_570-4-USD-100x100.png",100,100,true]},"uagb_author_info":{"display_name":"yaser olabi","author_link":"https:\/\/turkishtrade.co\/fr\/author\/"},"uagb_comment_info":0,"uagb_excerpt":"Crafted from premium calf leather exterior and soft goat leather interior Stylish dual monk strap design with elegant brown suede accents Features a comfortable and durable EVA sole for enhanced grip and wearability Available in European sizes 39, 40, 41, 42, 43, 44, 45 Wholesale Availability: Minimum order of 8 pairs required.","_links":{"self":[{"href":"https:\/\/turkishtrade.co\/fr\/wp-json\/wp\/v2\/product\/5913","targetHints":{"allow":["GET"]}}],"collection":[{"href":"https:\/\/turkishtrade.co\/fr\/wp-json\/wp\/v2\/product"}],"about":[{"href":"https:\/\/turkishtrade.co\/fr\/wp-json\/wp\/v2\/types\/product"}],"wp:featuredmedia":[{"embeddable":true,"href":"https:\/\/turkishtrade.co\/fr\/wp-json\/wp\/v2\/media\/3952"}],"wp:attachment":[{"href":"https:\/\/turkishtrade.co\/fr\/wp-json\/wp\/v2\/media?parent=5913"}],"wp:term":[{"taxonomy":"product_brand","embeddable":true,"href":"https:\/\/turkishtrade.co\/fr\/wp-json\/wp\/v2\/product_brand?post=5913"},{"taxonomy":"product_cat","embeddable":true,"href":"https:\/\/turkishtrade.co\/fr\/wp-json\/wp\/v2\/product_cat?post=5913"},{"taxonomy":"product_tag","embeddable":true,"href":"https:\/\/turkishtrade.co\/fr\/wp-json\/wp\/v2\/product_tag?post=5913"}],"curies":[{"name":"wp","href":"https:\/\/api.w.org\/{rel}","templated":true}]}}