{"id":5906,"date":"2026-01-14T13:41:33","date_gmt":"2026-01-14T13:41:33","guid":{"rendered":"https:\/\/turkishtrade.co\/product\/mens-brown-leather-derby-shoes-7\/"},"modified":"2026-04-09T19:20:20","modified_gmt":"2026-04-09T19:20:20","slug":"mens-brown-leather-derby-shoes-7","status":"publish","type":"product","link":"https:\/\/turkishtrade.co\/fr\/shop\/mens-brown-leather-derby-shoes-7\/","title":{"rendered":"Chaussures de derby en cuir de veau marron de qualit\u00e9 sup\u00e9rieure pour hommes avec semelle EVA"},"content":{"rendered":"<p><strong>Chaussures derby en cuir marron pour hommes<\/strong><\/p>\n<p>\u00c9levez votre collection de chaussures gr\u00e2ce \u00e0 nos chaussures exquises. <strong>Chaussures derby en cuir marron pour hommes<\/strong>, Ces chaussures sont con\u00e7ues pour le gentleman moderne qui appr\u00e9cie \u00e0 la fois le style et le confort. Ces chaussures exceptionnelles sont un m\u00e9lange parfait d'\u00e9l\u00e9gance classique et de fonctionnalit\u00e9 contemporaine, ce qui en fait un compl\u00e9ment indispensable \u00e0 toute garde-robe chic et d\u00e9contract\u00e9e. Fabriqu\u00e9es par des experts, chaque paire est le fruit d'un travail artistique de qualit\u00e9 sup\u00e9rieure et d'une attention m\u00e9ticuleuse aux d\u00e9tails, ce qui en fait les chaussures id\u00e9ales pour les hommes d'affaires. <strong>Chaussures derby en cuir marron pour hommes<\/strong> pour toutes les occasions.<\/p>\n<h3>Qualit\u00e9 et confort in\u00e9gal\u00e9s<\/h3>\n<p>Notre <strong>Chaussures derby en cuir marron pour hommes<\/strong> sont dot\u00e9s d'une surface ext\u00e9rieure en cuir de veau de premi\u00e8re qualit\u00e9, r\u00e9put\u00e9 pour sa durabilit\u00e9, sa texture souple et son aspect sophistiqu\u00e9. La riche teinte marron offre une grande polyvalence, s'associant facilement \u00e0 un large \u00e9ventail de tenues, des pantalons de tailleur aux jeans fonc\u00e9s. \u00c0 l'int\u00e9rieur, vos pieds b\u00e9n\u00e9ficieront d'un confort in\u00e9gal\u00e9 gr\u00e2ce \u00e0 la doublure en cuir de ch\u00e8vre souple et respirant, qui \u00e9vacue l'humidit\u00e9 et procure une sensation de luxe \u00e0 chaque pas.<\/p>\n<p>Le design classique \u00e0 lacets assure un ajustement s\u00fbr et ajustable, ce qui fait de ces chaussures un produit de choix. <a href=\"men's-brown-leather-derby-shoes\">chaussures derby en cuir marron pour hommes<\/a> id\u00e9al pour une utilisation prolong\u00e9e.<\/p>\n<h3>Un design sophistiqu\u00e9 et une fonctionnalit\u00e9 moderne<\/h3>\n<p>Au-del\u00e0 de leur esth\u00e9tique \u00e9tonnante, ces <strong>Chaussures derby en cuir marron pour hommes<\/strong> sont con\u00e7ues pour des performances pratiques. La semelle en EVA, \u00e0 la fois l\u00e9g\u00e8re et robuste, offre un excellent amorti et un bon soutien, absorbant les chocs et garantissant la stabilit\u00e9 sur diverses surfaces. Avec une hauteur de talon modeste de 1 \u00e0 3 cm, ces chaussures offrent une \u00e9l\u00e9vation confortable sans compromettre leur attrait d\u00e9contract\u00e9.<\/p>\n<p>Le d\u00e9tail de la pointe de la chaussure ajoute une touche de sophistication raffin\u00e9e, ce qui distingue ces chaussures de l'ensemble de la gamme. <a href=\"men's-brown-leather-derby-shoes\">chaussures derby en cuir marron pour hommes<\/a> des chaussures ordinaires. Que vous vous rendiez \u00e0 une r\u00e9union d'affaires d\u00e9contract\u00e9e, \u00e0 une sortie le week-end ou \u00e0 un \u00e9v\u00e9nement sp\u00e9cial, ces chaussures vous permettront de vous sentir plus \u00e0 l'aise. <strong>chaussures derby en cuir marron pour hommes<\/strong> vous permettra de vous sentir au mieux de votre forme.<\/p>\n<h3>Le choix id\u00e9al pour les particuliers et les entreprises exigeants<\/h3>\n<p>Disponibles dans une large gamme de pointures allant du 39 au 45, il n'a jamais \u00e9t\u00e9 aussi facile de trouver la chaussure id\u00e9ale. Nous sommes fiers de proposer des chaussures de haute qualit\u00e9 qui r\u00e9pondent aux attentes des clients les plus exigeants. Pour les d\u00e9taillants et les entreprises qui souhaitent stocker des produits haut de gamme, nos <strong>Chaussures derby en cuir marron pour hommes<\/strong> sont disponibles \u00e0 partir d'une quantit\u00e9 minimale de 8 paires.<\/p>\n<p>D\u00e9couvrez la fusion parfaite de la tradition et de l'innovation avec ces produits exceptionnels. <strong>Chaussures derby en cuir marron pour hommes<\/strong>, Les chaussures sont livr\u00e9es dans un d\u00e9lai de 12 jours, frais de port en sus. Investissez dans un style et un confort durables avec cette paire de chaussures pour hommes.<\/p>","protected":false},"excerpt":{"rendered":"<ul>\n<li>Fabriqu\u00e9 \u00e0 la main en cuir de veau de premi\u00e8re qualit\u00e9 pour un style durable.<\/li>\n<li>Doublure luxueuse en cuir de ch\u00e8vre souple pour un confort sup\u00e9rieur.<\/li>\n<li>Semelle EVA l\u00e9g\u00e8re et confortable pour une utilisation tout au long de la journ\u00e9e.<\/li>\n<li>Derby classique \u00e0 lacets avec des d\u00e9tails \u00e9l\u00e9gants sur le bout du pied.<\/li>\n<li>Disponible dans les tailles 39-45 pour garantir un ajustement parfait.<\/li>\n<li>Quantit\u00e9 minimale de commande : 8 paires.<\/li>\n<\/ul>","protected":false},"featured_media":3948,"template":"","meta":{"_acf_changed":false,"_uag_custom_page_level_css":"","site-sidebar-layout":"default","site-content-layout":"","ast-site-content-layout":"default","site-content-style":"default","site-sidebar-style":"default","ast-global-header-display":"","ast-banner-title-visibility":"","ast-main-header-display":"","ast-hfb-above-header-display":"","ast-hfb-below-header-display":"","ast-hfb-mobile-header-display":"","site-post-title":"","ast-breadcrumbs-content":"","ast-featured-img":"","footer-sml-layout":"","ast-disable-related-posts":"","theme-transparent-header-meta":"default","adv-header-id-meta":"","stick-header-meta":"","header-above-stick-meta":"","header-main-stick-meta":"","header-below-stick-meta":"","astra-migrate-meta-layouts":"set","ast-page-background-enabled":"default","ast-page-background-meta":{"desktop":{"background-color":"var(--ast-global-color-4)","background-image":"","background-repeat":"repeat","background-position":"center center","background-size":"auto","background-attachment":"scroll","background-type":"","background-media":"","overlay-type":"","overlay-color":"","overlay-opacity":"","overlay-gradient":""},"tablet":{"background-color":"","background-image":"","background-repeat":"repeat","background-position":"center center","background-size":"auto","background-attachment":"scroll","background-type":"","background-media":"","overlay-type":"","overlay-color":"","overlay-opacity":"","overlay-gradient":""},"mobile":{"background-color":"","background-image":"","background-repeat":"repeat","background-position":"center center","background-size":"auto","background-attachment":"scroll","background-type":"","background-media":"","overlay-type":"","overlay-color":"","overlay-opacity":"","overlay-gradient":""}},"ast-content-background-meta":{"desktop":{"background-color":"var(--ast-global-color-5)","background-image":"","background-repeat":"repeat","background-position":"center center","background-size":"auto","background-attachment":"scroll","background-type":"","background-media":"","overlay-type":"","overlay-color":"","overlay-opacity":"","overlay-gradient":""},"tablet":{"background-color":"var(--ast-global-color-5)","background-image":"","background-repeat":"repeat","background-position":"center center","background-size":"auto","background-attachment":"scroll","background-type":"","background-media":"","overlay-type":"","overlay-color":"","overlay-opacity":"","overlay-gradient":""},"mobile":{"background-color":"var(--ast-global-color-5)","background-image":"","background-repeat":"repeat","background-position":"center center","background-size":"auto","background-attachment":"scroll","background-type":"","background-media":"","overlay-type":"","overlay-color":"","overlay-opacity":"","overlay-gradient":""}}},"product_brand":[],"product_cat":[48,47,49,430,40],"product_tag":[218,202,458,449,336,212,438,437,227,198,210,281],"class_list":{"0":"post-5906","1":"product","2":"type-product","3":"status-publish","4":"has-post-thumbnail","6":"product_cat-casual","7":"product_cat-classic","8":"product_cat-loafer","9":"product_cat-men","10":"product_cat-mens-shoes","11":"product_tag-brown-shoes","12":"product_tag-calf-leather","13":"product_tag-cap-toe-shoes","14":"product_tag-casual-shoes","15":"product_tag-comfortable-footwear","16":"product_tag-derby-shoes","17":"product_tag-eva-sole","18":"product_tag-goat-leather","19":"product_tag-leather-shoes","20":"product_tag-mens-fashion","21":"product_tag-smart-casual","22":"product_tag-wholesale-shoes","23":"desktop-align-center","24":"tablet-align-center","25":"mobile-align-center","27":"first","28":"instock","29":"shipping-taxable","30":"purchasable","31":"product-type-variable","32":"has-default-attributes"},"acf":[],"uagb_featured_image_src":{"full":["https:\/\/turkishtrade.co\/wp-content\/uploads\/2026\/01\/2400EJOMN00456-BROWN-X_7820-4-USD.png",453,250,false],"thumbnail":["https:\/\/turkishtrade.co\/wp-content\/uploads\/2026\/01\/2400EJOMN00456-BROWN-X_7820-4-USD-150x150.png",150,150,true],"medium":["https:\/\/turkishtrade.co\/wp-content\/uploads\/2026\/01\/2400EJOMN00456-BROWN-X_7820-4-USD-300x166.png",300,166,true],"medium_large":["https:\/\/turkishtrade.co\/wp-content\/uploads\/2026\/01\/2400EJOMN00456-BROWN-X_7820-4-USD.png",453,250,false],"large":["https:\/\/turkishtrade.co\/wp-content\/uploads\/2026\/01\/2400EJOMN00456-BROWN-X_7820-4-USD.png",453,250,false],"1536x1536":["https:\/\/turkishtrade.co\/wp-content\/uploads\/2026\/01\/2400EJOMN00456-BROWN-X_7820-4-USD.png",453,250,false],"2048x2048":["https:\/\/turkishtrade.co\/wp-content\/uploads\/2026\/01\/2400EJOMN00456-BROWN-X_7820-4-USD.png",453,250,false],"trp-custom-language-flag":["https:\/\/turkishtrade.co\/wp-content\/uploads\/2026\/01\/2400EJOMN00456-BROWN-X_7820-4-USD-18x10.png",18,10,true],"woocommerce_thumbnail":["https:\/\/turkishtrade.co\/wp-content\/uploads\/2026\/01\/2400EJOMN00456-BROWN-X_7820-4-USD-400x250.png",400,250,true],"woocommerce_single":["https:\/\/turkishtrade.co\/wp-content\/uploads\/2026\/01\/2400EJOMN00456-BROWN-X_7820-4-USD.png",453,250,false],"woocommerce_gallery_thumbnail":["https:\/\/turkishtrade.co\/wp-content\/uploads\/2026\/01\/2400EJOMN00456-BROWN-X_7820-4-USD-100x100.png",100,100,true]},"uagb_author_info":{"display_name":"yaser olabi","author_link":"https:\/\/turkishtrade.co\/fr\/author\/"},"uagb_comment_info":0,"uagb_excerpt":"Handcrafted from premium Calf Leather outer for enduring style. Luxuriously lined with soft Goat Leather for superior comfort. Lightweight and supportive EVA Sole for all-day wear. Classic lace-up derby design with stylish cap-toe detailing. Available in sizes 39-45 to ensure the perfect fit. Minimum order quantity: 8 pairs.","_links":{"self":[{"href":"https:\/\/turkishtrade.co\/fr\/wp-json\/wp\/v2\/product\/5906","targetHints":{"allow":["GET"]}}],"collection":[{"href":"https:\/\/turkishtrade.co\/fr\/wp-json\/wp\/v2\/product"}],"about":[{"href":"https:\/\/turkishtrade.co\/fr\/wp-json\/wp\/v2\/types\/product"}],"wp:featuredmedia":[{"embeddable":true,"href":"https:\/\/turkishtrade.co\/fr\/wp-json\/wp\/v2\/media\/3948"}],"wp:attachment":[{"href":"https:\/\/turkishtrade.co\/fr\/wp-json\/wp\/v2\/media?parent=5906"}],"wp:term":[{"taxonomy":"product_brand","embeddable":true,"href":"https:\/\/turkishtrade.co\/fr\/wp-json\/wp\/v2\/product_brand?post=5906"},{"taxonomy":"product_cat","embeddable":true,"href":"https:\/\/turkishtrade.co\/fr\/wp-json\/wp\/v2\/product_cat?post=5906"},{"taxonomy":"product_tag","embeddable":true,"href":"https:\/\/turkishtrade.co\/fr\/wp-json\/wp\/v2\/product_tag?post=5906"}],"curies":[{"name":"wp","href":"https:\/\/api.w.org\/{rel}","templated":true}]}}