{"id":5894,"date":"2026-01-14T13:39:19","date_gmt":"2026-01-14T13:39:19","guid":{"rendered":"https:\/\/turkishtrade.co\/product\/mens-blue-leather-derby-shoes-3\/"},"modified":"2026-04-09T19:20:44","modified_gmt":"2026-04-09T19:20:44","slug":"mens-blue-leather-derby-shoes-3","status":"publish","type":"product","link":"https:\/\/turkishtrade.co\/fr\/shop\/mens-blue-leather-derby-shoes-3\/","title":{"rendered":"Chaussures derby en cuir de veau bleu pour hommes avec semelle EVA"},"content":{"rendered":"<p><strong>Chaussures derby en cuir bleu pour hommes<\/strong><\/p>\n<p>Am\u00e9liorez votre collection de chaussures gr\u00e2ce \u00e0 nos chaussures de qualit\u00e9 sup\u00e9rieure. <b>Chaussures derby en cuir bleu pour hommes<\/b>. Con\u00e7ues pour le gentleman moderne, ces chaussures polyvalentes allient sophistication classique et confort contemporain. La teinte bleue frappante, associ\u00e9e \u00e0 la silhouette derby raffin\u00e9e, vous assure une impression durable, que ce soit lors d'une r\u00e9union d'affaires, d'une sortie d\u00e9contract\u00e9e ou d'un \u00e9v\u00e9nement sp\u00e9cial.<\/p>\n<p>Ces <b>Chaussures derby en cuir bleu pour hommes<\/b> sont plus qu'un simple effet de mode ; ils t\u00e9moignent d'un savoir-faire sup\u00e9rieur et de mat\u00e9riaux de qualit\u00e9, ce qui en fait un compl\u00e9ment indispensable \u00e0 toute garde-robe.<\/p>\n<p>L'aspect ext\u00e9rieur de ces v\u00e9hicules d'exception <b>Chaussures derby en cuir bleu pour hommes<\/b> est m\u00e9ticuleusement fabriqu\u00e9e en cuir de veau v\u00e9ritable, r\u00e9put\u00e9 pour sa texture lisse, sa durabilit\u00e9 et sa finition \u00e9l\u00e9gante. Ce cuir de veau de haute qualit\u00e9 n'a pas seulement un aspect luxueux, il se moule aussi merveilleusement \u00e0 votre pied au fil du temps, offrant un ajustement personnalis\u00e9 qui ne fait que s'am\u00e9liorer avec l'\u00e2ge. L'ext\u00e9rieur robuste est compl\u00e9t\u00e9 par une somptueuse doublure int\u00e9rieure en cuir de ch\u00e8vre.<\/p>\n<p>Ce choix judicieux de mat\u00e9riau offre une respirabilit\u00e9 et un confort in\u00e9gal\u00e9s, garantissant que vos pieds restent au frais et au sec tout au long de la journ\u00e9e. Vous appr\u00e9cierez vraiment la diff\u00e9rence que font les mat\u00e9riaux de qualit\u00e9 \u00e0 chaque pas dans ces chaussures de qualit\u00e9. <b>Chaussures derby en cuir bleu pour hommes<\/b>.<\/p>\n<p><h3>Un confort in\u00e9gal\u00e9 et un design intemporel<\/h3>\n<\/p>\n<p>Le confort est primordial, et notre <b>Chaussures derby en cuir bleu pour hommes<\/b> offrent une exp\u00e9rience de marche exceptionnelle. Elles sont dot\u00e9es d'une semelle EVA l\u00e9g\u00e8re et tr\u00e8s amortissante, m\u00e9ticuleusement con\u00e7ue pour absorber les chocs et offrir un excellent soutien de la vo\u00fbte plantaire. Cette technologie de semelle innovante garantit un confort maximal, ce qui en fait un choix id\u00e9al pour les longues journ\u00e9es pass\u00e9es debout.<\/p>\n<p>Avec un talon subtil mais \u00e9l\u00e9gant de 1 \u00e0 3 cm de hauteur, ces chaussures derby classiques offrent un \u00e9quilibre parfait entre \u00e9l\u00e9vation et stabilit\u00e9. Disponibles dans une large gamme de pointures allant du 39 au 45, ces chaussures vous permettront de trouver la paire id\u00e9ale. <b>Chaussures derby en cuir bleu pour hommes<\/b> est sans effort.<\/p>\n<p><h3>Parfait pour les commandes en gros et les d\u00e9taillants exigeants<\/h3>\n<\/p>\n<p>Parfaites pour l'acheteur exigeant qui recherche \u00e0 la fois le style et la substance, ces <b>Chaussures derby en cuir bleu pour hommes<\/b> sont con\u00e7us pour durer des ann\u00e9es. Leur attrait intemporel signifie qu'elles peuvent \u00eatre associ\u00e9es sans effort \u00e0 des ensembles d\u00e9contract\u00e9s, \u00e0 des pantalons ajust\u00e9s ou m\u00eame \u00e0 des jeans sophistiqu\u00e9s. D\u00e9couvrez le m\u00e9lange de tradition et d'innovation qui distingue nos chaussures.<\/p>\n<p>Pour les entreprises et les d\u00e9taillants, ces <b>Chaussures derby en cuir bleu pour hommes<\/b> sont disponibles pour les achats en gros, avec une quantit\u00e9 minimum de 8 paires. Nous sommes fiers de nos d\u00e9lais de livraison, les commandes \u00e9tant exp\u00e9di\u00e9es dans les 12 jours plus les frais d'exp\u00e9dition, ce qui vous permet de recevoir votre stock de haute qualit\u00e9 de mani\u00e8re efficace. Investissez dans des chaussures qui r\u00e9sistent \u00e0 l'\u00e9preuve du temps, du style et du confort. <b>Chaussures derby en cuir bleu pour hommes<\/b> aujourd'hui.<\/p>","protected":false},"excerpt":{"rendered":"<ul>\n<li>Ext\u00e9rieur en cuir de veau exquis<\/li>\n<li>Doublure int\u00e9rieure en cuir de ch\u00e8vre souple<\/li>\n<li>Semelle EVA l\u00e9g\u00e8re et matelass\u00e9e pour un confort tout au long de la journ\u00e9e<\/li>\n<li>Style Derby classique avec une hauteur de talon de 1 \u00e0 3 cm<\/li>\n<li>Disponible en tailles 39-45<\/li>\n<li>Commande minimum : 8 paires (Remises en vrac possibles)<\/li>\n<li>D\u00e9lai de livraison : 12 jours + exp\u00e9dition<\/li>\n<\/ul>","protected":false},"featured_media":3941,"template":"","meta":{"_acf_changed":false,"_uag_custom_page_level_css":"","site-sidebar-layout":"default","site-content-layout":"","ast-site-content-layout":"default","site-content-style":"default","site-sidebar-style":"default","ast-global-header-display":"","ast-banner-title-visibility":"","ast-main-header-display":"","ast-hfb-above-header-display":"","ast-hfb-below-header-display":"","ast-hfb-mobile-header-display":"","site-post-title":"","ast-breadcrumbs-content":"","ast-featured-img":"","footer-sml-layout":"","ast-disable-related-posts":"","theme-transparent-header-meta":"","adv-header-id-meta":"","stick-header-meta":"","header-above-stick-meta":"","header-main-stick-meta":"","header-below-stick-meta":"","astra-migrate-meta-layouts":"default","ast-page-background-enabled":"default","ast-page-background-meta":{"desktop":{"background-color":"var(--ast-global-color-4)","background-image":"","background-repeat":"repeat","background-position":"center center","background-size":"auto","background-attachment":"scroll","background-type":"","background-media":"","overlay-type":"","overlay-color":"","overlay-opacity":"","overlay-gradient":""},"tablet":{"background-color":"","background-image":"","background-repeat":"repeat","background-position":"center center","background-size":"auto","background-attachment":"scroll","background-type":"","background-media":"","overlay-type":"","overlay-color":"","overlay-opacity":"","overlay-gradient":""},"mobile":{"background-color":"","background-image":"","background-repeat":"repeat","background-position":"center center","background-size":"auto","background-attachment":"scroll","background-type":"","background-media":"","overlay-type":"","overlay-color":"","overlay-opacity":"","overlay-gradient":""}},"ast-content-background-meta":{"desktop":{"background-color":"var(--ast-global-color-5)","background-image":"","background-repeat":"repeat","background-position":"center center","background-size":"auto","background-attachment":"scroll","background-type":"","background-media":"","overlay-type":"","overlay-color":"","overlay-opacity":"","overlay-gradient":""},"tablet":{"background-color":"var(--ast-global-color-5)","background-image":"","background-repeat":"repeat","background-position":"center center","background-size":"auto","background-attachment":"scroll","background-type":"","background-media":"","overlay-type":"","overlay-color":"","overlay-opacity":"","overlay-gradient":""},"mobile":{"background-color":"var(--ast-global-color-5)","background-image":"","background-repeat":"repeat","background-position":"center center","background-size":"auto","background-attachment":"scroll","background-type":"","background-media":"","overlay-type":"","overlay-color":"","overlay-opacity":"","overlay-gradient":""}}},"product_brand":[],"product_cat":[48,47,49,430,40],"product_tag":[646,513,566,449,222,480,438,487,251,556,981,198,680,281],"class_list":{"0":"post-5894","1":"product","2":"type-product","3":"status-publish","4":"has-post-thumbnail","6":"product_cat-casual","7":"product_cat-classic","8":"product_cat-loafer","9":"product_cat-men","10":"product_cat-mens-shoes","11":"product_tag-blue-shoes","12":"product_tag-business-casual-shoes","13":"product_tag-calfskin-shoes","14":"product_tag-casual-shoes","15":"product_tag-comfortable-shoes","16":"product_tag-elegant-shoes","17":"product_tag-eva-sole","18":"product_tag-footwear","19":"product_tag-formal-shoes","20":"product_tag-goatskin-lining","21":"product_tag-leather-derby","22":"product_tag-mens-fashion","23":"product_tag-stylish-shoes","24":"product_tag-wholesale-shoes","25":"desktop-align-center","26":"tablet-align-center","27":"mobile-align-center","29":"first","30":"instock","31":"shipping-taxable","32":"purchasable","33":"product-type-variable","34":"has-default-attributes"},"acf":[],"uagb_featured_image_src":{"full":["https:\/\/turkishtrade.co\/wp-content\/uploads\/2026\/01\/2400EJOMN00436-DARK-BLUE-X_434_1-150-USD-4-USD.png",453,250,false],"thumbnail":["https:\/\/turkishtrade.co\/wp-content\/uploads\/2026\/01\/2400EJOMN00436-DARK-BLUE-X_434_1-150-USD-4-USD-150x150.png",150,150,true],"medium":["https:\/\/turkishtrade.co\/wp-content\/uploads\/2026\/01\/2400EJOMN00436-DARK-BLUE-X_434_1-150-USD-4-USD-300x166.png",300,166,true],"medium_large":["https:\/\/turkishtrade.co\/wp-content\/uploads\/2026\/01\/2400EJOMN00436-DARK-BLUE-X_434_1-150-USD-4-USD.png",453,250,false],"large":["https:\/\/turkishtrade.co\/wp-content\/uploads\/2026\/01\/2400EJOMN00436-DARK-BLUE-X_434_1-150-USD-4-USD.png",453,250,false],"1536x1536":["https:\/\/turkishtrade.co\/wp-content\/uploads\/2026\/01\/2400EJOMN00436-DARK-BLUE-X_434_1-150-USD-4-USD.png",453,250,false],"2048x2048":["https:\/\/turkishtrade.co\/wp-content\/uploads\/2026\/01\/2400EJOMN00436-DARK-BLUE-X_434_1-150-USD-4-USD.png",453,250,false],"trp-custom-language-flag":["https:\/\/turkishtrade.co\/wp-content\/uploads\/2026\/01\/2400EJOMN00436-DARK-BLUE-X_434_1-150-USD-4-USD-18x10.png",18,10,true],"woocommerce_thumbnail":["https:\/\/turkishtrade.co\/wp-content\/uploads\/2026\/01\/2400EJOMN00436-DARK-BLUE-X_434_1-150-USD-4-USD-400x250.png",400,250,true],"woocommerce_single":["https:\/\/turkishtrade.co\/wp-content\/uploads\/2026\/01\/2400EJOMN00436-DARK-BLUE-X_434_1-150-USD-4-USD.png",453,250,false],"woocommerce_gallery_thumbnail":["https:\/\/turkishtrade.co\/wp-content\/uploads\/2026\/01\/2400EJOMN00436-DARK-BLUE-X_434_1-150-USD-4-USD-100x100.png",100,100,true]},"uagb_author_info":{"display_name":"yaser olabi","author_link":"https:\/\/turkishtrade.co\/fr\/author\/"},"uagb_comment_info":0,"uagb_excerpt":"Exquisite Calfskin Leather Exterior Soft Goatskin Leather Interior Lining Lightweight &amp; Cushioned EVA Sole for All-Day Comfort Classic Derby Style with a 1-3 cm Heel Height Available in Sizes 39-45 Minimum Order: 8 Pairs (Bulk Discounts Available) Delivery Time: 12 Days + Shipping","_links":{"self":[{"href":"https:\/\/turkishtrade.co\/fr\/wp-json\/wp\/v2\/product\/5894","targetHints":{"allow":["GET"]}}],"collection":[{"href":"https:\/\/turkishtrade.co\/fr\/wp-json\/wp\/v2\/product"}],"about":[{"href":"https:\/\/turkishtrade.co\/fr\/wp-json\/wp\/v2\/types\/product"}],"wp:featuredmedia":[{"embeddable":true,"href":"https:\/\/turkishtrade.co\/fr\/wp-json\/wp\/v2\/media\/3941"}],"wp:attachment":[{"href":"https:\/\/turkishtrade.co\/fr\/wp-json\/wp\/v2\/media?parent=5894"}],"wp:term":[{"taxonomy":"product_brand","embeddable":true,"href":"https:\/\/turkishtrade.co\/fr\/wp-json\/wp\/v2\/product_brand?post=5894"},{"taxonomy":"product_cat","embeddable":true,"href":"https:\/\/turkishtrade.co\/fr\/wp-json\/wp\/v2\/product_cat?post=5894"},{"taxonomy":"product_tag","embeddable":true,"href":"https:\/\/turkishtrade.co\/fr\/wp-json\/wp\/v2\/product_tag?post=5894"}],"curies":[{"name":"wp","href":"https:\/\/api.w.org\/{rel}","templated":true}]}}