{"id":5892,"date":"2026-01-14T13:39:00","date_gmt":"2026-01-14T13:39:00","guid":{"rendered":"https:\/\/turkishtrade.co\/product\/men-s-brown-leather-derby-shoes\/"},"modified":"2026-04-09T19:20:47","modified_gmt":"2026-04-09T19:20:47","slug":"mens-brown-leather-derby-shoes-9","status":"publish","type":"product","link":"https:\/\/turkishtrade.co\/fr\/shop\/mens-brown-leather-derby-shoes-9\/","title":{"rendered":"Chaussures de derby en cuir marron de qualit\u00e9 sup\u00e9rieure pour hommes avec semelle en EVA"},"content":{"rendered":"<p><strong>Chaussures derby en cuir marron pour hommes<\/strong><\/p>\n<p>Pr\u00e9sentation de notre exquise <b>Chaussures derby en cuir marron pour hommes<\/b>, Ces produits ont \u00e9t\u00e9 m\u00e9ticuleusement con\u00e7us pour les personnes exigeantes qui appr\u00e9cient \u00e0 la fois le style et le confort. Ces v\u00eatements <b>Chaussures derby en cuir marron pour hommes<\/b> t\u00e9moignent d'un savoir-faire et d'une qualit\u00e9 sup\u00e9rieurs, alliant un design traditionnel \u00e0 des caract\u00e9ristiques de confort modernes pour cr\u00e9er un compl\u00e9ment polyvalent \u00e0 toute garde-robe.<\/p>\n<p><h3>Un savoir-faire et des mat\u00e9riaux in\u00e9gal\u00e9s<\/h3>\n<\/p>\n<p>L'aspect ext\u00e9rieur de ces <b>Chaussures derby en cuir marron pour hommes<\/b> est fabriqu\u00e9 en cuir de veau v\u00e9ritable, connu pour sa souplesse, sa durabilit\u00e9 et sa capacit\u00e9 \u00e0 d\u00e9velopper une belle patine au fil du temps.<\/p>\n<p>Cette riche teinte brune offre un look \u00e0 la fois classique et contemporain qui s'associe sans effort \u00e0 diverses tenues. \u00c0 l'int\u00e9rieur, vos pieds b\u00e9n\u00e9ficieront d'une douceur in\u00e9gal\u00e9e gr\u00e2ce \u00e0 la luxueuse doublure en cuir de ch\u00e8vre, ce qui rend ces chaussures encore plus agr\u00e9ables \u00e0 porter. <b>Chaussures derby en cuir marron pour hommes<\/b> un plaisir \u00e0 porter tout au long de la journ\u00e9e. Le cuir de ch\u00e8vre est r\u00e9put\u00e9 pour sa respirabilit\u00e9 et sa texture lisse, assurant un confort maximal \u00e0 chaque pas.<\/p>\n<p><h3>Un confort et un style innovants<\/h3>\n<\/p>\n<p>Au c\u0153ur de leur confort se trouve la semelle EVA avanc\u00e9e. L\u00e9g\u00e8re, flexible et absorbant exceptionnellement les chocs, la semelle EVA offre un excellent amorti, ce qui fait de ces chaussures des chaussures de sport de qualit\u00e9. <b>Chaussures derby en cuir marron pour hommes<\/b> id\u00e9ales pour une utilisation prolong\u00e9e. Con\u00e7ues avec un talon classique de 1 \u00e0 3 cm, ces chaussures offrent une \u00e9l\u00e9vation subtile sans compromettre la stabilit\u00e9 ou le confort.<\/p>\n<p>Le style Derby \u00e0 lacets assure un ajustement s\u00fbr et ajustable, tandis que la semelle robuste ajoute une touche d'\u00e9l\u00e9gance robuste \u00e0 ce mod\u00e8le par ailleurs raffin\u00e9.<\/p>\n<p><h3>Une polyvalence pour toutes les occasions<\/h3>\n<\/p>\n<p>Que vous vous habilliez pour un \u00e9v\u00e9nement professionnel d\u00e9contract\u00e9, pour une soir\u00e9e sophistiqu\u00e9e ou simplement pour une sortie le week-end, ces v\u00eatements vous aideront \u00e0 vous sentir \u00e0 l'aise. <b>Chaussures derby en cuir marron pour hommes<\/b> offrent un m\u00e9lange parfait d'\u00e9l\u00e9gance et de facilit\u00e9.<\/p>\n<p>Leur attrait intemporel et leur construction durable en font un choix de chaussures essentiel pour l'homme moderne. Le design polyvalent de ces <b>Chaussures derby en cuir marron pour hommes<\/b> Les chaussures de la collection \" Le Monde \" s'associent sans effort \u00e0 un large \u00e9ventail de tenues, des pantalons de tailleur aux chinos en passant par les jeans \u00e9l\u00e9gants.<\/p>\n<p><h3>Opportunit\u00e9 de vente en gros<\/h3>\n<\/p>\n<p>Pour les d\u00e9taillants et les entreprises qui cherchent \u00e0 enrichir leur collection, ces <b>Chaussures derby en cuir marron pour hommes<\/b> sont disponibles pour la vente en gros avec une quantit\u00e9 minimale de 8 paires. Profitez de nos prix comp\u00e9titifs et ajoutez \u00e0 votre stock un produit de premi\u00e8re qualit\u00e9 et tr\u00e8s demand\u00e9. Avec un d\u00e9lai de livraison estim\u00e9 \u00e0 12 jours plus les frais de port, vous pouvez rapidement vous approvisionner en ces chaussures convoit\u00e9es.<\/p>\n<p>Investissez dans la qualit\u00e9 et le style avec nos produits exceptionnels <b>Chaussures derby en cuir marron pour hommes<\/b>.<\/p>","protected":false},"excerpt":{"rendered":"<ul>\n<li><b>Haut de gamme :<\/b> Fabriqu\u00e9 en cuir de veau v\u00e9ritable pour une texture riche et une qualit\u00e9 durable.<\/li>\n<li><b>Int\u00e9rieur luxueux :<\/b> Doubl\u00e9 de cuir de ch\u00e8vre souple pour un confort et une respirabilit\u00e9 exceptionnels.<\/li>\n<li><b>Semelle de confort :<\/b> Semelle EVA l\u00e9g\u00e8re mais durable, offrant un amorti et un soutien de qualit\u00e9 sup\u00e9rieure.<\/li>\n<li><b>Talon classique :<\/b> Con\u00e7u avec un talon subtil de 1 \u00e0 3 cm pour un style et un confort intemporels.<\/li>\n<li><b>Tailles disponibles :<\/b> Propos\u00e9 dans une gamme compl\u00e8te de tailles allant de 39 \u00e0 45.<\/li>\n<li><b>Disponibilit\u00e9 en gros :<\/b> Quantit\u00e9 minimale de commande de 8 paires. Contactez-nous pour les prix de gros et les d\u00e9tails de livraison.<\/li>\n<li><b>Livraison estim\u00e9e :<\/b> 12 jours + frais de port pour les commandes en gros.<\/li>\n<\/ul>","protected":false},"featured_media":3939,"template":"","meta":{"_acf_changed":false,"_uag_custom_page_level_css":"","site-sidebar-layout":"default","site-content-layout":"","ast-site-content-layout":"default","site-content-style":"default","site-sidebar-style":"default","ast-global-header-display":"","ast-banner-title-visibility":"","ast-main-header-display":"","ast-hfb-above-header-display":"","ast-hfb-below-header-display":"","ast-hfb-mobile-header-display":"","site-post-title":"","ast-breadcrumbs-content":"","ast-featured-img":"","footer-sml-layout":"","ast-disable-related-posts":"","theme-transparent-header-meta":"","adv-header-id-meta":"","stick-header-meta":"","header-above-stick-meta":"","header-main-stick-meta":"","header-below-stick-meta":"","astra-migrate-meta-layouts":"default","ast-page-background-enabled":"default","ast-page-background-meta":{"desktop":{"background-color":"var(--ast-global-color-4)","background-image":"","background-repeat":"repeat","background-position":"center center","background-size":"auto","background-attachment":"scroll","background-type":"","background-media":"","overlay-type":"","overlay-color":"","overlay-opacity":"","overlay-gradient":""},"tablet":{"background-color":"","background-image":"","background-repeat":"repeat","background-position":"center center","background-size":"auto","background-attachment":"scroll","background-type":"","background-media":"","overlay-type":"","overlay-color":"","overlay-opacity":"","overlay-gradient":""},"mobile":{"background-color":"","background-image":"","background-repeat":"repeat","background-position":"center center","background-size":"auto","background-attachment":"scroll","background-type":"","background-media":"","overlay-type":"","overlay-color":"","overlay-opacity":"","overlay-gradient":""}},"ast-content-background-meta":{"desktop":{"background-color":"var(--ast-global-color-5)","background-image":"","background-repeat":"repeat","background-position":"center center","background-size":"auto","background-attachment":"scroll","background-type":"","background-media":"","overlay-type":"","overlay-color":"","overlay-opacity":"","overlay-gradient":""},"tablet":{"background-color":"var(--ast-global-color-5)","background-image":"","background-repeat":"repeat","background-position":"center center","background-size":"auto","background-attachment":"scroll","background-type":"","background-media":"","overlay-type":"","overlay-color":"","overlay-opacity":"","overlay-gradient":""},"mobile":{"background-color":"var(--ast-global-color-5)","background-image":"","background-repeat":"repeat","background-position":"center center","background-size":"auto","background-attachment":"scroll","background-type":"","background-media":"","overlay-type":"","overlay-color":"","overlay-opacity":"","overlay-gradient":""}}},"product_brand":[],"product_cat":[48,47,49,430,40],"product_tag":[218,451,241,222,982,480,287,189,981,198,917,281],"class_list":{"0":"post-5892","1":"product","2":"type-product","3":"status-publish","4":"has-post-thumbnail","6":"product_cat-casual","7":"product_cat-classic","8":"product_cat-loafer","9":"product_cat-men","10":"product_cat-mens-shoes","11":"product_tag-brown-shoes","12":"product_tag-calfskin-leather","13":"product_tag-casual-footwear","14":"product_tag-comfortable-shoes","15":"product_tag-durable-footwear","16":"product_tag-elegant-shoes","17":"product_tag-eva-sole-shoes","18":"product_tag-goat-leather-lining","19":"product_tag-leather-derby","20":"product_tag-mens-fashion","21":"product_tag-premium-quality","22":"product_tag-wholesale-shoes","23":"desktop-align-center","24":"tablet-align-center","25":"mobile-align-center","27":"first","28":"instock","29":"shipping-taxable","30":"purchasable","31":"product-type-variable","32":"has-default-attributes"},"acf":[],"uagb_featured_image_src":{"full":["https:\/\/turkishtrade.co\/wp-content\/uploads\/2026\/01\/2400EJOMN00434-CAMEL-X_621-4-USD.png",453,250,false],"thumbnail":["https:\/\/turkishtrade.co\/wp-content\/uploads\/2026\/01\/2400EJOMN00434-CAMEL-X_621-4-USD-150x150.png",150,150,true],"medium":["https:\/\/turkishtrade.co\/wp-content\/uploads\/2026\/01\/2400EJOMN00434-CAMEL-X_621-4-USD-300x166.png",300,166,true],"medium_large":["https:\/\/turkishtrade.co\/wp-content\/uploads\/2026\/01\/2400EJOMN00434-CAMEL-X_621-4-USD.png",453,250,false],"large":["https:\/\/turkishtrade.co\/wp-content\/uploads\/2026\/01\/2400EJOMN00434-CAMEL-X_621-4-USD.png",453,250,false],"1536x1536":["https:\/\/turkishtrade.co\/wp-content\/uploads\/2026\/01\/2400EJOMN00434-CAMEL-X_621-4-USD.png",453,250,false],"2048x2048":["https:\/\/turkishtrade.co\/wp-content\/uploads\/2026\/01\/2400EJOMN00434-CAMEL-X_621-4-USD.png",453,250,false],"trp-custom-language-flag":["https:\/\/turkishtrade.co\/wp-content\/uploads\/2026\/01\/2400EJOMN00434-CAMEL-X_621-4-USD-18x10.png",18,10,true],"woocommerce_thumbnail":["https:\/\/turkishtrade.co\/wp-content\/uploads\/2026\/01\/2400EJOMN00434-CAMEL-X_621-4-USD-400x250.png",400,250,true],"woocommerce_single":["https:\/\/turkishtrade.co\/wp-content\/uploads\/2026\/01\/2400EJOMN00434-CAMEL-X_621-4-USD.png",453,250,false],"woocommerce_gallery_thumbnail":["https:\/\/turkishtrade.co\/wp-content\/uploads\/2026\/01\/2400EJOMN00434-CAMEL-X_621-4-USD-100x100.png",100,100,true]},"uagb_author_info":{"display_name":"yaser olabi","author_link":"https:\/\/turkishtrade.co\/fr\/author\/"},"uagb_comment_info":0,"uagb_excerpt":"Premium Upper: Crafted from genuine calf leather for a rich texture and lasting quality. Luxurious Interior: Lined with soft goat leather for exceptional comfort and breathability. Comfort Sole: Features a lightweight yet durable EVA sole, providing superior cushioning and support. Classic Heel: Designed with a subtle 1-3 cm heel for timeless style and comfort. Available\u2026","_links":{"self":[{"href":"https:\/\/turkishtrade.co\/fr\/wp-json\/wp\/v2\/product\/5892","targetHints":{"allow":["GET"]}}],"collection":[{"href":"https:\/\/turkishtrade.co\/fr\/wp-json\/wp\/v2\/product"}],"about":[{"href":"https:\/\/turkishtrade.co\/fr\/wp-json\/wp\/v2\/types\/product"}],"wp:featuredmedia":[{"embeddable":true,"href":"https:\/\/turkishtrade.co\/fr\/wp-json\/wp\/v2\/media\/3939"}],"wp:attachment":[{"href":"https:\/\/turkishtrade.co\/fr\/wp-json\/wp\/v2\/media?parent=5892"}],"wp:term":[{"taxonomy":"product_brand","embeddable":true,"href":"https:\/\/turkishtrade.co\/fr\/wp-json\/wp\/v2\/product_brand?post=5892"},{"taxonomy":"product_cat","embeddable":true,"href":"https:\/\/turkishtrade.co\/fr\/wp-json\/wp\/v2\/product_cat?post=5892"},{"taxonomy":"product_tag","embeddable":true,"href":"https:\/\/turkishtrade.co\/fr\/wp-json\/wp\/v2\/product_tag?post=5892"}],"curies":[{"name":"wp","href":"https:\/\/api.w.org\/{rel}","templated":true}]}}