{"id":5889,"date":"2026-01-14T13:38:07","date_gmt":"2026-01-14T13:38:07","guid":{"rendered":"https:\/\/turkishtrade.co\/product\/mens-grey-suede-loafers\/"},"modified":"2026-04-09T19:20:54","modified_gmt":"2026-04-09T19:20:54","slug":"mens-grey-suede-loafers","status":"publish","type":"product","link":"https:\/\/turkishtrade.co\/fr\/shop\/mens-grey-suede-loafers\/","title":{"rendered":"Mocassins classiques en daim gris pour hommes avec semelle EVA"},"content":{"rendered":"<p><strong>Mocassins en daim gris pour hommes<\/strong><\/p>\n<p>\u00c9levez votre collection de chaussures gr\u00e2ce \u00e0 nos chaussures exquises. <strong>Mocassins en daim gris pour hommes<\/strong>, Ces mocassins sont un m\u00e9lange parfait d'\u00e9l\u00e9gance classique et de confort moderne. Ces mocassins polyvalents sont m\u00e9ticuleusement fabriqu\u00e9s pour apporter une touche sophistiqu\u00e9e \u00e0 tout ensemble d\u00e9contract\u00e9 ou semi-formel. Con\u00e7us pour les personnes exigeantes qui appr\u00e9cient \u00e0 la fois le style et la qualit\u00e9, nos <strong>mocassins en daim gris pour hommes<\/strong> sont un compl\u00e9ment essentiel \u00e0 toute garde-robe.<\/p>\n<h3>Un confort et un savoir-faire in\u00e9gal\u00e9s<\/h3>\n<p>B\u00e9n\u00e9ficiez d'un confort in\u00e9gal\u00e9 \u00e0 chaque pas, gr\u00e2ce aux mat\u00e9riaux de qualit\u00e9 sup\u00e9rieure utilis\u00e9s dans ces produits. <strong>mocassins en daim gris<\/strong>. La surface ext\u00e9rieure est fabriqu\u00e9e \u00e0 partir de cuir de veau de haute qualit\u00e9, avec une finition experte pour obtenir une texture de daim douce et luxueuse, \u00e0 la fois durable et visuellement attrayante. \u00c0 l'int\u00e9rieur, vos pieds seront berc\u00e9s par une doublure en cuir de ch\u00e8vre somptueusement douce, garantissant une bonne respirabilit\u00e9 et un confort exceptionnel tout au long de la journ\u00e9e.<\/p>\n<p>L'association judicieuse de ces cuirs naturels permet d'obtenir une chaussure qui se moule \u00e0 votre pied, offrant un ajustement personnalis\u00e9 au fil du temps.<\/p>\n<h3>Conception l\u00e9g\u00e8re avec semelle en EVA<\/h3>\n<p>Notre classique <strong>mocassins pour hommes<\/strong> sont construites sur une semelle EVA \u00e0 la fois l\u00e9g\u00e8re et robuste. Ce mat\u00e9riau de pointe offre un excellent amorti et une grande souplesse, absorbant les chocs et r\u00e9duisant la fatigue, ce qui en fait la chaussure id\u00e9ale. <strong>mocassins en daim<\/strong> pour une utilisation prolong\u00e9e. Que vous naviguiez dans les rues de la ville ou que vous profitiez d'un week-end d\u00e9contract\u00e9, la semelle EVA vous assure une foul\u00e9e confortable et stable.<\/p>\n<p>Le talon bas et classique compl\u00e8te la silhouette traditionnelle du mocassin, ajoutant \u00e0 son attrait intemporel sans compromettre les normes de confort modernes.<\/p>\n<h3>Un style polyvalent pour toutes les occasions<\/h3>\n<p>L'\u00e9l\u00e9gance discr\u00e8te de ces <strong>mocassins en daim gris<\/strong> les rend incroyablement polyvalents. Associez-les \u00e0 un pantalon de tailleur pour un look d\u00e9contract\u00e9, \u00e0 un pantalon chino pour une tenue d\u00e9contract\u00e9e mais raffin\u00e9e, ou m\u00eame \u00e0 un short pour un style estival sophistiqu\u00e9. La teinte grise subtile offre une alternative sophistiqu\u00e9e aux bruns et noirs traditionnels, apportant une touche contemporaine \u00e0 votre esth\u00e9tique g\u00e9n\u00e9rale.<\/p>\n<p>Ces mocassins classiques sont con\u00e7us pour transcender les tendances saisonni\u00e8res, offrant une pi\u00e8ce intemporelle qui restera un \u00e9l\u00e9ment essentiel de votre collection pour les ann\u00e9es \u00e0 venir.<\/p>\n<h3>Opportunit\u00e9 de vente en gros : Am\u00e9liorez vos stocks<\/h3>\n<p>Pour les entreprises qui souhaitent stocker des chaussures de qualit\u00e9 sup\u00e9rieure, nos <strong>mocassins en daim gris pour hommes<\/strong> offrent une excellente opportunit\u00e9. Nous facilitons les commandes en gros avec une quantit\u00e9 minimale de 8 paires, ce qui vous permet de fournir \u00e0 vos clients des produits de haute qualit\u00e9 et tr\u00e8s demand\u00e9s. Avec un d\u00e9lai de livraison d'environ 12 jours plus les frais de port, vous pouvez g\u00e9rer efficacement vos stocks et r\u00e9pondre aux attentes de vos clients.<\/p>\n<p>Investissez dans notre collection de mocassins en daim et offrez \u00e0 votre client\u00e8le des chaussures qui incarnent le luxe, le confort et un style durable.<\/p>","protected":false},"excerpt":{"rendered":"<ul>\n<li>Tige en daim de premi\u00e8re qualit\u00e9<\/li>\n<li>Doublure en cuir de ch\u00e8vre luxueux pour un confort supr\u00eame<\/li>\n<li>Semelle EVA l\u00e9g\u00e8re et durable pour une utilisation tout au long de la journ\u00e9e<\/li>\n<li>Mocassins classiques intemporels<\/li>\n<li>Disponible en tailles : 39, 40, 41, 42, 43, 44, 45<\/li>\n<li><strong>Disponibilit\u00e9 en vrac :<\/strong> Quantit\u00e9 minimale de commande de 8 paires (Livraison : 12 jours + exp\u00e9dition)<\/li>\n<\/ul>","protected":false},"featured_media":3937,"template":"","meta":{"_acf_changed":false,"_uag_custom_page_level_css":"","site-sidebar-layout":"default","site-content-layout":"","ast-site-content-layout":"default","site-content-style":"default","site-sidebar-style":"default","ast-global-header-display":"","ast-banner-title-visibility":"","ast-main-header-display":"","ast-hfb-above-header-display":"","ast-hfb-below-header-display":"","ast-hfb-mobile-header-display":"","site-post-title":"","ast-breadcrumbs-content":"","ast-featured-img":"","footer-sml-layout":"","ast-disable-related-posts":"","theme-transparent-header-meta":"default","adv-header-id-meta":"","stick-header-meta":"","header-above-stick-meta":"","header-main-stick-meta":"","header-below-stick-meta":"","astra-migrate-meta-layouts":"set","ast-page-background-enabled":"default","ast-page-background-meta":{"desktop":{"background-color":"var(--ast-global-color-4)","background-image":"","background-repeat":"repeat","background-position":"center center","background-size":"auto","background-attachment":"scroll","background-type":"","background-media":"","overlay-type":"","overlay-color":"","overlay-opacity":"","overlay-gradient":""},"tablet":{"background-color":"","background-image":"","background-repeat":"repeat","background-position":"center center","background-size":"auto","background-attachment":"scroll","background-type":"","background-media":"","overlay-type":"","overlay-color":"","overlay-opacity":"","overlay-gradient":""},"mobile":{"background-color":"","background-image":"","background-repeat":"repeat","background-position":"center center","background-size":"auto","background-attachment":"scroll","background-type":"","background-media":"","overlay-type":"","overlay-color":"","overlay-opacity":"","overlay-gradient":""}},"ast-content-background-meta":{"desktop":{"background-color":"var(--ast-global-color-5)","background-image":"","background-repeat":"repeat","background-position":"center center","background-size":"auto","background-attachment":"scroll","background-type":"","background-media":"","overlay-type":"","overlay-color":"","overlay-opacity":"","overlay-gradient":""},"tablet":{"background-color":"var(--ast-global-color-5)","background-image":"","background-repeat":"repeat","background-position":"center center","background-size":"auto","background-attachment":"scroll","background-type":"","background-media":"","overlay-type":"","overlay-color":"","overlay-opacity":"","overlay-gradient":""},"mobile":{"background-color":"var(--ast-global-color-5)","background-image":"","background-repeat":"repeat","background-position":"center center","background-size":"auto","background-attachment":"scroll","background-type":"","background-media":"","overlay-type":"","overlay-color":"","overlay-opacity":"","overlay-gradient":""}}},"product_brand":[],"product_cat":[48,47,49,430,40],"product_tag":[566,449,457,220,438,189,1082,198,1081,186,279,184,149,254],"class_list":{"0":"post-5889","1":"product","2":"type-product","3":"status-publish","4":"has-post-thumbnail","6":"product_cat-casual","7":"product_cat-classic","8":"product_cat-loafer","9":"product_cat-men","10":"product_cat-mens-shoes","11":"product_tag-calfskin-shoes","12":"product_tag-casual-shoes","13":"product_tag-classic-loafers","14":"product_tag-comfortable-loafers","15":"product_tag-eva-sole","16":"product_tag-goat-leather-lining","17":"product_tag-grey-shoes","18":"product_tag-mens-fashion","19":"product_tag-mens-grey-suede-loafers","20":"product_tag-mens-loafers","21":"product_tag-penny-loafers","22":"product_tag-slip-on-shoes","23":"product_tag-suede-loafers","24":"product_tag-wholesale-footwear","25":"desktop-align-center","26":"tablet-align-center","27":"mobile-align-center","29":"first","30":"instock","31":"shipping-taxable","32":"purchasable","33":"product-type-variable","34":"has-default-attributes"},"acf":[],"uagb_featured_image_src":{"full":["https:\/\/turkishtrade.co\/wp-content\/uploads\/2026\/01\/2400EJOMN00430-BEIGE-MET-DKS_419-4-USD.png",453,250,false],"thumbnail":["https:\/\/turkishtrade.co\/wp-content\/uploads\/2026\/01\/2400EJOMN00430-BEIGE-MET-DKS_419-4-USD.png",150,83,false],"medium":["https:\/\/turkishtrade.co\/wp-content\/uploads\/2026\/01\/2400EJOMN00430-BEIGE-MET-DKS_419-4-USD.png",300,166,false],"medium_large":["https:\/\/turkishtrade.co\/wp-content\/uploads\/2026\/01\/2400EJOMN00430-BEIGE-MET-DKS_419-4-USD.png",453,250,false],"large":["https:\/\/turkishtrade.co\/wp-content\/uploads\/2026\/01\/2400EJOMN00430-BEIGE-MET-DKS_419-4-USD.png",453,250,false],"1536x1536":["https:\/\/turkishtrade.co\/wp-content\/uploads\/2026\/01\/2400EJOMN00430-BEIGE-MET-DKS_419-4-USD.png",453,250,false],"2048x2048":["https:\/\/turkishtrade.co\/wp-content\/uploads\/2026\/01\/2400EJOMN00430-BEIGE-MET-DKS_419-4-USD.png",453,250,false],"trp-custom-language-flag":["https:\/\/turkishtrade.co\/wp-content\/uploads\/2026\/01\/2400EJOMN00430-BEIGE-MET-DKS_419-4-USD.png",18,10,false],"woocommerce_thumbnail":["https:\/\/turkishtrade.co\/wp-content\/uploads\/2026\/01\/2400EJOMN00430-BEIGE-MET-DKS_419-4-USD-400x250.png",400,250,true],"woocommerce_single":["https:\/\/turkishtrade.co\/wp-content\/uploads\/2026\/01\/2400EJOMN00430-BEIGE-MET-DKS_419-4-USD.png",453,250,false],"woocommerce_gallery_thumbnail":["https:\/\/turkishtrade.co\/wp-content\/uploads\/2026\/01\/2400EJOMN00430-BEIGE-MET-DKS_419-4-USD-100x100.png",100,100,true]},"uagb_author_info":{"display_name":"yaser olabi","author_link":"https:\/\/turkishtrade.co\/fr\/author\/"},"uagb_comment_info":0,"uagb_excerpt":"Premium Calfskin Suede Upper Luxurious Goat Leather Lining for supreme comfort Lightweight &amp; Durable EVA Sole for all-day wear Timeless Classic Slip-On Loafer Design Available in Sizes: 39, 40, 41, 42, 43, 44, 45 Bulk Availability: Minimum Order Quantity of 8 Pairs (Delivery: 12 days + shipping)","_links":{"self":[{"href":"https:\/\/turkishtrade.co\/fr\/wp-json\/wp\/v2\/product\/5889","targetHints":{"allow":["GET"]}}],"collection":[{"href":"https:\/\/turkishtrade.co\/fr\/wp-json\/wp\/v2\/product"}],"about":[{"href":"https:\/\/turkishtrade.co\/fr\/wp-json\/wp\/v2\/types\/product"}],"wp:featuredmedia":[{"embeddable":true,"href":"https:\/\/turkishtrade.co\/fr\/wp-json\/wp\/v2\/media\/3937"}],"wp:attachment":[{"href":"https:\/\/turkishtrade.co\/fr\/wp-json\/wp\/v2\/media?parent=5889"}],"wp:term":[{"taxonomy":"product_brand","embeddable":true,"href":"https:\/\/turkishtrade.co\/fr\/wp-json\/wp\/v2\/product_brand?post=5889"},{"taxonomy":"product_cat","embeddable":true,"href":"https:\/\/turkishtrade.co\/fr\/wp-json\/wp\/v2\/product_cat?post=5889"},{"taxonomy":"product_tag","embeddable":true,"href":"https:\/\/turkishtrade.co\/fr\/wp-json\/wp\/v2\/product_tag?post=5889"}],"curies":[{"name":"wp","href":"https:\/\/api.w.org\/{rel}","templated":true}]}}