{"id":5878,"date":"2026-01-14T13:36:07","date_gmt":"2026-01-14T13:36:07","guid":{"rendered":"https:\/\/turkishtrade.co\/product\/mens-casual-leather-derby-shoes-3\/"},"modified":"2026-04-09T19:21:18","modified_gmt":"2026-04-09T19:21:18","slug":"mens-casual-leather-derby-shoes-3","status":"publish","type":"product","link":"https:\/\/turkishtrade.co\/fr\/shop\/mens-casual-leather-derby-shoes-3\/","title":{"rendered":"Chaussures de derby en cuir d\u00e9contract\u00e9 pour hommes"},"content":{"rendered":"<p><strong>Chaussures derby en cuir pour hommes<\/strong><\/p>\n<p>D\u00e9couvrez la quintessence du confort sophistiqu\u00e9 avec notre <b>Chaussures de derby en cuir d\u00e9contract\u00e9 pour hommes<\/b>. Con\u00e7ues pour le gentleman exigeant, ces chaussures allient \u00e9l\u00e9gance intemporelle et robustesse moderne, ce qui en fait un compl\u00e9ment indispensable \u00e0 toute garde-robe. Notre engagement en faveur de la qualit\u00e9 commence avec les mat\u00e9riaux les plus nobles : l'ext\u00e9rieur est en cuir de veau luxueux, connu pour sa texture souple et sa r\u00e9sistance durable, ce qui garantit que ces chaussures ne sont pas seulement exceptionnelles, mais qu'elles r\u00e9sisteront aussi \u00e0 l'\u00e9preuve du temps.<\/p>\n<p>Vos pieds seront envelopp\u00e9s par la douceur in\u00e9gal\u00e9e de la doublure en cuir de ch\u00e8vre v\u00e9ritable. Cet int\u00e9rieur de qualit\u00e9 sup\u00e9rieure offre une grande respirabilit\u00e9 et un confort exceptionnel, et s'adapte \u00e0 la forme unique de votre pied au fil du temps pour un ajustement vraiment personnalis\u00e9. La semelle EVA robuste offre une absorption des chocs sup\u00e9rieure et une flexibilit\u00e9 l\u00e9g\u00e8re, garantissant un confort tout au long de la journ\u00e9e, que vous naviguiez dans les rues de la ville ou que vous assistiez \u00e0 un \u00e9v\u00e9nement professionnel d\u00e9contract\u00e9.<\/p>\n<p>Le talon subtil de 1 \u00e0 3 cm compl\u00e8te la semelle \u00e9paisse, offrant une base stable et \u00e9l\u00e9gante.<\/p>\n<p><h3>Un style et une polyvalence in\u00e9gal\u00e9s<\/h3>\n<\/p>\n<p>Ces <b>Chaussures derby en cuir pour hommes<\/b> sont con\u00e7ues pour impressionner. Dot\u00e9es d'un la\u00e7age ouvert classique, d'un bout en forme de cap et de perforations brogue \u00e9l\u00e9gantes, elles exsudent une esth\u00e9tique raffin\u00e9e mais accessible. Disponibles en noir polyvalent et en bleu marine sophistiqu\u00e9, elles passent sans effort de la tenue de bureau d\u00e9contract\u00e9e aux sorties du week-end, s'associant parfaitement \u00e0 des chinos, des jeans fonc\u00e9s ou des pantalons de tailleur.<\/p>\n<p>La texture unique de la tige en cuir de veau ajoute de la profondeur et du caract\u00e8re \u00e0 ces chaussures qui sortent de l'ordinaire. Adoptez une chaussure aussi confortable que chic, parfaite pour faire une impression durable dans n'importe quelle situation.<\/p>\n<p><h3>Opportunit\u00e9 de vente en gros pour les entreprises<\/h3>\n<\/p>\n<p>Pour les entreprises et les d\u00e9taillants, notre <b>Chaussures derby en cuir pour hommes<\/b> sont disponibles pour les commandes en gros avec une quantit\u00e9 minimale de 8 paires. Cela vous permet de stocker des chaussures de qualit\u00e9 sup\u00e9rieure qui plaisent \u00e0 un large \u00e9ventail de clients \u00e0 la recherche de style et de substance. Avec un d\u00e9lai de livraison de seulement 12 jours plus les frais d'exp\u00e9dition, vous pouvez rapidement enrichir votre stock avec des produits de haute qualit\u00e9 et tr\u00e8s demand\u00e9s.<\/p>\n<p>Nous proposons une gamme compl\u00e8te de tailles allant du 39 au 45, ce qui permet \u00e0 chaque client de trouver la chaussure qui lui convient. Investissez dans un savoir-faire exceptionnel et offrez \u00e0 votre client\u00e8le des chaussures qui font vraiment sensation. Am\u00e9liorez votre collection de chaussures avec ces Derby durables, \u00e9l\u00e9gants et incroyablement confortables d\u00e8s aujourd'hui.<\/p>","protected":false},"excerpt":{"rendered":"<ul>\n<li><b>Mat\u00e9riaux de qualit\u00e9 sup\u00e9rieure :<\/b> Ext\u00e9rieur en cuir de veau v\u00e9ritable et int\u00e9rieur en cuir de ch\u00e8vre souple.<\/li>\n<li><b>Semelle confortable :<\/b> Semelle EVA durable et l\u00e9g\u00e8re pour une utilisation tout au long de la journ\u00e9e.<\/li>\n<li><b>Hauteur du talon :<\/b> Talon subtil de 1 \u00e0 3 cm pour une \u00e9l\u00e9gance classique.<\/li>\n<li><b>Tailles disponibles :<\/b> Gamme compl\u00e8te de 39 \u00e0 45.<\/li>\n<li><b>Disponibilit\u00e9 en vrac :<\/b> Commande minimum de 8 paires.<\/li>\n<li><b>Livraison :<\/b> D\u00e9lai de 12 jours + frais de port.<\/li>\n<\/ul>","protected":false},"featured_media":3931,"template":"","meta":{"_acf_changed":false,"_uag_custom_page_level_css":"","site-sidebar-layout":"default","site-content-layout":"","ast-site-content-layout":"default","site-content-style":"default","site-sidebar-style":"default","ast-global-header-display":"","ast-banner-title-visibility":"","ast-main-header-display":"","ast-hfb-above-header-display":"","ast-hfb-below-header-display":"","ast-hfb-mobile-header-display":"","site-post-title":"","ast-breadcrumbs-content":"","ast-featured-img":"","footer-sml-layout":"","ast-disable-related-posts":"","theme-transparent-header-meta":"","adv-header-id-meta":"","stick-header-meta":"","header-above-stick-meta":"","header-main-stick-meta":"","header-below-stick-meta":"","astra-migrate-meta-layouts":"default","ast-page-background-enabled":"default","ast-page-background-meta":{"desktop":{"background-color":"var(--ast-global-color-4)","background-image":"","background-repeat":"repeat","background-position":"center center","background-size":"auto","background-attachment":"scroll","background-type":"","background-media":"","overlay-type":"","overlay-color":"","overlay-opacity":"","overlay-gradient":""},"tablet":{"background-color":"","background-image":"","background-repeat":"repeat","background-position":"center center","background-size":"auto","background-attachment":"scroll","background-type":"","background-media":"","overlay-type":"","overlay-color":"","overlay-opacity":"","overlay-gradient":""},"mobile":{"background-color":"","background-image":"","background-repeat":"repeat","background-position":"center center","background-size":"auto","background-attachment":"scroll","background-type":"","background-media":"","overlay-type":"","overlay-color":"","overlay-opacity":"","overlay-gradient":""}},"ast-content-background-meta":{"desktop":{"background-color":"var(--ast-global-color-5)","background-image":"","background-repeat":"repeat","background-position":"center center","background-size":"auto","background-attachment":"scroll","background-type":"","background-media":"","overlay-type":"","overlay-color":"","overlay-opacity":"","overlay-gradient":""},"tablet":{"background-color":"var(--ast-global-color-5)","background-image":"","background-repeat":"repeat","background-position":"center center","background-size":"auto","background-attachment":"scroll","background-type":"","background-media":"","overlay-type":"","overlay-color":"","overlay-opacity":"","overlay-gradient":""},"mobile":{"background-color":"var(--ast-global-color-5)","background-image":"","background-repeat":"repeat","background-position":"center center","background-size":"auto","background-attachment":"scroll","background-type":"","background-media":"","overlay-type":"","overlay-color":"","overlay-opacity":"","overlay-gradient":""}}},"product_brand":[],"product_cat":[48,47,49,430,40],"product_tag":[196,643,582,449,436,212,438,960,437,227,397,362,281],"class_list":{"0":"post-5878","1":"product","2":"type-product","3":"status-publish","4":"has-post-thumbnail","6":"product_cat-casual","7":"product_cat-classic","8":"product_cat-loafer","9":"product_cat-men","10":"product_cat-mens-shoes","11":"product_tag-black-leather-shoes","12":"product_tag-brogue-detailing","13":"product_tag-calfskin","14":"product_tag-casual-shoes","15":"product_tag-chunky-sole","16":"product_tag-derby-shoes","17":"product_tag-eva-sole","18":"product_tag-formal-casual","19":"product_tag-goat-leather","20":"product_tag-leather-shoes","21":"product_tag-navy-leather-shoes","22":"product_tag-premium-footwear","23":"product_tag-wholesale-shoes","24":"desktop-align-center","25":"tablet-align-center","26":"mobile-align-center","28":"first","29":"instock","30":"shipping-taxable","31":"purchasable","32":"product-type-variable","33":"has-default-attributes"},"acf":[],"uagb_featured_image_src":{"full":["https:\/\/turkishtrade.co\/wp-content\/uploads\/2026\/01\/2400EJOMN00368-DARK-BLUE-X_6323-5-USD.png",453,250,false],"thumbnail":["https:\/\/turkishtrade.co\/wp-content\/uploads\/2026\/01\/2400EJOMN00368-DARK-BLUE-X_6323-5-USD-150x150.png",150,150,true],"medium":["https:\/\/turkishtrade.co\/wp-content\/uploads\/2026\/01\/2400EJOMN00368-DARK-BLUE-X_6323-5-USD-300x166.png",300,166,true],"medium_large":["https:\/\/turkishtrade.co\/wp-content\/uploads\/2026\/01\/2400EJOMN00368-DARK-BLUE-X_6323-5-USD.png",453,250,false],"large":["https:\/\/turkishtrade.co\/wp-content\/uploads\/2026\/01\/2400EJOMN00368-DARK-BLUE-X_6323-5-USD.png",453,250,false],"1536x1536":["https:\/\/turkishtrade.co\/wp-content\/uploads\/2026\/01\/2400EJOMN00368-DARK-BLUE-X_6323-5-USD.png",453,250,false],"2048x2048":["https:\/\/turkishtrade.co\/wp-content\/uploads\/2026\/01\/2400EJOMN00368-DARK-BLUE-X_6323-5-USD.png",453,250,false],"trp-custom-language-flag":["https:\/\/turkishtrade.co\/wp-content\/uploads\/2026\/01\/2400EJOMN00368-DARK-BLUE-X_6323-5-USD-18x10.png",18,10,true],"woocommerce_thumbnail":["https:\/\/turkishtrade.co\/wp-content\/uploads\/2026\/01\/2400EJOMN00368-DARK-BLUE-X_6323-5-USD-400x250.png",400,250,true],"woocommerce_single":["https:\/\/turkishtrade.co\/wp-content\/uploads\/2026\/01\/2400EJOMN00368-DARK-BLUE-X_6323-5-USD.png",453,250,false],"woocommerce_gallery_thumbnail":["https:\/\/turkishtrade.co\/wp-content\/uploads\/2026\/01\/2400EJOMN00368-DARK-BLUE-X_6323-5-USD-100x100.png",100,100,true]},"uagb_author_info":{"display_name":"yaser olabi","author_link":"https:\/\/turkishtrade.co\/fr\/author\/"},"uagb_comment_info":0,"uagb_excerpt":"Superior Materials: Genuine calfskin leather exterior and soft goat leather interior. Comfortable Sole: Durable and lightweight EVA sole for all-day wear. Heel Height: Subtle 1-3cm heel for classic elegance. Available Sizes: Full range from 39 to 45. Bulk Availability: Minimum order of 8 pairs. Delivery: Lead time of 12 days + shipping.","_links":{"self":[{"href":"https:\/\/turkishtrade.co\/fr\/wp-json\/wp\/v2\/product\/5878","targetHints":{"allow":["GET"]}}],"collection":[{"href":"https:\/\/turkishtrade.co\/fr\/wp-json\/wp\/v2\/product"}],"about":[{"href":"https:\/\/turkishtrade.co\/fr\/wp-json\/wp\/v2\/types\/product"}],"wp:featuredmedia":[{"embeddable":true,"href":"https:\/\/turkishtrade.co\/fr\/wp-json\/wp\/v2\/media\/3931"}],"wp:attachment":[{"href":"https:\/\/turkishtrade.co\/fr\/wp-json\/wp\/v2\/media?parent=5878"}],"wp:term":[{"taxonomy":"product_brand","embeddable":true,"href":"https:\/\/turkishtrade.co\/fr\/wp-json\/wp\/v2\/product_brand?post=5878"},{"taxonomy":"product_cat","embeddable":true,"href":"https:\/\/turkishtrade.co\/fr\/wp-json\/wp\/v2\/product_cat?post=5878"},{"taxonomy":"product_tag","embeddable":true,"href":"https:\/\/turkishtrade.co\/fr\/wp-json\/wp\/v2\/product_tag?post=5878"}],"curies":[{"name":"wp","href":"https:\/\/api.w.org\/{rel}","templated":true}]}}