{"id":5875,"date":"2026-01-14T13:35:51","date_gmt":"2026-01-14T13:35:51","guid":{"rendered":"https:\/\/turkishtrade.co\/product\/mens-leather-casual-derby-shoes-4\/"},"modified":"2026-04-09T19:21:26","modified_gmt":"2026-04-09T19:21:26","slug":"mens-leather-casual-derby-shoes-4","status":"publish","type":"product","link":"https:\/\/turkishtrade.co\/fr\/shop\/mens-leather-casual-derby-shoes-4\/","title":{"rendered":"Chaussures de derby d\u00e9contract\u00e9es en cuir de veau Premium pour hommes"},"content":{"rendered":"<p><strong>Chaussures derby d\u00e9contract\u00e9es en cuir pour hommes<\/strong><\/p>\n<p>\u00c9levez votre style de tous les jours gr\u00e2ce \u00e0 notre exquise <strong>Chaussures derby d\u00e9contract\u00e9es en cuir pour hommes<\/strong>. Con\u00e7ues pour l'homme moderne qui appr\u00e9cie \u00e0 la fois la sophistication et le confort, ces chaussures allient harmonieusement esth\u00e9tique classique et fonctionnalit\u00e9 contemporaine. Que vous alliez au bureau, \u00e0 une r\u00e9union d\u00e9contract\u00e9e ou \u00e0 une soir\u00e9e, ces chaussures derby de qualit\u00e9 sup\u00e9rieure sont votre compagnon id\u00e9al, vous assurant toujours une apparence soign\u00e9e et une sensation de bien-\u00eatre.<\/p>\n<p>Leur design polyvalent en fait un \u00e9l\u00e9ment de base de toute garde-robe exigeante, comblant le foss\u00e9 entre les tenues formelles et d\u00e9contract\u00e9es avec une gr\u00e2ce sans effort.<\/p>\n<p><h3>Une qualit\u00e9 et un savoir-faire in\u00e9gal\u00e9s<\/h3>\n<\/p>\n<p>Chaque paire de ces produits d'exception <strong>Chaussures derby d\u00e9contract\u00e9es en cuir pour hommes<\/strong> t\u00e9moigne d'un savoir-faire sup\u00e9rieur et d'un souci du d\u00e9tail. La surface ext\u00e9rieure est m\u00e9ticuleusement fabriqu\u00e9e en cuir de veau v\u00e9ritable de haute qualit\u00e9, r\u00e9put\u00e9 pour sa texture souple, sa durabilit\u00e9 exceptionnelle et son aspect luxueux. Ce mat\u00e9riau de qualit\u00e9 sup\u00e9rieure ne se contente pas d'offrir un aspect distingu\u00e9, il se moule \u00e9galement \u00e0 vos pieds au fil du temps, offrant un ajustement personnalis\u00e9 qui ne fait que s'am\u00e9liorer avec l'\u00e2ge.<\/p>\n<p>En compl\u00e9ment de l'ext\u00e9rieur robuste, la doublure int\u00e9rieure est fabriqu\u00e9e en cuir de ch\u00e8vre incroyablement doux et respirant, assurant un confort in\u00e9gal\u00e9 contre votre peau. Cette combinaison judicieuse de mat\u00e9riaux garantit une exp\u00e9rience luxueuse \u00e0 chaque pas, faisant de ces chaussures un v\u00e9ritable investissement dans votre collection de chaussures.<\/p>\n<p><h3>Confort r\u00e9volutionnaire gr\u00e2ce \u00e0 la semelle EVA<\/h3>\n<\/p>\n<p>Le confort est primordial, et notre <strong>Chaussures derby d\u00e9contract\u00e9es en cuir pour hommes<\/strong> tiennent cette promesse gr\u00e2ce \u00e0 leur conception innovante. Dot\u00e9es d'une semelle EVA l\u00e9g\u00e8re mais incroyablement durable, ces chaussures offrent un amorti et un soutien exceptionnels tout au long de la journ\u00e9e. La semelle en EVA absorbe efficacement les chocs, ce qui r\u00e9duit consid\u00e9rablement la fatigue du pied et offre une excellente adh\u00e9rence sur diff\u00e9rentes surfaces, ce qui les rend parfaites pour une utilisation prolong\u00e9e.<\/p>\n<p>Contrairement aux semelles traditionnelles plus lourdes, la semelle EVA contribue de mani\u00e8re significative \u00e0 la l\u00e9g\u00e8ret\u00e9 g\u00e9n\u00e9rale de la chaussure, vous permettant de vous d\u00e9placer avec aisance et confiance du matin au soir. Cette conception innovante garantit que votre recherche de style ne se fait jamais au d\u00e9triment du confort, offrant un m\u00e9lange harmonieux des deux.<\/p>\n<p><h3>Un style polyvalent pour toutes les occasions<\/h3>\n<\/p>\n<p>Le design intemporel de ces chaussures derby les rend incroyablement polyvalentes et adaptables \u00e0 d'innombrables tenues. Le la\u00e7age classique sur le devant et le d\u00e9tail raffin\u00e9 du bout du pied offrent une allure \u00e9l\u00e9gante et d\u00e9contract\u00e9e qui permet de passer sans effort d'un environnement professionnel formel \u00e0 des \u00e9v\u00e9nements d\u00e9contract\u00e9s le week-end. Disponibles dans des teintes sophistiqu\u00e9es comme le noir classique et le marron riche (comme le montre l'imagerie du produit), ces chaussures sont con\u00e7ues pour s'associer \u00e0 un large \u00e9ventail de tenues, des pantalons et costumes cintr\u00e9s aux chinos \u00e9l\u00e9gants en passant par les jeans de qualit\u00e9.<\/p>\n<p>Notre <strong>Chaussures derby d\u00e9contract\u00e9es en cuir pour hommes<\/strong> sont un compl\u00e9ment essentiel \u00e0 toute garde-robe exigeante, offrant un m\u00e9lange d'\u00e9l\u00e9gance durable et de portabilit\u00e9 pratique qui r\u00e9sistera \u00e0 l'\u00e9preuve du temps.<\/p>\n<p><h3>Dimensionnement et disponibilit\u00e9 en vrac<\/h3>\n<\/p>\n<p>Nous r\u00e9pondons aux besoins d'un large \u00e9ventail de tailles, ces chaussures exquises \u00e9tant disponibles dans les pointures europ\u00e9ennes 39 \u00e0 45. Pour les d\u00e9taillants, les boutiques et les entreprises qui cherchent \u00e0 stocker des chaussures de haute qualit\u00e9 et tr\u00e8s demand\u00e9es, ces chaussures derby de qualit\u00e9 sup\u00e9rieure sont disponibles \u00e0 l'achat en gros avec une quantit\u00e9 minimale de commande de 8 paires. Nous sommes fiers de l'efficacit\u00e9 de notre service et de la rapidit\u00e9 de nos livraisons. Les commandes sont g\u00e9n\u00e9ralement honor\u00e9es sous 12 jours, plus le d\u00e9lai d'exp\u00e9dition standard.<\/p>\n<p>Investissez dans des chaussures qui se distinguent par leur qualit\u00e9, leur confort et leur style durable, et offrez \u00e0 vos clients un produit qu'ils appr\u00e9cieront vraiment.<\/p>","protected":false},"excerpt":{"rendered":"<ul>\n<li>Fabriqu\u00e9 \u00e0 la main avec un luxueux cuir de veau pour un style sophistiqu\u00e9<\/li>\n<li>Doublure int\u00e9rieure en cuir de ch\u00e8vre souple et respirant pour un confort optimal.<\/li>\n<li>\u00c9quip\u00e9 d'une semelle EVA l\u00e9g\u00e8re et durable, parfaite pour une utilisation tout au long de la journ\u00e9e.<\/li>\n<li>Mod\u00e8le classique \u00e0 lacets avec un bout de pied moderne, id\u00e9al pour les occasions d\u00e9contract\u00e9es et \u00e9l\u00e9gantes.<\/li>\n<li>Disponible dans une large gamme de tailles allant de 39 \u00e0 45<\/li>\n<li><strong>Quantit\u00e9 minimale de commande : 8 paires<\/strong> - Excellent pour les grossistes et les d\u00e9taillants<\/li>\n<li>Livraison fiable dans un d\u00e9lai de 12 jours, plus le temps d'exp\u00e9dition<\/li>\n<\/ul>","protected":false},"featured_media":3929,"template":"","meta":{"_acf_changed":false,"_uag_custom_page_level_css":"","site-sidebar-layout":"default","site-content-layout":"","ast-site-content-layout":"default","site-content-style":"default","site-sidebar-style":"default","ast-global-header-display":"","ast-banner-title-visibility":"","ast-main-header-display":"","ast-hfb-above-header-display":"","ast-hfb-below-header-display":"","ast-hfb-mobile-header-display":"","site-post-title":"","ast-breadcrumbs-content":"","ast-featured-img":"","footer-sml-layout":"","ast-disable-related-posts":"","theme-transparent-header-meta":"","adv-header-id-meta":"","stick-header-meta":"","header-above-stick-meta":"","header-main-stick-meta":"","header-below-stick-meta":"","astra-migrate-meta-layouts":"default","ast-page-background-enabled":"default","ast-page-background-meta":{"desktop":{"background-color":"var(--ast-global-color-4)","background-image":"","background-repeat":"repeat","background-position":"center center","background-size":"auto","background-attachment":"scroll","background-type":"","background-media":"","overlay-type":"","overlay-color":"","overlay-opacity":"","overlay-gradient":""},"tablet":{"background-color":"","background-image":"","background-repeat":"repeat","background-position":"center center","background-size":"auto","background-attachment":"scroll","background-type":"","background-media":"","overlay-type":"","overlay-color":"","overlay-opacity":"","overlay-gradient":""},"mobile":{"background-color":"","background-image":"","background-repeat":"repeat","background-position":"center center","background-size":"auto","background-attachment":"scroll","background-type":"","background-media":"","overlay-type":"","overlay-color":"","overlay-opacity":"","overlay-gradient":""}},"ast-content-background-meta":{"desktop":{"background-color":"var(--ast-global-color-5)","background-image":"","background-repeat":"repeat","background-position":"center center","background-size":"auto","background-attachment":"scroll","background-type":"","background-media":"","overlay-type":"","overlay-color":"","overlay-opacity":"","overlay-gradient":""},"tablet":{"background-color":"var(--ast-global-color-5)","background-image":"","background-repeat":"repeat","background-position":"center center","background-size":"auto","background-attachment":"scroll","background-type":"","background-media":"","overlay-type":"","overlay-color":"","overlay-opacity":"","overlay-gradient":""},"mobile":{"background-color":"var(--ast-global-color-5)","background-image":"","background-repeat":"repeat","background-position":"center center","background-size":"auto","background-attachment":"scroll","background-type":"","background-media":"","overlay-type":"","overlay-color":"","overlay-opacity":"","overlay-gradient":""}}},"product_brand":[],"product_cat":[48,47,49,430,40],"product_tag":[407,613,200,202,458,1062,222,438,189,450,227,210,281],"class_list":{"0":"post-5875","1":"product","2":"type-product","3":"status-publish","4":"has-post-thumbnail","6":"product_cat-casual","7":"product_cat-classic","8":"product_cat-loafer","9":"product_cat-men","10":"product_cat-mens-shoes","11":"product_tag-black-derby-shoes","12":"product_tag-brown-derby-shoes","13":"product_tag-business-casual","14":"product_tag-calf-leather","15":"product_tag-cap-toe-shoes","16":"product_tag-casual-derby-shoes","17":"product_tag-comfortable-shoes","18":"product_tag-eva-sole","19":"product_tag-goat-leather-lining","20":"product_tag-handcrafted-shoes","21":"product_tag-leather-shoes","22":"product_tag-smart-casual","23":"product_tag-wholesale-shoes","24":"desktop-align-center","25":"tablet-align-center","26":"mobile-align-center","28":"first","29":"instock","30":"shipping-taxable","31":"purchasable","32":"product-type-variable","33":"has-default-attributes"},"acf":[],"uagb_featured_image_src":{"full":["https:\/\/turkishtrade.co\/wp-content\/uploads\/2026\/01\/2400EJOMN00367-BROWN-X_12577_1-5-USD.png",453,250,false],"thumbnail":["https:\/\/turkishtrade.co\/wp-content\/uploads\/2026\/01\/2400EJOMN00367-BROWN-X_12577_1-5-USD-150x150.png",150,150,true],"medium":["https:\/\/turkishtrade.co\/wp-content\/uploads\/2026\/01\/2400EJOMN00367-BROWN-X_12577_1-5-USD-300x166.png",300,166,true],"medium_large":["https:\/\/turkishtrade.co\/wp-content\/uploads\/2026\/01\/2400EJOMN00367-BROWN-X_12577_1-5-USD.png",453,250,false],"large":["https:\/\/turkishtrade.co\/wp-content\/uploads\/2026\/01\/2400EJOMN00367-BROWN-X_12577_1-5-USD.png",453,250,false],"1536x1536":["https:\/\/turkishtrade.co\/wp-content\/uploads\/2026\/01\/2400EJOMN00367-BROWN-X_12577_1-5-USD.png",453,250,false],"2048x2048":["https:\/\/turkishtrade.co\/wp-content\/uploads\/2026\/01\/2400EJOMN00367-BROWN-X_12577_1-5-USD.png",453,250,false],"trp-custom-language-flag":["https:\/\/turkishtrade.co\/wp-content\/uploads\/2026\/01\/2400EJOMN00367-BROWN-X_12577_1-5-USD-18x10.png",18,10,true],"woocommerce_thumbnail":["https:\/\/turkishtrade.co\/wp-content\/uploads\/2026\/01\/2400EJOMN00367-BROWN-X_12577_1-5-USD-400x250.png",400,250,true],"woocommerce_single":["https:\/\/turkishtrade.co\/wp-content\/uploads\/2026\/01\/2400EJOMN00367-BROWN-X_12577_1-5-USD.png",453,250,false],"woocommerce_gallery_thumbnail":["https:\/\/turkishtrade.co\/wp-content\/uploads\/2026\/01\/2400EJOMN00367-BROWN-X_12577_1-5-USD-100x100.png",100,100,true]},"uagb_author_info":{"display_name":"yaser olabi","author_link":"https:\/\/turkishtrade.co\/fr\/author\/"},"uagb_comment_info":0,"uagb_excerpt":"Handcrafted with a luxurious Calf Leather exterior for sophisticated style Features a soft and breathable Goat Leather interior lining for ultimate comfort Equipped with a lightweight and durable EVA sole, perfect for all-day wear Classic lace-up design with a modern cap-toe, ideal for smart-casual occasions Available in a comprehensive range of sizes from 39 to\u2026","_links":{"self":[{"href":"https:\/\/turkishtrade.co\/fr\/wp-json\/wp\/v2\/product\/5875","targetHints":{"allow":["GET"]}}],"collection":[{"href":"https:\/\/turkishtrade.co\/fr\/wp-json\/wp\/v2\/product"}],"about":[{"href":"https:\/\/turkishtrade.co\/fr\/wp-json\/wp\/v2\/types\/product"}],"wp:featuredmedia":[{"embeddable":true,"href":"https:\/\/turkishtrade.co\/fr\/wp-json\/wp\/v2\/media\/3929"}],"wp:attachment":[{"href":"https:\/\/turkishtrade.co\/fr\/wp-json\/wp\/v2\/media?parent=5875"}],"wp:term":[{"taxonomy":"product_brand","embeddable":true,"href":"https:\/\/turkishtrade.co\/fr\/wp-json\/wp\/v2\/product_brand?post=5875"},{"taxonomy":"product_cat","embeddable":true,"href":"https:\/\/turkishtrade.co\/fr\/wp-json\/wp\/v2\/product_cat?post=5875"},{"taxonomy":"product_tag","embeddable":true,"href":"https:\/\/turkishtrade.co\/fr\/wp-json\/wp\/v2\/product_tag?post=5875"}],"curies":[{"name":"wp","href":"https:\/\/api.w.org\/{rel}","templated":true}]}}