{"id":5873,"date":"2026-01-14T13:35:35","date_gmt":"2026-01-14T13:35:35","guid":{"rendered":"https:\/\/turkishtrade.co\/product\/men-s-leather-casual-derby-shoes\/"},"modified":"2026-04-09T19:21:30","modified_gmt":"2026-04-09T19:21:30","slug":"mens-leather-casual-derby-shoes-5","status":"publish","type":"product","link":"https:\/\/turkishtrade.co\/fr\/shop\/mens-leather-casual-derby-shoes-5\/","title":{"rendered":"Chaussures derby d\u00e9contract\u00e9es en cuir de veau de premi\u00e8re qualit\u00e9 pour hommes, avec d\u00e9tails gaufr\u00e9s"},"content":{"rendered":"<p><strong>Chaussures derby d\u00e9contract\u00e9es en cuir pour hommes<\/strong><\/p>\n<p>Entrez dans un style et un confort in\u00e9gal\u00e9s gr\u00e2ce \u00e0 notre collection de <strong>Chaussures derby d\u00e9contract\u00e9es en cuir pour hommes<\/strong>. Con\u00e7ues pour les hommes exigeants qui appr\u00e9cient \u00e0 la fois l'esth\u00e9tique et le c\u00f4t\u00e9 pratique, ces chaussures remarquables allient sans effort l'\u00e9l\u00e9gance classique \u00e0 l'attrait moderne de la d\u00e9contraction. Chaque paire de ces <strong>chaussures derby d\u00e9contract\u00e9es en cuir pour hommes<\/strong> t\u00e9moigne d'un savoir-faire de qualit\u00e9 sup\u00e9rieure et constitue un compl\u00e9ment sophistiqu\u00e9 \u00e0 toute garde-robe.<\/p>\n<h3>Qualit\u00e9 in\u00e9gal\u00e9e et excellence des mat\u00e9riaux<\/h3>\n<p>Notre engagement en faveur de la qualit\u00e9 commence par la s\u00e9lection des mat\u00e9riaux les plus nobles. L'ext\u00e9rieur de ces chaussures derby exceptionnelles est m\u00e9ticuleusement fabriqu\u00e9 en cuir de veau v\u00e9ritable, r\u00e9put\u00e9 pour sa texture souple, sa durabilit\u00e9 et sa finition luxueuse. Cette couche ext\u00e9rieure de qualit\u00e9 sup\u00e9rieure est magnifiquement compl\u00e9t\u00e9e par une doublure int\u00e9rieure en cuir de ch\u00e8vre souple, garantissant une respirabilit\u00e9 maximale et une sensation de douceur contre votre pied.<\/p>\n<p>Cette combinaison de mat\u00e9riaux garantit non seulement une apparence \u00e9blouissante, mais aussi une chaussure qui se moule \u00e0 votre pied pour un confort durable. Les d\u00e9tails uniques en cuir gaufr\u00e9 sur la tige rehaussent ces chaussures. <strong>chaussures derby d\u00e9contract\u00e9es en cuir pour hommes<\/strong>, Ils sont ainsi dot\u00e9s d'une texture distinctive et d'un int\u00e9r\u00eat visuel qui les distinguent des autres.<\/p>\n<h3>Con\u00e7u pour le confort et la polyvalence<\/h3>\n<p>D\u00e9couvrez la diff\u00e9rence que peut faire une semelle bien con\u00e7ue. Ces semelles <strong>chaussures derby d\u00e9contract\u00e9es en cuir pour hommes<\/strong> sont dot\u00e9es d'une semelle EVA \u00e0 la fois robuste et l\u00e9g\u00e8re. Cette technologie de semelle avanc\u00e9e offre un excellent amorti, une absorption des chocs et une grande flexibilit\u00e9, ce qui les rend incroyablement confortables pour un usage prolong\u00e9.<\/p>\n<p>Que vous naviguiez dans des paysages urbains ou que vous profitiez d'une sortie d\u00e9contract\u00e9e le week-end, la semelle durable offre une traction et un soutien fiables. La silhouette derby intemporelle, rehauss\u00e9e par la riche teinte marron fonc\u00e9 et les empi\u00e8cements en cuir textur\u00e9, rend ces chaussures incroyablement polyvalentes, convenant \u00e0 un large \u00e9ventail de tenues, des pantalons d\u00e9contract\u00e9s \u00e9l\u00e9gants aux jeans plus d\u00e9contract\u00e9s.<\/p>\n<h3>Opportunit\u00e9 de vente en gros et livraison fiable<\/h3>\n<p>Pour nos partenaires commerciaux, ces \u00e9l\u00e9gantes <strong>chaussures derby d\u00e9contract\u00e9es en cuir pour hommes<\/strong> sont disponibles pour les commandes en gros avec une quantit\u00e9 minimale de 8 paires. Nous comprenons l'importance d'une livraison rapide, et notre processus efficace garantit que votre commande sera exp\u00e9di\u00e9e dans les 12 jours, plus le temps d'exp\u00e9dition standard. Investissez dans des chaussures qui allient la haute couture au confort et \u00e0 la qualit\u00e9 durables.<\/p>\n<p>D\u00e9couvrez les d\u00e9tails de l'artisanat et les mat\u00e9riaux de qualit\u00e9 sup\u00e9rieure de ces produits incontournables. <strong>chaussures derby d\u00e9contract\u00e9es en cuir pour hommes<\/strong> aujourd'hui et offrez \u00e0 vos clients un produit qui se d\u00e9marque vraiment.<\/p>","protected":false},"excerpt":{"rendered":"<ul>\n<li>Fabriqu\u00e9 de mani\u00e8re experte avec un ext\u00e9rieur en cuir de veau de premi\u00e8re qualit\u00e9 et un int\u00e9rieur en cuir de ch\u00e8vre doux et respirant.<\/li>\n<li>Ce mod\u00e8le de derby d\u00e9contract\u00e9 est dot\u00e9 d'accents de cuir gaufr\u00e9 distinctifs pour une touche sophistiqu\u00e9e.<\/li>\n<li>\u00c9quip\u00e9e d'une semelle EVA l\u00e9g\u00e8re et durable, elle garantit un confort exceptionnel et une traction fiable tout au long de la journ\u00e9e.<\/li>\n<li>Disponible dans une large gamme de tailles allant de l'UE 39 \u00e0 45.<\/li>\n<li>Quantit\u00e9 minimale de commande de 8 paires, id\u00e9ale pour les d\u00e9taillants et les grossistes.<\/li>\n<li>Contactez-nous pour obtenir des prix de gros comp\u00e9titifs et une disponibilit\u00e9 en vrac.<\/li>\n<\/ul>","protected":false},"featured_media":3927,"template":"","meta":{"_acf_changed":false,"_uag_custom_page_level_css":"","site-sidebar-layout":"default","site-content-layout":"","ast-site-content-layout":"default","site-content-style":"default","site-sidebar-style":"default","ast-global-header-display":"","ast-banner-title-visibility":"","ast-main-header-display":"","ast-hfb-above-header-display":"","ast-hfb-below-header-display":"","ast-hfb-mobile-header-display":"","site-post-title":"","ast-breadcrumbs-content":"","ast-featured-img":"","footer-sml-layout":"","ast-disable-related-posts":"","theme-transparent-header-meta":"default","adv-header-id-meta":"","stick-header-meta":"","header-above-stick-meta":"","header-main-stick-meta":"","header-below-stick-meta":"","astra-migrate-meta-layouts":"set","ast-page-background-enabled":"default","ast-page-background-meta":{"desktop":{"background-color":"var(--ast-global-color-4)","background-image":"","background-repeat":"repeat","background-position":"center center","background-size":"auto","background-attachment":"scroll","background-type":"","background-media":"","overlay-type":"","overlay-color":"","overlay-opacity":"","overlay-gradient":""},"tablet":{"background-color":"","background-image":"","background-repeat":"repeat","background-position":"center center","background-size":"auto","background-attachment":"scroll","background-type":"","background-media":"","overlay-type":"","overlay-color":"","overlay-opacity":"","overlay-gradient":""},"mobile":{"background-color":"","background-image":"","background-repeat":"repeat","background-position":"center center","background-size":"auto","background-attachment":"scroll","background-type":"","background-media":"","overlay-type":"","overlay-color":"","overlay-opacity":"","overlay-gradient":""}},"ast-content-background-meta":{"desktop":{"background-color":"var(--ast-global-color-5)","background-image":"","background-repeat":"repeat","background-position":"center center","background-size":"auto","background-attachment":"scroll","background-type":"","background-media":"","overlay-type":"","overlay-color":"","overlay-opacity":"","overlay-gradient":""},"tablet":{"background-color":"var(--ast-global-color-5)","background-image":"","background-repeat":"repeat","background-position":"center center","background-size":"auto","background-attachment":"scroll","background-type":"","background-media":"","overlay-type":"","overlay-color":"","overlay-opacity":"","overlay-gradient":""},"mobile":{"background-color":"var(--ast-global-color-5)","background-image":"","background-repeat":"repeat","background-position":"center center","background-size":"auto","background-attachment":"scroll","background-type":"","background-media":"","overlay-type":"","overlay-color":"","overlay-opacity":"","overlay-gradient":""}}},"product_brand":[],"product_cat":[48,47,49,430,40],"product_tag":[218,202,449,222,212,418,438,959,437,227,416,281],"class_list":{"0":"post-5873","1":"product","2":"type-product","3":"status-publish","4":"has-post-thumbnail","6":"product_cat-casual","7":"product_cat-classic","8":"product_cat-loafer","9":"product_cat-men","10":"product_cat-mens-shoes","11":"product_tag-brown-shoes","12":"product_tag-calf-leather","13":"product_tag-casual-shoes","14":"product_tag-comfortable-shoes","15":"product_tag-derby-shoes","16":"product_tag-embossed-leather","17":"product_tag-eva-sole","18":"product_tag-formal-casual-shoes","19":"product_tag-goat-leather","20":"product_tag-leather-shoes","21":"product_tag-luxury-shoes","22":"product_tag-wholesale-shoes","23":"desktop-align-center","24":"tablet-align-center","25":"mobile-align-center","27":"first","28":"instock","29":"shipping-taxable","30":"purchasable","31":"product-type-variable","32":"has-default-attributes"},"acf":[],"uagb_featured_image_src":{"full":["https:\/\/turkishtrade.co\/wp-content\/uploads\/2026\/01\/2400EJOMN00366-DARK-BROWN-Z_72-5-USD-1.png",453,250,false],"thumbnail":["https:\/\/turkishtrade.co\/wp-content\/uploads\/2026\/01\/2400EJOMN00366-DARK-BROWN-Z_72-5-USD-1-150x150.png",150,150,true],"medium":["https:\/\/turkishtrade.co\/wp-content\/uploads\/2026\/01\/2400EJOMN00366-DARK-BROWN-Z_72-5-USD-1-300x166.png",300,166,true],"medium_large":["https:\/\/turkishtrade.co\/wp-content\/uploads\/2026\/01\/2400EJOMN00366-DARK-BROWN-Z_72-5-USD-1.png",453,250,false],"large":["https:\/\/turkishtrade.co\/wp-content\/uploads\/2026\/01\/2400EJOMN00366-DARK-BROWN-Z_72-5-USD-1.png",453,250,false],"1536x1536":["https:\/\/turkishtrade.co\/wp-content\/uploads\/2026\/01\/2400EJOMN00366-DARK-BROWN-Z_72-5-USD-1.png",453,250,false],"2048x2048":["https:\/\/turkishtrade.co\/wp-content\/uploads\/2026\/01\/2400EJOMN00366-DARK-BROWN-Z_72-5-USD-1.png",453,250,false],"trp-custom-language-flag":["https:\/\/turkishtrade.co\/wp-content\/uploads\/2026\/01\/2400EJOMN00366-DARK-BROWN-Z_72-5-USD-1-18x10.png",18,10,true],"woocommerce_thumbnail":["https:\/\/turkishtrade.co\/wp-content\/uploads\/2026\/01\/2400EJOMN00366-DARK-BROWN-Z_72-5-USD-1-400x250.png",400,250,true],"woocommerce_single":["https:\/\/turkishtrade.co\/wp-content\/uploads\/2026\/01\/2400EJOMN00366-DARK-BROWN-Z_72-5-USD-1.png",453,250,false],"woocommerce_gallery_thumbnail":["https:\/\/turkishtrade.co\/wp-content\/uploads\/2026\/01\/2400EJOMN00366-DARK-BROWN-Z_72-5-USD-1-100x100.png",100,100,true]},"uagb_author_info":{"display_name":"yaser olabi","author_link":"https:\/\/turkishtrade.co\/fr\/author\/"},"uagb_comment_info":0,"uagb_excerpt":"Expertly crafted with a premium calf leather exterior and soft, breathable goat leather interior. Features a stylish casual derby design with distinctive embossed leather accents for a sophisticated touch. Equipped with a lightweight and durable EVA sole, ensuring exceptional comfort and reliable traction all day long. Available in a comprehensive range of sizes from EU\u2026","_links":{"self":[{"href":"https:\/\/turkishtrade.co\/fr\/wp-json\/wp\/v2\/product\/5873","targetHints":{"allow":["GET"]}}],"collection":[{"href":"https:\/\/turkishtrade.co\/fr\/wp-json\/wp\/v2\/product"}],"about":[{"href":"https:\/\/turkishtrade.co\/fr\/wp-json\/wp\/v2\/types\/product"}],"wp:featuredmedia":[{"embeddable":true,"href":"https:\/\/turkishtrade.co\/fr\/wp-json\/wp\/v2\/media\/3927"}],"wp:attachment":[{"href":"https:\/\/turkishtrade.co\/fr\/wp-json\/wp\/v2\/media?parent=5873"}],"wp:term":[{"taxonomy":"product_brand","embeddable":true,"href":"https:\/\/turkishtrade.co\/fr\/wp-json\/wp\/v2\/product_brand?post=5873"},{"taxonomy":"product_cat","embeddable":true,"href":"https:\/\/turkishtrade.co\/fr\/wp-json\/wp\/v2\/product_cat?post=5873"},{"taxonomy":"product_tag","embeddable":true,"href":"https:\/\/turkishtrade.co\/fr\/wp-json\/wp\/v2\/product_tag?post=5873"}],"curies":[{"name":"wp","href":"https:\/\/api.w.org\/{rel}","templated":true}]}}