{"id":5868,"date":"2026-01-14T13:34:56","date_gmt":"2026-01-14T13:34:56","guid":{"rendered":"https:\/\/turkishtrade.co\/product\/mens-chunky-sole-leather-derby-2\/"},"modified":"2026-04-09T19:21:40","modified_gmt":"2026-04-09T19:21:40","slug":"mens-chunky-sole-leather-derby-2","status":"publish","type":"product","link":"https:\/\/turkishtrade.co\/fr\/shop\/mens-chunky-sole-leather-derby-2\/","title":{"rendered":"Chaussures de derby en cuir de veau de premi\u00e8re qualit\u00e9 \u00e0 semelle \u00e9paisse pour hommes"},"content":{"rendered":"<p><strong>Derby en cuir \u00e0 semelle \u00e9paisse pour hommes<\/strong><\/p>\n<p>\u00c9levez votre style de tous les jours gr\u00e2ce \u00e0 notre exquise <strong>Derby en cuir \u00e0 semelle \u00e9paisse pour hommes<\/strong> chaussures. Con\u00e7ues pour l'homme moderne qui appr\u00e9cie \u00e0 la fois une esth\u00e9tique sophistiqu\u00e9e et un confort in\u00e9gal\u00e9, ces chaussures t\u00e9moignent d'un savoir-faire sup\u00e9rieur. Parfaite pour ceux qui recherchent un m\u00e9lange de design classique avec une touche contemporaine, notre collection vous assure une impression durable.<\/p>\n<p><h3>Qualit\u00e9 et confort in\u00e9gal\u00e9s<\/h3>\n<\/p>\n<p>Chaque paire de <strong>Derby en cuir \u00e0 semelle \u00e9paisse pour hommes<\/strong> est m\u00e9ticuleusement fabriqu\u00e9e \u00e0 partir des mat\u00e9riaux les plus nobles. L'ext\u00e9rieur est en cuir de veau de premi\u00e8re qualit\u00e9, connu pour sa texture souple, sa durabilit\u00e9 exceptionnelle et son apparence \u00e9l\u00e9gante. Ce cuir de haute qualit\u00e9 n'a pas seulement un aspect sophistiqu\u00e9, il vieillit aussi magnifiquement, d\u00e9veloppant une patine unique au fil du temps.<\/p>\n<p>\u00c0 l'int\u00e9rieur, vos pieds seront berc\u00e9s par une luxueuse doublure en cuir de ch\u00e8vre, offrant une bonne respirabilit\u00e9 et un ajustement doux et confortable qui se moule \u00e0 votre pied. Cette combinaison judicieuse garantit une exp\u00e9rience haut de gamme d\u00e8s l'instant o\u00f9 vous les enfilez, ce qui en fait les chaussures id\u00e9ales. <strong>Derby en cuir \u00e0 semelle \u00e9paisse pour hommes<\/strong> pour une utilisation tout au long de la journ\u00e9e.<\/p>\n<p><h3>Un style polyvalent pour toutes les occasions<\/h3>\n<\/p>\n<p>La silhouette derby classique est r\u00e9imagin\u00e9e avec une touche contemporaine, avec une semelle \u00e9paisse distinctive qui ajoute une touche d'audace \u00e0 n'importe quelle tenue. Ces chaussures polyvalentes <strong>Derby en cuir \u00e0 semelle \u00e9paisse pour hommes<\/strong> passent sans effort d'une tenue de bureau \u00e9l\u00e9gante et d\u00e9contract\u00e9e \u00e0 des sorties le week-end ou \u00e0 des \u00e9v\u00e9nements sp\u00e9ciaux. Que vous choisissiez le noir intemporel, le riche bourgogne ou le marron sophistiqu\u00e9, ces chaussures compl\u00e9teront parfaitement votre garde-robe.<\/p>\n<p>La hauteur subtile du talon, comprise entre 1 et 3 cm, procure une portance confortable sans compromettre la stabilit\u00e9 ou l'esth\u00e9tique moderne de la chaussure.<\/p>\n<p><h3>Conception durable et l\u00e9g\u00e8ret\u00e9<\/h3>\n<\/p>\n<p>La robuste semelle EVA est une caract\u00e9ristique cl\u00e9, offrant une excellente absorption des chocs, un confort l\u00e9ger et une traction sup\u00e9rieure sur diverses surfaces. Contrairement aux semelles lourdes traditionnelles, notre conception en EVA garantit que vos chaussures de sport ne sont pas endommag\u00e9es. <strong>Derby en cuir \u00e0 semelle \u00e9paisse pour hommes<\/strong> restent confortables pendant de longues p\u00e9riodes, r\u00e9duisant ainsi la fatigue du pied. Cette construction durable et pratique signifie que ces chaussures sont faites pour durer, offrant un style et une fiabilit\u00e9 durables, saison apr\u00e8s saison.<\/p>\n<p>D\u00e9couvrez le m\u00e9lange parfait de style, de confort et de durabilit\u00e9 avec ces produits exceptionnels. <strong>Derby en cuir \u00e0 semelle \u00e9paisse pour hommes<\/strong> chaussures.<\/p>\n<p><h3>Disponibilit\u00e9 en vrac pour votre entreprise<\/h3>\n<\/p>\n<p>Id\u00e9al pour les d\u00e9taillants et les entreprises, nous proposons une quantit\u00e9 minimale de commande de 8 paires, ce qui vous permet de vous approvisionner en chaussures populaires et \u00e9l\u00e9gantes. Avec un d\u00e9lai de livraison de 12 jours plus les frais de port, vous pouvez planifier efficacement votre stock. Investissez dans des chaussures de qualit\u00e9 qui feront une impression durable sur vos clients.<\/p>\n<p>Notre <strong>Derby en cuir \u00e0 semelle \u00e9paisse pour hommes<\/strong> est pr\u00eate \u00e0 devenir un \u00e9l\u00e9ment essentiel de votre inventaire, offrant un produit de qualit\u00e9 sup\u00e9rieure qui r\u00e9pond aux exigences de la mode moderne.<\/p>","protected":false},"excerpt":{"rendered":"<ul>\n<li>Fabriqu\u00e9 \u00e0 la main \u00e0 partir de cuir de veau de premi\u00e8re qualit\u00e9.<\/li>\n<li>La doublure en cuir de ch\u00e8vre luxueux assure la respirabilit\u00e9 et le confort ultime.<\/li>\n<li>Dot\u00e9e d'une semelle \u00e9paisse en EVA, robuste mais l\u00e9g\u00e8re, pour une adh\u00e9rence et un soutien sup\u00e9rieurs.<\/li>\n<li>Style derby classique \u00e0 lacets, parfait pour une tenue \u00e9l\u00e9gante et d\u00e9contract\u00e9e.<\/li>\n<li>Disponible en noir sophistiqu\u00e9, en bourgogne riche et en marron \u00e9l\u00e9gant.<\/li>\n<li>Large gamme de tailles : 39, 40, 41, 42, 43, 44, 45.<\/li>\n<li>Quantit\u00e9 minimale de commande pour la vente en gros : 8 paires.<\/li>\n<li>Livraison rapide dans les 12 jours + frais de port.<\/li>\n<\/ul>","protected":false},"featured_media":3925,"template":"","meta":{"_acf_changed":false,"_uag_custom_page_level_css":"","site-sidebar-layout":"default","site-content-layout":"","ast-site-content-layout":"default","site-content-style":"default","site-sidebar-style":"default","ast-global-header-display":"","ast-banner-title-visibility":"","ast-main-header-display":"","ast-hfb-above-header-display":"","ast-hfb-below-header-display":"","ast-hfb-mobile-header-display":"","site-post-title":"","ast-breadcrumbs-content":"","ast-featured-img":"","footer-sml-layout":"","ast-disable-related-posts":"","theme-transparent-header-meta":"","adv-header-id-meta":"","stick-header-meta":"","header-above-stick-meta":"","header-main-stick-meta":"","header-below-stick-meta":"","astra-migrate-meta-layouts":"default","ast-page-background-enabled":"default","ast-page-background-meta":{"desktop":{"background-color":"var(--ast-global-color-4)","background-image":"","background-repeat":"repeat","background-position":"center center","background-size":"auto","background-attachment":"scroll","background-type":"","background-media":"","overlay-type":"","overlay-color":"","overlay-opacity":"","overlay-gradient":""},"tablet":{"background-color":"","background-image":"","background-repeat":"repeat","background-position":"center center","background-size":"auto","background-attachment":"scroll","background-type":"","background-media":"","overlay-type":"","overlay-color":"","overlay-opacity":"","overlay-gradient":""},"mobile":{"background-color":"","background-image":"","background-repeat":"repeat","background-position":"center center","background-size":"auto","background-attachment":"scroll","background-type":"","background-media":"","overlay-type":"","overlay-color":"","overlay-opacity":"","overlay-gradient":""}},"ast-content-background-meta":{"desktop":{"background-color":"var(--ast-global-color-5)","background-image":"","background-repeat":"repeat","background-position":"center center","background-size":"auto","background-attachment":"scroll","background-type":"","background-media":"","overlay-type":"","overlay-color":"","overlay-opacity":"","overlay-gradient":""},"tablet":{"background-color":"var(--ast-global-color-5)","background-image":"","background-repeat":"repeat","background-position":"center center","background-size":"auto","background-attachment":"scroll","background-type":"","background-media":"","overlay-type":"","overlay-color":"","overlay-opacity":"","overlay-gradient":""},"mobile":{"background-color":"var(--ast-global-color-5)","background-image":"","background-repeat":"repeat","background-position":"center center","background-size":"auto","background-attachment":"scroll","background-type":"","background-media":"","overlay-type":"","overlay-color":"","overlay-opacity":"","overlay-gradient":""}}},"product_brand":[],"product_cat":[48,47,49,430,40],"product_tag":[407,613,1075,185,1050,436,1076,290,1077,287,189,1074,310,565,632],"class_list":{"0":"post-5868","1":"product","2":"type-product","3":"status-publish","4":"has-post-thumbnail","6":"product_cat-casual","7":"product_cat-classic","8":"product_cat-loafer","9":"product_cat-men","10":"product_cat-mens-shoes","11":"product_tag-black-derby-shoes","12":"product_tag-brown-derby-shoes","13":"product_tag-burgundy-derby-shoes","14":"product_tag-calf-leather-shoes","15":"product_tag-casual-derby","16":"product_tag-chunky-sole","17":"product_tag-classic-derby","18":"product_tag-comfortable-mens-shoes","19":"product_tag-durable-mens-shoes","20":"product_tag-eva-sole-shoes","21":"product_tag-goat-leather-lining","22":"product_tag-mens-chunky-sole-leather-derby","23":"product_tag-mens-derby-shoes","24":"product_tag-mens-formal-shoes","25":"product_tag-premium-leather-shoes","26":"desktop-align-center","27":"tablet-align-center","28":"mobile-align-center","30":"first","31":"instock","32":"shipping-taxable","33":"purchasable","34":"product-type-variable","35":"has-default-attributes"},"acf":[],"uagb_featured_image_src":{"full":["https:\/\/turkishtrade.co\/wp-content\/uploads\/2026\/01\/2400EJOMN00362-DARK-BROWN-X_341-Fusped-1-usd.png",453,250,false],"thumbnail":["https:\/\/turkishtrade.co\/wp-content\/uploads\/2026\/01\/2400EJOMN00362-DARK-BROWN-X_341-Fusped-1-usd-150x150.png",150,150,true],"medium":["https:\/\/turkishtrade.co\/wp-content\/uploads\/2026\/01\/2400EJOMN00362-DARK-BROWN-X_341-Fusped-1-usd-300x166.png",300,166,true],"medium_large":["https:\/\/turkishtrade.co\/wp-content\/uploads\/2026\/01\/2400EJOMN00362-DARK-BROWN-X_341-Fusped-1-usd.png",453,250,false],"large":["https:\/\/turkishtrade.co\/wp-content\/uploads\/2026\/01\/2400EJOMN00362-DARK-BROWN-X_341-Fusped-1-usd.png",453,250,false],"1536x1536":["https:\/\/turkishtrade.co\/wp-content\/uploads\/2026\/01\/2400EJOMN00362-DARK-BROWN-X_341-Fusped-1-usd.png",453,250,false],"2048x2048":["https:\/\/turkishtrade.co\/wp-content\/uploads\/2026\/01\/2400EJOMN00362-DARK-BROWN-X_341-Fusped-1-usd.png",453,250,false],"trp-custom-language-flag":["https:\/\/turkishtrade.co\/wp-content\/uploads\/2026\/01\/2400EJOMN00362-DARK-BROWN-X_341-Fusped-1-usd-18x10.png",18,10,true],"woocommerce_thumbnail":["https:\/\/turkishtrade.co\/wp-content\/uploads\/2026\/01\/2400EJOMN00362-DARK-BROWN-X_341-Fusped-1-usd-400x250.png",400,250,true],"woocommerce_single":["https:\/\/turkishtrade.co\/wp-content\/uploads\/2026\/01\/2400EJOMN00362-DARK-BROWN-X_341-Fusped-1-usd.png",453,250,false],"woocommerce_gallery_thumbnail":["https:\/\/turkishtrade.co\/wp-content\/uploads\/2026\/01\/2400EJOMN00362-DARK-BROWN-X_341-Fusped-1-usd-100x100.png",100,100,true]},"uagb_author_info":{"display_name":"yaser olabi","author_link":"https:\/\/turkishtrade.co\/fr\/author\/"},"uagb_comment_info":0,"uagb_excerpt":"Handcrafted from premium pebbled calf leather for the upper. Luxurious goat leather lining ensures breathability and ultimate comfort. Features a robust yet lightweight EVA chunky sole for superior traction and support. Classic lace-up derby style, perfect for versatile smart-casual wear. Available in sophisticated Black, rich Burgundy, and elegant Brown. Wide range of sizes: 39, 40,\u2026","_links":{"self":[{"href":"https:\/\/turkishtrade.co\/fr\/wp-json\/wp\/v2\/product\/5868","targetHints":{"allow":["GET"]}}],"collection":[{"href":"https:\/\/turkishtrade.co\/fr\/wp-json\/wp\/v2\/product"}],"about":[{"href":"https:\/\/turkishtrade.co\/fr\/wp-json\/wp\/v2\/types\/product"}],"wp:featuredmedia":[{"embeddable":true,"href":"https:\/\/turkishtrade.co\/fr\/wp-json\/wp\/v2\/media\/3925"}],"wp:attachment":[{"href":"https:\/\/turkishtrade.co\/fr\/wp-json\/wp\/v2\/media?parent=5868"}],"wp:term":[{"taxonomy":"product_brand","embeddable":true,"href":"https:\/\/turkishtrade.co\/fr\/wp-json\/wp\/v2\/product_brand?post=5868"},{"taxonomy":"product_cat","embeddable":true,"href":"https:\/\/turkishtrade.co\/fr\/wp-json\/wp\/v2\/product_cat?post=5868"},{"taxonomy":"product_tag","embeddable":true,"href":"https:\/\/turkishtrade.co\/fr\/wp-json\/wp\/v2\/product_tag?post=5868"}],"curies":[{"name":"wp","href":"https:\/\/api.w.org\/{rel}","templated":true}]}}