{"id":5860,"date":"2026-01-14T13:25:35","date_gmt":"2026-01-14T13:25:35","guid":{"rendered":"https:\/\/turkishtrade.co\/product\/mens-brown-leather-derby-shoes-6\/"},"modified":"2026-04-09T19:21:57","modified_gmt":"2026-04-09T19:21:57","slug":"mens-brown-leather-derby-shoes-6","status":"publish","type":"product","link":"https:\/\/turkishtrade.co\/fr\/shop\/mens-brown-leather-derby-shoes-6\/","title":{"rendered":"Chaussures derby \u00e9l\u00e9gantes en cuir de veau marron pour hommes"},"content":{"rendered":"<p><strong>Chaussures derby en cuir marron pour hommes<\/strong><\/p>\n<p>D\u00e9couvrez l'alliance parfaite du style classique et du confort moderne gr\u00e2ce \u00e0 nos magnifiques <b>Chaussures derby en cuir marron pour hommes<\/b>. M\u00e9ticuleusement fabriqu\u00e9es pour le gentleman exigeant, ces chaussures sont un compl\u00e9ment essentiel \u00e0 toute garde-robe sophistiqu\u00e9e. Nos <b>Chaussures derby en cuir marron pour hommes<\/b> sont con\u00e7ues pour offrir un style in\u00e9gal\u00e9 et une durabilit\u00e9 durable, ce qui les rend id\u00e9ales pour toute une s\u00e9rie d'occasions, de la d\u00e9contraction professionnelle \u00e0 l'\u00e9l\u00e9gance du week-end.<\/p>\n<p><h3>Une qualit\u00e9 et un savoir-faire in\u00e9gal\u00e9s<\/h3>\n<\/p>\n<p>Chaque paire de ces <b>Chaussures derby en cuir marron pour hommes<\/b> est dot\u00e9 d'un ext\u00e9rieur m\u00e9ticuleusement fa\u00e7onn\u00e9 en cuir de veau v\u00e9ritable. Ce choix de mat\u00e9riau garantit un aspect luxueux, un toucher doux et une r\u00e9sistance exceptionnelle \u00e0 l'usure quotidienne. La riche teinte marron fonc\u00e9 de ces <b>Chaussures derby en cuir marron pour hommes<\/b> offre une esth\u00e9tique polyvalente qui s'associe sans effort \u00e0 diverses tenues et rehausse votre style personnel gr\u00e2ce \u00e0 son attrait intemporel.<\/p>\n<p>Nous comprenons l'importance du confort interne, c'est pourquoi l'int\u00e9rieur est doubl\u00e9 de cuir de ch\u00e8vre souple, offrant une exp\u00e9rience douce, respirante et confortable tout au long de la journ\u00e9e. Cette s\u00e9lection minutieuse des mat\u00e9riaux garantit qu'il ne s'agit pas de simples chaussures, mais d'un investissement dans des chaussures de qualit\u00e9.<\/p>\n<p><h3>Confort sup\u00e9rieur gr\u00e2ce \u00e0 la technologie de la semelle EVA<\/h3>\n<\/p>\n<p>Le confort est primordial, et notre <b>Chaussures derby en cuir marron pour hommes<\/b> livrer. La semelle EVA innovante offre une l\u00e9g\u00e8ret\u00e9 et une flexibilit\u00e9 remarquables, amortissant chacun de vos pas sans compromettre le soutien. Contrairement aux semelles lourdes traditionnelles, la semelle EVA offre une excellente absorption des chocs. <b>Chaussures derby en cuir marron pour hommes<\/b> parfait pour une utilisation prolong\u00e9e.<\/p>\n<p>La hauteur subtile du talon, allant de 1 \u00e0 3 cm, combin\u00e9e \u00e0 la plateforme substantielle, offre un profil raffin\u00e9 tout en assurant stabilit\u00e9 et confort. D\u00e9couvrez la diff\u00e9rence d'une chaussure con\u00e7ue pour votre bien-\u00eatre, vous permettant de vous d\u00e9placer avec confiance et aisance du matin au soir.<\/p>\n<p><h3>L'avantage du commerce de gros : Votre source de chaussures de qualit\u00e9 sup\u00e9rieure<\/h3>\n<\/p>\n<p>Pour les d\u00e9taillants et les entreprises qui cherchent \u00e0 stocker des chaussures de haute qualit\u00e9 et tr\u00e8s demand\u00e9es, nos <b>Chaussures derby en cuir marron pour hommes<\/b> sont disponibles pour les achats en gros. Avec une quantit\u00e9 minimale de commande de 8 paires seulement, vous pouvez facilement r\u00e9pondre aux pr\u00e9f\u00e9rences de votre client\u00e8le. Nous proposons des prix comp\u00e9titifs, d\u00e9taill\u00e9s dans notre liste de prix compl\u00e8te, garantissant un excellent rapport qualit\u00e9-prix pour votre investissement.<\/p>\n<p>De la taille 39 \u00e0 la taille 45, ces \u00e9l\u00e9gants derbies marron sont pr\u00eats \u00e0 compl\u00e9ter n'importe quelle collection. Attendez-vous \u00e0 un d\u00e9lai de livraison fiable d'environ 12 jours plus les frais d'exp\u00e9dition, afin que votre commande arrive rapidement. Rehaussez votre inventaire avec ces chaussures \u00e0 la fois classiques et contemporaines. <b>Chaussures derby en cuir marron pour hommes<\/b>, Le produit de la marque, un favori garanti parmi vos clients.<\/p>","protected":false},"excerpt":{"rendered":"<ul>\n<li>Fabriqu\u00e9 en cuir de veau de premi\u00e8re qualit\u00e9 \u00e0 l'ext\u00e9rieur et en cuir de ch\u00e8vre souple \u00e0 l'int\u00e9rieur.<\/li>\n<li>Semelle EVA l\u00e9g\u00e8re et durable pour un confort tout au long de la journ\u00e9e.<\/li>\n<li>Disponible dans une large gamme de tailles allant de 39 \u00e0 45.<\/li>\n<li>Mod\u00e8le classique de derby marron avec une semelle moderne et \u00e9paisse pour un style et un confort accrus.<\/li>\n<li>Quantit\u00e9 minimale de commande : 8 paires, parfait pour les d\u00e9taillants et les acheteurs en gros.<\/li>\n<li>Livraison estim\u00e9e : 12 jours plus les frais de port.<\/li>\n<li>Le design polyvalent convient aux occasions d\u00e9contract\u00e9es et semi-d\u00e9contract\u00e9es.<\/li>\n<\/ul>","protected":false},"featured_media":3918,"template":"","meta":{"_acf_changed":false,"_uag_custom_page_level_css":"","site-sidebar-layout":"default","site-content-layout":"","ast-site-content-layout":"default","site-content-style":"default","site-sidebar-style":"default","ast-global-header-display":"","ast-banner-title-visibility":"","ast-main-header-display":"","ast-hfb-above-header-display":"","ast-hfb-below-header-display":"","ast-hfb-mobile-header-display":"","site-post-title":"","ast-breadcrumbs-content":"","ast-featured-img":"","footer-sml-layout":"","ast-disable-related-posts":"","theme-transparent-header-meta":"","adv-header-id-meta":"","stick-header-meta":"","header-above-stick-meta":"","header-main-stick-meta":"","header-below-stick-meta":"","astra-migrate-meta-layouts":"default","ast-page-background-enabled":"default","ast-page-background-meta":{"desktop":{"background-color":"var(--ast-global-color-4)","background-image":"","background-repeat":"repeat","background-position":"center center","background-size":"auto","background-attachment":"scroll","background-type":"","background-media":"","overlay-type":"","overlay-color":"","overlay-opacity":"","overlay-gradient":""},"tablet":{"background-color":"","background-image":"","background-repeat":"repeat","background-position":"center center","background-size":"auto","background-attachment":"scroll","background-type":"","background-media":"","overlay-type":"","overlay-color":"","overlay-opacity":"","overlay-gradient":""},"mobile":{"background-color":"","background-image":"","background-repeat":"repeat","background-position":"center center","background-size":"auto","background-attachment":"scroll","background-type":"","background-media":"","overlay-type":"","overlay-color":"","overlay-opacity":"","overlay-gradient":""}},"ast-content-background-meta":{"desktop":{"background-color":"var(--ast-global-color-5)","background-image":"","background-repeat":"repeat","background-position":"center center","background-size":"auto","background-attachment":"scroll","background-type":"","background-media":"","overlay-type":"","overlay-color":"","overlay-opacity":"","overlay-gradient":""},"tablet":{"background-color":"var(--ast-global-color-5)","background-image":"","background-repeat":"repeat","background-position":"center center","background-size":"auto","background-attachment":"scroll","background-type":"","background-media":"","overlay-type":"","overlay-color":"","overlay-opacity":"","overlay-gradient":""},"mobile":{"background-color":"var(--ast-global-color-5)","background-image":"","background-repeat":"repeat","background-position":"center center","background-size":"auto","background-attachment":"scroll","background-type":"","background-media":"","overlay-type":"","overlay-color":"","overlay-opacity":"","overlay-gradient":""}}},"product_brand":[],"product_cat":[48,47,49,430,40],"product_tag":[1070,185,340,287,189,351,872,787,840,280,1071,262],"class_list":{"0":"post-5860","1":"product","2":"type-product","3":"status-publish","4":"has-post-thumbnail","6":"product_cat-casual","7":"product_cat-classic","8":"product_cat-loafer","9":"product_cat-men","10":"product_cat-mens-shoes","11":"product_tag-brown-derbies","12":"product_tag-calf-leather-shoes","13":"product_tag-comfortable-mens-footwear","14":"product_tag-eva-sole-shoes","15":"product_tag-goat-leather-lining","16":"product_tag-leather-footwear","17":"product_tag-mens-brown-leather-derby-shoes","18":"product_tag-premium-mens-shoes","19":"product_tag-sizes-39-45","20":"product_tag-smart-casual-shoes","21":"product_tag-stylish-mens-derbies","22":"product_tag-wholesale-mens-shoes","23":"desktop-align-center","24":"tablet-align-center","25":"mobile-align-center","27":"first","28":"instock","29":"shipping-taxable","30":"purchasable","31":"product-type-variable","32":"has-default-attributes"},"acf":[],"uagb_featured_image_src":{"full":["https:\/\/turkishtrade.co\/wp-content\/uploads\/2026\/01\/2400EJOMN00359-DARK-BROWN-Z_7630-5-USD.png",453,250,false],"thumbnail":["https:\/\/turkishtrade.co\/wp-content\/uploads\/2026\/01\/2400EJOMN00359-DARK-BROWN-Z_7630-5-USD-150x150.png",150,150,true],"medium":["https:\/\/turkishtrade.co\/wp-content\/uploads\/2026\/01\/2400EJOMN00359-DARK-BROWN-Z_7630-5-USD-300x166.png",300,166,true],"medium_large":["https:\/\/turkishtrade.co\/wp-content\/uploads\/2026\/01\/2400EJOMN00359-DARK-BROWN-Z_7630-5-USD.png",453,250,false],"large":["https:\/\/turkishtrade.co\/wp-content\/uploads\/2026\/01\/2400EJOMN00359-DARK-BROWN-Z_7630-5-USD.png",453,250,false],"1536x1536":["https:\/\/turkishtrade.co\/wp-content\/uploads\/2026\/01\/2400EJOMN00359-DARK-BROWN-Z_7630-5-USD.png",453,250,false],"2048x2048":["https:\/\/turkishtrade.co\/wp-content\/uploads\/2026\/01\/2400EJOMN00359-DARK-BROWN-Z_7630-5-USD.png",453,250,false],"trp-custom-language-flag":["https:\/\/turkishtrade.co\/wp-content\/uploads\/2026\/01\/2400EJOMN00359-DARK-BROWN-Z_7630-5-USD-18x10.png",18,10,true],"woocommerce_thumbnail":["https:\/\/turkishtrade.co\/wp-content\/uploads\/2026\/01\/2400EJOMN00359-DARK-BROWN-Z_7630-5-USD-400x250.png",400,250,true],"woocommerce_single":["https:\/\/turkishtrade.co\/wp-content\/uploads\/2026\/01\/2400EJOMN00359-DARK-BROWN-Z_7630-5-USD.png",453,250,false],"woocommerce_gallery_thumbnail":["https:\/\/turkishtrade.co\/wp-content\/uploads\/2026\/01\/2400EJOMN00359-DARK-BROWN-Z_7630-5-USD-100x100.png",100,100,true]},"uagb_author_info":{"display_name":"yaser olabi","author_link":"https:\/\/turkishtrade.co\/fr\/author\/"},"uagb_comment_info":0,"uagb_excerpt":"Crafted from premium calf leather exterior and soft goat leather interior. Features a lightweight and durable EVA sole for all-day comfort. Available in a comprehensive range of sizes from 39 to 45. Classic brown derby design with a modern, thick sole for enhanced style and comfort. Minimum order quantity: 8 pairs, perfect for retailers and\u2026","_links":{"self":[{"href":"https:\/\/turkishtrade.co\/fr\/wp-json\/wp\/v2\/product\/5860","targetHints":{"allow":["GET"]}}],"collection":[{"href":"https:\/\/turkishtrade.co\/fr\/wp-json\/wp\/v2\/product"}],"about":[{"href":"https:\/\/turkishtrade.co\/fr\/wp-json\/wp\/v2\/types\/product"}],"wp:featuredmedia":[{"embeddable":true,"href":"https:\/\/turkishtrade.co\/fr\/wp-json\/wp\/v2\/media\/3918"}],"wp:attachment":[{"href":"https:\/\/turkishtrade.co\/fr\/wp-json\/wp\/v2\/media?parent=5860"}],"wp:term":[{"taxonomy":"product_brand","embeddable":true,"href":"https:\/\/turkishtrade.co\/fr\/wp-json\/wp\/v2\/product_brand?post=5860"},{"taxonomy":"product_cat","embeddable":true,"href":"https:\/\/turkishtrade.co\/fr\/wp-json\/wp\/v2\/product_cat?post=5860"},{"taxonomy":"product_tag","embeddable":true,"href":"https:\/\/turkishtrade.co\/fr\/wp-json\/wp\/v2\/product_tag?post=5860"}],"curies":[{"name":"wp","href":"https:\/\/api.w.org\/{rel}","templated":true}]}}