{"id":5858,"date":"2026-01-14T13:25:18","date_gmt":"2026-01-14T13:25:18","guid":{"rendered":"https:\/\/turkishtrade.co\/product\/men-leather-loafer-casual\/"},"modified":"2026-04-09T19:22:00","modified_gmt":"2026-04-09T19:22:00","slug":"men-leather-loafer-casual","status":"publish","type":"product","link":"https:\/\/turkishtrade.co\/fr\/shop\/men-leather-loafer-casual\/","title":{"rendered":"Premium Men's Leather Loafer Casual Shoes (Mocassins en cuir pour hommes)"},"content":{"rendered":"<p><strong>mocassins en cuir pour hommes<\/strong><\/p>\n<p>Ces chaussures en cuir de qualit\u00e9 sup\u00e9rieure pour hommes offrent un m\u00e9lange in\u00e9gal\u00e9 de sophistication et de confort quotidien. Con\u00e7ues pour le gentleman exigeant, ces chaussures sont l'expression d'un savoir-faire magistral et d'un style intemporel. Chaque paire de nos <b>mocassins en cuir pour hommes<\/b> est un testament de qualit\u00e9, promettant d'\u00e9lever votre collection de chaussures gr\u00e2ce \u00e0 son esth\u00e9tique raffin\u00e9e et \u00e0 sa construction sup\u00e9rieure.<\/p>\n<p><h3>Un confort et un style in\u00e9gal\u00e9s<\/h3>\n<\/p>\n<p>Notre <b>mocassins en cuir pour hommes<\/b> sont m\u00e9ticuleusement con\u00e7ues pour offrir une exp\u00e9rience de port extraordinaire. La silhouette classique d'un mocassin, rehauss\u00e9e d'un lacet subtil, rend ces chaussures incroyablement polyvalentes, convenant \u00e0 toute une s\u00e9rie d'occasions, des sorties d\u00e9contract\u00e9es aux environnements plus chics et d\u00e9contract\u00e9s. L'ext\u00e9rieur en cuir de veau riche et textur\u00e9 offre non seulement un look distinctif, mais garantit \u00e9galement une durabilit\u00e9 durable.<\/p>\n<p>Associ\u00e9es \u00e0 une semelle l\u00e9g\u00e8re en EVA, ces <b>mocassins en cuir pour hommes<\/b> offrent un amorti et une flexibilit\u00e9 exceptionnels, vous permettant de vous d\u00e9placer avec aisance et confiance tout au long de la journ\u00e9e.<\/p>\n<p><h3>Mat\u00e9riaux et savoir-faire de premi\u00e8re qualit\u00e9<\/h3>\n<\/p>\n<p>Le secret de l'attrait et du confort durables de nos produits. <b>mocassins en cuir pour hommes<\/b> r\u00e9side dans ses mat\u00e9riaux de premi\u00e8re qualit\u00e9. L'ext\u00e9rieur est fabriqu\u00e9 en Dana Derisi (cuir de veau) v\u00e9ritable, r\u00e9put\u00e9 pour sa texture lisse, son \u00e9lasticit\u00e9 et sa finition \u00e9l\u00e9gante. \u00c0 l'int\u00e9rieur, vos pieds sont envelopp\u00e9s dans le luxe doux et respirant du Ke\u00e7i Derisi (cuir de ch\u00e8vre), qui \u00e9vacue l'humidit\u00e9 et offre un confort incroyable, sans irritation.<\/p>\n<p>La semelle robuste en EVA, compl\u00e9t\u00e9e par un talon \u00e9l\u00e9gant (1-3 cm de hauteur), offre une excellente traction et une absorption des chocs, ce qui fait de ces mocassins un choix parfait pour un usage prolong\u00e9. Notre engagement \u00e0 utiliser des composants de haute qualit\u00e9 garantit que chaque paire de <b>mocassins en cuir pour hommes<\/b> ne se contente pas d'\u00eatre exquise, elle r\u00e9siste aussi \u00e0 l'\u00e9preuve du temps.<\/p>\n<p>Que vous vous habilliez pour une r\u00e9union d'affaires d\u00e9contract\u00e9e, une escapade de week-end ou simplement pour profiter d'une journ\u00e9e de d\u00e9tente, ces mocassins allient parfaitement \u00e9l\u00e9gance et praticit\u00e9. Disponibles dans les tailles 39 \u00e0 45, ces chaussures r\u00e9pondent \u00e0 un large \u00e9ventail de pr\u00e9f\u00e9rences. Nous proposons \u00e9galement des commandes en vrac pratiques, avec une quantit\u00e9 minimale de 8 paires, ce qui en fait un choix id\u00e9al pour les d\u00e9taillants ou les personnes souhaitant s'approvisionner en chaussures haut de gamme.<\/p>\n<p>D\u00e9couvrez la diff\u00e9rence que font une conception experte et des mat\u00e9riaux de qualit\u00e9 sup\u00e9rieure avec nos produits d'exception. <b>mocassins en cuir pour hommes<\/b> chaussures.<\/p>","protected":false},"excerpt":{"rendered":"<ul>\n<li>Fabriqu\u00e9 en Dana Derisi (cuir de veau) de premi\u00e8re qualit\u00e9 pour plus de durabilit\u00e9 et d'\u00e9l\u00e9gance.<\/li>\n<li>La doublure int\u00e9rieure luxueuse en Ke\u00e7i Derisi (cuir de ch\u00e8vre) assure un confort exceptionnel.<\/li>\n<li>La semelle EVA l\u00e9g\u00e8re et flexible offre un soutien tout au long de la journ\u00e9e.<\/li>\n<li>Mocassins classiques au style d\u00e9contract\u00e9, parfaits pour une garde-robe polyvalente.<\/li>\n<li>Disponible dans une large gamme de tailles : 39, 40, 41, 42, 43, 44, 45.<\/li>\n<li>Quantit\u00e9 minimale de commande : 8 paires.<\/li>\n<\/ul>","protected":false},"featured_media":3917,"template":"","meta":{"_acf_changed":false,"_uag_custom_page_level_css":"","site-sidebar-layout":"default","site-content-layout":"","ast-site-content-layout":"default","site-content-style":"default","site-sidebar-style":"default","ast-global-header-display":"","ast-banner-title-visibility":"","ast-main-header-display":"","ast-hfb-above-header-display":"","ast-hfb-below-header-display":"","ast-hfb-mobile-header-display":"","site-post-title":"","ast-breadcrumbs-content":"","ast-featured-img":"","footer-sml-layout":"","ast-disable-related-posts":"","theme-transparent-header-meta":"","adv-header-id-meta":"","stick-header-meta":"","header-above-stick-meta":"","header-main-stick-meta":"","header-below-stick-meta":"","astra-migrate-meta-layouts":"default","ast-page-background-enabled":"default","ast-page-background-meta":{"desktop":{"background-color":"var(--ast-global-color-4)","background-image":"","background-repeat":"repeat","background-position":"center center","background-size":"auto","background-attachment":"scroll","background-type":"","background-media":"","overlay-type":"","overlay-color":"","overlay-opacity":"","overlay-gradient":""},"tablet":{"background-color":"","background-image":"","background-repeat":"repeat","background-position":"center center","background-size":"auto","background-attachment":"scroll","background-type":"","background-media":"","overlay-type":"","overlay-color":"","overlay-opacity":"","overlay-gradient":""},"mobile":{"background-color":"","background-image":"","background-repeat":"repeat","background-position":"center center","background-size":"auto","background-attachment":"scroll","background-type":"","background-media":"","overlay-type":"","overlay-color":"","overlay-opacity":"","overlay-gradient":""}},"ast-content-background-meta":{"desktop":{"background-color":"var(--ast-global-color-5)","background-image":"","background-repeat":"repeat","background-position":"center center","background-size":"auto","background-attachment":"scroll","background-type":"","background-media":"","overlay-type":"","overlay-color":"","overlay-opacity":"","overlay-gradient":""},"tablet":{"background-color":"var(--ast-global-color-5)","background-image":"","background-repeat":"repeat","background-position":"center center","background-size":"auto","background-attachment":"scroll","background-type":"","background-media":"","overlay-type":"","overlay-color":"","overlay-opacity":"","overlay-gradient":""},"mobile":{"background-color":"var(--ast-global-color-5)","background-image":"","background-repeat":"repeat","background-position":"center center","background-size":"auto","background-attachment":"scroll","background-type":"","background-media":"","overlay-type":"","overlay-color":"","overlay-opacity":"","overlay-gradient":""}}},"product_brand":[],"product_cat":[48,47,49,430,40],"product_tag":[147,566,457,220,438,221,189,215,1069,406,184],"class_list":{"0":"post-5858","1":"product","2":"type-product","3":"status-publish","4":"has-post-thumbnail","6":"product_cat-casual","7":"product_cat-classic","8":"product_cat-loafer","9":"product_cat-men","10":"product_cat-mens-shoes","11":"product_tag-brown-loafers","12":"product_tag-calfskin-shoes","13":"product_tag-classic-loafers","14":"product_tag-comfortable-loafers","15":"product_tag-eva-sole","16":"product_tag-genuine-leather","17":"product_tag-goat-leather-lining","18":"product_tag-leather-loafers","19":"product_tag-mens-leather-loafer-casual","20":"product_tag-premium-shoes","21":"product_tag-slip-on-shoes","22":"desktop-align-center","23":"tablet-align-center","24":"mobile-align-center","26":"first","27":"instock","28":"shipping-taxable","29":"purchasable","30":"product-type-variable","31":"has-default-attributes"},"acf":[],"uagb_featured_image_src":{"full":["https:\/\/turkishtrade.co\/wp-content\/uploads\/2026\/01\/2400EJOMN00358-DARK-BROWN-Z_7635-5-USD.png",453,250,false],"thumbnail":["https:\/\/turkishtrade.co\/wp-content\/uploads\/2026\/01\/2400EJOMN00358-DARK-BROWN-Z_7635-5-USD-150x150.png",150,150,true],"medium":["https:\/\/turkishtrade.co\/wp-content\/uploads\/2026\/01\/2400EJOMN00358-DARK-BROWN-Z_7635-5-USD-300x166.png",300,166,true],"medium_large":["https:\/\/turkishtrade.co\/wp-content\/uploads\/2026\/01\/2400EJOMN00358-DARK-BROWN-Z_7635-5-USD.png",453,250,false],"large":["https:\/\/turkishtrade.co\/wp-content\/uploads\/2026\/01\/2400EJOMN00358-DARK-BROWN-Z_7635-5-USD.png",453,250,false],"1536x1536":["https:\/\/turkishtrade.co\/wp-content\/uploads\/2026\/01\/2400EJOMN00358-DARK-BROWN-Z_7635-5-USD.png",453,250,false],"2048x2048":["https:\/\/turkishtrade.co\/wp-content\/uploads\/2026\/01\/2400EJOMN00358-DARK-BROWN-Z_7635-5-USD.png",453,250,false],"trp-custom-language-flag":["https:\/\/turkishtrade.co\/wp-content\/uploads\/2026\/01\/2400EJOMN00358-DARK-BROWN-Z_7635-5-USD-18x10.png",18,10,true],"woocommerce_thumbnail":["https:\/\/turkishtrade.co\/wp-content\/uploads\/2026\/01\/2400EJOMN00358-DARK-BROWN-Z_7635-5-USD-400x250.png",400,250,true],"woocommerce_single":["https:\/\/turkishtrade.co\/wp-content\/uploads\/2026\/01\/2400EJOMN00358-DARK-BROWN-Z_7635-5-USD.png",453,250,false],"woocommerce_gallery_thumbnail":["https:\/\/turkishtrade.co\/wp-content\/uploads\/2026\/01\/2400EJOMN00358-DARK-BROWN-Z_7635-5-USD-100x100.png",100,100,true]},"uagb_author_info":{"display_name":"yaser olabi","author_link":"https:\/\/turkishtrade.co\/fr\/author\/"},"uagb_comment_info":0,"uagb_excerpt":"Crafted from premium Dana Derisi (Calfskin Leather) for durability and elegance. Luxurious Ke\u00e7i Derisi (Goat Leather) interior lining ensures exceptional comfort. Lightweight and flexible EVA Sole provides all-day support. Classic loafer casual style, perfect for versatile wardrobe pairings. Available in a comprehensive range of sizes: 39, 40, 41, 42, 43, 44, 45. Minimum order quantity:\u2026","_links":{"self":[{"href":"https:\/\/turkishtrade.co\/fr\/wp-json\/wp\/v2\/product\/5858","targetHints":{"allow":["GET"]}}],"collection":[{"href":"https:\/\/turkishtrade.co\/fr\/wp-json\/wp\/v2\/product"}],"about":[{"href":"https:\/\/turkishtrade.co\/fr\/wp-json\/wp\/v2\/types\/product"}],"wp:featuredmedia":[{"embeddable":true,"href":"https:\/\/turkishtrade.co\/fr\/wp-json\/wp\/v2\/media\/3917"}],"wp:attachment":[{"href":"https:\/\/turkishtrade.co\/fr\/wp-json\/wp\/v2\/media?parent=5858"}],"wp:term":[{"taxonomy":"product_brand","embeddable":true,"href":"https:\/\/turkishtrade.co\/fr\/wp-json\/wp\/v2\/product_brand?post=5858"},{"taxonomy":"product_cat","embeddable":true,"href":"https:\/\/turkishtrade.co\/fr\/wp-json\/wp\/v2\/product_cat?post=5858"},{"taxonomy":"product_tag","embeddable":true,"href":"https:\/\/turkishtrade.co\/fr\/wp-json\/wp\/v2\/product_tag?post=5858"}],"curies":[{"name":"wp","href":"https:\/\/api.w.org\/{rel}","templated":true}]}}