{"id":5855,"date":"2026-01-14T13:24:59","date_gmt":"2026-01-14T13:24:59","guid":{"rendered":"https:\/\/turkishtrade.co\/product\/men-s-black-chunky-oxfords\/"},"modified":"2026-04-09T19:22:05","modified_gmt":"2026-04-09T19:22:05","slug":"mens-black-chunky-oxfords","status":"publish","type":"product","link":"https:\/\/turkishtrade.co\/fr\/shop\/mens-black-chunky-oxfords\/","title":{"rendered":"Oxfords Premium en cuir de veau noir pour hommes"},"content":{"rendered":"<p><strong>Oxfords noirs \u00e0 gros talons pour hommes<\/strong><\/p>\n<p>D\u00e9couvrez l'ultime m\u00e9lange de style intemporel et d'avant-garde contemporaine avec notre exquise collection d'objets de d\u00e9coration. <strong>Oxfords noirs \u00e0 gros talons pour hommes<\/strong>. Ces chaussures haut de gamme sont m\u00e9ticuleusement fabriqu\u00e9es pour offrir un style in\u00e9gal\u00e9 et un confort exceptionnel, ce qui en fait un compl\u00e9ment indispensable \u00e0 toute garde-robe exigeante. Parfaites pour ceux qui appr\u00e9cient la qualit\u00e9 et l'audace en mati\u00e8re de mode, nos <strong>Oxfords noirs \u00e0 gros talons pour hommes<\/strong> se distinguent de la masse, offrant un aspect distinct qui attire l'attention.<\/p>\n<p><h3>Un savoir-faire et des mat\u00e9riaux de qualit\u00e9 sup\u00e9rieure<\/h3>\n<\/p>\n<p>Chaque paire de ces remarquables <strong>Oxfords noirs \u00e0 gros talons pour hommes<\/strong> t\u00e9moigne d'un savoir-faire de qualit\u00e9 sup\u00e9rieure. La surface ext\u00e9rieure est en cuir de veau v\u00e9ritable 100%, r\u00e9put\u00e9 pour sa texture souple, sa durabilit\u00e9 et son aspect luxueux. Cette mati\u00e8re riche assure une finition sophistiqu\u00e9e qui vieillira magnifiquement avec le temps, promettant un investissement durable dans votre collection de chaussures.<\/p>\n<p>A l'int\u00e9rieur, vos pieds seront berc\u00e9s par la douceur du cuir de ch\u00e8vre v\u00e9ritable, offrant une respirabilit\u00e9 et un confort sup\u00e9rieurs pour une utilisation tout au long de la journ\u00e9e. La construction robuste garantit que ces <strong>Oxfords noirs \u00e0 gros talons pour hommes<\/strong> sont construits pour durer et offrent un excellent rapport qualit\u00e9-prix sans compromis sur le style.<\/p>\n<p><h3>Style distinctif et confort<\/h3>\n<\/p>\n<p>Ce qui distingue vraiment ces chaussures, c'est leur design distinctif. Dot\u00e9es de d\u00e9tails brogue classiques, elles rendent hommage \u00e0 la cordonnerie traditionnelle tout en adoptant une esth\u00e9tique moderne gr\u00e2ce \u00e0 leur \u00e9paisse semelle compens\u00e9e. Cette semelle EVA substantielle ajoute non seulement une touche contemporaine \u00e0 la mode, mais fournit \u00e9galement un amorti et un soutien exceptionnels, ce qui fait de ces chaussures des chaussures \u00e0 la mode. <strong>Oxfords noirs \u00e0 gros talons pour hommes<\/strong> incroyablement confortable pendant de longues p\u00e9riodes.<\/p>\n<p>La finition noire \u00e9l\u00e9gante garantit la polyvalence, permettant \u00e0 ces chaussures de s'associer \u00e0 un large \u00e9ventail de tenues. Qu'il s'agisse d'ensembles \u00e9l\u00e9gants et d\u00e9contract\u00e9s ou de looks plus audacieux et avant-gardistes, ces chaussures s'adaptent \u00e0 un large \u00e9ventail de tenues. <strong>Oxfords noirs \u00e0 gros talons pour hommes<\/strong> sont con\u00e7ues pour impressionner par leur m\u00e9lange unique d'\u00e9l\u00e9gance classique et de modernit\u00e9.<\/p>\n<p><h3>Polyvalent pour toutes les occasions<\/h3>\n<\/p>\n<p>Notre <strong>Oxfords noirs \u00e0 gros talons pour hommes<\/strong> sont incroyablement polyvalents. Associez-les \u00e0 un pantalon de tailleur pour un look professionnel d\u00e9contract\u00e9 \u00e0 la fois sophistiqu\u00e9 et moderne, ou combinez-les avec un jean et une veste pour une tenue de week-end \u00e9l\u00e9gante. Gr\u00e2ce \u00e0 leur design unique, elles conviennent \u00e0 de nombreuses occasions et vous permettent d'exprimer votre style personnel sans effort.<\/p>\n<p>Nous comprenons le besoin de chaussures de qualit\u00e9 qui s'adaptent \u00e0 votre style de vie. <strong>Oxfords noirs \u00e0 gros talons pour hommes<\/strong> sont performants sur tous les fronts, vous assurant de toujours sortir en toute confiance et avec style.<\/p>\n<p><h3>Commandes en gros et dimensionnement<\/h3>\n<\/p>\n<p>Ces primes <strong>Oxfords noirs \u00e0 gros talons pour hommes<\/strong> sont disponibles dans une large gamme de tailles allant de l'UE 39 \u00e0 45, garantissant un ajustement parfait pour un large \u00e9ventail de clients. Nous proposons aux entreprises et aux d\u00e9taillants des options d'achat en gros attrayantes. La quantit\u00e9 minimale de commande est de 8 paires, avec un d\u00e9lai de livraison fiable d'environ 12 jours plus les frais d'exp\u00e9dition.<\/p>\n<p>Am\u00e9liorez votre inventaire avec ces produits recherch\u00e9s <strong>Oxfords noirs \u00e0 gros talons pour hommes<\/strong> et offrez \u00e0 vos clients une chaussure qui allie parfaitement tradition et tendance.<\/p>","protected":false},"excerpt":{"rendered":"<ul>\n<li>Mat\u00e9riau ext\u00e9rieur : Cuir de veau v\u00e9ritable de premi\u00e8re qualit\u00e9<\/li>\n<li>Doublure int\u00e9rieure : Cuir de ch\u00e8vre souple et respirant<\/li>\n<li>Type de semelle : Semelle \u00e0 plateforme EVA durable et \u00e9paisse<\/li>\n<li>Design : D\u00e9tails classiques d'une broderie avec une esth\u00e9tique moderne<\/li>\n<li>Tailles disponibles : EU 39, 40, 41, 42, 43, 44, 45<\/li>\n<li>Disponibilit\u00e9 en vrac : Quantit\u00e9 minimale de commande de 8 paires<\/li>\n<li>Informations sur la livraison : Environ 12 jours + exp\u00e9dition<\/li>\n<\/ul>","protected":false},"featured_media":3975,"template":"","meta":{"_acf_changed":false,"_uag_custom_page_level_css":"","site-sidebar-layout":"default","site-content-layout":"","ast-site-content-layout":"default","site-content-style":"default","site-sidebar-style":"default","ast-global-header-display":"","ast-banner-title-visibility":"","ast-main-header-display":"","ast-hfb-above-header-display":"","ast-hfb-below-header-display":"","ast-hfb-mobile-header-display":"","site-post-title":"","ast-breadcrumbs-content":"","ast-featured-img":"","footer-sml-layout":"","ast-disable-related-posts":"","theme-transparent-header-meta":"","adv-header-id-meta":"","stick-header-meta":"","header-above-stick-meta":"","header-main-stick-meta":"","header-below-stick-meta":"","astra-migrate-meta-layouts":"default","ast-page-background-enabled":"default","ast-page-background-meta":{"desktop":{"background-color":"var(--ast-global-color-4)","background-image":"","background-repeat":"repeat","background-position":"center center","background-size":"auto","background-attachment":"scroll","background-type":"","background-media":"","overlay-type":"","overlay-color":"","overlay-opacity":"","overlay-gradient":""},"tablet":{"background-color":"","background-image":"","background-repeat":"repeat","background-position":"center center","background-size":"auto","background-attachment":"scroll","background-type":"","background-media":"","overlay-type":"","overlay-color":"","overlay-opacity":"","overlay-gradient":""},"mobile":{"background-color":"","background-image":"","background-repeat":"repeat","background-position":"center center","background-size":"auto","background-attachment":"scroll","background-type":"","background-media":"","overlay-type":"","overlay-color":"","overlay-opacity":"","overlay-gradient":""}},"ast-content-background-meta":{"desktop":{"background-color":"var(--ast-global-color-5)","background-image":"","background-repeat":"repeat","background-position":"center center","background-size":"auto","background-attachment":"scroll","background-type":"","background-media":"","overlay-type":"","overlay-color":"","overlay-opacity":"","overlay-gradient":""},"tablet":{"background-color":"var(--ast-global-color-5)","background-image":"","background-repeat":"repeat","background-position":"center center","background-size":"auto","background-attachment":"scroll","background-type":"","background-media":"","overlay-type":"","overlay-color":"","overlay-opacity":"","overlay-gradient":""},"mobile":{"background-color":"var(--ast-global-color-5)","background-image":"","background-repeat":"repeat","background-position":"center center","background-size":"auto","background-attachment":"scroll","background-type":"","background-media":"","overlay-type":"","overlay-color":"","overlay-opacity":"","overlay-gradient":""}}},"product_brand":[],"product_cat":[48,47,49,430,40],"product_tag":[653,654,202,436,284,982,438,1067,437,227,198,1068,1066,280,281],"class_list":{"0":"post-5855","1":"product","2":"type-product","3":"status-publish","4":"has-post-thumbnail","6":"product_cat-casual","7":"product_cat-classic","8":"product_cat-loafer","9":"product_cat-men","10":"product_cat-mens-shoes","11":"product_tag-black-oxfords","12":"product_tag-brogue-shoes","13":"product_tag-calf-leather","14":"product_tag-chunky-sole","15":"product_tag-dress-shoes","16":"product_tag-durable-footwear","17":"product_tag-eva-sole","18":"product_tag-fashion-oxfords","19":"product_tag-goat-leather","20":"product_tag-leather-shoes","21":"product_tag-mens-fashion","22":"product_tag-modern-oxfords","23":"product_tag-platform-oxfords","24":"product_tag-smart-casual-shoes","25":"product_tag-wholesale-shoes","26":"desktop-align-center","27":"tablet-align-center","28":"mobile-align-center","30":"first","31":"instock","32":"shipping-taxable","33":"purchasable","34":"product-type-variable","35":"has-default-attributes"},"acf":[],"uagb_featured_image_src":{"full":["https:\/\/turkishtrade.co\/wp-content\/uploads\/2026\/01\/2400EJOMN00357-DARK-BROWN-DKS_7647-fusped2-USD.png",453,250,false],"thumbnail":["https:\/\/turkishtrade.co\/wp-content\/uploads\/2026\/01\/2400EJOMN00357-DARK-BROWN-DKS_7647-fusped2-USD-150x150.png",150,150,true],"medium":["https:\/\/turkishtrade.co\/wp-content\/uploads\/2026\/01\/2400EJOMN00357-DARK-BROWN-DKS_7647-fusped2-USD-300x166.png",300,166,true],"medium_large":["https:\/\/turkishtrade.co\/wp-content\/uploads\/2026\/01\/2400EJOMN00357-DARK-BROWN-DKS_7647-fusped2-USD.png",453,250,false],"large":["https:\/\/turkishtrade.co\/wp-content\/uploads\/2026\/01\/2400EJOMN00357-DARK-BROWN-DKS_7647-fusped2-USD.png",453,250,false],"1536x1536":["https:\/\/turkishtrade.co\/wp-content\/uploads\/2026\/01\/2400EJOMN00357-DARK-BROWN-DKS_7647-fusped2-USD.png",453,250,false],"2048x2048":["https:\/\/turkishtrade.co\/wp-content\/uploads\/2026\/01\/2400EJOMN00357-DARK-BROWN-DKS_7647-fusped2-USD.png",453,250,false],"trp-custom-language-flag":["https:\/\/turkishtrade.co\/wp-content\/uploads\/2026\/01\/2400EJOMN00357-DARK-BROWN-DKS_7647-fusped2-USD-18x10.png",18,10,true],"woocommerce_thumbnail":["https:\/\/turkishtrade.co\/wp-content\/uploads\/2026\/01\/2400EJOMN00357-DARK-BROWN-DKS_7647-fusped2-USD-400x250.png",400,250,true],"woocommerce_single":["https:\/\/turkishtrade.co\/wp-content\/uploads\/2026\/01\/2400EJOMN00357-DARK-BROWN-DKS_7647-fusped2-USD.png",453,250,false],"woocommerce_gallery_thumbnail":["https:\/\/turkishtrade.co\/wp-content\/uploads\/2026\/01\/2400EJOMN00357-DARK-BROWN-DKS_7647-fusped2-USD-100x100.png",100,100,true]},"uagb_author_info":{"display_name":"yaser olabi","author_link":"https:\/\/turkishtrade.co\/fr\/author\/"},"uagb_comment_info":0,"uagb_excerpt":"Outer Material: Premium Genuine Calf Leather Inner Lining: Soft &amp; Breathable Goat Leather Sole Type: Durable Chunky EVA Platform Sole Design: Classic Brogue Detailing with Modern Aesthetic Available Sizes: EU 39, 40, 41, 42, 43, 44, 45 Bulk Availability: Minimum order quantity of 8 pairs Delivery Information: Approximately 12 days + shipping","_links":{"self":[{"href":"https:\/\/turkishtrade.co\/fr\/wp-json\/wp\/v2\/product\/5855","targetHints":{"allow":["GET"]}}],"collection":[{"href":"https:\/\/turkishtrade.co\/fr\/wp-json\/wp\/v2\/product"}],"about":[{"href":"https:\/\/turkishtrade.co\/fr\/wp-json\/wp\/v2\/types\/product"}],"wp:featuredmedia":[{"embeddable":true,"href":"https:\/\/turkishtrade.co\/fr\/wp-json\/wp\/v2\/media\/3975"}],"wp:attachment":[{"href":"https:\/\/turkishtrade.co\/fr\/wp-json\/wp\/v2\/media?parent=5855"}],"wp:term":[{"taxonomy":"product_brand","embeddable":true,"href":"https:\/\/turkishtrade.co\/fr\/wp-json\/wp\/v2\/product_brand?post=5855"},{"taxonomy":"product_cat","embeddable":true,"href":"https:\/\/turkishtrade.co\/fr\/wp-json\/wp\/v2\/product_cat?post=5855"},{"taxonomy":"product_tag","embeddable":true,"href":"https:\/\/turkishtrade.co\/fr\/wp-json\/wp\/v2\/product_tag?post=5855"}],"curies":[{"name":"wp","href":"https:\/\/api.w.org\/{rel}","templated":true}]}}