{"id":5853,"date":"2026-01-14T13:24:41","date_gmt":"2026-01-14T13:24:41","guid":{"rendered":"https:\/\/turkishtrade.co\/product\/men-s-black-chunky-derby-shoes\/"},"modified":"2026-04-09T19:22:07","modified_gmt":"2026-04-09T19:22:07","slug":"mens-black-chunky-derby-shoes","status":"publish","type":"product","link":"https:\/\/turkishtrade.co\/fr\/shop\/mens-black-chunky-derby-shoes\/","title":{"rendered":"Premium Chaussures derby noires pour hommes"},"content":{"rendered":"<p><strong>Chaussures derby noires \u00e0 talon pour hommes<\/strong><\/p>\n<p>D\u00e9couvrez le m\u00e9lange parfait de l'\u00e9l\u00e9gance classique et de la tendance moderne avec notre <strong>Premium Chaussures derby noires pour hommes<\/strong>. Con\u00e7ues pour les personnes exigeantes, ces chaussures red\u00e9finissent la chaussure contemporaine, offrant \u00e0 la fois un style exceptionnel et un confort durable. Chaque paire est m\u00e9ticuleusement fabriqu\u00e9e pour r\u00e9pondre aux normes de qualit\u00e9 et d'esth\u00e9tique les plus \u00e9lev\u00e9es, ce qui en fait un compl\u00e9ment indispensable \u00e0 toute garde-robe sophistiqu\u00e9e.<\/p>\n<p><h3>Un savoir-faire in\u00e9gal\u00e9 et des mat\u00e9riaux de qualit\u00e9 sup\u00e9rieure<\/h3>\n<\/p>\n<p>L'aspect ext\u00e9rieur de ces <strong>Chaussures derby noires \u00e0 talon pour hommes<\/strong> est fabriqu\u00e9 \u00e0 partir du cuir de veau le plus fin. Connu pour sa texture lisse, sa durabilit\u00e9 et sa brillance naturelle, le cuir de veau offre une finition luxueuse qui est \u00e0 la fois attrayante sur le plan visuel et durable. Ce mat\u00e9riau de qualit\u00e9 sup\u00e9rieure garantit que vos chaussures ne sont pas seulement belles, mais qu'elles r\u00e9sistent \u00e9galement \u00e0 l'\u00e9preuve du temps et de l'usure.<\/p>\n<p>La teinte noire \u00e9l\u00e9gante offre une polyvalence in\u00e9gal\u00e9e, ce qui permet \u00e0 ces chaussures Derby de s'adapter \u00e0 un large \u00e9ventail de tenues et d'occasions.<\/p>\n<p>La doublure en cuir de ch\u00e8vre est somptueuse et agr\u00e9able \u00e0 porter. Le cuir de ch\u00e8vre est r\u00e9put\u00e9 pour sa douceur, sa souplesse et son excellente respirabilit\u00e9, ce qui lui conf\u00e8re un niveau de confort in\u00e9gal\u00e9. Il \u00e9pouse d\u00e9licatement les contours de votre pied, r\u00e9duisant les frottements et am\u00e9liorant l'exp\u00e9rience globale du port de la chaussure, m\u00eame pendant de longues p\u00e9riodes. Cette conception int\u00e9rieure bien pens\u00e9e permet \u00e0 vos pieds de rester \u00e0 l'aise et frais tout au long de la journ\u00e9e.<\/p>\n<p><h3>Design moderne avec une semelle EVA \u00e9paisse<\/h3>\n<\/p>\n<p>Ce qui diff\u00e9rencie ces <strong>Chaussures derby noires \u00e0 talon pour hommes<\/strong> est leur semelle EVA \u00e9paisse caract\u00e9ristique. Cette semelle moderne ajoute non seulement une touche de mode et de modernit\u00e9 \u00e0 la silhouette classique des Derby, mais elle offre \u00e9galement des avantages fonctionnels significatifs. L'EVA (\u00e9thyl\u00e8ne-ac\u00e9tate de vinyle) est un mat\u00e9riau l\u00e9ger, flexible et tr\u00e8s absorbant des chocs, qui offre un amorti et un confort sup\u00e9rieurs \u00e0 chaque pas.<\/p>\n<p>Le motif robuste de la semelle assure une traction et une stabilit\u00e9 excellentes, ce qui rend ces chaussures parfaites pour naviguer dans divers environnements urbains. Le design \u00e9pais offre une \u00e9l\u00e9vation subtile, am\u00e9liorant votre posture et ajoutant une foul\u00e9e confiante \u00e0 votre marche.<\/p>\n<p><h3>Polyvalence et possibilit\u00e9s de vente en gros<\/h3>\n<\/p>\n<p>Ces <strong>Chaussures derby noires \u00e0 talon pour hommes<\/strong> sont incroyablement polyvalents. Associez-les \u00e0 un pantalon de tailleur pour un look professionnel d\u00e9contract\u00e9, ou habillez-les d'un jean fonc\u00e9 et d'une veste \u00e9l\u00e9gante pour une tenue de week-end \u00e9l\u00e9gante. Leur couleur noire intemporelle et leur profil moderne en font un choix incontournable pour divers \u00e9v\u00e9nements, des r\u00e9unions professionnelles aux rencontres sociales.<\/p>\n<p>Disponibles dans des tailles allant de 39 \u00e0 45, nous nous adressons \u00e0 un large \u00e9ventail de clients, garantissant ainsi un ajustement parfait pour beaucoup d'entre eux.<\/p>\n<p>Pour les entreprises qui souhaitent proposer des chaussures haut de gamme, ces chaussures Derby sont disponibles \u00e0 l'achat en gros avec une quantit\u00e9 minimale de commande de 8 paires. Nous sommes fiers de notre logistique efficace, avec des d\u00e9lais de livraison d'environ 12 jours plus les frais d'exp\u00e9dition, ce qui garantit que votre stock arrive rapidement. Am\u00e9liorez votre inventaire avec ces chaussures de haute qualit\u00e9, \u00e0 la pointe de la mode. <strong>Chaussures derby noires \u00e0 talon pour hommes<\/strong> et offrez \u00e0 votre client\u00e8le un produit qui se d\u00e9marque.<\/p>","protected":false},"excerpt":{"rendered":"<ul>\n<li>L'ext\u00e9rieur est en cuir de veau de premi\u00e8re qualit\u00e9 pour un attrait sophistiqu\u00e9.<\/li>\n<li>L'int\u00e9rieur en cuir de ch\u00e8vre luxueux assure un maximum de confort et de respirabilit\u00e9.<\/li>\n<li>Dot\u00e9e d'une semelle contemporaine et durable en EVA pour une excellente adh\u00e9rence et une \u00e9l\u00e9vation moderne.<\/li>\n<li>Disponible dans une large gamme de tailles : 39, 40, 41, 42, 43, 44, 45.<\/li>\n<li>Quantit\u00e9 minimale de commande de 8 paires, id\u00e9ale pour les achats en gros et en masse.<\/li>\n<li>Livraison fiable dans un d\u00e9lai de 12 jours, plus le temps d'exp\u00e9dition.<\/li>\n<\/ul>","protected":false},"featured_media":3915,"template":"","meta":{"_acf_changed":false,"_uag_custom_page_level_css":"","site-sidebar-layout":"default","site-content-layout":"","ast-site-content-layout":"default","site-content-style":"default","site-sidebar-style":"default","ast-global-header-display":"","ast-banner-title-visibility":"","ast-main-header-display":"","ast-hfb-above-header-display":"","ast-hfb-below-header-display":"","ast-hfb-mobile-header-display":"","site-post-title":"","ast-breadcrumbs-content":"","ast-featured-img":"","footer-sml-layout":"","ast-disable-related-posts":"","theme-transparent-header-meta":"","adv-header-id-meta":"","stick-header-meta":"","header-above-stick-meta":"","header-main-stick-meta":"","header-below-stick-meta":"","astra-migrate-meta-layouts":"default","ast-page-background-enabled":"default","ast-page-background-meta":{"desktop":{"background-color":"var(--ast-global-color-4)","background-image":"","background-repeat":"repeat","background-position":"center center","background-size":"auto","background-attachment":"scroll","background-type":"","background-media":"","overlay-type":"","overlay-color":"","overlay-opacity":"","overlay-gradient":""},"tablet":{"background-color":"","background-image":"","background-repeat":"repeat","background-position":"center center","background-size":"auto","background-attachment":"scroll","background-type":"","background-media":"","overlay-type":"","overlay-color":"","overlay-opacity":"","overlay-gradient":""},"mobile":{"background-color":"","background-image":"","background-repeat":"repeat","background-position":"center center","background-size":"auto","background-attachment":"scroll","background-type":"","background-media":"","overlay-type":"","overlay-color":"","overlay-opacity":"","overlay-gradient":""}},"ast-content-background-meta":{"desktop":{"background-color":"var(--ast-global-color-5)","background-image":"","background-repeat":"repeat","background-position":"center center","background-size":"auto","background-attachment":"scroll","background-type":"","background-media":"","overlay-type":"","overlay-color":"","overlay-opacity":"","overlay-gradient":""},"tablet":{"background-color":"var(--ast-global-color-5)","background-image":"","background-repeat":"repeat","background-position":"center center","background-size":"auto","background-attachment":"scroll","background-type":"","background-media":"","overlay-type":"","overlay-color":"","overlay-opacity":"","overlay-gradient":""},"mobile":{"background-color":"var(--ast-global-color-5)","background-image":"","background-repeat":"repeat","background-position":"center center","background-size":"auto","background-attachment":"scroll","background-type":"","background-media":"","overlay-type":"","overlay-color":"","overlay-opacity":"","overlay-gradient":""}}},"product_brand":[],"product_cat":[48,47,49,430,40],"product_tag":[949,196,202,436,212,438,732,189,440,400,281],"class_list":{"0":"post-5853","1":"product","2":"type-product","3":"status-publish","4":"has-post-thumbnail","6":"product_cat-casual","7":"product_cat-classic","8":"product_cat-loafer","9":"product_cat-men","10":"product_cat-mens-shoes","11":"product_tag-b2b-footwear","12":"product_tag-black-leather-shoes","13":"product_tag-calf-leather","14":"product_tag-chunky-sole","15":"product_tag-derby-shoes","16":"product_tag-eva-sole","17":"product_tag-fashion-shoes","18":"product_tag-goat-leather-lining","19":"product_tag-modern-derby","20":"product_tag-platform-shoes","21":"product_tag-wholesale-shoes","22":"desktop-align-center","23":"tablet-align-center","24":"mobile-align-center","26":"first","27":"instock","28":"shipping-taxable","29":"purchasable","30":"product-type-variable","31":"has-default-attributes"},"acf":[],"uagb_featured_image_src":{"full":["https:\/\/turkishtrade.co\/wp-content\/uploads\/2026\/01\/2400EJOMN00356-BLACK-DKS_7659_1-fusped-2-USD.png",453,250,false],"thumbnail":["https:\/\/turkishtrade.co\/wp-content\/uploads\/2026\/01\/2400EJOMN00356-BLACK-DKS_7659_1-fusped-2-USD-150x150.png",150,150,true],"medium":["https:\/\/turkishtrade.co\/wp-content\/uploads\/2026\/01\/2400EJOMN00356-BLACK-DKS_7659_1-fusped-2-USD-300x166.png",300,166,true],"medium_large":["https:\/\/turkishtrade.co\/wp-content\/uploads\/2026\/01\/2400EJOMN00356-BLACK-DKS_7659_1-fusped-2-USD.png",453,250,false],"large":["https:\/\/turkishtrade.co\/wp-content\/uploads\/2026\/01\/2400EJOMN00356-BLACK-DKS_7659_1-fusped-2-USD.png",453,250,false],"1536x1536":["https:\/\/turkishtrade.co\/wp-content\/uploads\/2026\/01\/2400EJOMN00356-BLACK-DKS_7659_1-fusped-2-USD.png",453,250,false],"2048x2048":["https:\/\/turkishtrade.co\/wp-content\/uploads\/2026\/01\/2400EJOMN00356-BLACK-DKS_7659_1-fusped-2-USD.png",453,250,false],"trp-custom-language-flag":["https:\/\/turkishtrade.co\/wp-content\/uploads\/2026\/01\/2400EJOMN00356-BLACK-DKS_7659_1-fusped-2-USD-18x10.png",18,10,true],"woocommerce_thumbnail":["https:\/\/turkishtrade.co\/wp-content\/uploads\/2026\/01\/2400EJOMN00356-BLACK-DKS_7659_1-fusped-2-USD-400x250.png",400,250,true],"woocommerce_single":["https:\/\/turkishtrade.co\/wp-content\/uploads\/2026\/01\/2400EJOMN00356-BLACK-DKS_7659_1-fusped-2-USD.png",453,250,false],"woocommerce_gallery_thumbnail":["https:\/\/turkishtrade.co\/wp-content\/uploads\/2026\/01\/2400EJOMN00356-BLACK-DKS_7659_1-fusped-2-USD-100x100.png",100,100,true]},"uagb_author_info":{"display_name":"yaser olabi","author_link":"https:\/\/turkishtrade.co\/fr\/author\/"},"uagb_comment_info":0,"uagb_excerpt":"Crafted from premium calf leather exterior for sophisticated appeal. Luxurious goat leather interior ensures maximum comfort and breathability. Features a contemporary, durable chunky EVA sole for excellent grip and modern elevation. Available in a comprehensive size range: 39, 40, 41, 42, 43, 44, 45. Minimum order quantity of 8 pairs, ideal for wholesale and bulk\u2026","_links":{"self":[{"href":"https:\/\/turkishtrade.co\/fr\/wp-json\/wp\/v2\/product\/5853","targetHints":{"allow":["GET"]}}],"collection":[{"href":"https:\/\/turkishtrade.co\/fr\/wp-json\/wp\/v2\/product"}],"about":[{"href":"https:\/\/turkishtrade.co\/fr\/wp-json\/wp\/v2\/types\/product"}],"wp:featuredmedia":[{"embeddable":true,"href":"https:\/\/turkishtrade.co\/fr\/wp-json\/wp\/v2\/media\/3915"}],"wp:attachment":[{"href":"https:\/\/turkishtrade.co\/fr\/wp-json\/wp\/v2\/media?parent=5853"}],"wp:term":[{"taxonomy":"product_brand","embeddable":true,"href":"https:\/\/turkishtrade.co\/fr\/wp-json\/wp\/v2\/product_brand?post=5853"},{"taxonomy":"product_cat","embeddable":true,"href":"https:\/\/turkishtrade.co\/fr\/wp-json\/wp\/v2\/product_cat?post=5853"},{"taxonomy":"product_tag","embeddable":true,"href":"https:\/\/turkishtrade.co\/fr\/wp-json\/wp\/v2\/product_tag?post=5853"}],"curies":[{"name":"wp","href":"https:\/\/api.w.org\/{rel}","templated":true}]}}