{"id":5850,"date":"2026-01-14T13:24:25","date_gmt":"2026-01-14T13:24:25","guid":{"rendered":"https:\/\/turkishtrade.co\/product\/mens-chunky-sole-leather-derby\/"},"modified":"2026-04-09T19:22:14","modified_gmt":"2026-04-09T19:22:14","slug":"mens-chunky-sole-leather-derby","status":"publish","type":"product","link":"https:\/\/turkishtrade.co\/fr\/shop\/mens-chunky-sole-leather-derby\/","title":{"rendered":"Chaussures de derby en cuir de premi\u00e8re qualit\u00e9 \u00e0 semelle \u00e9paisse pour hommes"},"content":{"rendered":"<p><strong>Derby en cuir \u00e0 semelle \u00e9paisse pour hommes<\/strong><\/p>\n<p>D\u00e9couvrez le m\u00e9lange parfait de style robuste et de confort sophistiqu\u00e9 gr\u00e2ce \u00e0 nos produits de qualit\u00e9 sup\u00e9rieure. <strong>Derby en cuir \u00e0 semelle \u00e9paisse pour hommes<\/strong> chaussures. Con\u00e7ues pour l'homme moderne qui appr\u00e9cie \u00e0 la fois l'esth\u00e9tique et la durabilit\u00e9, ces chaussures derby sont un compl\u00e9ment essentiel \u00e0 toute garde-robe d\u00e9contract\u00e9e. Fabriqu\u00e9es \u00e0 partir des mat\u00e9riaux les plus nobles, elles promettent une exp\u00e9rience de port in\u00e9gal\u00e9e d\u00e8s le moment o\u00f9 vous les enfilez.<\/p>\n<p>L'ext\u00e9rieur de ces chaussures exceptionnelles est en cuir de veau de haute qualit\u00e9, r\u00e9put\u00e9 pour sa texture douce, sa r\u00e9sistance et sa finition \u00e9l\u00e9gante. Cette surface ext\u00e9rieure luxueuse garantit la respirabilit\u00e9 et se moule \u00e0 votre pied au fil du temps, offrant un ajustement sur mesure. \u00c0 l'int\u00e9rieur, vos pieds sont berc\u00e9s par une doublure souple en cuir de ch\u00e8vre, qui offre un confort sup\u00e9rieur et aide \u00e0 g\u00e9rer l'humidit\u00e9, gardant vos pieds au sec et \u00e0 l'aise tout au long de la journ\u00e9e.<\/p>\n<p>Que vous choisissiez le bleu profond et sophistiqu\u00e9 ou le marron riche et terreux, ces chaussures sont con\u00e7ues pour faire une d\u00e9claration.<\/p>\n<p><h3>Un confort in\u00e9gal\u00e9 et un style moderne<\/h3>\n<\/p>\n<p>C'est ce qui fait la force de notre <strong>Derby en cuir \u00e0 semelle \u00e9paisse pour hommes<\/strong> est sa semelle EVA innovante. Cette semelle, \u00e0 la fois l\u00e9g\u00e8re et robuste, offre un excellent amorti et une bonne absorption des chocs, faisant de chaque pas un plaisir. Le profil \u00e9pais de la semelle ajoute non seulement une touche contemporaine \u00e0 la silhouette derby classique, mais offre \u00e9galement une meilleure adh\u00e9rence et une plus grande stabilit\u00e9, ce qui est parfait pour naviguer sur divers terrains urbains.<\/p>\n<p>Cette combinaison unique garantit que vous n'avez pas \u00e0 faire de compromis sur le confort pour le style.<\/p>\n<p>Id\u00e9ales pour un large \u00e9ventail d'occasions d\u00e9contract\u00e9es, des sorties du week-end aux rassemblements semi-formels, ces chaussures s'associent sans effort avec des jeans, des chinos ou des pantalons \u00e9l\u00e9gants. Leur design polyvalent en fait un choix incontournable pour tout gentleman exigeant \u00e0 la recherche de chaussures durables et \u00e0 la mode. Disponibles dans une gamme compl\u00e8te de tailles allant du 39 au 45, nous garantissons un ajustement parfait \u00e0 une large client\u00e8le.<\/p>\n<p><h3>Opportunit\u00e9s pour le commerce de gros<\/h3>\n<\/p>\n<p>Pour les d\u00e9taillants et les entreprises qui souhaitent proposer des chaussures de haute qualit\u00e9, nos <strong>Derby en cuir \u00e0 semelle \u00e9paisse pour hommes<\/strong> sont disponibles pour les commandes en gros. Avec une quantit\u00e9 minimale de 8 paires, vous pouvez facilement vous approvisionner dans ce style populaire. Nous nous engageons \u00e0 fournir un service efficace, avec un d\u00e9lai de livraison de 12 jours seulement, frais de port en sus.<\/p>\n<p>Am\u00e9liorez votre inventaire avec des chaussures qui allient savoir-faire, confort et design de pointe, et qui ne manqueront pas de ravir vos clients.<\/p>","protected":false},"excerpt":{"rendered":"<ul>\n<li>Tige en cuir de veau de premi\u00e8re qualit\u00e9<\/li>\n<li>Doublure en cuir de ch\u00e8vre souple<\/li>\n<li>Semelle EVA l\u00e9g\u00e8re et durable<\/li>\n<li>Disponible en tailles : 39, 40, 41, 42, 43, 44, 45<\/li>\n<li>Quantit\u00e9 minimale de commande : 8 paires<\/li>\n<li>D\u00e9lai de livraison : 12 jours + exp\u00e9dition<\/li>\n<\/ul>","protected":false},"featured_media":3914,"template":"","meta":{"_acf_changed":false,"_uag_custom_page_level_css":"","site-sidebar-layout":"default","site-content-layout":"","ast-site-content-layout":"default","site-content-style":"default","site-sidebar-style":"default","ast-global-header-display":"","ast-banner-title-visibility":"","ast-main-header-display":"","ast-hfb-above-header-display":"","ast-hfb-below-header-display":"","ast-hfb-mobile-header-display":"","site-post-title":"","ast-breadcrumbs-content":"","ast-featured-img":"","footer-sml-layout":"","ast-disable-related-posts":"","theme-transparent-header-meta":"","adv-header-id-meta":"","stick-header-meta":"","header-above-stick-meta":"","header-main-stick-meta":"","header-below-stick-meta":"","astra-migrate-meta-layouts":"default","ast-page-background-enabled":"default","ast-page-background-meta":{"desktop":{"background-color":"var(--ast-global-color-4)","background-image":"","background-repeat":"repeat","background-position":"center center","background-size":"auto","background-attachment":"scroll","background-type":"","background-media":"","overlay-type":"","overlay-color":"","overlay-opacity":"","overlay-gradient":""},"tablet":{"background-color":"","background-image":"","background-repeat":"repeat","background-position":"center center","background-size":"auto","background-attachment":"scroll","background-type":"","background-media":"","overlay-type":"","overlay-color":"","overlay-opacity":"","overlay-gradient":""},"mobile":{"background-color":"","background-image":"","background-repeat":"repeat","background-position":"center center","background-size":"auto","background-attachment":"scroll","background-type":"","background-media":"","overlay-type":"","overlay-color":"","overlay-opacity":"","overlay-gradient":""}},"ast-content-background-meta":{"desktop":{"background-color":"var(--ast-global-color-5)","background-image":"","background-repeat":"repeat","background-position":"center center","background-size":"auto","background-attachment":"scroll","background-type":"","background-media":"","overlay-type":"","overlay-color":"","overlay-opacity":"","overlay-gradient":""},"tablet":{"background-color":"var(--ast-global-color-5)","background-image":"","background-repeat":"repeat","background-position":"center center","background-size":"auto","background-attachment":"scroll","background-type":"","background-media":"","overlay-type":"","overlay-color":"","overlay-opacity":"","overlay-gradient":""},"mobile":{"background-color":"var(--ast-global-color-5)","background-image":"","background-repeat":"repeat","background-position":"center center","background-size":"auto","background-attachment":"scroll","background-type":"","background-media":"","overlay-type":"","overlay-color":"","overlay-opacity":"","overlay-gradient":""}}},"product_brand":[],"product_cat":[48,47,49,430,40],"product_tag":[582,449,436,222,212,982,438,583,227,198,250,281],"class_list":{"0":"post-5850","1":"product","2":"type-product","3":"status-publish","4":"has-post-thumbnail","6":"product_cat-casual","7":"product_cat-classic","8":"product_cat-loafer","9":"product_cat-men","10":"product_cat-mens-shoes","11":"product_tag-calfskin","12":"product_tag-casual-shoes","13":"product_tag-chunky-sole","14":"product_tag-comfortable-shoes","15":"product_tag-derby-shoes","16":"product_tag-durable-footwear","17":"product_tag-eva-sole","18":"product_tag-goatskin","19":"product_tag-leather-shoes","20":"product_tag-mens-fashion","21":"product_tag-premium-leather","22":"product_tag-wholesale-shoes","23":"desktop-align-center","24":"tablet-align-center","25":"mobile-align-center","27":"first","28":"instock","29":"shipping-taxable","30":"purchasable","31":"product-type-variable","32":"has-default-attributes"},"acf":[],"uagb_featured_image_src":{"full":["https:\/\/turkishtrade.co\/wp-content\/uploads\/2026\/01\/2400EJOMN00352-DARK-BROWN-ZL_301-4-USD.png",453,250,false],"thumbnail":["https:\/\/turkishtrade.co\/wp-content\/uploads\/2026\/01\/2400EJOMN00352-DARK-BROWN-ZL_301-4-USD-150x150.png",150,150,true],"medium":["https:\/\/turkishtrade.co\/wp-content\/uploads\/2026\/01\/2400EJOMN00352-DARK-BROWN-ZL_301-4-USD-300x166.png",300,166,true],"medium_large":["https:\/\/turkishtrade.co\/wp-content\/uploads\/2026\/01\/2400EJOMN00352-DARK-BROWN-ZL_301-4-USD.png",453,250,false],"large":["https:\/\/turkishtrade.co\/wp-content\/uploads\/2026\/01\/2400EJOMN00352-DARK-BROWN-ZL_301-4-USD.png",453,250,false],"1536x1536":["https:\/\/turkishtrade.co\/wp-content\/uploads\/2026\/01\/2400EJOMN00352-DARK-BROWN-ZL_301-4-USD.png",453,250,false],"2048x2048":["https:\/\/turkishtrade.co\/wp-content\/uploads\/2026\/01\/2400EJOMN00352-DARK-BROWN-ZL_301-4-USD.png",453,250,false],"trp-custom-language-flag":["https:\/\/turkishtrade.co\/wp-content\/uploads\/2026\/01\/2400EJOMN00352-DARK-BROWN-ZL_301-4-USD-18x10.png",18,10,true],"woocommerce_thumbnail":["https:\/\/turkishtrade.co\/wp-content\/uploads\/2026\/01\/2400EJOMN00352-DARK-BROWN-ZL_301-4-USD-400x250.png",400,250,true],"woocommerce_single":["https:\/\/turkishtrade.co\/wp-content\/uploads\/2026\/01\/2400EJOMN00352-DARK-BROWN-ZL_301-4-USD.png",453,250,false],"woocommerce_gallery_thumbnail":["https:\/\/turkishtrade.co\/wp-content\/uploads\/2026\/01\/2400EJOMN00352-DARK-BROWN-ZL_301-4-USD-100x100.png",100,100,true]},"uagb_author_info":{"display_name":"yaser olabi","author_link":"https:\/\/turkishtrade.co\/fr\/author\/"},"uagb_comment_info":0,"uagb_excerpt":"Premium Calfskin Leather Upper Soft Goatskin Leather Lining Lightweight and Durable EVA Sole Available in sizes: 39, 40, 41, 42, 43, 44, 45 Minimum order quantity: 8 pairs Delivery Time: 12 days + Shipping","_links":{"self":[{"href":"https:\/\/turkishtrade.co\/fr\/wp-json\/wp\/v2\/product\/5850","targetHints":{"allow":["GET"]}}],"collection":[{"href":"https:\/\/turkishtrade.co\/fr\/wp-json\/wp\/v2\/product"}],"about":[{"href":"https:\/\/turkishtrade.co\/fr\/wp-json\/wp\/v2\/types\/product"}],"wp:featuredmedia":[{"embeddable":true,"href":"https:\/\/turkishtrade.co\/fr\/wp-json\/wp\/v2\/media\/3914"}],"wp:attachment":[{"href":"https:\/\/turkishtrade.co\/fr\/wp-json\/wp\/v2\/media?parent=5850"}],"wp:term":[{"taxonomy":"product_brand","embeddable":true,"href":"https:\/\/turkishtrade.co\/fr\/wp-json\/wp\/v2\/product_brand?post=5850"},{"taxonomy":"product_cat","embeddable":true,"href":"https:\/\/turkishtrade.co\/fr\/wp-json\/wp\/v2\/product_cat?post=5850"},{"taxonomy":"product_tag","embeddable":true,"href":"https:\/\/turkishtrade.co\/fr\/wp-json\/wp\/v2\/product_tag?post=5850"}],"curies":[{"name":"wp","href":"https:\/\/api.w.org\/{rel}","templated":true}]}}