{"id":5848,"date":"2026-01-14T13:24:08","date_gmt":"2026-01-14T13:24:08","guid":{"rendered":"https:\/\/turkishtrade.co\/product\/men-s-leather-derby-shoes-4\/"},"modified":"2026-04-09T19:22:16","modified_gmt":"2026-04-09T19:22:16","slug":"mens-leather-derby-shoes-12","status":"publish","type":"product","link":"https:\/\/turkishtrade.co\/fr\/shop\/mens-leather-derby-shoes-12\/","title":{"rendered":"Premium Chaussures derby \u00e0 plateforme en cuir marine pour hommes"},"content":{"rendered":"<p><strong>Chaussures derby en cuir pour hommes<\/strong><\/p>\n<p>D\u00e9couvrez l'alliance parfaite du style classique et du confort moderne avec nos produits de qualit\u00e9 sup\u00e9rieure. <strong>Derby en cuir pour hommes<\/strong>. Con\u00e7ues pour les personnes exigeantes qui appr\u00e9cient \u00e0 la fois l'\u00e9l\u00e9gance et la facilit\u00e9 d'utilisation au quotidien, ces chaussures exquises t\u00e9moignent d'un savoir-faire sup\u00e9rieur et de mat\u00e9riaux luxueux. Que vous vous rendiez \u00e0 un brunch d\u00e9contract\u00e9 ou \u00e0 un \u00e9v\u00e9nement de bureau chic et d\u00e9contract\u00e9, ces chaussures vous permettront de vous sentir \u00e0 l'aise dans la vie de tous les jours. <strong>Derby en cuir pour hommes<\/strong> rehaussera votre look sans effort et vous permettra de sortir en toute confiance.<\/p>\n<p><h3>Qualit\u00e9 et confort in\u00e9gal\u00e9s<\/h3>\n<\/p>\n<p>Fabriqu\u00e9 avec un engagement de qualit\u00e9 sans compromis, l'ext\u00e9rieur de ces \u00e9tonnantes <strong>Derby en cuir pour hommes<\/strong> est en cuir de veau v\u00e9ritable. Ce cuir de qualit\u00e9 sup\u00e9rieure offre non seulement une esth\u00e9tique sophistiqu\u00e9e, mais aussi une durabilit\u00e9 exceptionnelle et une belle finition qui s'am\u00e9liore avec le temps. La conception r\u00e9fl\u00e9chie s'\u00e9tend \u00e0 l'int\u00e9rieur, o\u00f9 une doublure en cuir de ch\u00e8vre souple et doux berce vos pieds, offrant une respirabilit\u00e9 et un niveau de confort in\u00e9gal\u00e9 tout au long de la journ\u00e9e.<\/p>\n<p>Dites adieu \u00e0 l'inconfort et bonjour \u00e0 une paire de chaussures que vous aimerez porter.<\/p>\n<p><h3>Le design moderne rencontre l'attrait classique<\/h3>\n<\/p>\n<p>Ce ne sont pas des chaussures ordinaires, ce sont des chaussures qui ont de l'allure. Le style Derby classique \u00e0 lacets est r\u00e9imagin\u00e9 avec une touche contemporaine, avec une semelle EVA \u00e0 la fois l\u00e9g\u00e8re et robuste. Cette semelle innovante n'ajoute pas seulement une touche de modernit\u00e9, mais offre \u00e9galement une excellente absorption des chocs et une grande flexibilit\u00e9, pour que chaque pas soit un plaisir.<\/p>\n<p>Le design subtil de la plateforme, associ\u00e9 \u00e0 une hauteur de talon confortable de 1 \u00e0 3 cm, offre une position assur\u00e9e sans sacrifier l'\u00e9l\u00e9gance d\u00e9contract\u00e9e de ces chaussures. <strong>Derby en cuir pour hommes<\/strong> sont connus. Les surpiq\u00fbres d\u00e9taill\u00e9es sur l'embout ajoutent un caract\u00e8re distinctif \u00e0 ces chaussures. <strong>Derby en cuir pour hommes<\/strong> se distinguent des autres. La teinte marine profonde garantit la polyvalence, s'associant \u00e0 un large \u00e9ventail de tenues, ce qui les rend id\u00e9ales pour toutes les occasions.<\/p>\n<p><h3>Une coupe parfaite pour chaque gentleman<\/h3>\n<\/p>\n<p>Nous comprenons l'importance d'un ajustement parfait. C'est pourquoi notre <strong>Derby en cuir pour hommes<\/strong> sont disponibles dans une gamme compl\u00e8te de tailles allant du 39 au 45, pour r\u00e9pondre aux besoins de diff\u00e9rentes tailles de pieds. Chaque paire est m\u00e9ticuleusement construite pour offrir un ajustement confortable, permettant un mouvement naturel et r\u00e9duisant la fatigue du pied.<\/p>\n<p>Il ne s'agit pas de simples chaussures, mais d'un investissement dans votre confort et votre style, ce qui les rend indispensables. <strong>Derby en cuir pour hommes<\/strong> pour toute garde-robe moderne.<\/p>\n<p><h3>Commandes group\u00e9es et livraison fiable<\/h3>\n<\/p>\n<p>Pour les d\u00e9taillants et les entreprises, ces <strong>Derby en cuir pour hommes<\/strong> sont disponibles \u00e0 l'achat en gros avec une quantit\u00e9 minimale de commande de 8 paires. Nous garantissons un processus simplifi\u00e9 avec un d\u00e9lai de livraison de seulement 12 jours, plus les frais d'exp\u00e9dition, afin que vous puissiez vous approvisionner efficacement pour ce style populaire. \u00c9quipez votre client\u00e8le avec les meilleurs <strong>Derby en cuir pour hommes<\/strong> sur le march\u00e9, alliant tradition et design contemporain.<\/p>","protected":false},"excerpt":{"rendered":"<ul>\n<li><strong>Mat\u00e9riaux de premi\u00e8re qualit\u00e9 :<\/strong> La tige est en cuir de veau v\u00e9ritable et la doublure en cuir de ch\u00e8vre souple pour un confort et une durabilit\u00e9 optimaux.<\/li>\n<li><strong>Design confortable et moderne :<\/strong> Elle est dot\u00e9e d'une semelle compens\u00e9e l\u00e9g\u00e8re en EVA pour un meilleur amorti et d'un talon classique de 1 \u00e0 3 cm de hauteur, alliant style et praticit\u00e9.<\/li>\n<li><strong>Style distinctif :<\/strong> Derby \u00e9l\u00e9gant \u00e0 lacets dans une teinte marine sophistiqu\u00e9e, rehauss\u00e9 d'une couture d\u00e9corative unique au niveau des orteils, parfait pour un style polyvalent.<\/li>\n<li><strong>Large gamme de tailles :<\/strong> Disponible en tailles 39, 40, 41, 42, 43, 44, 45 pour assurer un ajustement parfait et confortable \u00e0 chaque homme.<\/li>\n<li><strong>Disponibilit\u00e9 en gros :<\/strong> Quantit\u00e9 minimale de commande de 8 paires avec un d\u00e9lai de livraison de 12 jours plus les frais d'exp\u00e9dition pour les achats en gros.<\/li>\n<\/ul>","protected":false},"featured_media":3912,"template":"","meta":{"_acf_changed":false,"_uag_custom_page_level_css":"","site-sidebar-layout":"default","site-content-layout":"","ast-site-content-layout":"default","site-content-style":"default","site-sidebar-style":"default","ast-global-header-display":"","ast-banner-title-visibility":"","ast-main-header-display":"","ast-hfb-above-header-display":"","ast-hfb-below-header-display":"","ast-hfb-mobile-header-display":"","site-post-title":"","ast-breadcrumbs-content":"","ast-featured-img":"","footer-sml-layout":"","ast-disable-related-posts":"","theme-transparent-header-meta":"","adv-header-id-meta":"","stick-header-meta":"","header-above-stick-meta":"","header-main-stick-meta":"","header-below-stick-meta":"","astra-migrate-meta-layouts":"default","ast-page-background-enabled":"default","ast-page-background-meta":{"desktop":{"background-color":"var(--ast-global-color-4)","background-image":"","background-repeat":"repeat","background-position":"center center","background-size":"auto","background-attachment":"scroll","background-type":"","background-media":"","overlay-type":"","overlay-color":"","overlay-opacity":"","overlay-gradient":""},"tablet":{"background-color":"","background-image":"","background-repeat":"repeat","background-position":"center center","background-size":"auto","background-attachment":"scroll","background-type":"","background-media":"","overlay-type":"","overlay-color":"","overlay-opacity":"","overlay-gradient":""},"mobile":{"background-color":"","background-image":"","background-repeat":"repeat","background-position":"center center","background-size":"auto","background-attachment":"scroll","background-type":"","background-media":"","overlay-type":"","overlay-color":"","overlay-opacity":"","overlay-gradient":""}},"ast-content-background-meta":{"desktop":{"background-color":"var(--ast-global-color-5)","background-image":"","background-repeat":"repeat","background-position":"center center","background-size":"auto","background-attachment":"scroll","background-type":"","background-media":"","overlay-type":"","overlay-color":"","overlay-opacity":"","overlay-gradient":""},"tablet":{"background-color":"var(--ast-global-color-5)","background-image":"","background-repeat":"repeat","background-position":"center center","background-size":"auto","background-attachment":"scroll","background-type":"","background-media":"","overlay-type":"","overlay-color":"","overlay-opacity":"","overlay-gradient":""},"mobile":{"background-color":"var(--ast-global-color-5)","background-image":"","background-repeat":"repeat","background-position":"center center","background-size":"auto","background-attachment":"scroll","background-type":"","background-media":"","overlay-type":"","overlay-color":"","overlay-opacity":"","overlay-gradient":""}}},"product_brand":[],"product_cat":[48,47,49,430,40],"product_tag":[202,449,222,212,438,959,437,227,198,479,400,680,281],"class_list":{"0":"post-5848","1":"product","2":"type-product","3":"status-publish","4":"has-post-thumbnail","6":"product_cat-casual","7":"product_cat-classic","8":"product_cat-loafer","9":"product_cat-men","10":"product_cat-mens-shoes","11":"product_tag-calf-leather","12":"product_tag-casual-shoes","13":"product_tag-comfortable-shoes","14":"product_tag-derby-shoes","15":"product_tag-eva-sole","16":"product_tag-formal-casual-shoes","17":"product_tag-goat-leather","18":"product_tag-leather-shoes","19":"product_tag-mens-fashion","20":"product_tag-navy-shoes","21":"product_tag-platform-shoes","22":"product_tag-stylish-shoes","23":"product_tag-wholesale-shoes","24":"desktop-align-center","25":"tablet-align-center","26":"mobile-align-center","28":"first","29":"instock","30":"shipping-taxable","31":"purchasable","32":"product-type-variable","33":"has-default-attributes"},"acf":[],"uagb_featured_image_src":{"full":["https:\/\/turkishtrade.co\/wp-content\/uploads\/2026\/01\/2400EJOMN00348-BLACK-ZL_201-4-USD.png",453,250,false],"thumbnail":["https:\/\/turkishtrade.co\/wp-content\/uploads\/2026\/01\/2400EJOMN00348-BLACK-ZL_201-4-USD-150x150.png",150,150,true],"medium":["https:\/\/turkishtrade.co\/wp-content\/uploads\/2026\/01\/2400EJOMN00348-BLACK-ZL_201-4-USD-300x166.png",300,166,true],"medium_large":["https:\/\/turkishtrade.co\/wp-content\/uploads\/2026\/01\/2400EJOMN00348-BLACK-ZL_201-4-USD.png",453,250,false],"large":["https:\/\/turkishtrade.co\/wp-content\/uploads\/2026\/01\/2400EJOMN00348-BLACK-ZL_201-4-USD.png",453,250,false],"1536x1536":["https:\/\/turkishtrade.co\/wp-content\/uploads\/2026\/01\/2400EJOMN00348-BLACK-ZL_201-4-USD.png",453,250,false],"2048x2048":["https:\/\/turkishtrade.co\/wp-content\/uploads\/2026\/01\/2400EJOMN00348-BLACK-ZL_201-4-USD.png",453,250,false],"trp-custom-language-flag":["https:\/\/turkishtrade.co\/wp-content\/uploads\/2026\/01\/2400EJOMN00348-BLACK-ZL_201-4-USD-18x10.png",18,10,true],"woocommerce_thumbnail":["https:\/\/turkishtrade.co\/wp-content\/uploads\/2026\/01\/2400EJOMN00348-BLACK-ZL_201-4-USD-400x250.png",400,250,true],"woocommerce_single":["https:\/\/turkishtrade.co\/wp-content\/uploads\/2026\/01\/2400EJOMN00348-BLACK-ZL_201-4-USD.png",453,250,false],"woocommerce_gallery_thumbnail":["https:\/\/turkishtrade.co\/wp-content\/uploads\/2026\/01\/2400EJOMN00348-BLACK-ZL_201-4-USD-100x100.png",100,100,true]},"uagb_author_info":{"display_name":"yaser olabi","author_link":"https:\/\/turkishtrade.co\/fr\/author\/"},"uagb_comment_info":0,"uagb_excerpt":"Premium Materials: Crafted with a genuine calf leather upper and soft goat leather lining for ultimate comfort and durability. Comfortable &amp; Modern Design: Features a lightweight EVA platform sole for superior cushioning and a classic 1-3 cm heel height, blending style with practicality. Distinctive Style: Elegant lace-up Derby design in a sophisticated navy hue, accented\u2026","_links":{"self":[{"href":"https:\/\/turkishtrade.co\/fr\/wp-json\/wp\/v2\/product\/5848","targetHints":{"allow":["GET"]}}],"collection":[{"href":"https:\/\/turkishtrade.co\/fr\/wp-json\/wp\/v2\/product"}],"about":[{"href":"https:\/\/turkishtrade.co\/fr\/wp-json\/wp\/v2\/types\/product"}],"wp:featuredmedia":[{"embeddable":true,"href":"https:\/\/turkishtrade.co\/fr\/wp-json\/wp\/v2\/media\/3912"}],"wp:attachment":[{"href":"https:\/\/turkishtrade.co\/fr\/wp-json\/wp\/v2\/media?parent=5848"}],"wp:term":[{"taxonomy":"product_brand","embeddable":true,"href":"https:\/\/turkishtrade.co\/fr\/wp-json\/wp\/v2\/product_brand?post=5848"},{"taxonomy":"product_cat","embeddable":true,"href":"https:\/\/turkishtrade.co\/fr\/wp-json\/wp\/v2\/product_cat?post=5848"},{"taxonomy":"product_tag","embeddable":true,"href":"https:\/\/turkishtrade.co\/fr\/wp-json\/wp\/v2\/product_tag?post=5848"}],"curies":[{"name":"wp","href":"https:\/\/api.w.org\/{rel}","templated":true}]}}