{"id":5842,"date":"2026-01-14T13:23:30","date_gmt":"2026-01-14T13:23:30","guid":{"rendered":"https:\/\/turkishtrade.co\/product\/men-s-dark-blue-leather-derby-shoes\/"},"modified":"2026-04-09T19:22:28","modified_gmt":"2026-04-09T19:22:28","slug":"mens-dark-blue-leather-derby-shoes","status":"publish","type":"product","link":"https:\/\/turkishtrade.co\/fr\/shop\/mens-dark-blue-leather-derby-shoes\/","title":{"rendered":"Premium Chaussures derby en cuir de veau bleu fonc\u00e9 pour hommes"},"content":{"rendered":"<p><strong>Chaussures derby en cuir bleu fonc\u00e9 pour hommes<\/strong><\/p>\n<p>Am\u00e9liorez votre style gr\u00e2ce \u00e0 nos produits exceptionnels <b>Chaussures derby en cuir bleu fonc\u00e9 pour hommes<\/b>, Ces chaussures sont con\u00e7ues pour les personnes exigeantes qui appr\u00e9cient \u00e0 la fois l'\u00e9l\u00e9gance et le confort au quotidien. Ces chaussures derby haut de gamme t\u00e9moignent d'un savoir-faire artisanal sup\u00e9rieur, associant des techniques traditionnelles \u00e0 un design contemporain pour cr\u00e9er une pi\u00e8ce de chaussure vraiment remarquable.<\/p>\n<p>Chaque paire de ces <b>Chaussures derby en cuir bleu fonc\u00e9 pour hommes<\/b> est m\u00e9ticuleusement fabriqu\u00e9 \u00e0 partir du cuir de veau le plus fin pour l'ext\u00e9rieur. Ce cuir de haute qualit\u00e9 offre un aspect lisse et poli, compl\u00e9t\u00e9 par des panneaux textur\u00e9s uniques, qui ajoutent de la profondeur et du caract\u00e8re \u00e0 l'ensemble du design. La teinte bleu fonc\u00e9 profonde et captivante rend ces chaussures incroyablement polyvalentes, parfaites pour passer sans effort d'un environnement professionnel \u00e0 une sortie d\u00e9contract\u00e9e sophistiqu\u00e9e.<\/p>\n<h3>Un confort et une durabilit\u00e9 in\u00e9gal\u00e9s<\/h3>\n<p>La luxueuse doublure en cuir de ch\u00e8vre offre un confort in\u00e9gal\u00e9. Connu pour sa douceur et sa respirabilit\u00e9, le cuir de ch\u00e8vre assure le confort de vos pieds tout au long de la journ\u00e9e. <b>Chaussures derby en cuir bleu fonc\u00e9 pour hommes<\/b> un plaisir \u00e0 porter. Ces chaussures \u00e9l\u00e9gantes reposent sur une semelle EVA robuste et l\u00e9g\u00e8re.<\/p>\n<p>Cette semelle durable offre une excellente adh\u00e9rence et une absorption des chocs, assurant stabilit\u00e9 et confort \u00e0 chaque pas, parfaitement \u00e9quilibr\u00e9e par une hauteur de talon classique de 1 \u00e0 3 cm qui offre une \u00e9l\u00e9vation subtile sans sacrifier le confort.<\/p>\n<h3>Un style polyvalent pour toutes les occasions<\/h3>\n<p>Qu'ils soient associ\u00e9s \u00e0 un pantalon de tailleur pour un look professionnel ou \u00e0 un pantalon chino pour un brunch le week-end, ces v\u00eatements sont tr\u00e8s confortables. <b>Chaussures derby en cuir bleu fonc\u00e9 pour hommes<\/b> rehaussent n'importe quel ensemble. Leur couleur distinctive et leurs d\u00e9tails raffin\u00e9s en font un choix judicieux pour toute une s\u00e9rie d'occasions, prouvant que le style classique peut aussi \u00eatre remarquablement adaptable. Ces chaussures sont un m\u00e9lange d'\u00e9l\u00e9ments brogue traditionnels et d'\u00e9l\u00e9gance moderne. <b>Chaussures derby en cuir bleu fonc\u00e9 pour hommes<\/b> offre.<\/p>\n<p>Nous sommes fiers de proposer des chaussures qui r\u00e9sistent \u00e0 l'\u00e9preuve du temps, tant en termes de durabilit\u00e9 que de style intemporel. Ces chaussures <b>Chaussures derby en cuir bleu fonc\u00e9 pour hommes<\/b> sont disponibles dans une gamme compl\u00e8te de tailles europ\u00e9ennes allant de 39 \u00e0 45, garantissant un ajustement parfait pour un large \u00e9ventail de clients. Pour les d\u00e9taillants et les entreprises, nous proposons des prix de gros comp\u00e9titifs et une quantit\u00e9 minimale de commande de seulement 8 paires, ce qui facilite le stockage de ces produits tr\u00e8s demand\u00e9s. <b>Chaussures derby en cuir bleu fonc\u00e9 pour hommes<\/b>.<\/p>\n<p>Investissez dans la qualit\u00e9, le confort et le style. Nos <b>Chaussures derby en cuir bleu fonc\u00e9 pour hommes<\/b> sont plus que de simples chaussures ; elles sont une exp\u00e9rience de luxe et de fiabilit\u00e9, livr\u00e9es dans un d\u00e9lai de 12 jours plus les frais de port. Rehaussez votre collection d\u00e8s aujourd'hui avec ces chaussures incontournables.<\/p>","protected":false},"excerpt":{"rendered":"<ul>\n<li>Fabriqu\u00e9 \u00e0 la main en cuir de veau de premi\u00e8re qualit\u00e9 pour un style durable.<\/li>\n<li>Doublure luxueuse en cuir de ch\u00e8vre souple et respirant pour un confort sup\u00e9rieur.<\/li>\n<li>Elle est dot\u00e9e d'une semelle EVA durable et l\u00e9g\u00e8re et d'un talon confortable d'une hauteur de 1 \u00e0 3 cm.<\/li>\n<li>Finition bleu fonc\u00e9 distinctive avec des d\u00e9tails textur\u00e9s sophistiqu\u00e9s.<\/li>\n<li>Disponible dans une large gamme de tailles europ\u00e9ennes : 39, 40, 41, 42, 43, 44, 45.<\/li>\n<li>Quantit\u00e9 minimale de commande : 8 paires. Id\u00e9al pour les d\u00e9taillants \u00e0 la recherche d'options de vente en gros et en masse.<\/li>\n<li>Livraison fiable dans un d\u00e9lai de 12 jours, plus le temps d'exp\u00e9dition.<\/li>\n<\/ul>","protected":false},"featured_media":3909,"template":"","meta":{"_acf_changed":false,"_uag_custom_page_level_css":"","site-sidebar-layout":"default","site-content-layout":"","ast-site-content-layout":"default","site-content-style":"default","site-sidebar-style":"default","ast-global-header-display":"","ast-banner-title-visibility":"","ast-main-header-display":"","ast-hfb-above-header-display":"","ast-hfb-below-header-display":"","ast-hfb-mobile-header-display":"","site-post-title":"","ast-breadcrumbs-content":"","ast-featured-img":"","footer-sml-layout":"","ast-disable-related-posts":"","theme-transparent-header-meta":"default","adv-header-id-meta":"","stick-header-meta":"","header-above-stick-meta":"","header-main-stick-meta":"","header-below-stick-meta":"","astra-migrate-meta-layouts":"set","ast-page-background-enabled":"default","ast-page-background-meta":{"desktop":{"background-color":"var(--ast-global-color-4)","background-image":"","background-repeat":"repeat","background-position":"center center","background-size":"auto","background-attachment":"scroll","background-type":"","background-media":"","overlay-type":"","overlay-color":"","overlay-opacity":"","overlay-gradient":""},"tablet":{"background-color":"","background-image":"","background-repeat":"repeat","background-position":"center center","background-size":"auto","background-attachment":"scroll","background-type":"","background-media":"","overlay-type":"","overlay-color":"","overlay-opacity":"","overlay-gradient":""},"mobile":{"background-color":"","background-image":"","background-repeat":"repeat","background-position":"center center","background-size":"auto","background-attachment":"scroll","background-type":"","background-media":"","overlay-type":"","overlay-color":"","overlay-opacity":"","overlay-gradient":""}},"ast-content-background-meta":{"desktop":{"background-color":"var(--ast-global-color-5)","background-image":"","background-repeat":"repeat","background-position":"center center","background-size":"auto","background-attachment":"scroll","background-type":"","background-media":"","overlay-type":"","overlay-color":"","overlay-opacity":"","overlay-gradient":""},"tablet":{"background-color":"var(--ast-global-color-5)","background-image":"","background-repeat":"repeat","background-position":"center center","background-size":"auto","background-attachment":"scroll","background-type":"","background-media":"","overlay-type":"","overlay-color":"","overlay-opacity":"","overlay-gradient":""},"mobile":{"background-color":"var(--ast-global-color-5)","background-image":"","background-repeat":"repeat","background-position":"center center","background-size":"auto","background-attachment":"scroll","background-type":"","background-media":"","overlay-type":"","overlay-color":"","overlay-opacity":"","overlay-gradient":""}}},"product_brand":[],"product_cat":[152,151,430,40],"product_tag":[604,200,202,449,222,293,212,284,439,438,437,450,227,406,840,210,373,281],"class_list":{"0":"post-5842","1":"product","2":"type-product","3":"status-publish","4":"has-post-thumbnail","6":"product_cat-casual-2","7":"product_cat-classic-2","8":"product_cat-men","9":"product_cat-mens-shoes","10":"product_tag-blue-derby","11":"product_tag-business-casual","12":"product_tag-calf-leather","13":"product_tag-casual-shoes","14":"product_tag-comfortable-shoes","15":"product_tag-dark-blue-shoes","16":"product_tag-derby-shoes","17":"product_tag-dress-shoes","18":"product_tag-durable-shoes","19":"product_tag-eva-sole","20":"product_tag-goat-leather","21":"product_tag-handcrafted-shoes","22":"product_tag-leather-shoes","23":"product_tag-premium-shoes","24":"product_tag-sizes-39-45","25":"product_tag-smart-casual","26":"product_tag-textured-leather","27":"product_tag-wholesale-shoes","28":"desktop-align-center","29":"tablet-align-center","30":"mobile-align-center","32":"first","33":"instock","34":"shipping-taxable","35":"purchasable","36":"product-type-variable","37":"has-default-attributes"},"acf":[],"uagb_featured_image_src":{"full":["https:\/\/turkishtrade.co\/wp-content\/uploads\/2026\/01\/2400EJOMN00343DARK-BLUE-X_624-4-USD.png",453,250,false],"thumbnail":["https:\/\/turkishtrade.co\/wp-content\/uploads\/2026\/01\/2400EJOMN00343DARK-BLUE-X_624-4-USD-150x150.png",150,150,true],"medium":["https:\/\/turkishtrade.co\/wp-content\/uploads\/2026\/01\/2400EJOMN00343DARK-BLUE-X_624-4-USD-300x166.png",300,166,true],"medium_large":["https:\/\/turkishtrade.co\/wp-content\/uploads\/2026\/01\/2400EJOMN00343DARK-BLUE-X_624-4-USD.png",453,250,false],"large":["https:\/\/turkishtrade.co\/wp-content\/uploads\/2026\/01\/2400EJOMN00343DARK-BLUE-X_624-4-USD.png",453,250,false],"1536x1536":["https:\/\/turkishtrade.co\/wp-content\/uploads\/2026\/01\/2400EJOMN00343DARK-BLUE-X_624-4-USD.png",453,250,false],"2048x2048":["https:\/\/turkishtrade.co\/wp-content\/uploads\/2026\/01\/2400EJOMN00343DARK-BLUE-X_624-4-USD.png",453,250,false],"trp-custom-language-flag":["https:\/\/turkishtrade.co\/wp-content\/uploads\/2026\/01\/2400EJOMN00343DARK-BLUE-X_624-4-USD-18x10.png",18,10,true],"woocommerce_thumbnail":["https:\/\/turkishtrade.co\/wp-content\/uploads\/2026\/01\/2400EJOMN00343DARK-BLUE-X_624-4-USD-400x250.png",400,250,true],"woocommerce_single":["https:\/\/turkishtrade.co\/wp-content\/uploads\/2026\/01\/2400EJOMN00343DARK-BLUE-X_624-4-USD.png",453,250,false],"woocommerce_gallery_thumbnail":["https:\/\/turkishtrade.co\/wp-content\/uploads\/2026\/01\/2400EJOMN00343DARK-BLUE-X_624-4-USD-100x100.png",100,100,true]},"uagb_author_info":{"display_name":"yaser olabi","author_link":"https:\/\/turkishtrade.co\/fr\/author\/"},"uagb_comment_info":0,"uagb_excerpt":"Expertly handcrafted from premium Calf Leather exterior for lasting style. Luxuriously lined with soft, breathable Goat Leather for superior comfort. Features a durable, lightweight EVA sole with a comfortable 1-3 cm heel height. Distinctive dark blue finish with sophisticated textured details. Available in a comprehensive range of EU sizes: 39, 40, 41, 42, 43, 44,\u2026","_links":{"self":[{"href":"https:\/\/turkishtrade.co\/fr\/wp-json\/wp\/v2\/product\/5842","targetHints":{"allow":["GET"]}}],"collection":[{"href":"https:\/\/turkishtrade.co\/fr\/wp-json\/wp\/v2\/product"}],"about":[{"href":"https:\/\/turkishtrade.co\/fr\/wp-json\/wp\/v2\/types\/product"}],"wp:featuredmedia":[{"embeddable":true,"href":"https:\/\/turkishtrade.co\/fr\/wp-json\/wp\/v2\/media\/3909"}],"wp:attachment":[{"href":"https:\/\/turkishtrade.co\/fr\/wp-json\/wp\/v2\/media?parent=5842"}],"wp:term":[{"taxonomy":"product_brand","embeddable":true,"href":"https:\/\/turkishtrade.co\/fr\/wp-json\/wp\/v2\/product_brand?post=5842"},{"taxonomy":"product_cat","embeddable":true,"href":"https:\/\/turkishtrade.co\/fr\/wp-json\/wp\/v2\/product_cat?post=5842"},{"taxonomy":"product_tag","embeddable":true,"href":"https:\/\/turkishtrade.co\/fr\/wp-json\/wp\/v2\/product_tag?post=5842"}],"curies":[{"name":"wp","href":"https:\/\/api.w.org\/{rel}","templated":true}]}}