{"id":5836,"date":"2026-01-14T13:22:44","date_gmt":"2026-01-14T13:22:44","guid":{"rendered":"https:\/\/turkishtrade.co\/product\/mens-classic-leather-loafers-3\/"},"modified":"2026-04-09T19:22:38","modified_gmt":"2026-04-09T19:22:38","slug":"mens-classic-leather-loafers-3","status":"publish","type":"product","link":"https:\/\/turkishtrade.co\/fr\/shop\/mens-classic-leather-loafers-3\/","title":{"rendered":"Mocassins classiques en cuir pour hommes | Premium Penny Style"},"content":{"rendered":"<p><strong>Mocassins classiques en cuir pour hommes<\/strong><\/p>\n<p>\u00c9levez votre collection de chaussures gr\u00e2ce \u00e0 nos chaussures exquises. <b>Mocassins classiques en cuir pour hommes<\/b>. Con\u00e7us pour le gentleman moderne qui appr\u00e9cie \u00e0 la fois le style et le confort, ces penny loafers de qualit\u00e9 sup\u00e9rieure sont un v\u00e9ritable t\u00e9moignage d'un savoir-faire intemporel. Que vous vous habilliez pour une r\u00e9union d'affaires, un \u00e9v\u00e9nement chic et d\u00e9contract\u00e9 ou que vous recherchiez simplement une tenue de tous les jours sophistiqu\u00e9e, nos mocassins penny de qualit\u00e9 sup\u00e9rieure sont la preuve d'un savoir-faire intemporel. <b>Mocassins classiques en cuir pour hommes<\/b> offrent une polyvalence et une \u00e9l\u00e9gance in\u00e9gal\u00e9es.<\/p>\n<p>Chaque paire est m\u00e9ticuleusement construite pour offrir une qualit\u00e9 durable et un look distingu\u00e9.<\/p>\n<p><h3>D\u00e9couvrez un confort in\u00e9gal\u00e9 et un style intemporel avec nos mocassins classiques en cuir pour hommes.<\/h3>\n<\/p>\n<p>Un confort luxueux \u00e0 chaque pas. L'ext\u00e9rieur de ces chaussures exceptionnelles <b>Mocassins classiques en cuir pour hommes<\/b> est fabriqu\u00e9 \u00e0 partir du meilleur cuir de veau, connu pour sa texture lisse, sa durabilit\u00e9 et sa capacit\u00e9 \u00e0 vieillir en beaut\u00e9. En compl\u00e9ment de cet ext\u00e9rieur robuste, l'int\u00e9rieur est doubl\u00e9 de cuir de ch\u00e8vre doux et souple, garantissant une exp\u00e9rience respirante et confortable tout au long de la journ\u00e9e.<\/p>\n<p>L'embl\u00e9matique bride penny et les franges subtiles ajoutent une touche de charme traditionnel. <b>Mocassins classiques en cuir pour hommes<\/b> un choix sophistiqu\u00e9 pour toute garde-robe exigeante.<\/p>\n<p><h3>Une fabrication de premi\u00e8re qualit\u00e9 pour une qualit\u00e9 durable<\/h3>\n<\/p>\n<p>Notre engagement en faveur de la qualit\u00e9 est \u00e9vident \u00e0 chaque point. La semelle robuste en EVA offre un excellent amorti et un bon soutien, ce qui fait de ces chaussures des chaussures de sport de qualit\u00e9. <b>Mocassins classiques en cuir pour hommes<\/b> incroyablement confortable pour un port prolong\u00e9, tout en conservant un profil classique avec une hauteur de talon subtile de 1 \u00e0 3 cm.<\/p>\n<p>Cette combinaison judicieuse de mat\u00e9riaux garantit non seulement un confort imm\u00e9diat, mais aussi une durabilit\u00e9 \u00e0 long terme, ce qui vous permet de profiter de vos chaussures pendant des ann\u00e9es. Investissez dans une paire de <b>Mocassins classiques en cuir pour hommes<\/b> qui sont construits pour durer et con\u00e7us pour impressionner.<\/p>\n<p><h3>L'essentiel de votre garde-robe : Mocassins classiques en cuir pour hommes<\/h3>\n<\/p>\n<p>Disponibles en noir essentiel et en brun riche, ces <b>Mocassins classiques en cuir pour hommes<\/b> sont parfaitement adapt\u00e9es \u00e0 un large \u00e9ventail de tenues. Associez-les \u00e0 un pantalon de tailleur pour un look de bureau \u00e9l\u00e9gant, \u00e0 un pantalon chino pour un ensemble d\u00e9contract\u00e9, ou m\u00eame \u00e0 un jean fonc\u00e9 pour un style sophistiqu\u00e9 le week-end. Leur conception adaptable en fait un compl\u00e9ment indispensable \u00e0 la collection de chaussures de tout homme, qui passe facilement d'un cadre formel \u00e0 des rencontres sociales d\u00e9contract\u00e9es.<\/p>\n<p>Nous proposons une gamme compl\u00e8te de tailles allant du 39 au 45, garantissant un ajustement parfait pour chaque client.<\/p>\n<p>Pour les d\u00e9taillants et les entreprises, ces <b>Mocassins classiques en cuir pour hommes<\/b> sont disponibles \u00e0 l'achat en gros avec une commande minimum de 8 paires. Avec un d\u00e9lai de livraison de seulement 12 jours plus les frais d'exp\u00e9dition, vous pouvez rapidement approvisionner votre stock avec un produit qui promet la satisfaction du client. Offrez \u00e0 vos clients le confort sup\u00e9rieur et le style durable de ces chaussures exceptionnelles. <b>Mocassins classiques en cuir pour hommes<\/b> et les voir devenir des best-sellers.<\/p>\n<p>D\u00e9couvrez d\u00e8s aujourd'hui le m\u00e9lange parfait de tradition et d'\u00e9l\u00e9gance moderne.<\/p>","protected":false},"excerpt":{"rendered":"<ul>\n<li><b>Ext\u00e9rieur :<\/b> Cuir de veau de premi\u00e8re qualit\u00e9 pour une finition raffin\u00e9e.<\/li>\n<li><b>Int\u00e9rieur :<\/b> Doublure en cuir de ch\u00e8vre souple et respirant pour un confort optimal.<\/li>\n<li><b>Semelle :<\/b> Semelle EVA l\u00e9g\u00e8re et durable.<\/li>\n<li><b>Hauteur du talon :<\/b> Hauteur classique d'un mocassin, 1-3 cm, pour une utilisation tout au long de la journ\u00e9e.<\/li>\n<li><b>Tailles disponibles :<\/b> 39, 40, 41, 42, 43, 44, 45.<\/li>\n<li><b>Disponibilit\u00e9 en gros :<\/b> Commande minimum de 8 paires.<\/li>\n<li><b>Livraison :<\/b> Exp\u00e9dition en 12 jours + d\u00e9lai de livraison standard.<\/li>\n<\/ul>","protected":false},"featured_media":3907,"template":"","meta":{"_acf_changed":false,"_uag_custom_page_level_css":"","site-sidebar-layout":"default","site-content-layout":"","ast-site-content-layout":"default","site-content-style":"default","site-sidebar-style":"default","ast-global-header-display":"","ast-banner-title-visibility":"","ast-main-header-display":"","ast-hfb-above-header-display":"","ast-hfb-below-header-display":"","ast-hfb-mobile-header-display":"","site-post-title":"","ast-breadcrumbs-content":"","ast-featured-img":"","footer-sml-layout":"","ast-disable-related-posts":"","theme-transparent-header-meta":"","adv-header-id-meta":"","stick-header-meta":"","header-above-stick-meta":"","header-main-stick-meta":"","header-below-stick-meta":"","astra-migrate-meta-layouts":"default","ast-page-background-enabled":"default","ast-page-background-meta":{"desktop":{"background-color":"var(--ast-global-color-4)","background-image":"","background-repeat":"repeat","background-position":"center center","background-size":"auto","background-attachment":"scroll","background-type":"","background-media":"","overlay-type":"","overlay-color":"","overlay-opacity":"","overlay-gradient":""},"tablet":{"background-color":"","background-image":"","background-repeat":"repeat","background-position":"center center","background-size":"auto","background-attachment":"scroll","background-type":"","background-media":"","overlay-type":"","overlay-color":"","overlay-opacity":"","overlay-gradient":""},"mobile":{"background-color":"","background-image":"","background-repeat":"repeat","background-position":"center center","background-size":"auto","background-attachment":"scroll","background-type":"","background-media":"","overlay-type":"","overlay-color":"","overlay-opacity":"","overlay-gradient":""}},"ast-content-background-meta":{"desktop":{"background-color":"var(--ast-global-color-5)","background-image":"","background-repeat":"repeat","background-position":"center center","background-size":"auto","background-attachment":"scroll","background-type":"","background-media":"","overlay-type":"","overlay-color":"","overlay-opacity":"","overlay-gradient":""},"tablet":{"background-color":"var(--ast-global-color-5)","background-image":"","background-repeat":"repeat","background-position":"center center","background-size":"auto","background-attachment":"scroll","background-type":"","background-media":"","overlay-type":"","overlay-color":"","overlay-opacity":"","overlay-gradient":""},"mobile":{"background-color":"var(--ast-global-color-5)","background-image":"","background-repeat":"repeat","background-position":"center center","background-size":"auto","background-attachment":"scroll","background-type":"","background-media":"","overlay-type":"","overlay-color":"","overlay-opacity":"","overlay-gradient":""}}},"product_brand":[],"product_cat":[48,47,49,430,40],"product_tag":[370,147,202,449,457,220,284,352,483,437,215,186,279,184,281],"class_list":{"0":"post-5836","1":"product","2":"type-product","3":"status-publish","4":"has-post-thumbnail","6":"product_cat-casual","7":"product_cat-classic","8":"product_cat-loafer","9":"product_cat-men","10":"product_cat-mens-shoes","11":"product_tag-black-loafers","12":"product_tag-brown-loafers","13":"product_tag-calf-leather","14":"product_tag-casual-shoes","15":"product_tag-classic-loafers","16":"product_tag-comfortable-loafers","17":"product_tag-dress-shoes","18":"product_tag-formal-loafers","19":"product_tag-fringe-loafers","20":"product_tag-goat-leather","21":"product_tag-leather-loafers","22":"product_tag-mens-loafers","23":"product_tag-penny-loafers","24":"product_tag-slip-on-shoes","25":"product_tag-wholesale-shoes","26":"desktop-align-center","27":"tablet-align-center","28":"mobile-align-center","30":"first","31":"instock","32":"shipping-taxable","33":"purchasable","34":"product-type-variable","35":"has-default-attributes"},"acf":[],"uagb_featured_image_src":{"full":["https:\/\/turkishtrade.co\/wp-content\/uploads\/2026\/01\/2400EJOMN00321-DARK-BROWN-X_78.png",453,250,false],"thumbnail":["https:\/\/turkishtrade.co\/wp-content\/uploads\/2026\/01\/2400EJOMN00321-DARK-BROWN-X_78-150x150.png",150,150,true],"medium":["https:\/\/turkishtrade.co\/wp-content\/uploads\/2026\/01\/2400EJOMN00321-DARK-BROWN-X_78-300x166.png",300,166,true],"medium_large":["https:\/\/turkishtrade.co\/wp-content\/uploads\/2026\/01\/2400EJOMN00321-DARK-BROWN-X_78.png",453,250,false],"large":["https:\/\/turkishtrade.co\/wp-content\/uploads\/2026\/01\/2400EJOMN00321-DARK-BROWN-X_78.png",453,250,false],"1536x1536":["https:\/\/turkishtrade.co\/wp-content\/uploads\/2026\/01\/2400EJOMN00321-DARK-BROWN-X_78.png",453,250,false],"2048x2048":["https:\/\/turkishtrade.co\/wp-content\/uploads\/2026\/01\/2400EJOMN00321-DARK-BROWN-X_78.png",453,250,false],"trp-custom-language-flag":["https:\/\/turkishtrade.co\/wp-content\/uploads\/2026\/01\/2400EJOMN00321-DARK-BROWN-X_78-18x10.png",18,10,true],"woocommerce_thumbnail":["https:\/\/turkishtrade.co\/wp-content\/uploads\/2026\/01\/2400EJOMN00321-DARK-BROWN-X_78-400x250.png",400,250,true],"woocommerce_single":["https:\/\/turkishtrade.co\/wp-content\/uploads\/2026\/01\/2400EJOMN00321-DARK-BROWN-X_78.png",453,250,false],"woocommerce_gallery_thumbnail":["https:\/\/turkishtrade.co\/wp-content\/uploads\/2026\/01\/2400EJOMN00321-DARK-BROWN-X_78-100x100.png",100,100,true]},"uagb_author_info":{"display_name":"yaser olabi","author_link":"https:\/\/turkishtrade.co\/fr\/author\/"},"uagb_comment_info":0,"uagb_excerpt":"Exterior: Premium Calf Leather for a refined finish. Interior: Soft and breathable Goat Leather lining for ultimate comfort. Sole: Lightweight and durable EVA sole. Heel Height: Classic loafer height, 1-3 cm for all-day wear. Sizes Available: 39, 40, 41, 42, 43, 44, 45. Wholesale Availability: Minimum order of 8 pairs. Delivery: Ships in 12 days\u2026","_links":{"self":[{"href":"https:\/\/turkishtrade.co\/fr\/wp-json\/wp\/v2\/product\/5836","targetHints":{"allow":["GET"]}}],"collection":[{"href":"https:\/\/turkishtrade.co\/fr\/wp-json\/wp\/v2\/product"}],"about":[{"href":"https:\/\/turkishtrade.co\/fr\/wp-json\/wp\/v2\/types\/product"}],"wp:featuredmedia":[{"embeddable":true,"href":"https:\/\/turkishtrade.co\/fr\/wp-json\/wp\/v2\/media\/3907"}],"wp:attachment":[{"href":"https:\/\/turkishtrade.co\/fr\/wp-json\/wp\/v2\/media?parent=5836"}],"wp:term":[{"taxonomy":"product_brand","embeddable":true,"href":"https:\/\/turkishtrade.co\/fr\/wp-json\/wp\/v2\/product_brand?post=5836"},{"taxonomy":"product_cat","embeddable":true,"href":"https:\/\/turkishtrade.co\/fr\/wp-json\/wp\/v2\/product_cat?post=5836"},{"taxonomy":"product_tag","embeddable":true,"href":"https:\/\/turkishtrade.co\/fr\/wp-json\/wp\/v2\/product_tag?post=5836"}],"curies":[{"name":"wp","href":"https:\/\/api.w.org\/{rel}","templated":true}]}}