{"id":5829,"date":"2026-01-14T13:21:38","date_gmt":"2026-01-14T13:21:38","guid":{"rendered":"https:\/\/turkishtrade.co\/product\/mens-navy-perforated-shoes\/"},"modified":"2026-04-09T19:22:48","modified_gmt":"2026-04-09T19:22:48","slug":"mens-navy-perforated-shoes","status":"publish","type":"product","link":"https:\/\/turkishtrade.co\/fr\/shop\/mens-navy-perforated-shoes\/","title":{"rendered":"Chaussures derby d\u00e9contract\u00e9es en cuir perfor\u00e9 pour hommes, bleu marine"},"content":{"rendered":"<p><strong>Chaussures perfor\u00e9es pour hommes, bleu marine<\/strong><\/p>\n<p>\u00c9levez votre collection de chaussures gr\u00e2ce \u00e0 nos chaussures exquises. <strong>Chaussures perfor\u00e9es pour hommes, bleu marine<\/strong>, Ces chaussures ont \u00e9t\u00e9 con\u00e7ues pour le gentleman moderne qui appr\u00e9cie \u00e0 la fois le style et le confort. Ces chaussures derby sophistiqu\u00e9es t\u00e9moignent d'un savoir-faire sup\u00e9rieur, alliant une esth\u00e9tique classique \u00e0 des d\u00e9tails contemporains. Fabriqu\u00e9es en cuir de veau de premi\u00e8re qualit\u00e9 pour l'ext\u00e9rieur, la riche teinte marine compl\u00e8te le motif perfor\u00e9 complexe, offrant une respirabilit\u00e9 et un attrait visuel distinctif qui caract\u00e9rise ces chaussures. <strong>Chaussures perfor\u00e9es pour hommes, bleu marine<\/strong> en dehors de l'ordinaire.<\/p>\n<p><h3>Un confort et une qualit\u00e9 in\u00e9gal\u00e9s<\/h3>\n<\/p>\n<p>Profitez d'un confort in\u00e9gal\u00e9 \u00e0 chaque pas, gr\u00e2ce au luxueux cuir de ch\u00e8vre qui tapisse l'int\u00e9rieur. Connu pour sa douceur et sa respirabilit\u00e9 exceptionnelles, le cuir de ch\u00e8vre assure \u00e0 vos pieds confort et fra\u00eecheur tout au long de la journ\u00e9e. <strong>Chaussures perfor\u00e9es pour hommes, bleu marine<\/strong> parfaites pour une utilisation prolong\u00e9e. La semelle en EVA, \u00e0 la fois l\u00e9g\u00e8re et durable, offre un amorti et un soutien excellents, associ\u00e9s \u00e0 une hauteur de talon classique de 1 \u00e0 3 cm pour une \u00e9l\u00e9vation subtile sans compromettre la stabilit\u00e9.<\/p>\n<p>Cette combinaison m\u00e9ticuleuse de mat\u00e9riaux de haute qualit\u00e9 garantit une chaussure qui n'a pas seulement un aspect exceptionnel, mais aussi une sensation incroyable, offrant un confort et un style durables.<\/p>\n<p><h3>Un style polyvalent pour toutes les occasions<\/h3>\n<\/p>\n<p>Notre <strong>Chaussures perfor\u00e9es pour hommes, bleu marine<\/strong> sont incroyablement polyvalents et passent sans probl\u00e8me d'une tenue de bureau d\u00e9contract\u00e9e \u00e0 des sorties d\u00e9contract\u00e9es le week-end. Associez-les \u00e0 un pantalon de tailleur pour un look professionnel d\u00e9contract\u00e9, ou habillez-les d'un pantalon chino ou d'un jean de premi\u00e8re qualit\u00e9 pour un ensemble chic sans effort. La silhouette derby intemporelle, associ\u00e9e au design perfor\u00e9 moderne, fait de ces chaussures un \u00e9l\u00e9ment essentiel de la garde-robe de tout homme soucieux de la mode.<\/p>\n<p>Nous proposons une gamme compl\u00e8te de tailles allant du 39 au 45, ce qui permet \u00e0 chaque client exigeant de trouver la taille id\u00e9ale pour ces produits \u00e9l\u00e9gants. <strong>Chaussures perfor\u00e9es pour hommes, bleu marine<\/strong>.<\/p>\n<p><h3>Opportunit\u00e9 de vente en gros pour les entreprises<\/h3>\n<\/p>\n<p>Pour les d\u00e9taillants et les entreprises qui souhaitent proposer des chaussures de haute qualit\u00e9 et tr\u00e8s demand\u00e9es, ces <strong>Chaussures perfor\u00e9es pour hommes, bleu marine<\/strong> sont disponibles \u00e0 l'achat en gros. Avec une quantit\u00e9 minimale de commande de seulement 8 paires, vous pouvez facilement vous approvisionner dans ce style populaire et r\u00e9pondre \u00e0 la demande des clients. Nous garantissons un processus rapide et efficace, avec une livraison g\u00e9n\u00e9ralement sous 12 jours, plus le temps d'exp\u00e9dition standard.<\/p>\n<p>Ajouter ces primes <strong>Chaussures perfor\u00e9es pour hommes, bleu marine<\/strong> \u00e0 votre inventaire et offrez \u00e0 vos clients un m\u00e9lange de luxe, de confort et de style durable qu'ils appr\u00e9cieront vraiment.<\/p>","protected":false},"excerpt":{"rendered":"<ul>\n<li>Ext\u00e9rieur en cuir de veau bleu marine avec un \u00e9l\u00e9gant design perfor\u00e9<\/li>\n<li>Int\u00e9rieur en cuir de ch\u00e8vre souple et respirant pour un confort tout au long de la journ\u00e9e<\/li>\n<li>Semelle l\u00e9g\u00e8re en EVA offrant une grande durabilit\u00e9 et une hauteur de talon classique de 1 \u00e0 3 cm.<\/li>\n<li>Chaussures polyvalentes, id\u00e9ales pour les tenues d\u00e9contract\u00e9es et \u00e9l\u00e9gantes.<\/li>\n<li>Disponible dans une large gamme de tailles : 39, 40, 41, 42, 43, 44, 45<\/li>\n<li><strong>D\u00e9tails de la commande en gros : Quantit\u00e9 minimale de commande de 8 paires. Livraison g\u00e9n\u00e9ralement dans les 12 jours + frais de port.<\/strong><\/li>\n<\/ul>","protected":false},"featured_media":3902,"template":"","meta":{"_acf_changed":false,"_uag_custom_page_level_css":"","site-sidebar-layout":"default","site-content-layout":"","ast-site-content-layout":"default","site-content-style":"default","site-sidebar-style":"default","ast-global-header-display":"","ast-banner-title-visibility":"","ast-main-header-display":"","ast-hfb-above-header-display":"","ast-hfb-below-header-display":"","ast-hfb-mobile-header-display":"","site-post-title":"","ast-breadcrumbs-content":"","ast-featured-img":"","footer-sml-layout":"","ast-disable-related-posts":"","theme-transparent-header-meta":"","adv-header-id-meta":"","stick-header-meta":"","header-above-stick-meta":"","header-main-stick-meta":"","header-below-stick-meta":"","astra-migrate-meta-layouts":"default","ast-page-background-enabled":"default","ast-page-background-meta":{"desktop":{"background-color":"var(--ast-global-color-4)","background-image":"","background-repeat":"repeat","background-position":"center center","background-size":"auto","background-attachment":"scroll","background-type":"","background-media":"","overlay-type":"","overlay-color":"","overlay-opacity":"","overlay-gradient":""},"tablet":{"background-color":"","background-image":"","background-repeat":"repeat","background-position":"center center","background-size":"auto","background-attachment":"scroll","background-type":"","background-media":"","overlay-type":"","overlay-color":"","overlay-opacity":"","overlay-gradient":""},"mobile":{"background-color":"","background-image":"","background-repeat":"repeat","background-position":"center center","background-size":"auto","background-attachment":"scroll","background-type":"","background-media":"","overlay-type":"","overlay-color":"","overlay-opacity":"","overlay-gradient":""}},"ast-content-background-meta":{"desktop":{"background-color":"var(--ast-global-color-5)","background-image":"","background-repeat":"repeat","background-position":"center center","background-size":"auto","background-attachment":"scroll","background-type":"","background-media":"","overlay-type":"","overlay-color":"","overlay-opacity":"","overlay-gradient":""},"tablet":{"background-color":"var(--ast-global-color-5)","background-image":"","background-repeat":"repeat","background-position":"center center","background-size":"auto","background-attachment":"scroll","background-type":"","background-media":"","overlay-type":"","overlay-color":"","overlay-opacity":"","overlay-gradient":""},"mobile":{"background-color":"var(--ast-global-color-5)","background-image":"","background-repeat":"repeat","background-position":"center center","background-size":"auto","background-attachment":"scroll","background-type":"","background-media":"","overlay-type":"","overlay-color":"","overlay-opacity":"","overlay-gradient":""}}},"product_brand":[],"product_cat":[48,47,49,430,40],"product_tag":[646,566,1062,272,438,556,1060,397,1061,380,1063,281],"class_list":{"0":"post-5829","1":"product","2":"type-product","3":"status-publish","4":"has-post-thumbnail","6":"product_cat-casual","7":"product_cat-classic","8":"product_cat-loafer","9":"product_cat-men","10":"product_cat-mens-shoes","11":"product_tag-blue-shoes","12":"product_tag-calfskin-shoes","13":"product_tag-casual-derby-shoes","14":"product_tag-comfort-shoes","15":"product_tag-eva-sole","16":"product_tag-goatskin-lining","17":"product_tag-mens-navy-perforated-shoes","18":"product_tag-navy-leather-shoes","19":"product_tag-perforated-derby","20":"product_tag-smart-casual-footwear","21":"product_tag-turkish-trade-shoes","22":"product_tag-wholesale-shoes","23":"desktop-align-center","24":"tablet-align-center","25":"mobile-align-center","27":"first","28":"instock","29":"shipping-taxable","30":"purchasable","31":"product-type-variable","32":"has-default-attributes"},"acf":[],"uagb_featured_image_src":{"full":["https:\/\/turkishtrade.co\/wp-content\/uploads\/2026\/01\/2400EJOMN00307-DARK-BLUE-X_7805-3USD.png",453,250,false],"thumbnail":["https:\/\/turkishtrade.co\/wp-content\/uploads\/2026\/01\/2400EJOMN00307-DARK-BLUE-X_7805-3USD-150x150.png",150,150,true],"medium":["https:\/\/turkishtrade.co\/wp-content\/uploads\/2026\/01\/2400EJOMN00307-DARK-BLUE-X_7805-3USD-300x166.png",300,166,true],"medium_large":["https:\/\/turkishtrade.co\/wp-content\/uploads\/2026\/01\/2400EJOMN00307-DARK-BLUE-X_7805-3USD.png",453,250,false],"large":["https:\/\/turkishtrade.co\/wp-content\/uploads\/2026\/01\/2400EJOMN00307-DARK-BLUE-X_7805-3USD.png",453,250,false],"1536x1536":["https:\/\/turkishtrade.co\/wp-content\/uploads\/2026\/01\/2400EJOMN00307-DARK-BLUE-X_7805-3USD.png",453,250,false],"2048x2048":["https:\/\/turkishtrade.co\/wp-content\/uploads\/2026\/01\/2400EJOMN00307-DARK-BLUE-X_7805-3USD.png",453,250,false],"trp-custom-language-flag":["https:\/\/turkishtrade.co\/wp-content\/uploads\/2026\/01\/2400EJOMN00307-DARK-BLUE-X_7805-3USD-18x10.png",18,10,true],"woocommerce_thumbnail":["https:\/\/turkishtrade.co\/wp-content\/uploads\/2026\/01\/2400EJOMN00307-DARK-BLUE-X_7805-3USD-400x250.png",400,250,true],"woocommerce_single":["https:\/\/turkishtrade.co\/wp-content\/uploads\/2026\/01\/2400EJOMN00307-DARK-BLUE-X_7805-3USD.png",453,250,false],"woocommerce_gallery_thumbnail":["https:\/\/turkishtrade.co\/wp-content\/uploads\/2026\/01\/2400EJOMN00307-DARK-BLUE-X_7805-3USD-100x100.png",100,100,true]},"uagb_author_info":{"display_name":"yaser olabi","author_link":"https:\/\/turkishtrade.co\/fr\/author\/"},"uagb_comment_info":0,"uagb_excerpt":"Stylish navy calfskin leather exterior with elegant perforated design Soft and breathable goatskin leather interior for all-day comfort Lightweight EVA sole offering durability and a classic 1-3 cm heel height Versatile footwear, ideal for casual and smart-casual wear Available in a wide range of sizes: 39, 40, 41, 42, 43, 44, 45 Wholesale Order Details:\u2026","_links":{"self":[{"href":"https:\/\/turkishtrade.co\/fr\/wp-json\/wp\/v2\/product\/5829","targetHints":{"allow":["GET"]}}],"collection":[{"href":"https:\/\/turkishtrade.co\/fr\/wp-json\/wp\/v2\/product"}],"about":[{"href":"https:\/\/turkishtrade.co\/fr\/wp-json\/wp\/v2\/types\/product"}],"wp:featuredmedia":[{"embeddable":true,"href":"https:\/\/turkishtrade.co\/fr\/wp-json\/wp\/v2\/media\/3902"}],"wp:attachment":[{"href":"https:\/\/turkishtrade.co\/fr\/wp-json\/wp\/v2\/media?parent=5829"}],"wp:term":[{"taxonomy":"product_brand","embeddable":true,"href":"https:\/\/turkishtrade.co\/fr\/wp-json\/wp\/v2\/product_brand?post=5829"},{"taxonomy":"product_cat","embeddable":true,"href":"https:\/\/turkishtrade.co\/fr\/wp-json\/wp\/v2\/product_cat?post=5829"},{"taxonomy":"product_tag","embeddable":true,"href":"https:\/\/turkishtrade.co\/fr\/wp-json\/wp\/v2\/product_tag?post=5829"}],"curies":[{"name":"wp","href":"https:\/\/api.w.org\/{rel}","templated":true}]}}