{"id":5824,"date":"2026-01-14T13:20:53","date_gmt":"2026-01-14T13:20:53","guid":{"rendered":"https:\/\/turkishtrade.co\/product\/mens-brown-leather-casual-shoes\/"},"modified":"2026-04-09T19:22:57","modified_gmt":"2026-04-09T19:22:57","slug":"mens-brown-leather-casual-shoes","status":"publish","type":"product","link":"https:\/\/turkishtrade.co\/fr\/shop\/mens-brown-leather-casual-shoes\/","title":{"rendered":"Chaussures classiques en cuir marron pour hommes"},"content":{"rendered":"<p><strong>Chaussures d\u00e9contract\u00e9es en cuir marron pour hommes<\/strong><\/p>\n<p>\u00c9levez votre style de tous les jours gr\u00e2ce \u00e0 notre exquise <strong>Chaussures d\u00e9contract\u00e9es en cuir marron pour hommes<\/strong>. M\u00e9ticuleusement con\u00e7ues pour l'homme moderne, ces chaussures allient un design classique \u00e0 un confort in\u00e9gal\u00e9, ce qui en fait un \u00e9l\u00e9ment essentiel de toute garde-robe. Nos <strong>Chaussures d\u00e9contract\u00e9es en cuir marron pour hommes<\/strong> ne sont pas seulement des chaussures ; elles sont une d\u00e9claration de sophistication et de praticit\u00e9, id\u00e9ale pour diverses occasions.<\/p>\n<p><h3>Une qualit\u00e9 et un savoir-faire in\u00e9gal\u00e9s<\/h3>\n<\/p>\n<p>Chaque paire de ces superbes <strong>Chaussures d\u00e9contract\u00e9es en cuir marron pour hommes<\/strong> est dot\u00e9e d'une surface ext\u00e9rieure en cuir de veau de premi\u00e8re qualit\u00e9 et durable. Ce choix de mat\u00e9riau garantit une texture riche et souple qui se moule \u00e0 votre pied au fil du temps, promettant \u00e0 la fois long\u00e9vit\u00e9 et \u00e9l\u00e9gance. L'attention m\u00e9ticuleuse port\u00e9e aux d\u00e9tails des coutures et des finitions met en \u00e9vidence le savoir-faire artisanal sup\u00e9rieur investi dans chaque chaussure.<\/p>\n<p>En compl\u00e9ment de l'ext\u00e9rieur robuste, la doublure int\u00e9rieure est fabriqu\u00e9e en cuir de ch\u00e8vre souple et respirant, offrant un confort exceptionnel et une sensation de luxe sur la peau. Cette combinaison intelligente de cuirs de haute qualit\u00e9 garantit le confort et l'a\u00e9ration de vos pieds, m\u00eame en cas de port prolong\u00e9.<\/p>\n<p><h3>Con\u00e7u pour le confort et la polyvalence<\/h3>\n<\/p>\n<p>La base de ces incroyables <strong>Chaussures d\u00e9contract\u00e9es en cuir marron pour hommes<\/strong> est une semelle EVA \u00e0 la fois l\u00e9g\u00e8re et r\u00e9sistante. Con\u00e7ue pour une absorption des chocs et une flexibilit\u00e9 maximales, la semelle EVA offre un confort et un soutien sup\u00e9rieurs, ce qui rend ces chaussures parfaites pour un usage quotidien, que vous naviguiez dans les rues anim\u00e9es de la ville ou que vous profitiez d'une sortie d\u00e9contract\u00e9e le week-end.<\/p>\n<p>Le talon, d'une hauteur classique de 1 \u00e0 3 cm, offre une \u00e9l\u00e9vation subtile sans compromettre la stabilit\u00e9 ou le confort. Avec leur design \u00e0 lacets intemporel et leur teinte marron riche et polyvalente, ces chaussures \u00e0 lacets sont tr\u00e8s pratiques. <strong>Chaussures d\u00e9contract\u00e9es en cuir marron pour hommes<\/strong> Ils passent sans probl\u00e8me d'un environnement de bureau d\u00e9contract\u00e9 \u00e0 des rencontres sociales, s'associant sans effort \u00e0 des jeans, des chinos ou des pantalons \u00e9l\u00e9gants pour un look \u00e0 la fois \u00e9l\u00e9gant et d\u00e9contract\u00e9.<\/p>\n<p><h3>Tailles et possibilit\u00e9s de vente en gros<\/h3>\n<\/p>\n<p>Nous comprenons l'importance d'un ajustement parfait, c'est pourquoi nos <strong>Chaussures d\u00e9contract\u00e9es en cuir marron pour hommes<\/strong> sont disponibles dans une large gamme de tailles allant de 39 \u00e0 45. Nous sommes fiers d'offrir ces produits de haute qualit\u00e9. <strong>Chaussures d\u00e9contract\u00e9es en cuir marron pour hommes<\/strong> pour la vente en gros. Pour les entreprises qui souhaitent stocker des chaussures exceptionnelles, fabriqu\u00e9es \u00e0 la main, nous demandons une commande minimum de 8 paires.<\/p>\n<p>Des informations d\u00e9taill\u00e9es sur les prix sont disponibles sur demande, offrant un excellent rapport qualit\u00e9-prix pour un travail de qualit\u00e9 sup\u00e9rieure et un style durable. Choisissez notre <strong>Chaussures d\u00e9contract\u00e9es en cuir marron pour hommes<\/strong> et d\u00e9couvrez la fusion parfaite de la tradition, du confort et de l'\u00e9l\u00e9gance contemporaine.<\/p>","protected":false},"excerpt":{"rendered":"<ul>\n<li>Fabriqu\u00e9 \u00e0 la main avec une tige en cuir de veau v\u00e9ritable et une doublure en cuir de ch\u00e8vre souple.<\/li>\n<li>Semelle EVA confortable et l\u00e9g\u00e8re pour une utilisation tout au long de la journ\u00e9e.<\/li>\n<li>Mod\u00e8le classique \u00e0 lacets, parfait pour un style polyvalent dans des contextes d\u00e9contract\u00e9s et semi-formels.<\/li>\n<li>Disponible dans une large gamme de tailles allant de 39 \u00e0 45 pour un ajustement optimal.<\/li>\n<li><strong>Commande minimum de 8 paires<\/strong> disponible pour les partenaires grossistes.<\/li>\n<li>Des informations sur les prix de gros sont disponibles sur demande.<\/li>\n<\/ul>","protected":false},"featured_media":3898,"template":"","meta":{"_acf_changed":false,"_uag_custom_page_level_css":"","site-sidebar-layout":"default","site-content-layout":"","ast-site-content-layout":"default","site-content-style":"default","site-sidebar-style":"default","ast-global-header-display":"","ast-banner-title-visibility":"","ast-main-header-display":"","ast-hfb-above-header-display":"","ast-hfb-below-header-display":"","ast-hfb-mobile-header-display":"","site-post-title":"","ast-breadcrumbs-content":"","ast-featured-img":"","footer-sml-layout":"","ast-disable-related-posts":"","theme-transparent-header-meta":"","adv-header-id-meta":"","stick-header-meta":"","header-above-stick-meta":"","header-main-stick-meta":"","header-below-stick-meta":"","astra-migrate-meta-layouts":"default","ast-page-background-enabled":"default","ast-page-background-meta":{"desktop":{"background-color":"var(--ast-global-color-4)","background-image":"","background-repeat":"repeat","background-position":"center center","background-size":"auto","background-attachment":"scroll","background-type":"","background-media":"","overlay-type":"","overlay-color":"","overlay-opacity":"","overlay-gradient":""},"tablet":{"background-color":"","background-image":"","background-repeat":"repeat","background-position":"center center","background-size":"auto","background-attachment":"scroll","background-type":"","background-media":"","overlay-type":"","overlay-color":"","overlay-opacity":"","overlay-gradient":""},"mobile":{"background-color":"","background-image":"","background-repeat":"repeat","background-position":"center center","background-size":"auto","background-attachment":"scroll","background-type":"","background-media":"","overlay-type":"","overlay-color":"","overlay-opacity":"","overlay-gradient":""}},"ast-content-background-meta":{"desktop":{"background-color":"var(--ast-global-color-5)","background-image":"","background-repeat":"repeat","background-position":"center center","background-size":"auto","background-attachment":"scroll","background-type":"","background-media":"","overlay-type":"","overlay-color":"","overlay-opacity":"","overlay-gradient":""},"tablet":{"background-color":"var(--ast-global-color-5)","background-image":"","background-repeat":"repeat","background-position":"center center","background-size":"auto","background-attachment":"scroll","background-type":"","background-media":"","overlay-type":"","overlay-color":"","overlay-opacity":"","overlay-gradient":""},"mobile":{"background-color":"var(--ast-global-color-5)","background-image":"","background-repeat":"repeat","background-position":"center center","background-size":"auto","background-attachment":"scroll","background-type":"","background-media":"","overlay-type":"","overlay-color":"","overlay-opacity":"","overlay-gradient":""}}},"product_brand":[],"product_cat":[48,47,49,430,40],"product_tag":[292,513,202,449,754,222,212,438,437,450,1059,318,281],"class_list":{"0":"post-5824","1":"product","2":"type-product","3":"status-publish","4":"has-post-thumbnail","6":"product_cat-casual","7":"product_cat-classic","8":"product_cat-loafer","9":"product_cat-men","10":"product_cat-mens-shoes","11":"product_tag-brown-leather-shoes","12":"product_tag-business-casual-shoes","13":"product_tag-calf-leather","14":"product_tag-casual-shoes","15":"product_tag-classic-mens-shoes","16":"product_tag-comfortable-shoes","17":"product_tag-derby-shoes","18":"product_tag-eva-sole","19":"product_tag-goat-leather","20":"product_tag-handcrafted-shoes","21":"product_tag-leather-lace-ups","22":"product_tag-moc-toe-shoes","23":"product_tag-wholesale-shoes","24":"desktop-align-center","25":"tablet-align-center","26":"mobile-align-center","28":"first","29":"instock","30":"shipping-taxable","31":"purchasable","32":"product-type-variable","33":"has-default-attributes"},"acf":[],"uagb_featured_image_src":{"full":["https:\/\/turkishtrade.co\/wp-content\/uploads\/2026\/01\/2400EJOMN00300-BROWN-DKS_303-1-usd.png",453,250,false],"thumbnail":["https:\/\/turkishtrade.co\/wp-content\/uploads\/2026\/01\/2400EJOMN00300-BROWN-DKS_303-1-usd.png",150,83,false],"medium":["https:\/\/turkishtrade.co\/wp-content\/uploads\/2026\/01\/2400EJOMN00300-BROWN-DKS_303-1-usd.png",300,166,false],"medium_large":["https:\/\/turkishtrade.co\/wp-content\/uploads\/2026\/01\/2400EJOMN00300-BROWN-DKS_303-1-usd.png",453,250,false],"large":["https:\/\/turkishtrade.co\/wp-content\/uploads\/2026\/01\/2400EJOMN00300-BROWN-DKS_303-1-usd.png",453,250,false],"1536x1536":["https:\/\/turkishtrade.co\/wp-content\/uploads\/2026\/01\/2400EJOMN00300-BROWN-DKS_303-1-usd.png",453,250,false],"2048x2048":["https:\/\/turkishtrade.co\/wp-content\/uploads\/2026\/01\/2400EJOMN00300-BROWN-DKS_303-1-usd.png",453,250,false],"trp-custom-language-flag":["https:\/\/turkishtrade.co\/wp-content\/uploads\/2026\/01\/2400EJOMN00300-BROWN-DKS_303-1-usd.png",18,10,false],"woocommerce_thumbnail":["https:\/\/turkishtrade.co\/wp-content\/uploads\/2026\/01\/2400EJOMN00300-BROWN-DKS_303-1-usd-400x250.png",400,250,true],"woocommerce_single":["https:\/\/turkishtrade.co\/wp-content\/uploads\/2026\/01\/2400EJOMN00300-BROWN-DKS_303-1-usd.png",453,250,false],"woocommerce_gallery_thumbnail":["https:\/\/turkishtrade.co\/wp-content\/uploads\/2026\/01\/2400EJOMN00300-BROWN-DKS_303-1-usd-100x100.png",100,100,true]},"uagb_author_info":{"display_name":"yaser olabi","author_link":"https:\/\/turkishtrade.co\/fr\/author\/"},"uagb_comment_info":0,"uagb_excerpt":"Handcrafted from genuine calf leather upper and soft goat leather lining. Features a comfortable and lightweight EVA sole for all-day wear. Classic lace-up design, perfect for versatile styling in casual and semi-formal settings. Available in a wide range of sizes from 39 to 45 for an optimal fit. Minimum order of 8 pairs available for\u2026","_links":{"self":[{"href":"https:\/\/turkishtrade.co\/fr\/wp-json\/wp\/v2\/product\/5824","targetHints":{"allow":["GET"]}}],"collection":[{"href":"https:\/\/turkishtrade.co\/fr\/wp-json\/wp\/v2\/product"}],"about":[{"href":"https:\/\/turkishtrade.co\/fr\/wp-json\/wp\/v2\/types\/product"}],"wp:featuredmedia":[{"embeddable":true,"href":"https:\/\/turkishtrade.co\/fr\/wp-json\/wp\/v2\/media\/3898"}],"wp:attachment":[{"href":"https:\/\/turkishtrade.co\/fr\/wp-json\/wp\/v2\/media?parent=5824"}],"wp:term":[{"taxonomy":"product_brand","embeddable":true,"href":"https:\/\/turkishtrade.co\/fr\/wp-json\/wp\/v2\/product_brand?post=5824"},{"taxonomy":"product_cat","embeddable":true,"href":"https:\/\/turkishtrade.co\/fr\/wp-json\/wp\/v2\/product_cat?post=5824"},{"taxonomy":"product_tag","embeddable":true,"href":"https:\/\/turkishtrade.co\/fr\/wp-json\/wp\/v2\/product_tag?post=5824"}],"curies":[{"name":"wp","href":"https:\/\/api.w.org\/{rel}","templated":true}]}}