{"id":5822,"date":"2026-01-14T13:20:29","date_gmt":"2026-01-14T13:20:29","guid":{"rendered":"https:\/\/turkishtrade.co\/product\/classic-black-leather-loafers\/"},"modified":"2026-04-09T19:23:00","modified_gmt":"2026-04-09T19:23:00","slug":"classic-black-leather-loafers","status":"publish","type":"product","link":"https:\/\/turkishtrade.co\/fr\/shop\/classic-black-leather-loafers\/","title":{"rendered":"Premium Black Leather Chunky Penny Loafers pour hommes"},"content":{"rendered":"<p><strong>mocassins classiques en cuir noir<\/strong><\/p>\n<p>Entrez dans une sophistication intemporelle avec notre <b>mocassins classiques en cuir noir<\/b>, Ces mocassins sont con\u00e7us pour l'homme moderne qui appr\u00e9cie \u00e0 la fois le style et le confort. Ces mocassins haut de gamme pour homme allient un design traditionnel \u00e0 une touche contemporaine, ce qui en fait un compl\u00e9ment indispensable \u00e0 toute garde-robe. Fabriqu\u00e9s avec une attention m\u00e9ticuleuse aux d\u00e9tails, ces mocassins de qualit\u00e9 sup\u00e9rieure pour homme allient un design traditionnel \u00e0 une touche contemporaine. <b>mocassins classiques en cuir noir<\/b> promettent non seulement un look \u00e9l\u00e9gant, mais aussi une durabilit\u00e9 et un confort in\u00e9gal\u00e9s pour un usage quotidien.<\/p>\n<p>La fusion parfaite de l'attrait classique et du design moderne et robuste avec ces produits essentiels. <b>mocassins classiques en cuir noir<\/b>.<\/p>\n<p><h3>Un savoir-faire in\u00e9gal\u00e9 et des mat\u00e9riaux de premi\u00e8re qualit\u00e9<\/h3>\n<\/p>\n<p>Chaque paire de ces mocassins exquis pr\u00e9sente un ext\u00e9rieur fabriqu\u00e9 \u00e0 partir du meilleur cuir de veau v\u00e9ritable, connu pour sa texture lisse, son \u00e9lasticit\u00e9 et son toucher luxueux. L'int\u00e9rieur est doubl\u00e9 de cuir de ch\u00e8vre souple, garantissant une exp\u00e9rience respirante et incroyablement confortable d\u00e8s que vous les enfilez. Cette combinaison judicieuse de cuirs de qualit\u00e9 sup\u00e9rieure offre \u00e0 la fois une esth\u00e9tique raffin\u00e9e et une qualit\u00e9 durable, ce qui conf\u00e8re \u00e0 ces chaussures un caract\u00e8re unique. <b>mocassins classiques en cuir noir<\/b> \u00e0 part.<\/p>\n<p>La caract\u00e9ristique principale de ces <b>mocassins classiques en cuir noir<\/b> est leur semelle EVA, \u00e0 la fois robuste et l\u00e9g\u00e8re. Ce mat\u00e9riau innovant offre un amorti et une absorption des chocs sup\u00e9rieurs, faisant de chaque pas un plaisir. Avec un talon subtil de 1 \u00e0 3 cm, ces chunky penny loafers procurent une \u00e9l\u00e9vation confortable sans compromettre la stabilit\u00e9, ce qui est parfait pour les p\u00e9riodes prolong\u00e9es de station debout ou de marche.<\/p>\n<p><h3>Un style polyvalent pour toutes les occasions<\/h3>\n<\/p>\n<p>Le design de ces chunky penny loafers pour hommes comble sans effort le foss\u00e9 entre l'\u00e9l\u00e9gance classique et le chic d\u00e9contract\u00e9. Que vous vous habilliez pour une r\u00e9union d'affaires d\u00e9contract\u00e9e, un brunch le week-end ou une soir\u00e9e, ces <b>mocassins classiques en cuir noir<\/b> sont incroyablement polyvalents. Ils s'associent parfaitement avec des pantalons de tailleur, des chinos ou m\u00eame des jeans fonc\u00e9s, offrant une finition soign\u00e9e \u00e0 tout ensemble.<\/p>\n<p>Le d\u00e9tail de la fente traditionnelle sur l'empeigne ajoute une touche de style patrimonial, tandis que la semelle \u00e9paisse contemporaine apporte une touche de fra\u00eecheur et de modernit\u00e9. <b>mocassins classiques en cuir noir<\/b> un v\u00e9ritable essentiel de la garde-robe.<\/p>\n<p><h3>Opportunit\u00e9 de vente en gros de chaussures de qualit\u00e9<\/h3>\n<\/p>\n<p>Nous comprenons les besoins de nos partenaires grossistes et proposons ces produits de haute qualit\u00e9. <b>mocassins classiques en cuir noir<\/b> avec une quantit\u00e9 minimale de commande de 8 paires seulement. Notre processus de production efficace garantit que votre commande sera pr\u00eate \u00e0 \u00eatre exp\u00e9di\u00e9e dans un d\u00e9lai de 12 jours, suivi des d\u00e9lais d'exp\u00e9dition standard. Investissez dans ces <b>mocassins classiques en cuir noir<\/b> et offrez \u00e0 vos clients une option de chaussures qui combine un savoir-faire sup\u00e9rieur, un confort ultime et un style intemporel.<\/p>\n<p>Disponibles dans une large gamme de tailles allant de 39 \u00e0 45 (EU), ces mocassins sont en passe de devenir un \u00e9l\u00e9ment essentiel de toute collection de chaussures haut de gamme.<\/p>","protected":false},"excerpt":{"rendered":"<ul>\n<li><b>Mat\u00e9riaux de premi\u00e8re qualit\u00e9 :<\/b> Fabriqu\u00e9 de mani\u00e8re experte avec un ext\u00e9rieur en cuir de veau v\u00e9ritable et un int\u00e9rieur en cuir de ch\u00e8vre doux et perm\u00e9able \u00e0 l'air.<\/li>\n<li><b>Confort et durabilit\u00e9 :<\/b> Semelle EVA l\u00e9g\u00e8re et amortissante pour une utilisation tout au long de la journ\u00e9e.<\/li>\n<li><b>Design classique :<\/b> Mocassins intemporels avec un talon moderne et confortable de 1 \u00e0 3 cm.<\/li>\n<li><b>Large gamme de tailles :<\/b> Disponible en tailles 39, 40, 41, 42, 43, 44, 45 (UE).<\/li>\n<li><b>Disponibilit\u00e9 en vrac :<\/b> Quantit\u00e9 minimale de commande de 8 paires.<\/li>\n<li><b>Livraison efficace :<\/b> Production et exp\u00e9dition sous 12 jours, plus le d\u00e9lai d'exp\u00e9dition standard.<\/li>\n<\/ul>","protected":false},"featured_media":3897,"template":"","meta":{"_acf_changed":false,"_uag_custom_page_level_css":"","site-sidebar-layout":"default","site-content-layout":"","ast-site-content-layout":"default","site-content-style":"default","site-sidebar-style":"default","ast-global-header-display":"","ast-banner-title-visibility":"","ast-main-header-display":"","ast-hfb-above-header-display":"","ast-hfb-below-header-display":"","ast-hfb-mobile-header-display":"","site-post-title":"","ast-breadcrumbs-content":"","ast-featured-img":"","footer-sml-layout":"","ast-disable-related-posts":"","theme-transparent-header-meta":"","adv-header-id-meta":"","stick-header-meta":"","header-above-stick-meta":"","header-main-stick-meta":"","header-below-stick-meta":"","astra-migrate-meta-layouts":"default","ast-page-background-enabled":"default","ast-page-background-meta":{"desktop":{"background-color":"var(--ast-global-color-4)","background-image":"","background-repeat":"repeat","background-position":"center center","background-size":"auto","background-attachment":"scroll","background-type":"","background-media":"","overlay-type":"","overlay-color":"","overlay-opacity":"","overlay-gradient":""},"tablet":{"background-color":"","background-image":"","background-repeat":"repeat","background-position":"center center","background-size":"auto","background-attachment":"scroll","background-type":"","background-media":"","overlay-type":"","overlay-color":"","overlay-opacity":"","overlay-gradient":""},"mobile":{"background-color":"","background-image":"","background-repeat":"repeat","background-position":"center center","background-size":"auto","background-attachment":"scroll","background-type":"","background-media":"","overlay-type":"","overlay-color":"","overlay-opacity":"","overlay-gradient":""}},"ast-content-background-meta":{"desktop":{"background-color":"var(--ast-global-color-5)","background-image":"","background-repeat":"repeat","background-position":"center center","background-size":"auto","background-attachment":"scroll","background-type":"","background-media":"","overlay-type":"","overlay-color":"","overlay-opacity":"","overlay-gradient":""},"tablet":{"background-color":"var(--ast-global-color-5)","background-image":"","background-repeat":"repeat","background-position":"center center","background-size":"auto","background-attachment":"scroll","background-type":"","background-media":"","overlay-type":"","overlay-color":"","overlay-opacity":"","overlay-gradient":""},"mobile":{"background-color":"var(--ast-global-color-5)","background-image":"","background-repeat":"repeat","background-position":"center center","background-size":"auto","background-attachment":"scroll","background-type":"","background-media":"","overlay-type":"","overlay-color":"","overlay-opacity":"","overlay-gradient":""}}},"product_brand":[],"product_cat":[48,47,49,430,40],"product_tag":[814,674,202,449,409,457,220,439,438,251,221,437,227,198,186,279,456],"class_list":{"0":"post-5822","1":"product","2":"type-product","3":"status-publish","4":"has-post-thumbnail","6":"product_cat-casual","7":"product_cat-classic","8":"product_cat-loafer","9":"product_cat-men","10":"product_cat-mens-shoes","11":"product_tag-black-leather-loafers","12":"product_tag-bulk-shoes","13":"product_tag-calf-leather","14":"product_tag-casual-shoes","15":"product_tag-chunky-loafers","16":"product_tag-classic-loafers","17":"product_tag-comfortable-loafers","18":"product_tag-durable-shoes","19":"product_tag-eva-sole","20":"product_tag-formal-shoes","21":"product_tag-genuine-leather","22":"product_tag-goat-leather","23":"product_tag-leather-shoes","24":"product_tag-mens-fashion","25":"product_tag-mens-loafers","26":"product_tag-penny-loafers","27":"product_tag-wholesale-loafers","28":"desktop-align-center","29":"tablet-align-center","30":"mobile-align-center","32":"first","33":"instock","34":"shipping-taxable","35":"purchasable","36":"product-type-variable","37":"has-default-attributes"},"acf":[],"uagb_featured_image_src":{"full":["https:\/\/turkishtrade.co\/wp-content\/uploads\/2026\/01\/2400EJOMN00299-BLACK-DKS-7645-2-USD.png",453,250,false],"thumbnail":["https:\/\/turkishtrade.co\/wp-content\/uploads\/2026\/01\/2400EJOMN00299-BLACK-DKS-7645-2-USD-150x150.png",150,150,true],"medium":["https:\/\/turkishtrade.co\/wp-content\/uploads\/2026\/01\/2400EJOMN00299-BLACK-DKS-7645-2-USD-300x166.png",300,166,true],"medium_large":["https:\/\/turkishtrade.co\/wp-content\/uploads\/2026\/01\/2400EJOMN00299-BLACK-DKS-7645-2-USD.png",453,250,false],"large":["https:\/\/turkishtrade.co\/wp-content\/uploads\/2026\/01\/2400EJOMN00299-BLACK-DKS-7645-2-USD.png",453,250,false],"1536x1536":["https:\/\/turkishtrade.co\/wp-content\/uploads\/2026\/01\/2400EJOMN00299-BLACK-DKS-7645-2-USD.png",453,250,false],"2048x2048":["https:\/\/turkishtrade.co\/wp-content\/uploads\/2026\/01\/2400EJOMN00299-BLACK-DKS-7645-2-USD.png",453,250,false],"trp-custom-language-flag":["https:\/\/turkishtrade.co\/wp-content\/uploads\/2026\/01\/2400EJOMN00299-BLACK-DKS-7645-2-USD-18x10.png",18,10,true],"woocommerce_thumbnail":["https:\/\/turkishtrade.co\/wp-content\/uploads\/2026\/01\/2400EJOMN00299-BLACK-DKS-7645-2-USD-400x250.png",400,250,true],"woocommerce_single":["https:\/\/turkishtrade.co\/wp-content\/uploads\/2026\/01\/2400EJOMN00299-BLACK-DKS-7645-2-USD.png",453,250,false],"woocommerce_gallery_thumbnail":["https:\/\/turkishtrade.co\/wp-content\/uploads\/2026\/01\/2400EJOMN00299-BLACK-DKS-7645-2-USD-100x100.png",100,100,true]},"uagb_author_info":{"display_name":"yaser olabi","author_link":"https:\/\/turkishtrade.co\/fr\/author\/"},"uagb_comment_info":0,"uagb_excerpt":"Premium Materials: Expertly crafted with a genuine calf leather exterior and a soft, breathable goat leather interior. Comfort &amp; Durability: Features a lightweight and shock-absorbing EVA sole for all-day wear. Classic Design: Timeless penny loafer style with a modern, comfortable 1-3cm chunky heel lift. Wide Size Range: Available in sizes 39, 40, 41, 42, 43,\u2026","_links":{"self":[{"href":"https:\/\/turkishtrade.co\/fr\/wp-json\/wp\/v2\/product\/5822","targetHints":{"allow":["GET"]}}],"collection":[{"href":"https:\/\/turkishtrade.co\/fr\/wp-json\/wp\/v2\/product"}],"about":[{"href":"https:\/\/turkishtrade.co\/fr\/wp-json\/wp\/v2\/types\/product"}],"wp:featuredmedia":[{"embeddable":true,"href":"https:\/\/turkishtrade.co\/fr\/wp-json\/wp\/v2\/media\/3897"}],"wp:attachment":[{"href":"https:\/\/turkishtrade.co\/fr\/wp-json\/wp\/v2\/media?parent=5822"}],"wp:term":[{"taxonomy":"product_brand","embeddable":true,"href":"https:\/\/turkishtrade.co\/fr\/wp-json\/wp\/v2\/product_brand?post=5822"},{"taxonomy":"product_cat","embeddable":true,"href":"https:\/\/turkishtrade.co\/fr\/wp-json\/wp\/v2\/product_cat?post=5822"},{"taxonomy":"product_tag","embeddable":true,"href":"https:\/\/turkishtrade.co\/fr\/wp-json\/wp\/v2\/product_tag?post=5822"}],"curies":[{"name":"wp","href":"https:\/\/api.w.org\/{rel}","templated":true}]}}