{"id":5820,"date":"2026-01-14T13:20:08","date_gmt":"2026-01-14T13:20:08","guid":{"rendered":"https:\/\/turkishtrade.co\/product\/mens-brown-leather-shoes\/"},"modified":"2026-04-09T19:23:04","modified_gmt":"2026-04-09T19:23:04","slug":"mens-brown-leather-shoes","status":"publish","type":"product","link":"https:\/\/turkishtrade.co\/fr\/shop\/mens-brown-leather-shoes\/","title":{"rendered":"Chaussures casual en cuir marron de qualit\u00e9 sup\u00e9rieure pour hommes"},"content":{"rendered":"<p><strong>Chaussures en cuir marron pour hommes<\/strong><\/p>\n<p>Rehaussez votre garde-robe de tous les jours avec notre exquise <strong>Chaussures casual en cuir marron de qualit\u00e9 sup\u00e9rieure pour hommes<\/strong>. Con\u00e7ues pour les personnes exigeantes qui appr\u00e9cient \u00e0 la fois le style et le confort, ces chaussures t\u00e9moignent d'un savoir-faire sup\u00e9rieur et de mat\u00e9riaux de qualit\u00e9. Que vous vous rendiez \u00e0 une r\u00e9union d'affaires d\u00e9contract\u00e9e ou que vous profitiez d'une sortie le week-end, ces <strong>chaussures en cuir marron pour hommes<\/strong> offrent un m\u00e9lange parfait d'\u00e9l\u00e9gance et de sophistication d\u00e9contract\u00e9e.<\/p>\n<p>Leur riche teinte marron et leur design intemporel en font un compl\u00e9ment polyvalent \u00e0 toute collection de chaussures pour hommes, vous assurant de toujours mettre en avant votre meilleur pied.<\/p>\n<p><h3>Confort in\u00e9gal\u00e9 et mat\u00e9riaux de premi\u00e8re qualit\u00e9<\/h3>\n<\/p>\n<p>Faites l'exp\u00e9rience du luxe \u00e0 chaque pas gr\u00e2ce \u00e0 la construction haut de gamme de ces chaussures d'exception. <strong>Chaussures d\u00e9contract\u00e9es en cuir marron pour hommes<\/strong>. L'ext\u00e9rieur est m\u00e9ticuleusement fabriqu\u00e9 en cuir de veau de qualit\u00e9 sup\u00e9rieure, r\u00e9put\u00e9 pour sa texture douce, sa durabilit\u00e9 et sa capacit\u00e9 \u00e0 d\u00e9velopper une belle patine au fil du temps. \u00c0 l'int\u00e9rieur, vos pieds sont envelopp\u00e9s dans l'\u00e9treinte souple de la doublure en cuir de ch\u00e8vre, qui offre une respirabilit\u00e9 in\u00e9gal\u00e9e et une sensation de douceur et de confort qui dure toute la journ\u00e9e.<\/p>\n<p>Cette combinaison judicieuse de mat\u00e9riaux garantit que ces chaussures en cuir marron ne sont pas seulement \u00e9l\u00e9gantes, mais aussi incroyablement confortables et durables, ce qui en fait un investissement judicieux pour tout homme.<\/p>\n<p><h3>Conception durable pour une utilisation quotidienne<\/h3>\n<\/p>\n<p>Au-del\u00e0 de leur esth\u00e9tique \u00e9tonnante, ces <strong>Chaussures d\u00e9contract\u00e9es en cuir marron pour hommes<\/strong> sont con\u00e7ues pour des performances durables. La semelle robuste en EVA offre une flexibilit\u00e9 l\u00e9g\u00e8re et une excellente absorption des chocs, offrant un confort et une stabilit\u00e9 sup\u00e9rieurs sur diverses surfaces. Avec une hauteur de talon confortable comprise entre 1 et 3 cm, ces chaussures offrent un \u00e9quilibre parfait entre l'attrait classique et un design ergonomique moderne.<\/p>\n<p>La construction robuste garantit que ces chaussures en cuir marron r\u00e9sisteront aux rigueurs de l'usure quotidienne tout en conservant leur aspect sophistiqu\u00e9. Elles constituent donc un choix id\u00e9al pour l'homme contemporain \u00e0 la recherche de chaussures fiables et \u00e9l\u00e9gantes.<\/p>\n<p><h3>Un style polyvalent pour toutes les occasions<\/h3>\n<\/p>\n<p>Notre <strong>Chaussures casual en cuir marron de qualit\u00e9 sup\u00e9rieure pour hommes<\/strong> sont la quintessence de la mode polyvalente. Leur design classique \u00e0 lacets et leur riche couleur marron leur permettent de s'adapter \u00e0 un large \u00e9ventail de tenues, des pantalons et chinos d\u00e9contract\u00e9s aux jeans plus d\u00e9contract\u00e9s. Elles passent sans probl\u00e8me d'un ensemble d\u00e9contract\u00e9 \u00e0 un look d\u00e9contract\u00e9 pour le week-end, ce qui vous permet d'\u00eatre toujours impeccablement habill\u00e9.<\/p>\n<p>Investir dans ces produits de haute qualit\u00e9 <strong>chaussures en cuir marron pour hommes<\/strong> et d\u00e9couvrez un nouveau niveau de style et de confort qui en fera rapidement votre paire pr\u00e9f\u00e9r\u00e9e en toute occasion.<\/p>","protected":false},"excerpt":{"rendered":"<ul>\n<li>Fabriqu\u00e9 de mani\u00e8re experte avec un ext\u00e9rieur en cuir de veau de premi\u00e8re qualit\u00e9 pour un attrait sophistiqu\u00e9.<\/li>\n<li>L'int\u00e9rieur en cuir de ch\u00e8vre luxueux garantit un confort et une respirabilit\u00e9 exceptionnels.<\/li>\n<li>\u00c9quip\u00e9e d'une semelle EVA durable et l\u00e9g\u00e8re pour un amorti et une adh\u00e9rence sup\u00e9rieurs.<\/li>\n<li>Mod\u00e8le classique \u00e0 lacets, offrant un style polyvalent pour diverses occasions.<\/li>\n<li>Disponible dans une large gamme de tailles allant de 39 \u00e0 45.<\/li>\n<li>Quantit\u00e9 minimale de commande : 8 paires.<\/li>\n<\/ul>","protected":false},"featured_media":3896,"template":"","meta":{"_acf_changed":false,"_uag_custom_page_level_css":"","site-sidebar-layout":"default","site-content-layout":"","ast-site-content-layout":"default","site-content-style":"default","site-sidebar-style":"default","ast-global-header-display":"","ast-banner-title-visibility":"","ast-main-header-display":"","ast-hfb-above-header-display":"","ast-hfb-below-header-display":"","ast-hfb-mobile-header-display":"","site-post-title":"","ast-breadcrumbs-content":"","ast-featured-img":"","footer-sml-layout":"","ast-disable-related-posts":"","theme-transparent-header-meta":"","adv-header-id-meta":"","stick-header-meta":"","header-above-stick-meta":"","header-main-stick-meta":"","header-below-stick-meta":"","astra-migrate-meta-layouts":"default","ast-page-background-enabled":"default","ast-page-background-meta":{"desktop":{"background-color":"var(--ast-global-color-4)","background-image":"","background-repeat":"repeat","background-position":"center center","background-size":"auto","background-attachment":"scroll","background-type":"","background-media":"","overlay-type":"","overlay-color":"","overlay-opacity":"","overlay-gradient":""},"tablet":{"background-color":"","background-image":"","background-repeat":"repeat","background-position":"center center","background-size":"auto","background-attachment":"scroll","background-type":"","background-media":"","overlay-type":"","overlay-color":"","overlay-opacity":"","overlay-gradient":""},"mobile":{"background-color":"","background-image":"","background-repeat":"repeat","background-position":"center center","background-size":"auto","background-attachment":"scroll","background-type":"","background-media":"","overlay-type":"","overlay-color":"","overlay-opacity":"","overlay-gradient":""}},"ast-content-background-meta":{"desktop":{"background-color":"var(--ast-global-color-5)","background-image":"","background-repeat":"repeat","background-position":"center center","background-size":"auto","background-attachment":"scroll","background-type":"","background-media":"","overlay-type":"","overlay-color":"","overlay-opacity":"","overlay-gradient":""},"tablet":{"background-color":"var(--ast-global-color-5)","background-image":"","background-repeat":"repeat","background-position":"center center","background-size":"auto","background-attachment":"scroll","background-type":"","background-media":"","overlay-type":"","overlay-color":"","overlay-opacity":"","overlay-gradient":""},"mobile":{"background-color":"var(--ast-global-color-5)","background-image":"","background-repeat":"repeat","background-position":"center center","background-size":"auto","background-attachment":"scroll","background-type":"","background-media":"","overlay-type":"","overlay-color":"","overlay-opacity":"","overlay-gradient":""}}},"product_brand":[],"product_cat":[48,47,49,430,40],"product_tag":[202,449,222,438,459,437,351,807,632,281],"class_list":{"0":"post-5820","1":"product","2":"type-product","3":"status-publish","4":"has-post-thumbnail","6":"product_cat-casual","7":"product_cat-classic","8":"product_cat-loafer","9":"product_cat-men","10":"product_cat-mens-shoes","11":"product_tag-calf-leather","12":"product_tag-casual-shoes","13":"product_tag-comfortable-shoes","14":"product_tag-eva-sole","15":"product_tag-everyday-shoes","16":"product_tag-goat-leather","17":"product_tag-leather-footwear","18":"product_tag-mens-brown-leather-shoes","19":"product_tag-premium-leather-shoes","20":"product_tag-wholesale-shoes","21":"desktop-align-center","22":"tablet-align-center","23":"mobile-align-center","25":"first","26":"instock","27":"shipping-taxable","28":"purchasable","29":"product-type-variable","30":"has-default-attributes"},"acf":[],"uagb_featured_image_src":{"full":["https:\/\/turkishtrade.co\/wp-content\/uploads\/2026\/01\/2400EJOMN00297-DARK-BROWN-Z_76.png",453,250,false],"thumbnail":["https:\/\/turkishtrade.co\/wp-content\/uploads\/2026\/01\/2400EJOMN00297-DARK-BROWN-Z_76-150x150.png",150,150,true],"medium":["https:\/\/turkishtrade.co\/wp-content\/uploads\/2026\/01\/2400EJOMN00297-DARK-BROWN-Z_76-300x166.png",300,166,true],"medium_large":["https:\/\/turkishtrade.co\/wp-content\/uploads\/2026\/01\/2400EJOMN00297-DARK-BROWN-Z_76.png",453,250,false],"large":["https:\/\/turkishtrade.co\/wp-content\/uploads\/2026\/01\/2400EJOMN00297-DARK-BROWN-Z_76.png",453,250,false],"1536x1536":["https:\/\/turkishtrade.co\/wp-content\/uploads\/2026\/01\/2400EJOMN00297-DARK-BROWN-Z_76.png",453,250,false],"2048x2048":["https:\/\/turkishtrade.co\/wp-content\/uploads\/2026\/01\/2400EJOMN00297-DARK-BROWN-Z_76.png",453,250,false],"trp-custom-language-flag":["https:\/\/turkishtrade.co\/wp-content\/uploads\/2026\/01\/2400EJOMN00297-DARK-BROWN-Z_76-18x10.png",18,10,true],"woocommerce_thumbnail":["https:\/\/turkishtrade.co\/wp-content\/uploads\/2026\/01\/2400EJOMN00297-DARK-BROWN-Z_76-400x250.png",400,250,true],"woocommerce_single":["https:\/\/turkishtrade.co\/wp-content\/uploads\/2026\/01\/2400EJOMN00297-DARK-BROWN-Z_76.png",453,250,false],"woocommerce_gallery_thumbnail":["https:\/\/turkishtrade.co\/wp-content\/uploads\/2026\/01\/2400EJOMN00297-DARK-BROWN-Z_76-100x100.png",100,100,true]},"uagb_author_info":{"display_name":"yaser olabi","author_link":"https:\/\/turkishtrade.co\/fr\/author\/"},"uagb_comment_info":0,"uagb_excerpt":"Expertly crafted with a premium calf leather exterior for sophisticated appeal. Features a luxurious goat leather interior, ensuring exceptional comfort and breathability. Equipped with a durable and lightweight EVA sole for superior cushioning and grip. Classic lace-up design, offering versatile styling for various occasions. Available in a comprehensive size range from 39 to 45. Minimum\u2026","_links":{"self":[{"href":"https:\/\/turkishtrade.co\/fr\/wp-json\/wp\/v2\/product\/5820","targetHints":{"allow":["GET"]}}],"collection":[{"href":"https:\/\/turkishtrade.co\/fr\/wp-json\/wp\/v2\/product"}],"about":[{"href":"https:\/\/turkishtrade.co\/fr\/wp-json\/wp\/v2\/types\/product"}],"wp:featuredmedia":[{"embeddable":true,"href":"https:\/\/turkishtrade.co\/fr\/wp-json\/wp\/v2\/media\/3896"}],"wp:attachment":[{"href":"https:\/\/turkishtrade.co\/fr\/wp-json\/wp\/v2\/media?parent=5820"}],"wp:term":[{"taxonomy":"product_brand","embeddable":true,"href":"https:\/\/turkishtrade.co\/fr\/wp-json\/wp\/v2\/product_brand?post=5820"},{"taxonomy":"product_cat","embeddable":true,"href":"https:\/\/turkishtrade.co\/fr\/wp-json\/wp\/v2\/product_cat?post=5820"},{"taxonomy":"product_tag","embeddable":true,"href":"https:\/\/turkishtrade.co\/fr\/wp-json\/wp\/v2\/product_tag?post=5820"}],"curies":[{"name":"wp","href":"https:\/\/api.w.org\/{rel}","templated":true}]}}