{"id":5818,"date":"2026-01-14T13:19:48","date_gmt":"2026-01-14T13:19:48","guid":{"rendered":"https:\/\/turkishtrade.co\/product\/men-s-leather-derby-shoes\/"},"modified":"2026-04-09T19:23:07","modified_gmt":"2026-04-09T19:23:07","slug":"mens-leather-derby-shoes-13","status":"publish","type":"product","link":"https:\/\/turkishtrade.co\/fr\/shop\/mens-leather-derby-shoes-13\/","title":{"rendered":"Chaussures derby classiques en cuir de veau noir avec semelle en EVA"},"content":{"rendered":"<p><strong>Chaussures derby en cuir pour hommes<\/strong><\/p>\n<p>Entrez dans l'\u00e9l\u00e9gance intemporelle et le confort in\u00e9gal\u00e9 de notre <b>Chaussures derby en cuir pour hommes<\/b>. Con\u00e7ues pour le gentleman exigeant, ces chaussures de qualit\u00e9 sup\u00e9rieure <b>chaussures derby en cuir pour hommes<\/b> allient un style classique \u00e0 une fonctionnalit\u00e9 moderne. Que vous soyez en pleine journ\u00e9e de travail ou que vous profitiez d'un week-end d\u00e9tendu, notre <b>chaussures derby en cuir pour hommes<\/b> sont con\u00e7us pour offrir un confort sup\u00e9rieur et un attrait sophistiqu\u00e9.<\/p>\n<p><h3>Un savoir-faire in\u00e9gal\u00e9 et des mat\u00e9riaux de premi\u00e8re qualit\u00e9<\/h3>\n<\/p>\n<p>Chaque paire de ces exquises <b>chaussures derby en cuir pour hommes<\/b> t\u00e9moigne d'un savoir-faire de qualit\u00e9. La surface ext\u00e9rieure est m\u00e9ticuleusement fabriqu\u00e9e \u00e0 partir d'un cuir de veau riche et durable, connu pour sa texture lisse et sa r\u00e9sistance \u00e0 long terme. Ce cuir de veau de qualit\u00e9 sup\u00e9rieure garantit que votre <b>chaussures derby en cuir pour hommes<\/b> sont non seulement superbes, mais ils r\u00e9sistent \u00e9galement aux rigueurs de l'usure quotidienne, d\u00e9veloppant une patine unique au fil du temps.<\/p>\n<p>\u00c0 l'int\u00e9rieur, vos pieds seront envelopp\u00e9s dans la douceur luxueuse d'une doublure en cuir de ch\u00e8vre v\u00e9ritable, offrant une respirabilit\u00e9 et un confort exceptionnels d\u00e8s que vous les enfilez. Cette combinaison judicieuse de mat\u00e9riaux garantit une exp\u00e9rience confortable et sans irritation, ce qui fait de ces <b>chaussures derby en cuir pour hommes<\/b> un plaisir \u00e0 porter tout au long de la journ\u00e9e.<\/p>\n<p><h3>Con\u00e7u pour le confort et le style tout au long de la journ\u00e9e<\/h3>\n<\/p>\n<p>Le confort est primordial dans notre philosophie de conception. Ces <b>chaussures derby en cuir pour hommes<\/b> sont dot\u00e9es d'une semelle en EVA \u00e0 la fois l\u00e9g\u00e8re et robuste, offrant un excellent amorti et une bonne absorption des chocs \u00e0 chaque pas. La hauteur de talon de 1 \u00e0 3 cm compl\u00e8te parfaitement l'esth\u00e9tique classique des mocassins, offrant une \u00e9l\u00e9vation subtile sans compromettre la stabilit\u00e9.<\/p>\n<p>La conception ergonomique favorise le mouvement naturel du pied, ce qui rend ces chaussures plus r\u00e9sistantes. <b>chaussures derby en cuir pour hommes<\/b> id\u00e9ales pour les longues p\u00e9riodes de station debout ou de marche. Leur finition noire polyvalente leur permet de s'associer sans effort \u00e0 toute une s\u00e9rie de tenues, qu'il s'agisse de v\u00eatements d'affaires d\u00e9contract\u00e9s ou d'ensembles plus d\u00e9contract\u00e9s pour le week-end, ce qui en fait un compl\u00e9ment indispensable \u00e0 toute garde-robe.<\/p>\n<p><h3>Possibilit\u00e9s de vente en gros et dimensionnement<\/h3>\n<\/p>\n<p>Nous comprenons les besoins de nos partenaires commerciaux. Ces \u00e9l\u00e9gantes <b>chaussures derby en cuir pour hommes<\/b> sont disponibles \u00e0 l'achat en gros avec une quantit\u00e9 minimale de commande de 8 paires. Nous proposons une gamme compl\u00e8te de tailles allant de l'UE 39 \u00e0 l'UE 45, ce qui vous permet de r\u00e9pondre aux besoins d'une large client\u00e8le.<\/p>\n<p>Notre processus de livraison efficace signifie que votre commande sera exp\u00e9di\u00e9e dans un d\u00e9lai de 12 jours plus le temps d'exp\u00e9dition, ce qui permet de r\u00e9approvisionner les stocks en temps voulu. Investissez dans ces produits de haute qualit\u00e9 <b>chaussures derby en cuir pour hommes<\/b> et offrez \u00e0 vos clients un produit qui illustre le style, le confort et la durabilit\u00e9. D\u00e9couvrez la diff\u00e9rence qu'apporte un v\u00e9ritable savoir-faire avec des chaussures con\u00e7ues pour impressionner et durer.<\/p>","protected":false},"excerpt":{"rendered":"<ul>\n<li>Tige en cuir de veau de premi\u00e8re qualit\u00e9 pour une durabilit\u00e9 et un style sup\u00e9rieurs.<\/li>\n<li>La doublure en cuir de ch\u00e8vre souple assure un confort respirant tout au long de la journ\u00e9e.<\/li>\n<li>Semelle l\u00e9g\u00e8re en EVA offrant un excellent amorti et une bonne absorption des chocs.<\/li>\n<li>Style Derby classique avec une hauteur de talon confortable de 1 \u00e0 3 cm.<\/li>\n<li>Disponible dans une large gamme de tailles europ\u00e9ennes : 39, 40, 41, 42, 43, 44, 45.<\/li>\n<li>Possibilit\u00e9 de vente en gros : Quantit\u00e9 minimale de commande de 8 paires.<\/li>\n<\/ul>","protected":false},"featured_media":3895,"template":"","meta":{"_acf_changed":false,"_uag_custom_page_level_css":"","site-sidebar-layout":"default","site-content-layout":"","ast-site-content-layout":"default","site-content-style":"default","site-sidebar-style":"default","ast-global-header-display":"","ast-banner-title-visibility":"","ast-main-header-display":"","ast-hfb-above-header-display":"","ast-hfb-below-header-display":"","ast-hfb-mobile-header-display":"","site-post-title":"","ast-breadcrumbs-content":"","ast-featured-img":"","footer-sml-layout":"","ast-disable-related-posts":"","theme-transparent-header-meta":"","adv-header-id-meta":"","stick-header-meta":"","header-above-stick-meta":"","header-main-stick-meta":"","header-below-stick-meta":"","astra-migrate-meta-layouts":"default","ast-page-background-enabled":"default","ast-page-background-meta":{"desktop":{"background-color":"var(--ast-global-color-4)","background-image":"","background-repeat":"repeat","background-position":"center center","background-size":"auto","background-attachment":"scroll","background-type":"","background-media":"","overlay-type":"","overlay-color":"","overlay-opacity":"","overlay-gradient":""},"tablet":{"background-color":"","background-image":"","background-repeat":"repeat","background-position":"center center","background-size":"auto","background-attachment":"scroll","background-type":"","background-media":"","overlay-type":"","overlay-color":"","overlay-opacity":"","overlay-gradient":""},"mobile":{"background-color":"","background-image":"","background-repeat":"repeat","background-position":"center center","background-size":"auto","background-attachment":"scroll","background-type":"","background-media":"","overlay-type":"","overlay-color":"","overlay-opacity":"","overlay-gradient":""}},"ast-content-background-meta":{"desktop":{"background-color":"var(--ast-global-color-5)","background-image":"","background-repeat":"repeat","background-position":"center center","background-size":"auto","background-attachment":"scroll","background-type":"","background-media":"","overlay-type":"","overlay-color":"","overlay-opacity":"","overlay-gradient":""},"tablet":{"background-color":"var(--ast-global-color-5)","background-image":"","background-repeat":"repeat","background-position":"center center","background-size":"auto","background-attachment":"scroll","background-type":"","background-media":"","overlay-type":"","overlay-color":"","overlay-opacity":"","overlay-gradient":""},"mobile":{"background-color":"var(--ast-global-color-5)","background-image":"","background-repeat":"repeat","background-position":"center center","background-size":"auto","background-attachment":"scroll","background-type":"","background-media":"","overlay-type":"","overlay-color":"","overlay-opacity":"","overlay-gradient":""}}},"product_brand":[],"product_cat":[48,47,49,430,40],"product_tag":[605,200,202,449,551,222,212,438,437,227,198,632,281],"class_list":{"0":"post-5818","1":"product","2":"type-product","3":"status-publish","4":"has-post-thumbnail","6":"product_cat-casual","7":"product_cat-classic","8":"product_cat-loafer","9":"product_cat-men","10":"product_cat-mens-shoes","11":"product_tag-black-shoes","12":"product_tag-business-casual","13":"product_tag-calf-leather","14":"product_tag-casual-shoes","15":"product_tag-classic-style","16":"product_tag-comfortable-shoes","17":"product_tag-derby-shoes","18":"product_tag-eva-sole","19":"product_tag-goat-leather","20":"product_tag-leather-shoes","21":"product_tag-mens-fashion","22":"product_tag-premium-leather-shoes","23":"product_tag-wholesale-shoes","24":"desktop-align-center","25":"tablet-align-center","26":"mobile-align-center","28":"first","29":"instock","30":"shipping-taxable","31":"purchasable","32":"product-type-variable","33":"has-default-attributes"},"acf":[],"uagb_featured_image_src":{"full":["https:\/\/turkishtrade.co\/wp-content\/uploads\/2026\/01\/2400EJOMN00296-BLACK-X_082_14-USD.png",453,250,false],"thumbnail":["https:\/\/turkishtrade.co\/wp-content\/uploads\/2026\/01\/2400EJOMN00296-BLACK-X_082_14-USD.png",150,83,false],"medium":["https:\/\/turkishtrade.co\/wp-content\/uploads\/2026\/01\/2400EJOMN00296-BLACK-X_082_14-USD.png",300,166,false],"medium_large":["https:\/\/turkishtrade.co\/wp-content\/uploads\/2026\/01\/2400EJOMN00296-BLACK-X_082_14-USD.png",453,250,false],"large":["https:\/\/turkishtrade.co\/wp-content\/uploads\/2026\/01\/2400EJOMN00296-BLACK-X_082_14-USD.png",453,250,false],"1536x1536":["https:\/\/turkishtrade.co\/wp-content\/uploads\/2026\/01\/2400EJOMN00296-BLACK-X_082_14-USD.png",453,250,false],"2048x2048":["https:\/\/turkishtrade.co\/wp-content\/uploads\/2026\/01\/2400EJOMN00296-BLACK-X_082_14-USD.png",453,250,false],"trp-custom-language-flag":["https:\/\/turkishtrade.co\/wp-content\/uploads\/2026\/01\/2400EJOMN00296-BLACK-X_082_14-USD.png",18,10,false],"woocommerce_thumbnail":["https:\/\/turkishtrade.co\/wp-content\/uploads\/2026\/01\/2400EJOMN00296-BLACK-X_082_14-USD-400x250.png",400,250,true],"woocommerce_single":["https:\/\/turkishtrade.co\/wp-content\/uploads\/2026\/01\/2400EJOMN00296-BLACK-X_082_14-USD.png",453,250,false],"woocommerce_gallery_thumbnail":["https:\/\/turkishtrade.co\/wp-content\/uploads\/2026\/01\/2400EJOMN00296-BLACK-X_082_14-USD-100x100.png",100,100,true]},"uagb_author_info":{"display_name":"yaser olabi","author_link":"https:\/\/turkishtrade.co\/fr\/author\/"},"uagb_comment_info":0,"uagb_excerpt":"Premium Calf Leather Upper for superior durability and style. Soft Goat Leather Lining ensures breathable, all-day comfort. Lightweight EVA Sole provides excellent cushioning and shock absorption. Classic Derby style with a comfortable 1-3 cm heel height. Available in a wide range of EU Sizes: 39, 40, 41, 42, 43, 44, 45. Wholesale Opportunity: Minimum Order\u2026","_links":{"self":[{"href":"https:\/\/turkishtrade.co\/fr\/wp-json\/wp\/v2\/product\/5818","targetHints":{"allow":["GET"]}}],"collection":[{"href":"https:\/\/turkishtrade.co\/fr\/wp-json\/wp\/v2\/product"}],"about":[{"href":"https:\/\/turkishtrade.co\/fr\/wp-json\/wp\/v2\/types\/product"}],"wp:featuredmedia":[{"embeddable":true,"href":"https:\/\/turkishtrade.co\/fr\/wp-json\/wp\/v2\/media\/3895"}],"wp:attachment":[{"href":"https:\/\/turkishtrade.co\/fr\/wp-json\/wp\/v2\/media?parent=5818"}],"wp:term":[{"taxonomy":"product_brand","embeddable":true,"href":"https:\/\/turkishtrade.co\/fr\/wp-json\/wp\/v2\/product_brand?post=5818"},{"taxonomy":"product_cat","embeddable":true,"href":"https:\/\/turkishtrade.co\/fr\/wp-json\/wp\/v2\/product_cat?post=5818"},{"taxonomy":"product_tag","embeddable":true,"href":"https:\/\/turkishtrade.co\/fr\/wp-json\/wp\/v2\/product_tag?post=5818"}],"curies":[{"name":"wp","href":"https:\/\/api.w.org\/{rel}","templated":true}]}}