{"id":5815,"date":"2026-01-14T13:19:24","date_gmt":"2026-01-14T13:19:24","guid":{"rendered":"https:\/\/turkishtrade.co\/product\/mens-leather-casual-shoes-2\/"},"modified":"2026-04-09T19:23:13","modified_gmt":"2026-04-09T19:23:13","slug":"mens-leather-casual-shoes-2","status":"publish","type":"product","link":"https:\/\/turkishtrade.co\/fr\/shop\/mens-leather-casual-shoes-2\/","title":{"rendered":"Chaussures de derby d\u00e9contract\u00e9es en cuir de premi\u00e8re qualit\u00e9 pour hommes avec semelle EVA"},"content":{"rendered":"<p><strong>Chaussures en cuir pour hommes<\/strong><\/p>\n<p>Entrez dans un style et un confort in\u00e9gal\u00e9s gr\u00e2ce \u00e0 notre collection exquise de <strong>chaussures d\u00e9contract\u00e9es en cuir pour hommes<\/strong>. Con\u00e7ues pour le gentleman moderne qui appr\u00e9cie \u00e0 la fois l'esth\u00e9tique et l'aspect pratique, ces chaussures sont un compl\u00e9ment indispensable \u00e0 toute garde-robe exigeante. Nos <strong>chaussures d\u00e9contract\u00e9es en cuir pour hommes<\/strong> ne sont pas de simples chaussures ; elles sont un gage de qualit\u00e9 et de go\u00fbt sophistiqu\u00e9, parfaites pour un large \u00e9ventail d'occasions, des r\u00e9unions d'affaires d\u00e9contract\u00e9es aux sorties du week-end.<\/p>\n<p><h3>Un savoir-faire in\u00e9gal\u00e9 et des mat\u00e9riaux de premi\u00e8re qualit\u00e9<\/h3>\n<\/p>\n<p>Toutes les paires de ces <strong>chaussures d\u00e9contract\u00e9es en cuir pour hommes<\/strong> t\u00e9moigne d'un savoir-faire de qualit\u00e9 sup\u00e9rieure. La surface ext\u00e9rieure est m\u00e9ticuleusement fabriqu\u00e9e en cuir de veau v\u00e9ritable de haute qualit\u00e9, connu pour sa texture souple, sa brillance naturelle et sa remarquable durabilit\u00e9. Ce cuir de veau de qualit\u00e9 sup\u00e9rieure garantit que votre <strong>chaussures d\u00e9contract\u00e9es en cuir pour hommes<\/strong> ne sera pas seulement magnifique, mais r\u00e9sistera \u00e9galement aux rigueurs de l'usure quotidienne, d\u00e9veloppant une patine unique au fil du temps.<\/p>\n<p>\u00c0 l'int\u00e9rieur, vos pieds seront berc\u00e9s par une luxueuse doublure en cuir de ch\u00e8vre, offrant une bonne respirabilit\u00e9 et un toucher moelleux qui r\u00e9duit les frottements et am\u00e9liore le confort g\u00e9n\u00e9ral. Cette combinaison judicieuse de mat\u00e9riaux garantit une exp\u00e9rience de port durable et agr\u00e9able.<\/p>\n<p><h3>Confortable toute la journ\u00e9e gr\u00e2ce \u00e0 la technologie de la semelle EVA<\/h3>\n<\/p>\n<p>Le confort est primordial dans notre philosophie de conception. <strong>chaussures d\u00e9contract\u00e9es en cuir pour hommes<\/strong> offrent des avantages ind\u00e9niables. La semelle EVA (\u00e9thyl\u00e8ne-ac\u00e9tate de vinyle), \u00e0 la fois robuste et incroyablement l\u00e9g\u00e8re, offre un amorti et une absorption des chocs exceptionnels. Ce mat\u00e9riau innovant garantit que chaque pas est doux et soutenu, ce qui en fait la chaussure id\u00e9ale. <strong>chaussures d\u00e9contract\u00e9es en cuir pour hommes<\/strong> pour les longues journ\u00e9es pass\u00e9es debout.<\/p>\n<p>Contrairement aux semelles lourdes traditionnelles, la semelle EVA offre de la flexibilit\u00e9 et r\u00e9duit la fatigue du pied, ce qui vous permet de vous d\u00e9placer avec aisance et confiance tout au long de la journ\u00e9e. Que vous naviguiez dans les rues de la ville ou que vous passiez des heures \u00e0 un \u00e9v\u00e9nement, ces chaussures vous offrent le confort que vous m\u00e9ritez.<\/p>\n<p><h3>Un style polyvalent pour toutes les occasions<\/h3>\n<\/p>\n<p>Notre <strong>chaussures d\u00e9contract\u00e9es en cuir pour hommes<\/strong> sont le parfait \u00e9quilibre entre l'\u00e9l\u00e9gance classique et la d\u00e9contraction contemporaine. Leur design raffin\u00e9 les rend incroyablement polyvalentes, s'associant sans effort \u00e0 toute une s\u00e9rie de tenues. Associez-les \u00e0 un pantalon de tailleur et \u00e0 un blazer pour un ensemble chic et d\u00e9contract\u00e9, ou habillez-les d'un pantalon chino et d'une chemise \u00e9l\u00e9gante pour un look \u00e0 la fois d\u00e9contract\u00e9 et raffin\u00e9.<\/p>\n<p>L'esth\u00e9tique intemporelle garantit que ces <strong>chaussures d\u00e9contract\u00e9es en cuir pour hommes<\/strong> restera un \u00e9l\u00e9ment essentiel de votre collection pour les ann\u00e9es \u00e0 venir. Disponibles dans une large gamme de tailles allant du 39 au 45, il est facile de trouver la taille id\u00e9ale.<\/p>\n<p><h3>Possibilit\u00e9s de vente en gros et assurance de la qualit\u00e9<\/h3>\n<\/p>\n<p>Pour les d\u00e9taillants et les entreprises qui souhaitent proposer des chaussures haut de gamme, nos <strong>chaussures d\u00e9contract\u00e9es en cuir pour hommes<\/strong> sont disponibles \u00e0 l'achat en gros. Avec une quantit\u00e9 minimale de commande de 8 paires, vous pouvez facilement vous approvisionner en ces articles tr\u00e8s demand\u00e9s. Nous sommes fiers d'assurer une livraison rapide, avec un d\u00e9lai estim\u00e9 \u00e0 12 jours, plus les frais d'exp\u00e9dition.<\/p>\n<p>Investir dans notre prime <strong>chaussures d\u00e9contract\u00e9es en cuir pour hommes<\/strong> et offrez \u00e0 vos clients des chaussures qui allient luxe, confort et style durable. Notre engagement en faveur de la qualit\u00e9 garantit la satisfaction de chaque commande.<\/p>","protected":false},"excerpt":{"rendered":"<ul>\n<li><strong>Mat\u00e9riaux de premi\u00e8re qualit\u00e9 :<\/strong> Fabriqu\u00e9 avec un ext\u00e9rieur en cuir de veau v\u00e9ritable et une doublure en cuir de ch\u00e8vre souple pour un confort et une durabilit\u00e9 ultimes.<\/li>\n<li><strong>Une conception ax\u00e9e sur le confort :<\/strong> Dot\u00e9e d'une semelle EVA \u00e0 la fois l\u00e9g\u00e8re et robuste, elle offre un amorti et un soutien sup\u00e9rieurs pour une utilisation tout au long de la journ\u00e9e.<\/li>\n<li><strong>Style polyvalent :<\/strong> Parfaite pour les occasions d\u00e9contract\u00e9es, elle offre un m\u00e9lange d'\u00e9l\u00e9gance classique et de confort moderne.<\/li>\n<li><strong>Large gamme de tailles :<\/strong> Disponible dans les tailles 39-45 pour un ajustement parfait.<\/li>\n<li><strong>Opportunit\u00e9 de vente en gros :<\/strong> Commande minimum de 8 paires disponibles, avec un d\u00e9lai de livraison de 12 jours plus les frais d'exp\u00e9dition.<\/li>\n<\/ul>","protected":false},"featured_media":3894,"template":"","meta":{"_acf_changed":false,"_uag_custom_page_level_css":"","site-sidebar-layout":"default","site-content-layout":"","ast-site-content-layout":"default","site-content-style":"default","site-sidebar-style":"default","ast-global-header-display":"","ast-banner-title-visibility":"","ast-main-header-display":"","ast-hfb-above-header-display":"","ast-hfb-below-header-display":"","ast-hfb-mobile-header-display":"","site-post-title":"","ast-breadcrumbs-content":"","ast-featured-img":"","footer-sml-layout":"","ast-disable-related-posts":"","theme-transparent-header-meta":"","adv-header-id-meta":"","stick-header-meta":"","header-above-stick-meta":"","header-main-stick-meta":"","header-below-stick-meta":"","astra-migrate-meta-layouts":"default","ast-page-background-enabled":"default","ast-page-background-meta":{"desktop":{"background-color":"var(--ast-global-color-4)","background-image":"","background-repeat":"repeat","background-position":"center center","background-size":"auto","background-attachment":"scroll","background-type":"","background-media":"","overlay-type":"","overlay-color":"","overlay-opacity":"","overlay-gradient":""},"tablet":{"background-color":"","background-image":"","background-repeat":"repeat","background-position":"center center","background-size":"auto","background-attachment":"scroll","background-type":"","background-media":"","overlay-type":"","overlay-color":"","overlay-opacity":"","overlay-gradient":""},"mobile":{"background-color":"","background-image":"","background-repeat":"repeat","background-position":"center center","background-size":"auto","background-attachment":"scroll","background-type":"","background-media":"","overlay-type":"","overlay-color":"","overlay-opacity":"","overlay-gradient":""}},"ast-content-background-meta":{"desktop":{"background-color":"var(--ast-global-color-5)","background-image":"","background-repeat":"repeat","background-position":"center center","background-size":"auto","background-attachment":"scroll","background-type":"","background-media":"","overlay-type":"","overlay-color":"","overlay-opacity":"","overlay-gradient":""},"tablet":{"background-color":"var(--ast-global-color-5)","background-image":"","background-repeat":"repeat","background-position":"center center","background-size":"auto","background-attachment":"scroll","background-type":"","background-media":"","overlay-type":"","overlay-color":"","overlay-opacity":"","overlay-gradient":""},"mobile":{"background-color":"var(--ast-global-color-5)","background-image":"","background-repeat":"repeat","background-position":"center center","background-size":"auto","background-attachment":"scroll","background-type":"","background-media":"","overlay-type":"","overlay-color":"","overlay-opacity":"","overlay-gradient":""}}},"product_brand":[],"product_cat":[48,47,49,430,40],"product_tag":[566,222,212,439,438,556,227,198,1033,280,281],"class_list":{"0":"post-5815","1":"product","2":"type-product","3":"status-publish","4":"has-post-thumbnail","6":"product_cat-casual","7":"product_cat-classic","8":"product_cat-loafer","9":"product_cat-men","10":"product_cat-mens-shoes","11":"product_tag-calfskin-shoes","12":"product_tag-comfortable-shoes","13":"product_tag-derby-shoes","14":"product_tag-durable-shoes","15":"product_tag-eva-sole","16":"product_tag-goatskin-lining","17":"product_tag-leather-shoes","18":"product_tag-mens-fashion","19":"product_tag-mens-leather-casual-shoes","20":"product_tag-smart-casual-shoes","21":"product_tag-wholesale-shoes","22":"desktop-align-center","23":"tablet-align-center","24":"mobile-align-center","26":"first","27":"instock","28":"shipping-taxable","29":"purchasable","30":"product-type-variable","31":"has-default-attributes"},"acf":[],"uagb_featured_image_src":{"full":["https:\/\/turkishtrade.co\/wp-content\/uploads\/2026\/01\/2400EJOMN00295-DARK-BROWN-C_026-1-usd.png",453,250,false],"thumbnail":["https:\/\/turkishtrade.co\/wp-content\/uploads\/2026\/01\/2400EJOMN00295-DARK-BROWN-C_026-1-usd-150x150.png",150,150,true],"medium":["https:\/\/turkishtrade.co\/wp-content\/uploads\/2026\/01\/2400EJOMN00295-DARK-BROWN-C_026-1-usd-300x166.png",300,166,true],"medium_large":["https:\/\/turkishtrade.co\/wp-content\/uploads\/2026\/01\/2400EJOMN00295-DARK-BROWN-C_026-1-usd.png",453,250,false],"large":["https:\/\/turkishtrade.co\/wp-content\/uploads\/2026\/01\/2400EJOMN00295-DARK-BROWN-C_026-1-usd.png",453,250,false],"1536x1536":["https:\/\/turkishtrade.co\/wp-content\/uploads\/2026\/01\/2400EJOMN00295-DARK-BROWN-C_026-1-usd.png",453,250,false],"2048x2048":["https:\/\/turkishtrade.co\/wp-content\/uploads\/2026\/01\/2400EJOMN00295-DARK-BROWN-C_026-1-usd.png",453,250,false],"trp-custom-language-flag":["https:\/\/turkishtrade.co\/wp-content\/uploads\/2026\/01\/2400EJOMN00295-DARK-BROWN-C_026-1-usd-18x10.png",18,10,true],"woocommerce_thumbnail":["https:\/\/turkishtrade.co\/wp-content\/uploads\/2026\/01\/2400EJOMN00295-DARK-BROWN-C_026-1-usd-400x250.png",400,250,true],"woocommerce_single":["https:\/\/turkishtrade.co\/wp-content\/uploads\/2026\/01\/2400EJOMN00295-DARK-BROWN-C_026-1-usd.png",453,250,false],"woocommerce_gallery_thumbnail":["https:\/\/turkishtrade.co\/wp-content\/uploads\/2026\/01\/2400EJOMN00295-DARK-BROWN-C_026-1-usd-100x100.png",100,100,true]},"uagb_author_info":{"display_name":"yaser olabi","author_link":"https:\/\/turkishtrade.co\/fr\/author\/"},"uagb_comment_info":0,"uagb_excerpt":"Premium Materials: Crafted with genuine calfskin leather outer and soft goatskin leather lining for ultimate comfort and durability. Comfort-Driven Design: Features a lightweight yet robust EVA sole, providing superior cushioning and support for all-day wear. Versatile Style: Perfect for smart-casual occasions, offering a blend of classic elegance and modern comfort. Wide Size Range: Available in\u2026","_links":{"self":[{"href":"https:\/\/turkishtrade.co\/fr\/wp-json\/wp\/v2\/product\/5815","targetHints":{"allow":["GET"]}}],"collection":[{"href":"https:\/\/turkishtrade.co\/fr\/wp-json\/wp\/v2\/product"}],"about":[{"href":"https:\/\/turkishtrade.co\/fr\/wp-json\/wp\/v2\/types\/product"}],"wp:featuredmedia":[{"embeddable":true,"href":"https:\/\/turkishtrade.co\/fr\/wp-json\/wp\/v2\/media\/3894"}],"wp:attachment":[{"href":"https:\/\/turkishtrade.co\/fr\/wp-json\/wp\/v2\/media?parent=5815"}],"wp:term":[{"taxonomy":"product_brand","embeddable":true,"href":"https:\/\/turkishtrade.co\/fr\/wp-json\/wp\/v2\/product_brand?post=5815"},{"taxonomy":"product_cat","embeddable":true,"href":"https:\/\/turkishtrade.co\/fr\/wp-json\/wp\/v2\/product_cat?post=5815"},{"taxonomy":"product_tag","embeddable":true,"href":"https:\/\/turkishtrade.co\/fr\/wp-json\/wp\/v2\/product_tag?post=5815"}],"curies":[{"name":"wp","href":"https:\/\/api.w.org\/{rel}","templated":true}]}}