{"id":5812,"date":"2026-01-14T13:18:57","date_gmt":"2026-01-14T13:18:57","guid":{"rendered":"https:\/\/turkishtrade.co\/product\/mens-casual-leather-monk-strap-shoes\/"},"modified":"2026-04-09T19:23:18","modified_gmt":"2026-04-09T19:23:18","slug":"mens-casual-leather-monk-strap-shoes","status":"publish","type":"product","link":"https:\/\/turkishtrade.co\/fr\/shop\/mens-casual-leather-monk-strap-shoes\/","title":{"rendered":"Chaussures monk en cuir pour hommes, d\u00e9contract\u00e9es, avec d\u00e9tails en daim"},"content":{"rendered":"<p><strong>Chaussures d\u00e9contract\u00e9es en cuir pour hommes<\/strong><\/p>\n<p>Entrez dans un confort sophistiqu\u00e9 avec nos produits de qualit\u00e9 sup\u00e9rieure. <b>Chaussures d\u00e9contract\u00e9es en cuir pour hommes<\/b>. Con\u00e7ues pour les personnes exigeantes, ces chaussures allient sans effort l'\u00e9l\u00e9gance classique \u00e0 la facilit\u00e9 d'utilisation au quotidien. Fabriqu\u00e9es avec une attention m\u00e9ticuleuse aux d\u00e9tails, elles sont le choix id\u00e9al pour ceux qui recherchent des chaussures de haute qualit\u00e9 qui se distinguent. Que vous choisissiez le noir intemporel ou le marron riche, ces chaussures \u00e0 lani\u00e8res monk sont assur\u00e9es de rehausser votre style.<\/p>\n<p><h3>Un savoir-faire et des mat\u00e9riaux in\u00e9gal\u00e9s<\/h3>\n<\/p>\n<p>Chaque paire de ces exquises <b>Chaussures d\u00e9contract\u00e9es en cuir pour hommes<\/b> t\u00e9moigne d'un savoir-faire de qualit\u00e9 sup\u00e9rieure. L'ext\u00e9rieur est fabriqu\u00e9 en cuir de veau luxueux et authentique, connu pour sa texture lisse, sa durabilit\u00e9 et sa capacit\u00e9 \u00e0 vieillir en beaut\u00e9. En compl\u00e9ment du cuir, un panneau en daim sophistiqu\u00e9 orne l'empeigne, ajoutant une touche de style contemporain et un int\u00e9r\u00eat visuel unique.<\/p>\n<p>\u00c0 l'int\u00e9rieur, vos pieds seront berc\u00e9s par la douce \u00e9treinte de la doublure en cuir de ch\u00e8vre v\u00e9ritable, qui offre une respirabilit\u00e9 et un confort exceptionnels tout au long de la journ\u00e9e. Cette combinaison de mat\u00e9riaux de qualit\u00e9 sup\u00e9rieure garantit une chaussure non seulement \u00e9l\u00e9gante, mais aussi incroyablement confortable et con\u00e7ue pour durer.<\/p>\n<p>Le fondement de ces remarquables <b>Chaussures d\u00e9contract\u00e9es en cuir pour hommes<\/b> repose sur une semelle EVA \u00e0 la fois l\u00e9g\u00e8re et robuste. Ce mat\u00e9riau de pointe offre un excellent amorti et une bonne absorption des chocs, ce qui fait de chaque pas un plaisir. Le talon bas classique, g\u00e9n\u00e9ralement compris entre 1 et 3 cm, assure la stabilit\u00e9 et une foul\u00e9e confortable, parfaite pour les longues journ\u00e9es pass\u00e9es debout et les soir\u00e9es d\u00e9contract\u00e9es.<\/p>\n<p>L'embl\u00e9matique bride de moine, dot\u00e9e d'\u00e9l\u00e9gantes boucles m\u00e9talliques, ajoute un caract\u00e8re distinctif, vous permettant de l'enfiler et de la retirer facilement tout en conservant un maintien s\u00fbr.<\/p>\n<p><h3>Polyvalence et possibilit\u00e9s de vente en gros<\/h3>\n<\/p>\n<p>Notre <b>Chaussures d\u00e9contract\u00e9es en cuir pour hommes<\/b> sont incroyablement polyvalents et s'adaptent parfaitement \u00e0 la vie de bureau et \u00e0 la vie d\u00e9contract\u00e9e. Ils s'associent parfaitement avec des chinos, des pantalons de tailleur ou m\u00eame des jeans de qualit\u00e9 sup\u00e9rieure, ce qui en fait la pierre angulaire de toute garde-robe moderne. Disponibles dans une large gamme de tailles allant du 39 au 45, elles s'adaptent parfaitement \u00e0 un large \u00e9ventail de clients.<\/p>\n<p>Pour les entreprises qui cherchent \u00e0 stocker des chaussures pour hommes de haute qualit\u00e9 et \u00e0 la mode, ces chaussures \u00e0 lani\u00e8res monk sont un excellent choix. Nous proposons des options de vente en gros attrayantes avec une quantit\u00e9 minimale de commande de seulement 8 paires. Notre logistique efficace garantit un d\u00e9lai de livraison fiable d'environ 12 jours, plus les frais de port, ce qui facilite le r\u00e9approvisionnement de votre stock ou le lancement d'une nouvelle collection.<\/p>\n<p>Investir dans notre <b>Chaussures d\u00e9contract\u00e9es en cuir pour hommes<\/b> et offrez \u00e0 vos clients un m\u00e9lange de luxe, de confort et de style intemporel.<\/p>","protected":false},"excerpt":{"rendered":"<ul>\n<li>Fabriqu\u00e9 en cuir de veau v\u00e9ritable avec des d\u00e9tails en daim.<\/li>\n<li>Int\u00e9rieur en cuir de ch\u00e8vre souple et respirant pour un confort ultime.<\/li>\n<li>Semelle EVA l\u00e9g\u00e8re et durable.<\/li>\n<li>Talon classique (1-3 cm) pour une tenue d\u00e9contract\u00e9e au quotidien.<\/li>\n<li>Disponible dans une large gamme de tailles : 39, 40, 41, 42, 43, 44, 45.<\/li>\n<li>Possibilit\u00e9 de vente en gros : Quantit\u00e9 minimale de commande de 8 paires.<\/li>\n<li>Livraison fiable dans les 12 jours + frais de port.<\/li>\n<\/ul>","protected":false},"featured_media":3892,"template":"","meta":{"_acf_changed":false,"_uag_custom_page_level_css":"","site-sidebar-layout":"default","site-content-layout":"","ast-site-content-layout":"default","site-content-style":"default","site-sidebar-style":"default","ast-global-header-display":"","ast-banner-title-visibility":"","ast-main-header-display":"","ast-hfb-above-header-display":"","ast-hfb-below-header-display":"","ast-hfb-mobile-header-display":"","site-post-title":"","ast-breadcrumbs-content":"","ast-featured-img":"","footer-sml-layout":"","ast-disable-related-posts":"","theme-transparent-header-meta":"","adv-header-id-meta":"","stick-header-meta":"","header-above-stick-meta":"","header-main-stick-meta":"","header-below-stick-meta":"","astra-migrate-meta-layouts":"default","ast-page-background-enabled":"default","ast-page-background-meta":{"desktop":{"background-color":"var(--ast-global-color-4)","background-image":"","background-repeat":"repeat","background-position":"center center","background-size":"auto","background-attachment":"scroll","background-type":"","background-media":"","overlay-type":"","overlay-color":"","overlay-opacity":"","overlay-gradient":""},"tablet":{"background-color":"","background-image":"","background-repeat":"repeat","background-position":"center center","background-size":"auto","background-attachment":"scroll","background-type":"","background-media":"","overlay-type":"","overlay-color":"","overlay-opacity":"","overlay-gradient":""},"mobile":{"background-color":"","background-image":"","background-repeat":"repeat","background-position":"center center","background-size":"auto","background-attachment":"scroll","background-type":"","background-media":"","overlay-type":"","overlay-color":"","overlay-opacity":"","overlay-gradient":""}},"ast-content-background-meta":{"desktop":{"background-color":"var(--ast-global-color-5)","background-image":"","background-repeat":"repeat","background-position":"center center","background-size":"auto","background-attachment":"scroll","background-type":"","background-media":"","overlay-type":"","overlay-color":"","overlay-opacity":"","overlay-gradient":""},"tablet":{"background-color":"var(--ast-global-color-5)","background-image":"","background-repeat":"repeat","background-position":"center center","background-size":"auto","background-attachment":"scroll","background-type":"","background-media":"","overlay-type":"","overlay-color":"","overlay-opacity":"","overlay-gradient":""},"mobile":{"background-color":"var(--ast-global-color-5)","background-image":"","background-repeat":"repeat","background-position":"center center","background-size":"auto","background-attachment":"scroll","background-type":"","background-media":"","overlay-type":"","overlay-color":"","overlay-opacity":"","overlay-gradient":""}}},"product_brand":[],"product_cat":[48,47,49,430,40],"product_tag":[605,218,391,202,449,438,437,227,148,198,404,210,1058,281],"class_list":{"0":"post-5812","1":"product","2":"type-product","3":"status-publish","4":"has-post-thumbnail","6":"product_cat-casual","7":"product_cat-classic","8":"product_cat-loafer","9":"product_cat-men","10":"product_cat-mens-shoes","11":"product_tag-black-shoes","12":"product_tag-brown-shoes","13":"product_tag-buckle-shoes","14":"product_tag-calf-leather","15":"product_tag-casual-shoes","16":"product_tag-eva-sole","17":"product_tag-goat-leather","18":"product_tag-leather-shoes","19":"product_tag-loafers","20":"product_tag-mens-fashion","21":"product_tag-monk-strap","22":"product_tag-smart-casual","23":"product_tag-suede-detail","24":"product_tag-wholesale-shoes","25":"desktop-align-center","26":"tablet-align-center","27":"mobile-align-center","29":"first","30":"instock","31":"shipping-taxable","32":"purchasable","33":"product-type-variable","34":"has-default-attributes"},"acf":[],"uagb_featured_image_src":{"full":["https:\/\/turkishtrade.co\/wp-content\/uploads\/2026\/01\/2400EJOMN00294-DARK-BROWN-R_570-1-usd.png",453,250,false],"thumbnail":["https:\/\/turkishtrade.co\/wp-content\/uploads\/2026\/01\/2400EJOMN00294-DARK-BROWN-R_570-1-usd-150x150.png",150,150,true],"medium":["https:\/\/turkishtrade.co\/wp-content\/uploads\/2026\/01\/2400EJOMN00294-DARK-BROWN-R_570-1-usd-300x166.png",300,166,true],"medium_large":["https:\/\/turkishtrade.co\/wp-content\/uploads\/2026\/01\/2400EJOMN00294-DARK-BROWN-R_570-1-usd.png",453,250,false],"large":["https:\/\/turkishtrade.co\/wp-content\/uploads\/2026\/01\/2400EJOMN00294-DARK-BROWN-R_570-1-usd.png",453,250,false],"1536x1536":["https:\/\/turkishtrade.co\/wp-content\/uploads\/2026\/01\/2400EJOMN00294-DARK-BROWN-R_570-1-usd.png",453,250,false],"2048x2048":["https:\/\/turkishtrade.co\/wp-content\/uploads\/2026\/01\/2400EJOMN00294-DARK-BROWN-R_570-1-usd.png",453,250,false],"trp-custom-language-flag":["https:\/\/turkishtrade.co\/wp-content\/uploads\/2026\/01\/2400EJOMN00294-DARK-BROWN-R_570-1-usd-18x10.png",18,10,true],"woocommerce_thumbnail":["https:\/\/turkishtrade.co\/wp-content\/uploads\/2026\/01\/2400EJOMN00294-DARK-BROWN-R_570-1-usd-400x250.png",400,250,true],"woocommerce_single":["https:\/\/turkishtrade.co\/wp-content\/uploads\/2026\/01\/2400EJOMN00294-DARK-BROWN-R_570-1-usd.png",453,250,false],"woocommerce_gallery_thumbnail":["https:\/\/turkishtrade.co\/wp-content\/uploads\/2026\/01\/2400EJOMN00294-DARK-BROWN-R_570-1-usd-100x100.png",100,100,true]},"uagb_author_info":{"display_name":"yaser olabi","author_link":"https:\/\/turkishtrade.co\/fr\/author\/"},"uagb_comment_info":0,"uagb_excerpt":"Crafted from genuine Calf Leather exterior with stylish suede detailing. Soft and breathable Goat Leather interior for ultimate comfort. Features a lightweight and durable EVA sole. Classic low heel (1-3 cm) for everyday casual wear. Available in a comprehensive size range: 39, 40, 41, 42, 43, 44, 45. Wholesale opportunity: Minimum order quantity of 8\u2026","_links":{"self":[{"href":"https:\/\/turkishtrade.co\/fr\/wp-json\/wp\/v2\/product\/5812","targetHints":{"allow":["GET"]}}],"collection":[{"href":"https:\/\/turkishtrade.co\/fr\/wp-json\/wp\/v2\/product"}],"about":[{"href":"https:\/\/turkishtrade.co\/fr\/wp-json\/wp\/v2\/types\/product"}],"wp:featuredmedia":[{"embeddable":true,"href":"https:\/\/turkishtrade.co\/fr\/wp-json\/wp\/v2\/media\/3892"}],"wp:attachment":[{"href":"https:\/\/turkishtrade.co\/fr\/wp-json\/wp\/v2\/media?parent=5812"}],"wp:term":[{"taxonomy":"product_brand","embeddable":true,"href":"https:\/\/turkishtrade.co\/fr\/wp-json\/wp\/v2\/product_brand?post=5812"},{"taxonomy":"product_cat","embeddable":true,"href":"https:\/\/turkishtrade.co\/fr\/wp-json\/wp\/v2\/product_cat?post=5812"},{"taxonomy":"product_tag","embeddable":true,"href":"https:\/\/turkishtrade.co\/fr\/wp-json\/wp\/v2\/product_tag?post=5812"}],"curies":[{"name":"wp","href":"https:\/\/api.w.org\/{rel}","templated":true}]}}