{"id":5810,"date":"2026-01-14T13:18:31","date_gmt":"2026-01-14T13:18:31","guid":{"rendered":"https:\/\/turkishtrade.co\/product\/men-s-suede-casual-loafers\/"},"modified":"2026-04-09T19:23:20","modified_gmt":"2026-04-09T19:23:20","slug":"mens-suede-casual-loafers-7","status":"publish","type":"product","link":"https:\/\/turkishtrade.co\/fr\/shop\/mens-suede-casual-loafers-7\/","title":{"rendered":"Mocassins d\u00e9contract\u00e9s en daim pour hommes Premium"},"content":{"rendered":"<p><strong>Mocassins d\u00e9contract\u00e9s en daim pour hommes<\/strong><\/p>\n<p>Rehaussez votre collection de chaussures de tous les jours gr\u00e2ce \u00e0 nos chaussures exquises. <b>Mocassins d\u00e9contract\u00e9s en daim pour hommes<\/b>. Con\u00e7us pour le gentleman moderne qui appr\u00e9cie \u00e0 la fois le style et un confort in\u00e9gal\u00e9, ces mocassins t\u00e9moignent d'un travail artisanal de qualit\u00e9 sup\u00e9rieure. Chaque paire de ces <b>Mocassins d\u00e9contract\u00e9s en daim pour hommes<\/b> est m\u00e9ticuleusement fabriqu\u00e9 \u00e0 partir de cuir de veau de premi\u00e8re qualit\u00e9 pour la surface ext\u00e9rieure, offrant un toucher doux et luxueux et une esth\u00e9tique sophistiqu\u00e9e.<\/p>\n<p>La riche texture du daim ajoute une touche d'\u00e9l\u00e9gance raffin\u00e9e \u00e0 tout ensemble d\u00e9contract\u00e9. <b>Mocassins d\u00e9contract\u00e9s en daim pour hommes<\/b> un compl\u00e9ment indispensable \u00e0 votre garde-robe.<\/p>\n<p><h3>Confort in\u00e9gal\u00e9 et mat\u00e9riaux de premi\u00e8re qualit\u00e9<\/h3>\n<\/p>\n<p>A l'int\u00e9rieur, vos pieds seront berc\u00e9s dans le plus grand confort, gr\u00e2ce \u00e0 la doublure souple en cuir de ch\u00e8vre. Cette mati\u00e8re naturelle assure une bonne respirabilit\u00e9 et un toucher moelleux, \u00e9vitant toute g\u00eane m\u00eame en cas de port prolong\u00e9. La base de ces chaussures d'exception <b>Mocassins d\u00e9contract\u00e9s en daim pour hommes<\/b> est une semelle EVA robuste mais incroyablement l\u00e9g\u00e8re.<\/p>\n<p>Con\u00e7ue pour une flexibilit\u00e9 maximale et l'absorption des chocs, la semelle en EVA offre une excellente adh\u00e9rence et garantit que chaque pas est amorti, offrant un confort tout au long de la journ\u00e9e. Avec une hauteur de talon classique de 1 \u00e0 3 cm, ces mocassins trouvent l'\u00e9quilibre parfait entre aisance d\u00e9contract\u00e9e et \u00e9l\u00e9vation subtile.<\/p>\n<p><h3>Un style polyvalent pour toutes les occasions<\/h3>\n<\/p>\n<p>Notre <b>Mocassins d\u00e9contract\u00e9s en daim pour hommes<\/b> sont suffisamment polyvalents pour s'adapter \u00e0 toutes sortes d'occasions, qu'il s'agisse de sorties d\u00e9contract\u00e9es le week-end ou d'environnements de bureau \u00e9l\u00e9gants et d\u00e9contract\u00e9s. Leur design intemporel leur permet de s'associer sans effort \u00e0 des chinos, des jeans ou m\u00eame des shorts, ce qui en fait un choix incontournable pour un style sans effort. Nous proposons ces pantalons de haute qualit\u00e9 <b>Mocassins d\u00e9contract\u00e9s en daim pour hommes<\/b> dans une gamme compl\u00e8te de tailles, de l'UE 39 \u00e0 45, garantissant un ajustement parfait pour chaque client.<\/p>\n<p><h3>Avantages de la vente en gros et des commandes group\u00e9es<\/h3>\n<\/p>\n<p>Pour les entreprises et les d\u00e9taillants, ces <b>Mocassins d\u00e9contract\u00e9s en daim pour hommes<\/b> sont disponibles pour les achats en gros avec une commande minimum de 8 paires. Profitez de notre processus simplifi\u00e9 et de notre livraison fiable, les commandes \u00e9tant g\u00e9n\u00e9ralement exp\u00e9di\u00e9es dans un d\u00e9lai de 12 jours plus le temps d'acheminement. Offrez \u00e0 vos clients le m\u00e9lange ultime de style et de confort en ajoutant ces magnifiques chaussures de sport. <b>Mocassins d\u00e9contract\u00e9s en daim pour hommes<\/b> \u00e0 votre inventaire.<\/p>\n<p>Choisissez la qualit\u00e9, choisissez le style, choisissez notre <b>Mocassins d\u00e9contract\u00e9s en daim pour hommes<\/b>.<\/p>","protected":false},"excerpt":{"rendered":"<ul>\n<li>Faites l'exp\u00e9rience d'un confort ultime et d'un style raffin\u00e9 avec notre <b>Mocassins d\u00e9contract\u00e9s en daim pour hommes<\/b>.<\/li>\n<li>Fabriqu\u00e9 avec un luxueux cuir de veau \u00e0 l'ext\u00e9rieur et un int\u00e9rieur en cuir de ch\u00e8vre souple pour une meilleure respirabilit\u00e9.<\/li>\n<li>Dot\u00e9e d'une semelle EVA l\u00e9g\u00e8re et flexible, elle offre un amorti et un soutien sup\u00e9rieurs, avec un talon classique de 1 \u00e0 3 cm.<\/li>\n<li>Disponible dans une large gamme de tailles : EU 39, 40, 41, 42, 43, 44, 45.<\/li>\n<li>Id\u00e9al pour les commandes en gros et en masse : Commande minimum de 8 paires.<\/li>\n<li>Livraison rapide : Exp\u00e9dition sous 12 jours + d\u00e9lai d'acheminement.<\/li>\n<\/ul>","protected":false},"featured_media":3890,"template":"","meta":{"_acf_changed":false,"_uag_custom_page_level_css":"","site-sidebar-layout":"default","site-content-layout":"","ast-site-content-layout":"default","site-content-style":"default","site-sidebar-style":"default","ast-global-header-display":"","ast-banner-title-visibility":"","ast-main-header-display":"","ast-hfb-above-header-display":"","ast-hfb-below-header-display":"","ast-hfb-mobile-header-display":"","site-post-title":"","ast-breadcrumbs-content":"","ast-featured-img":"","footer-sml-layout":"","ast-disable-related-posts":"","theme-transparent-header-meta":"","adv-header-id-meta":"","stick-header-meta":"","header-above-stick-meta":"","header-main-stick-meta":"","header-below-stick-meta":"","astra-migrate-meta-layouts":"default","ast-page-background-enabled":"default","ast-page-background-meta":{"desktop":{"background-color":"var(--ast-global-color-4)","background-image":"","background-repeat":"repeat","background-position":"center center","background-size":"auto","background-attachment":"scroll","background-type":"","background-media":"","overlay-type":"","overlay-color":"","overlay-opacity":"","overlay-gradient":""},"tablet":{"background-color":"","background-image":"","background-repeat":"repeat","background-position":"center center","background-size":"auto","background-attachment":"scroll","background-type":"","background-media":"","overlay-type":"","overlay-color":"","overlay-opacity":"","overlay-gradient":""},"mobile":{"background-color":"","background-image":"","background-repeat":"repeat","background-position":"center center","background-size":"auto","background-attachment":"scroll","background-type":"","background-media":"","overlay-type":"","overlay-color":"","overlay-opacity":"","overlay-gradient":""}},"ast-content-background-meta":{"desktop":{"background-color":"var(--ast-global-color-5)","background-image":"","background-repeat":"repeat","background-position":"center center","background-size":"auto","background-attachment":"scroll","background-type":"","background-media":"","overlay-type":"","overlay-color":"","overlay-opacity":"","overlay-gradient":""},"tablet":{"background-color":"var(--ast-global-color-5)","background-image":"","background-repeat":"repeat","background-position":"center center","background-size":"auto","background-attachment":"scroll","background-type":"","background-media":"","overlay-type":"","overlay-color":"","overlay-opacity":"","overlay-gradient":""},"mobile":{"background-color":"var(--ast-global-color-5)","background-image":"","background-repeat":"repeat","background-position":"center center","background-size":"auto","background-attachment":"scroll","background-type":"","background-media":"","overlay-type":"","overlay-color":"","overlay-opacity":"","overlay-gradient":""}}},"product_brand":[],"product_cat":[48,47,49,430,40],"product_tag":[674,202,512,457,272,220,438,437,845,215,198,921,280,254],"class_list":{"0":"post-5810","1":"product","2":"type-product","3":"status-publish","4":"has-post-thumbnail","6":"product_cat-casual","7":"product_cat-classic","8":"product_cat-loafer","9":"product_cat-men","10":"product_cat-mens-shoes","11":"product_tag-bulk-shoes","12":"product_tag-calf-leather","13":"product_tag-casual-loafers","14":"product_tag-classic-loafers","15":"product_tag-comfort-shoes","16":"product_tag-comfortable-loafers","17":"product_tag-eva-sole","18":"product_tag-goat-leather","19":"product_tag-handmade-loafers","20":"product_tag-leather-loafers","21":"product_tag-mens-fashion","22":"product_tag-mens-suede-loafers","23":"product_tag-smart-casual-shoes","24":"product_tag-wholesale-footwear","25":"desktop-align-center","26":"tablet-align-center","27":"mobile-align-center","29":"first","30":"instock","31":"shipping-taxable","32":"purchasable","33":"product-type-variable","34":"has-default-attributes"},"acf":[],"uagb_featured_image_src":{"full":["https:\/\/turkishtrade.co\/wp-content\/uploads\/2026\/01\/2400EJOMN00292-BEIGE-DKS_439-4-USD.png",453,250,false],"thumbnail":["https:\/\/turkishtrade.co\/wp-content\/uploads\/2026\/01\/2400EJOMN00292-BEIGE-DKS_439-4-USD-150x150.png",150,150,true],"medium":["https:\/\/turkishtrade.co\/wp-content\/uploads\/2026\/01\/2400EJOMN00292-BEIGE-DKS_439-4-USD-300x166.png",300,166,true],"medium_large":["https:\/\/turkishtrade.co\/wp-content\/uploads\/2026\/01\/2400EJOMN00292-BEIGE-DKS_439-4-USD.png",453,250,false],"large":["https:\/\/turkishtrade.co\/wp-content\/uploads\/2026\/01\/2400EJOMN00292-BEIGE-DKS_439-4-USD.png",453,250,false],"1536x1536":["https:\/\/turkishtrade.co\/wp-content\/uploads\/2026\/01\/2400EJOMN00292-BEIGE-DKS_439-4-USD.png",453,250,false],"2048x2048":["https:\/\/turkishtrade.co\/wp-content\/uploads\/2026\/01\/2400EJOMN00292-BEIGE-DKS_439-4-USD.png",453,250,false],"trp-custom-language-flag":["https:\/\/turkishtrade.co\/wp-content\/uploads\/2026\/01\/2400EJOMN00292-BEIGE-DKS_439-4-USD-18x10.png",18,10,true],"woocommerce_thumbnail":["https:\/\/turkishtrade.co\/wp-content\/uploads\/2026\/01\/2400EJOMN00292-BEIGE-DKS_439-4-USD-400x250.png",400,250,true],"woocommerce_single":["https:\/\/turkishtrade.co\/wp-content\/uploads\/2026\/01\/2400EJOMN00292-BEIGE-DKS_439-4-USD.png",453,250,false],"woocommerce_gallery_thumbnail":["https:\/\/turkishtrade.co\/wp-content\/uploads\/2026\/01\/2400EJOMN00292-BEIGE-DKS_439-4-USD-100x100.png",100,100,true]},"uagb_author_info":{"display_name":"yaser olabi","author_link":"https:\/\/turkishtrade.co\/fr\/author\/"},"uagb_comment_info":0,"uagb_excerpt":"Experience ultimate comfort and refined style with our Men's Suede Casual Loafers. Crafted with a luxurious calf leather exterior and a soft goat leather interior for breathable wear. Features a lightweight and flexible EVA sole, offering superior cushioning and support with a classic 1-3cm heel. Available in a wide range of sizes: EU 39, 40,\u2026","_links":{"self":[{"href":"https:\/\/turkishtrade.co\/fr\/wp-json\/wp\/v2\/product\/5810","targetHints":{"allow":["GET"]}}],"collection":[{"href":"https:\/\/turkishtrade.co\/fr\/wp-json\/wp\/v2\/product"}],"about":[{"href":"https:\/\/turkishtrade.co\/fr\/wp-json\/wp\/v2\/types\/product"}],"wp:featuredmedia":[{"embeddable":true,"href":"https:\/\/turkishtrade.co\/fr\/wp-json\/wp\/v2\/media\/3890"}],"wp:attachment":[{"href":"https:\/\/turkishtrade.co\/fr\/wp-json\/wp\/v2\/media?parent=5810"}],"wp:term":[{"taxonomy":"product_brand","embeddable":true,"href":"https:\/\/turkishtrade.co\/fr\/wp-json\/wp\/v2\/product_brand?post=5810"},{"taxonomy":"product_cat","embeddable":true,"href":"https:\/\/turkishtrade.co\/fr\/wp-json\/wp\/v2\/product_cat?post=5810"},{"taxonomy":"product_tag","embeddable":true,"href":"https:\/\/turkishtrade.co\/fr\/wp-json\/wp\/v2\/product_tag?post=5810"}],"curies":[{"name":"wp","href":"https:\/\/api.w.org\/{rel}","templated":true}]}}