{"id":5803,"date":"2026-01-14T13:17:37","date_gmt":"2026-01-14T13:17:37","guid":{"rendered":"https:\/\/turkishtrade.co\/product\/mens-leather-tassel-loafers-4\/"},"modified":"2026-04-09T19:23:32","modified_gmt":"2026-04-09T19:23:32","slug":"mens-leather-tassel-loafers-4","status":"publish","type":"product","link":"https:\/\/turkishtrade.co\/fr\/shop\/mens-leather-tassel-loafers-4\/","title":{"rendered":"Mocassins classiques en cuir de veau pour hommes"},"content":{"rendered":"<p><strong>Mocassins en cuir pour hommes<\/strong><\/p>\n<p>Entrez dans l'\u00e9l\u00e9gance intemporelle avec notre exquise <b>Mocassins en cuir pour hommes<\/b>. M\u00e9ticuleusement con\u00e7us pour l'homme exigeant, ces mocassins allient sans effort style classique et confort moderne. Fabriqu\u00e9s \u00e0 partir des mat\u00e9riaux les plus nobles, ces mocassins <b>mocassins \u00e0 glands en cuir pour hommes<\/b> sont un compl\u00e9ment indispensable \u00e0 toute garde-robe sophistiqu\u00e9e, offrant une polyvalence pour les environnements formels et d\u00e9contract\u00e9s. Faites l'exp\u00e9rience d'un savoir-faire sup\u00e9rieur qui distingue nos chaussures.<\/p>\n<p><h3>Qualit\u00e9 et confort in\u00e9gal\u00e9s<\/h3>\n<\/p>\n<p>L'aspect ext\u00e9rieur de ces v\u00e9hicules d'exception <b>mocassins \u00e0 glands en cuir pour hommes<\/b> est en cuir de veau souple, r\u00e9put\u00e9 pour sa durabilit\u00e9 et son toucher luxueux. \u00c0 l'int\u00e9rieur, vos pieds seront envelopp\u00e9s dans la douce \u00e9treinte d'une doublure en cuir de ch\u00e8vre v\u00e9ritable, garantissant une respirabilit\u00e9 et un confort in\u00e9gal\u00e9 tout au long de la journ\u00e9e. La semelle en EVA bien con\u00e7ue offre un amorti l\u00e9ger et une excellente adh\u00e9rence, compl\u00e9t\u00e9e par un talon subtil de 1 \u00e0 3 cm qui maintient la silhouette classique du mocassin tout en offrant une l\u00e9g\u00e8re \u00e9l\u00e9vation.<\/p>\n<p>Cette combinaison de mat\u00e9riaux de qualit\u00e9 sup\u00e9rieure garantit que chaque paire de ces <b>mocassins \u00e0 glands en cuir pour hommes<\/b> est con\u00e7u pour durer et offre une exp\u00e9rience de port exceptionnelle.<\/p>\n<p><h3>Un style polyvalent pour toutes les occasions<\/h3>\n<\/p>\n<p>Que vous vous rendiez \u00e0 une r\u00e9union d'affaires, \u00e0 un brunch d\u00e9contract\u00e9 ou \u00e0 une soir\u00e9e sp\u00e9ciale, notre <b>mocassins \u00e0 glands en cuir pour hommes<\/b> constituent un choix sartorial parfait. Le d\u00e9tail embl\u00e9matique du pompon ajoute une touche de sophistication raffin\u00e9e, faisant de ces chaussures \u00e0 enfiler une v\u00e9ritable pi\u00e8ce d'identit\u00e9. Disponibles dans une gamme de couleurs classiques telles que le noir profond, le bleu riche et le marron \u00e9l\u00e9gant, vous pouvez choisir la teinte parfaite pour compl\u00e9ter votre style personnel.<\/p>\n<p>Ces <b>mocassins \u00e0 glands en cuir pour hommes<\/b> ne sont pas de simples chaussures, mais un investissement dans la qualit\u00e9 et la mode durable.<\/p>\n<p><h3>Disponibilit\u00e9 en gros et livraison fiable<\/h3>\n<\/p>\n<p>Nous proposons ces produits de haute qualit\u00e9 <b>mocassins \u00e0 glands en cuir pour hommes<\/b> dans une gamme compl\u00e8te de pointures europ\u00e9ennes allant du 39 au 45, garantissant un ajustement parfait \u00e0 un large \u00e9ventail de pieds. Pour les d\u00e9taillants et les entreprises qui souhaitent stocker des chaussures de qualit\u00e9 sup\u00e9rieure, nous proposons des options de vente en gros attrayantes avec une quantit\u00e9 minimale de commande de 8 paires seulement. Notre processus de production et de livraison efficace garantit que votre commande arrive rapidement, avec un d\u00e9lai de livraison estim\u00e9 \u00e0 12 jours, plus les frais d'exp\u00e9dition.<\/p>\n<p>Am\u00e9liorez votre collection de chaussures gr\u00e2ce \u00e0 nos chaussures de qualit\u00e9 sup\u00e9rieure. <b>mocassins \u00e0 glands en cuir pour hommes<\/b> et d\u00e9couvrez le m\u00e9lange de tradition et de confort qui d\u00e9finit le v\u00e9ritable luxe.<\/p>","protected":false},"excerpt":{"rendered":"<ul>\n<li>Fabriqu\u00e9 \u00e0 la main en cuir de veau de premi\u00e8re qualit\u00e9 (ext\u00e9rieur) et en cuir de ch\u00e8vre souple (int\u00e9rieur).<\/li>\n<li>Mocassins \u00e0 glands \u00e9l\u00e9gants, parfaits pour les tenues habill\u00e9es et les occasions d\u00e9contract\u00e9es.<\/li>\n<li>Semelle EVA l\u00e9g\u00e8re et confortable avec un talon bas (1-3 cm).<\/li>\n<li>Disponible dans les finitions sophistiqu\u00e9es noir, bleu et marron.<\/li>\n<li>Tailles 39-45 (UE) disponibles.<\/li>\n<li>Quantit\u00e9 minimale de commande : 8 paires. Prix de gros disponibles sur demande.<\/li>\n<li>Livraison estim\u00e9e : 12 jours + frais de port.<\/li>\n<\/ul>","protected":false},"featured_media":3887,"template":"","meta":{"_acf_changed":false,"_uag_custom_page_level_css":"","site-sidebar-layout":"default","site-content-layout":"","ast-site-content-layout":"default","site-content-style":"default","site-sidebar-style":"default","ast-global-header-display":"","ast-banner-title-visibility":"","ast-main-header-display":"","ast-hfb-above-header-display":"","ast-hfb-below-header-display":"","ast-hfb-mobile-header-display":"","site-post-title":"","ast-breadcrumbs-content":"","ast-featured-img":"","footer-sml-layout":"","ast-disable-related-posts":"","theme-transparent-header-meta":"","adv-header-id-meta":"","stick-header-meta":"","header-above-stick-meta":"","header-main-stick-meta":"","header-below-stick-meta":"","astra-migrate-meta-layouts":"default","ast-page-background-enabled":"default","ast-page-background-meta":{"desktop":{"background-color":"var(--ast-global-color-4)","background-image":"","background-repeat":"repeat","background-position":"center center","background-size":"auto","background-attachment":"scroll","background-type":"","background-media":"","overlay-type":"","overlay-color":"","overlay-opacity":"","overlay-gradient":""},"tablet":{"background-color":"","background-image":"","background-repeat":"repeat","background-position":"center center","background-size":"auto","background-attachment":"scroll","background-type":"","background-media":"","overlay-type":"","overlay-color":"","overlay-opacity":"","overlay-gradient":""},"mobile":{"background-color":"","background-image":"","background-repeat":"repeat","background-position":"center center","background-size":"auto","background-attachment":"scroll","background-type":"","background-media":"","overlay-type":"","overlay-color":"","overlay-opacity":"","overlay-gradient":""}},"ast-content-background-meta":{"desktop":{"background-color":"var(--ast-global-color-5)","background-image":"","background-repeat":"repeat","background-position":"center center","background-size":"auto","background-attachment":"scroll","background-type":"","background-media":"","overlay-type":"","overlay-color":"","overlay-opacity":"","overlay-gradient":""},"tablet":{"background-color":"var(--ast-global-color-5)","background-image":"","background-repeat":"repeat","background-position":"center center","background-size":"auto","background-attachment":"scroll","background-type":"","background-media":"","overlay-type":"","overlay-color":"","overlay-opacity":"","overlay-gradient":""},"mobile":{"background-color":"var(--ast-global-color-5)","background-image":"","background-repeat":"repeat","background-position":"center center","background-size":"auto","background-attachment":"scroll","background-type":"","background-media":"","overlay-type":"","overlay-color":"","overlay-opacity":"","overlay-gradient":""}}},"product_brand":[],"product_cat":[48,47,49,430,40],"product_tag":[370,635,147,185,1056,512,457,284,756,438,591,189,219,930,250,184,1055],"class_list":{"0":"post-5803","1":"product","2":"type-product","3":"status-publish","4":"has-post-thumbnail","6":"product_cat-casual","7":"product_cat-classic","8":"product_cat-loafer","9":"product_cat-men","10":"product_cat-mens-shoes","11":"product_tag-black-loafers","12":"product_tag-blue-loafers","13":"product_tag-brown-loafers","14":"product_tag-calf-leather-shoes","15":"product_tag-casual-elegance","16":"product_tag-casual-loafers","17":"product_tag-classic-loafers","18":"product_tag-dress-shoes","19":"product_tag-european-sizes","20":"product_tag-eva-sole","21":"product_tag-formal-wear","22":"product_tag-goat-leather-lining","23":"product_tag-handmade-shoes","24":"product_tag-mens-leather-tassel-loafers","25":"product_tag-premium-leather","26":"product_tag-slip-on-shoes","27":"product_tag-tassel-shoes","28":"desktop-align-center","29":"tablet-align-center","30":"mobile-align-center","32":"first","33":"instock","34":"shipping-taxable","35":"purchasable","36":"product-type-variable","37":"has-default-attributes"},"acf":[],"uagb_featured_image_src":{"full":["https:\/\/turkishtrade.co\/wp-content\/uploads\/2026\/01\/2400EJOMN00289-DARK-BROWN-TNC_74_1.png",453,250,false],"thumbnail":["https:\/\/turkishtrade.co\/wp-content\/uploads\/2026\/01\/2400EJOMN00289-DARK-BROWN-TNC_74_1.png",150,83,false],"medium":["https:\/\/turkishtrade.co\/wp-content\/uploads\/2026\/01\/2400EJOMN00289-DARK-BROWN-TNC_74_1.png",300,166,false],"medium_large":["https:\/\/turkishtrade.co\/wp-content\/uploads\/2026\/01\/2400EJOMN00289-DARK-BROWN-TNC_74_1.png",453,250,false],"large":["https:\/\/turkishtrade.co\/wp-content\/uploads\/2026\/01\/2400EJOMN00289-DARK-BROWN-TNC_74_1.png",453,250,false],"1536x1536":["https:\/\/turkishtrade.co\/wp-content\/uploads\/2026\/01\/2400EJOMN00289-DARK-BROWN-TNC_74_1.png",453,250,false],"2048x2048":["https:\/\/turkishtrade.co\/wp-content\/uploads\/2026\/01\/2400EJOMN00289-DARK-BROWN-TNC_74_1.png",453,250,false],"trp-custom-language-flag":["https:\/\/turkishtrade.co\/wp-content\/uploads\/2026\/01\/2400EJOMN00289-DARK-BROWN-TNC_74_1.png",18,10,false],"woocommerce_thumbnail":["https:\/\/turkishtrade.co\/wp-content\/uploads\/2026\/01\/2400EJOMN00289-DARK-BROWN-TNC_74_1-400x250.png",400,250,true],"woocommerce_single":["https:\/\/turkishtrade.co\/wp-content\/uploads\/2026\/01\/2400EJOMN00289-DARK-BROWN-TNC_74_1.png",453,250,false],"woocommerce_gallery_thumbnail":["https:\/\/turkishtrade.co\/wp-content\/uploads\/2026\/01\/2400EJOMN00289-DARK-BROWN-TNC_74_1-100x100.png",100,100,true]},"uagb_author_info":{"display_name":"yaser olabi","author_link":"https:\/\/turkishtrade.co\/fr\/author\/"},"uagb_comment_info":0,"uagb_excerpt":"Handcrafted from premium calf leather (outer) and soft goat leather (inner). Stylish tassel loafer design, perfect for both dress and casual occasions. Lightweight and comfortable EVA sole with a low heel (1-3 cm). Available in sophisticated Black, Blue, and Brown finishes. Sizes 39-45 (EU) available. Minimum order quantity: 8 pairs. Wholesale pricing available upon request.\u2026","_links":{"self":[{"href":"https:\/\/turkishtrade.co\/fr\/wp-json\/wp\/v2\/product\/5803","targetHints":{"allow":["GET"]}}],"collection":[{"href":"https:\/\/turkishtrade.co\/fr\/wp-json\/wp\/v2\/product"}],"about":[{"href":"https:\/\/turkishtrade.co\/fr\/wp-json\/wp\/v2\/types\/product"}],"wp:featuredmedia":[{"embeddable":true,"href":"https:\/\/turkishtrade.co\/fr\/wp-json\/wp\/v2\/media\/3887"}],"wp:attachment":[{"href":"https:\/\/turkishtrade.co\/fr\/wp-json\/wp\/v2\/media?parent=5803"}],"wp:term":[{"taxonomy":"product_brand","embeddable":true,"href":"https:\/\/turkishtrade.co\/fr\/wp-json\/wp\/v2\/product_brand?post=5803"},{"taxonomy":"product_cat","embeddable":true,"href":"https:\/\/turkishtrade.co\/fr\/wp-json\/wp\/v2\/product_cat?post=5803"},{"taxonomy":"product_tag","embeddable":true,"href":"https:\/\/turkishtrade.co\/fr\/wp-json\/wp\/v2\/product_tag?post=5803"}],"curies":[{"name":"wp","href":"https:\/\/api.w.org\/{rel}","templated":true}]}}