{"id":5796,"date":"2026-01-14T13:16:40","date_gmt":"2026-01-14T13:16:40","guid":{"rendered":"https:\/\/turkishtrade.co\/product\/men-s-suede-loafer-shoes\/"},"modified":"2026-04-09T19:23:46","modified_gmt":"2026-04-09T19:23:46","slug":"mens-suede-loafer-shoes-3","status":"publish","type":"product","link":"https:\/\/turkishtrade.co\/fr\/shop\/mens-suede-loafer-shoes-3\/","title":{"rendered":"Mocassins en daim de qualit\u00e9 sup\u00e9rieure pour hommes avec \u0153illets"},"content":{"rendered":"<p><strong>Mocassins en daim pour hommes<\/strong><\/p>\n<p>Entrez dans un style et un confort in\u00e9gal\u00e9s gr\u00e2ce \u00e0 nos magnifiques <strong>Mocassins en daim de qualit\u00e9 sup\u00e9rieure pour hommes avec \u0153illets<\/strong>. Con\u00e7ues pour le gentleman moderne, ces <strong>chaussures mocassins en daim pour hommes<\/strong> sont l'incarnation de l'\u00e9l\u00e9gance d\u00e9contract\u00e9e, alliant harmonieusement l'artisanat traditionnel et le flair contemporain. Chaque paire est m\u00e9ticuleusement fabriqu\u00e9e pour garantir non seulement une apparence distingu\u00e9e, mais aussi une durabilit\u00e9 et un confort sup\u00e9rieurs, ce qui en fait un compl\u00e9ment essentiel \u00e0 toute garde-robe sophistiqu\u00e9e.<\/p>\n<p><h3>Un savoir-faire in\u00e9gal\u00e9 et des mat\u00e9riaux de premi\u00e8re qualit\u00e9<\/h3>\n<\/p>\n<p>Notre <strong>chaussures mocassins en daim pour hommes<\/strong> sont fabriqu\u00e9s \u00e0 partir des mat\u00e9riaux les plus nobles. L'ext\u00e9rieur est en daim de veau v\u00e9ritable, offrant une texture douce et luxueuse, \u00e0 la fois attrayante et agr\u00e9able au toucher. Cette peau de veau de qualit\u00e9 sup\u00e9rieure offre une finition riche et \u00e9l\u00e9gante qui vieillit magnifiquement, garantissant que vos mocassins resteront un \u00e9l\u00e9ment pr\u00e9cieux de votre collection pour les ann\u00e9es \u00e0 venir.<\/p>\n<p>A l'int\u00e9rieur, vos pieds seront berc\u00e9s par le confort somptueux de la doublure en cuir de ch\u00e8vre, r\u00e9put\u00e9e pour sa douceur exceptionnelle, sa respirabilit\u00e9 et ses propri\u00e9t\u00e9s d'\u00e9vacuation de l'humidit\u00e9, gardant vos pieds \u00e0 l'aise et frais tout au long de la journ\u00e9e.<\/p>\n<p><h3>Con\u00e7u pour le confort et le style<\/h3>\n<\/p>\n<p>Le fondement de ces remarquables <strong>mocassins en daim<\/strong> est une semelle EVA l\u00e9g\u00e8re mais incroyablement durable. Cette semelle innovante offre un excellent amorti et une bonne absorption des chocs, ce qui garantit une foul\u00e9e confortable, que ce soit dans les rues de la ville ou pour se d\u00e9tendre le week-end. Avec une hauteur de talon classique de 1 \u00e0 3 cm, ces mocassins d\u00e9contract\u00e9s conservent une silhouette traditionnelle tout en offrant une \u00e9l\u00e9vation subtile.<\/p>\n<p>Le d\u00e9tail de la sangle \u00e0 \u0153illet ajoute une touche unique, distinguant ces mocassins des mod\u00e8les conventionnels et soulignant leur qualit\u00e9 sur mesure. Il ne s'agit pas de simples chaussures, mais d'une d\u00e9claration de go\u00fbt raffin\u00e9, parfaite pour les environnements professionnels d\u00e9contract\u00e9s et \u00e9l\u00e9gants.<\/p>\n<p><h3>Polyvalence pour toutes les occasions et disponibilit\u00e9 en vrac<\/h3>\n<\/p>\n<p>Associ\u00e9es \u00e0 des pantalons de tailleur, \u00e0 des chinos ou m\u00eame \u00e0 des jeans de qualit\u00e9 sup\u00e9rieure, ces <strong>chaussures mocassins en daim pour hommes<\/strong> offrent une incroyable polyvalence et rehaussent sans effort n'importe quelle tenue. Disponibles dans une large gamme de pointures allant du 39 au 45, elles s'adaptent parfaitement \u00e0 tous les pieds. Pour les d\u00e9taillants et les entreprises qui cherchent \u00e0 stocker des chaussures de haute qualit\u00e9, ces chaussures haut de gamme sont un excellent choix. <strong>mocassins d\u00e9contract\u00e9s<\/strong> sont disponibles \u00e0 l'achat en gros avec une commande minimum de 8 paires.<\/p>\n<p>Nous sommes fiers de notre efficacit\u00e9, avec un d\u00e9lai de livraison de seulement 12 jours plus les frais d'exp\u00e9dition, ce qui vous assure de recevoir votre commande rapidement. D\u00e9couvrez la fusion parfaite du luxe, du confort et du style avec nos exceptionnelles chaussures mocassins en daim pour hommes.<\/p>","protected":false},"excerpt":{"rendered":"<ul>\n<li>Fabriqu\u00e9 en daim de veau luxueux pour un look sophistiqu\u00e9.<\/li>\n<li>Doublure int\u00e9rieure en cuir de ch\u00e8vre souple pour un confort ultime et une bonne respirabilit\u00e9.<\/li>\n<li>\u00c9quip\u00e9e d'une semelle EVA durable et l\u00e9g\u00e8re pour une utilisation tout au long de la journ\u00e9e.<\/li>\n<li>Talon mocassin classique d'une hauteur de 1 \u00e0 3 cm pour une \u00e9l\u00e9gance intemporelle.<\/li>\n<li>Disponible dans une large gamme de tailles allant de 39 \u00e0 45.<\/li>\n<li>Quantit\u00e9 minimale de commande de 8 paires, id\u00e9ale pour les achats en gros et en masse.<\/li>\n<li>Vous b\u00e9n\u00e9ficiez d'une livraison rapide dans les 12 jours, plus le temps d'exp\u00e9dition.<\/li>\n<\/ul>","protected":false},"featured_media":3882,"template":"","meta":{"_acf_changed":false,"_uag_custom_page_level_css":"","site-sidebar-layout":"default","site-content-layout":"","ast-site-content-layout":"default","site-content-style":"default","site-sidebar-style":"default","ast-global-header-display":"","ast-banner-title-visibility":"","ast-main-header-display":"","ast-hfb-above-header-display":"","ast-hfb-below-header-display":"","ast-hfb-mobile-header-display":"","site-post-title":"","ast-breadcrumbs-content":"","ast-featured-img":"","footer-sml-layout":"","ast-disable-related-posts":"","theme-transparent-header-meta":"","adv-header-id-meta":"","stick-header-meta":"","header-above-stick-meta":"","header-main-stick-meta":"","header-below-stick-meta":"","astra-migrate-meta-layouts":"default","ast-page-background-enabled":"default","ast-page-background-meta":{"desktop":{"background-color":"var(--ast-global-color-4)","background-image":"","background-repeat":"repeat","background-position":"center center","background-size":"auto","background-attachment":"scroll","background-type":"","background-media":"","overlay-type":"","overlay-color":"","overlay-opacity":"","overlay-gradient":""},"tablet":{"background-color":"","background-image":"","background-repeat":"repeat","background-position":"center center","background-size":"auto","background-attachment":"scroll","background-type":"","background-media":"","overlay-type":"","overlay-color":"","overlay-opacity":"","overlay-gradient":""},"mobile":{"background-color":"","background-image":"","background-repeat":"repeat","background-position":"center center","background-size":"auto","background-attachment":"scroll","background-type":"","background-media":"","overlay-type":"","overlay-color":"","overlay-opacity":"","overlay-gradient":""}},"ast-content-background-meta":{"desktop":{"background-color":"var(--ast-global-color-5)","background-image":"","background-repeat":"repeat","background-position":"center center","background-size":"auto","background-attachment":"scroll","background-type":"","background-media":"","overlay-type":"","overlay-color":"","overlay-opacity":"","overlay-gradient":""},"tablet":{"background-color":"var(--ast-global-color-5)","background-image":"","background-repeat":"repeat","background-position":"center center","background-size":"auto","background-attachment":"scroll","background-type":"","background-media":"","overlay-type":"","overlay-color":"","overlay-opacity":"","overlay-gradient":""},"mobile":{"background-color":"var(--ast-global-color-5)","background-image":"","background-repeat":"repeat","background-position":"center center","background-size":"auto","background-attachment":"scroll","background-type":"","background-media":"","overlay-type":"","overlay-color":"","overlay-opacity":"","overlay-gradient":""}}},"product_brand":[],"product_cat":[48,47,49,430,40],"product_tag":[147,555,457,287,1052,189,384,1049,1053,198,1027,557,936,184,149,760,456],"class_list":{"0":"post-5796","1":"product","2":"type-product","3":"status-publish","4":"has-post-thumbnail","6":"product_cat-casual","7":"product_cat-classic","8":"product_cat-loafer","9":"product_cat-men","10":"product_cat-mens-shoes","11":"product_tag-brown-loafers","12":"product_tag-calfskin-loafers","13":"product_tag-classic-loafers","14":"product_tag-eva-sole-shoes","15":"product_tag-eyelet-loafers","16":"product_tag-goat-leather-lining","17":"product_tag-luxury-loafers","18":"product_tag-mens-casual-loafers","19":"product_tag-mens-dress-casual-shoes","20":"product_tag-mens-fashion","21":"product_tag-mens-suede-loafer-shoes","22":"product_tag-navy-loafers","23":"product_tag-premium-mens-footwear","24":"product_tag-slip-on-shoes","25":"product_tag-suede-loafers","26":"product_tag-tan-loafers","27":"product_tag-wholesale-loafers","28":"desktop-align-center","29":"tablet-align-center","30":"mobile-align-center","32":"first","33":"instock","34":"shipping-taxable","35":"purchasable","36":"product-type-variable","37":"has-default-attributes"},"acf":[],"uagb_featured_image_src":{"full":["https:\/\/turkishtrade.co\/wp-content\/uploads\/2026\/01\/2400EJOMN00278-DARK-BLUE-DKS_06.png",453,250,false],"thumbnail":["https:\/\/turkishtrade.co\/wp-content\/uploads\/2026\/01\/2400EJOMN00278-DARK-BLUE-DKS_06-150x150.png",150,150,true],"medium":["https:\/\/turkishtrade.co\/wp-content\/uploads\/2026\/01\/2400EJOMN00278-DARK-BLUE-DKS_06-300x166.png",300,166,true],"medium_large":["https:\/\/turkishtrade.co\/wp-content\/uploads\/2026\/01\/2400EJOMN00278-DARK-BLUE-DKS_06.png",453,250,false],"large":["https:\/\/turkishtrade.co\/wp-content\/uploads\/2026\/01\/2400EJOMN00278-DARK-BLUE-DKS_06.png",453,250,false],"1536x1536":["https:\/\/turkishtrade.co\/wp-content\/uploads\/2026\/01\/2400EJOMN00278-DARK-BLUE-DKS_06.png",453,250,false],"2048x2048":["https:\/\/turkishtrade.co\/wp-content\/uploads\/2026\/01\/2400EJOMN00278-DARK-BLUE-DKS_06.png",453,250,false],"trp-custom-language-flag":["https:\/\/turkishtrade.co\/wp-content\/uploads\/2026\/01\/2400EJOMN00278-DARK-BLUE-DKS_06-18x10.png",18,10,true],"woocommerce_thumbnail":["https:\/\/turkishtrade.co\/wp-content\/uploads\/2026\/01\/2400EJOMN00278-DARK-BLUE-DKS_06-400x250.png",400,250,true],"woocommerce_single":["https:\/\/turkishtrade.co\/wp-content\/uploads\/2026\/01\/2400EJOMN00278-DARK-BLUE-DKS_06.png",453,250,false],"woocommerce_gallery_thumbnail":["https:\/\/turkishtrade.co\/wp-content\/uploads\/2026\/01\/2400EJOMN00278-DARK-BLUE-DKS_06-100x100.png",100,100,true]},"uagb_author_info":{"display_name":"yaser olabi","author_link":"https:\/\/turkishtrade.co\/fr\/author\/"},"uagb_comment_info":0,"uagb_excerpt":"Crafted from luxurious calfskin suede for a sophisticated look. Features a supple goat leather interior lining for ultimate comfort and breathability. Equipped with a durable and lightweight EVA sole for all-day wear. Classic loafer heel height of 1-3 cm for timeless elegance. Available in a comprehensive size range from 39 to 45. Minimum order quantity\u2026","_links":{"self":[{"href":"https:\/\/turkishtrade.co\/fr\/wp-json\/wp\/v2\/product\/5796","targetHints":{"allow":["GET"]}}],"collection":[{"href":"https:\/\/turkishtrade.co\/fr\/wp-json\/wp\/v2\/product"}],"about":[{"href":"https:\/\/turkishtrade.co\/fr\/wp-json\/wp\/v2\/types\/product"}],"wp:featuredmedia":[{"embeddable":true,"href":"https:\/\/turkishtrade.co\/fr\/wp-json\/wp\/v2\/media\/3882"}],"wp:attachment":[{"href":"https:\/\/turkishtrade.co\/fr\/wp-json\/wp\/v2\/media?parent=5796"}],"wp:term":[{"taxonomy":"product_brand","embeddable":true,"href":"https:\/\/turkishtrade.co\/fr\/wp-json\/wp\/v2\/product_brand?post=5796"},{"taxonomy":"product_cat","embeddable":true,"href":"https:\/\/turkishtrade.co\/fr\/wp-json\/wp\/v2\/product_cat?post=5796"},{"taxonomy":"product_tag","embeddable":true,"href":"https:\/\/turkishtrade.co\/fr\/wp-json\/wp\/v2\/product_tag?post=5796"}],"curies":[{"name":"wp","href":"https:\/\/api.w.org\/{rel}","templated":true}]}}