{"id":5783,"date":"2026-01-14T13:14:34","date_gmt":"2026-01-14T13:14:34","guid":{"rendered":"https:\/\/turkishtrade.co\/product\/men-brown-leather-loafer\/"},"modified":"2026-04-09T19:24:10","modified_gmt":"2026-04-09T19:24:10","slug":"mens-brown-leather-loafer","status":"publish","type":"product","link":"https:\/\/turkishtrade.co\/fr\/shop\/mens-brown-leather-loafer\/","title":{"rendered":"Premium Men's Brown Calf Leather Casual Loafers (Mocassins d\u00e9contract\u00e9s en cuir de veau marron)"},"content":{"rendered":"<p><strong>Mocassins en cuir brun pour hommes<\/strong><\/p>\n<p>Sortez dans un style et un confort in\u00e9gal\u00e9s gr\u00e2ce \u00e0 nos produits exquis. <strong>mocassins en cuir marron pour hommes<\/strong>, Ces chaussures ont \u00e9t\u00e9 con\u00e7ues avec soin pour les hommes exigeants. Ces chaussures d\u00e9contract\u00e9es de qualit\u00e9 sup\u00e9rieure sont con\u00e7ues pour offrir un m\u00e9lange parfait de sophistication et de facilit\u00e9 d'utilisation au quotidien, ce qui en fait un compl\u00e9ment essentiel \u00e0 toute garde-robe moderne. Chaque paire de ces chaussures <strong>mocassins en cuir marron pour hommes<\/strong> sont le fruit d'un travail artisanal de qualit\u00e9 sup\u00e9rieure et n'utilisent que les mat\u00e9riaux les plus nobles pour garantir une durabilit\u00e9 et une sensation de luxe durables.<\/p>\n<p><h3>Mocassins en cuir marron pour hommes : Qualit\u00e9 et confort in\u00e9gal\u00e9s<\/h3>\n<\/p>\n<p>L'ext\u00e9rieur de ces remarquables chaussures d\u00e9contract\u00e9es est fabriqu\u00e9 en cuir de veau de qualit\u00e9 sup\u00e9rieure, choisi pour sa robustesse, sa texture riche et son attrait durable. La teinte marron fonc\u00e9 de cette chaussure classique <strong>mocassins en cuir marron pour hommes<\/strong> offre un look polyvalent qui compl\u00e8te sans effort un large \u00e9ventail de tenues, des tenues d'affaires d\u00e9contract\u00e9es aux ensembles du week-end. Sous l'ext\u00e9rieur \u00e9l\u00e9gant, vos pieds seront berc\u00e9s dans l'\u00e9treinte somptueuse d'une doublure en cuir de ch\u00e8vre souple.<\/p>\n<p>Cet int\u00e9rieur de qualit\u00e9 sup\u00e9rieure offre non seulement un confort sup\u00e9rieur et une sensation de douceur sur la peau, mais il am\u00e9liore \u00e9galement la respirabilit\u00e9, ce qui permet \u00e0 vos pieds de rester frais tout au long de la journ\u00e9e.<\/p>\n<p><h3>Con\u00e7u pour une performance quotidienne<\/h3>\n<\/p>\n<p>Au-del\u00e0 de leur esth\u00e9tique \u00e9tonnante, ces <strong>mocassins en cuir marron pour hommes<\/strong> sont con\u00e7ues pour la performance. La solide semelle en EVA offre un excellent amorti et un bon soutien, garantissant le confort \u00e0 chaque pas. Avec une hauteur de talon classique de 1 \u00e0 3 cm, ces mocassins trouvent l'\u00e9quilibre parfait entre le style traditionnel et le confort moderne, ce qui en fait des chaussures id\u00e9ales pour un usage prolong\u00e9.<\/p>\n<p>L'adh\u00e9rence fiable de la semelle en EVA assure \u00e9galement la stabilit\u00e9 sur diff\u00e9rentes surfaces, ce qui ajoute \u00e0 la praticit\u00e9 de cette chaussure polyvalente. <strong>mocassins en cuir marron pour hommes<\/strong>.<\/p>\n<p><h3>Une coupe parfaite pour chaque gentleman<\/h3>\n<\/p>\n<p>Nous comprenons l'importance d'un ajustement parfait, c'est pourquoi nos <strong>mocassins en cuir marron pour hommes<\/strong> est disponible dans une large gamme de tailles allant de l'UE 39 \u00e0 l'UE 45. Que vous achetiez pour votre usage personnel ou pour approvisionner votre commerce de d\u00e9tail, vous trouverez la taille id\u00e9ale pour r\u00e9pondre \u00e0 vos besoins. Notre engagement en faveur de la qualit\u00e9 s'\u00e9tend \u00e0 tous les d\u00e9tails. <strong>mocassins en cuir marron pour hommes<\/strong> offre un ajustement confortable.<\/p>\n<p><h3>Commandes group\u00e9es et livraison efficace<\/h3>\n<\/p>\n<p>Pour les d\u00e9taillants et les entreprises, ces <strong>mocassins en cuir marron pour hommes<\/strong> Les chaussures sont disponibles pour les commandes en gros avec une quantit\u00e9 minimale de 8 paires. Nous sommes fiers de l'efficacit\u00e9 de notre production, qui garantit que votre commande est pr\u00eate \u00e0 \u00eatre exp\u00e9di\u00e9e dans un d\u00e9lai d'environ 12 jours, suivi des d\u00e9lais d'exp\u00e9dition standard. Investissez dans ces chaussures de haute qualit\u00e9 <strong>mocassins en cuir marron pour hommes<\/strong> et offrez \u00e0 vos clients un produit qui incarne le style, le confort et la valeur durable.<\/p>","protected":false},"excerpt":{"rendered":"<ul>\n<li><strong>Tige en cuir de veau de premi\u00e8re qualit\u00e9 :<\/strong> Finition brune textur\u00e9e, durable et \u00e9l\u00e9gante.<\/li>\n<li><strong>Doublure en cuir de ch\u00e8vre souple :<\/strong> Assure un confort et une respirabilit\u00e9 ultimes.<\/li>\n<li><strong>Semelle EVA confortable :<\/strong> Offre une traction et un soutien excellents avec un talon classique de 1 \u00e0 3 cm.<\/li>\n<li><strong>Tailles disponibles :<\/strong> La gamme compl\u00e8te s'\u00e9tend de l'UE 39 \u00e0 l'UE 45.<\/li>\n<li><strong>Disponibilit\u00e9 en vrac :<\/strong> Commande minimum de 8 paires.<\/li>\n<li><strong>Une production efficace :<\/strong> Pr\u00eat \u00e0 \u00eatre exp\u00e9di\u00e9 dans les 12 jours (+ d\u00e9lai d'exp\u00e9dition).<\/li>\n<\/ul>","protected":false},"featured_media":3872,"template":"","meta":{"_acf_changed":false,"_uag_custom_page_level_css":"","site-sidebar-layout":"default","site-content-layout":"","ast-site-content-layout":"default","site-content-style":"default","site-sidebar-style":"default","ast-global-header-display":"","ast-banner-title-visibility":"","ast-main-header-display":"","ast-hfb-above-header-display":"","ast-hfb-below-header-display":"","ast-hfb-mobile-header-display":"","site-post-title":"","ast-breadcrumbs-content":"","ast-featured-img":"","footer-sml-layout":"","ast-disable-related-posts":"","theme-transparent-header-meta":"","adv-header-id-meta":"","stick-header-meta":"","header-above-stick-meta":"","header-main-stick-meta":"","header-below-stick-meta":"","astra-migrate-meta-layouts":"default","ast-page-background-enabled":"default","ast-page-background-meta":{"desktop":{"background-color":"var(--ast-global-color-4)","background-image":"","background-repeat":"repeat","background-position":"center center","background-size":"auto","background-attachment":"scroll","background-type":"","background-media":"","overlay-type":"","overlay-color":"","overlay-opacity":"","overlay-gradient":""},"tablet":{"background-color":"","background-image":"","background-repeat":"repeat","background-position":"center center","background-size":"auto","background-attachment":"scroll","background-type":"","background-media":"","overlay-type":"","overlay-color":"","overlay-opacity":"","overlay-gradient":""},"mobile":{"background-color":"","background-image":"","background-repeat":"repeat","background-position":"center center","background-size":"auto","background-attachment":"scroll","background-type":"","background-media":"","overlay-type":"","overlay-color":"","overlay-opacity":"","overlay-gradient":""}},"ast-content-background-meta":{"desktop":{"background-color":"var(--ast-global-color-5)","background-image":"","background-repeat":"repeat","background-position":"center center","background-size":"auto","background-attachment":"scroll","background-type":"","background-media":"","overlay-type":"","overlay-color":"","overlay-opacity":"","overlay-gradient":""},"tablet":{"background-color":"var(--ast-global-color-5)","background-image":"","background-repeat":"repeat","background-position":"center center","background-size":"auto","background-attachment":"scroll","background-type":"","background-media":"","overlay-type":"","overlay-color":"","overlay-opacity":"","overlay-gradient":""},"mobile":{"background-color":"var(--ast-global-color-5)","background-image":"","background-repeat":"repeat","background-position":"center center","background-size":"auto","background-attachment":"scroll","background-type":"","background-media":"","overlay-type":"","overlay-color":"","overlay-opacity":"","overlay-gradient":""}}},"product_brand":[],"product_cat":[48,47,49,430,40],"product_tag":[292,202,449,551,222,982,438,437,941,1049,198,186,281],"class_list":{"0":"post-5783","1":"product","2":"type-product","3":"status-publish","4":"has-post-thumbnail","6":"product_cat-casual","7":"product_cat-classic","8":"product_cat-loafer","9":"product_cat-men","10":"product_cat-mens-shoes","11":"product_tag-brown-leather-shoes","12":"product_tag-calf-leather","13":"product_tag-casual-shoes","14":"product_tag-classic-style","15":"product_tag-comfortable-shoes","16":"product_tag-durable-footwear","17":"product_tag-eva-sole","18":"product_tag-goat-leather","19":"product_tag-lace-up-loafers","20":"product_tag-mens-casual-loafers","21":"product_tag-mens-fashion","22":"product_tag-mens-loafers","23":"product_tag-wholesale-shoes","24":"desktop-align-center","25":"tablet-align-center","26":"mobile-align-center","28":"first","29":"instock","30":"shipping-taxable","31":"purchasable","32":"product-type-variable","33":"has-default-attributes"},"acf":[],"uagb_featured_image_src":{"full":["https:\/\/turkishtrade.co\/wp-content\/uploads\/2026\/01\/2400EJOMN00263-BROWN-DKS_876.png",453,250,false],"thumbnail":["https:\/\/turkishtrade.co\/wp-content\/uploads\/2026\/01\/2400EJOMN00263-BROWN-DKS_876-150x150.png",150,150,true],"medium":["https:\/\/turkishtrade.co\/wp-content\/uploads\/2026\/01\/2400EJOMN00263-BROWN-DKS_876-300x166.png",300,166,true],"medium_large":["https:\/\/turkishtrade.co\/wp-content\/uploads\/2026\/01\/2400EJOMN00263-BROWN-DKS_876.png",453,250,false],"large":["https:\/\/turkishtrade.co\/wp-content\/uploads\/2026\/01\/2400EJOMN00263-BROWN-DKS_876.png",453,250,false],"1536x1536":["https:\/\/turkishtrade.co\/wp-content\/uploads\/2026\/01\/2400EJOMN00263-BROWN-DKS_876.png",453,250,false],"2048x2048":["https:\/\/turkishtrade.co\/wp-content\/uploads\/2026\/01\/2400EJOMN00263-BROWN-DKS_876.png",453,250,false],"trp-custom-language-flag":["https:\/\/turkishtrade.co\/wp-content\/uploads\/2026\/01\/2400EJOMN00263-BROWN-DKS_876-18x10.png",18,10,true],"woocommerce_thumbnail":["https:\/\/turkishtrade.co\/wp-content\/uploads\/2026\/01\/2400EJOMN00263-BROWN-DKS_876-400x250.png",400,250,true],"woocommerce_single":["https:\/\/turkishtrade.co\/wp-content\/uploads\/2026\/01\/2400EJOMN00263-BROWN-DKS_876.png",453,250,false],"woocommerce_gallery_thumbnail":["https:\/\/turkishtrade.co\/wp-content\/uploads\/2026\/01\/2400EJOMN00263-BROWN-DKS_876-100x100.png",100,100,true]},"uagb_author_info":{"display_name":"yaser olabi","author_link":"https:\/\/turkishtrade.co\/fr\/author\/"},"uagb_comment_info":0,"uagb_excerpt":"Premium Calf Leather Upper: Durable and stylish textured brown finish. Soft Goat Leather Lining: Ensures ultimate comfort and breathability. Comfortable EVA Sole: Provides excellent traction and support with a classic 1-3cm heel. Available Sizes: Comprehensive range from EU 39 to 45. Bulk Availability: Minimum order of 8 pairs. Efficient Production: Ready for dispatch within 12\u2026","_links":{"self":[{"href":"https:\/\/turkishtrade.co\/fr\/wp-json\/wp\/v2\/product\/5783","targetHints":{"allow":["GET"]}}],"collection":[{"href":"https:\/\/turkishtrade.co\/fr\/wp-json\/wp\/v2\/product"}],"about":[{"href":"https:\/\/turkishtrade.co\/fr\/wp-json\/wp\/v2\/types\/product"}],"wp:featuredmedia":[{"embeddable":true,"href":"https:\/\/turkishtrade.co\/fr\/wp-json\/wp\/v2\/media\/3872"}],"wp:attachment":[{"href":"https:\/\/turkishtrade.co\/fr\/wp-json\/wp\/v2\/media?parent=5783"}],"wp:term":[{"taxonomy":"product_brand","embeddable":true,"href":"https:\/\/turkishtrade.co\/fr\/wp-json\/wp\/v2\/product_brand?post=5783"},{"taxonomy":"product_cat","embeddable":true,"href":"https:\/\/turkishtrade.co\/fr\/wp-json\/wp\/v2\/product_cat?post=5783"},{"taxonomy":"product_tag","embeddable":true,"href":"https:\/\/turkishtrade.co\/fr\/wp-json\/wp\/v2\/product_tag?post=5783"}],"curies":[{"name":"wp","href":"https:\/\/api.w.org\/{rel}","templated":true}]}}