{"id":5769,"date":"2026-01-14T13:12:09","date_gmt":"2026-01-14T13:12:09","guid":{"rendered":"https:\/\/turkishtrade.co\/product\/mens-croc-embossed-leather-derby\/"},"modified":"2026-04-09T19:24:34","modified_gmt":"2026-04-09T19:24:34","slug":"mens-croc-embossed-leather-derby","status":"publish","type":"product","link":"https:\/\/turkishtrade.co\/fr\/shop\/mens-croc-embossed-leather-derby\/","title":{"rendered":"Chaussures de derby pour hommes en cuir noir gaufr\u00e9 avec semelle EVA"},"content":{"rendered":"<p><strong>Derby en cuir gaufr\u00e9 pour hommes<\/strong><\/p>\n<p>Entrez dans un style sophistiqu\u00e9 et un confort in\u00e9gal\u00e9 gr\u00e2ce \u00e0 nos produits de qualit\u00e9 sup\u00e9rieure. <b>Derby en cuir gaufr\u00e9 pour hommes<\/b> chaussures. Con\u00e7ues pour le gentleman moderne, ces chaussures derby distingu\u00e9es allient un design classique \u00e0 une touche contemporaine saisissante. Chaque paire est m\u00e9ticuleusement fabriqu\u00e9e \u00e0 la main, garantissant un niveau de qualit\u00e9 et de finition qui se d\u00e9marque vraiment.<\/p>\n<p>L'ext\u00e9rieur noir riche est orn\u00e9 d'une texture captivante en relief de crocodile, fabriqu\u00e9e \u00e0 partir de cuir de veau v\u00e9ritable de haute qualit\u00e9. Ces d\u00e9tails complexes conf\u00e8rent un attrait luxueux et exotique, faisant de ces chaussures un compl\u00e9ment polyvalent \u00e0 votre tenue d'affaires d\u00e9contract\u00e9e et \u00e0 votre tenue de soir\u00e9e \u00e9l\u00e9gante.<\/p>\n<p><h3>Une qualit\u00e9 et un savoir-faire in\u00e9gal\u00e9s<\/h3>\n<\/p>\n<p>L'engagement en faveur de l'excellence s'\u00e9tend \u00e0 chaque \u00e9l\u00e9ment de ces chaussures \u00e9l\u00e9gantes. La surface ext\u00e9rieure est fabriqu\u00e9e en cuir de veau souple, r\u00e9put\u00e9 pour sa durabilit\u00e9 et sa capacit\u00e9 \u00e0 d\u00e9velopper une belle patine au fil du temps. Le motif croco accrocheur n'est pas seulement un plaisir pour les yeux, il ajoute aussi une touche de sophistication.<\/p>\n<p>A l'int\u00e9rieur, vos pieds seront berc\u00e9s dans un confort ultime, gr\u00e2ce \u00e0 la somptueuse doublure en cuir de ch\u00e8vre. Le cuir de ch\u00e8vre est r\u00e9put\u00e9 pour sa respirabilit\u00e9 et sa souplesse, \u00e9pousant la forme de votre pied pour un ajustement sur mesure d\u00e8s la premi\u00e8re utilisation. Cette combinaison de mat\u00e9riaux de qualit\u00e9 sup\u00e9rieure garantit \u00e0 la fois long\u00e9vit\u00e9 et sensation de luxe.<\/p>\n<p><h3>Con\u00e7u pour le confort et le style<\/h3>\n<\/p>\n<p>Au-del\u00e0 de leur esth\u00e9tique \u00e9tonnante, ces <b>Derby en cuir gaufr\u00e9 pour hommes<\/b> sont con\u00e7ues pour un confort sup\u00e9rieur. La semelle en EVA, \u00e0 la fois robuste et remarquablement l\u00e9g\u00e8re, offre un excellent amorti et un bon soutien, absorbant les chocs \u00e0 chaque pas. Ce mat\u00e9riau de semelle moderne offre souplesse et adh\u00e9rence, garantissant la stabilit\u00e9 sur diverses surfaces.<\/p>\n<p>Le talon bas int\u00e9gr\u00e9 contribue \u00e0 une exp\u00e9rience de marche confortable sans compromettre le profil \u00e9l\u00e9gant de la chaussure. Que vous naviguiez dans des paysages urbains ou que vous assistiez \u00e0 un \u00e9v\u00e9nement formel, ces chaussures offrent un m\u00e9lange parfait de design ergonomique et de mode haut de gamme. La silhouette derby classique \u00e0 lacets garantit un ajustement s\u00fbr et r\u00e9glable pour tous les types de pieds.<\/p>\n<p><h3>Une polyvalence pour toutes les occasions<\/h3>\n<\/p>\n<p>Notre <b>Derby en cuir gaufr\u00e9 pour hommes<\/b> t\u00e9moignent d'un style polyvalent. Leur teinte noire profonde et leur texture exotique en font un excellent choix pour un large \u00e9ventail d'occasions. Associez-les \u00e0 un pantalon de tailleur et \u00e0 un blazer pour un look de bureau raffin\u00e9, ou habillez-les d'un jean fonc\u00e9 et d'une chemise impeccable pour un ensemble d\u00e9contract\u00e9.<\/p>\n<p>Disponibles dans une large gamme de tailles allant du 39 au 45, il est facile de trouver la chaussure id\u00e9ale. Nous proposons \u00e9galement \u00e0 nos partenaires grossistes une commande minimale de 8 paires, ce qui garantit des prix comp\u00e9titifs et un stock fiable. D\u00e9couvrez la fusion de la tradition et du luxe contemporain, livr\u00e9e en 12 jours plus les frais de port, ce qui en fait un choix de premier ordre pour les clients exigeants.<\/p>","protected":false},"excerpt":{"rendered":"<ul>\n<li>Confectionn\u00e9 en cuir de veau v\u00e9ritable, il pr\u00e9sente une texture distinctive gaufr\u00e9e par le crocodile.<\/li>\n<li>La doublure int\u00e9rieure en cuir de ch\u00e8vre luxueux offre un confort et une respirabilit\u00e9 exceptionnels.<\/li>\n<li>\u00c9quip\u00e9e d'une semelle EVA l\u00e9g\u00e8re et durable, elle garantit un confort et une stabilit\u00e9 tout au long de la journ\u00e9e.<\/li>\n<li>Disponible dans une large gamme de tailles : 39, 40, 41, 42, 43, 44, 45.<\/li>\n<li>Quantit\u00e9 minimale de commande : 8 paires, id\u00e9al pour les achats en gros et les partenaires de vente au d\u00e9tail.<\/li>\n<li>D\u00e9lai de livraison efficace : Les commandes sont exp\u00e9di\u00e9es dans un d\u00e9lai de 12 jours, plus le d\u00e9lai d'exp\u00e9dition standard.<\/li>\n<\/ul>","protected":false},"featured_media":3864,"template":"","meta":{"_acf_changed":false,"_uag_custom_page_level_css":"","site-sidebar-layout":"default","site-content-layout":"","ast-site-content-layout":"default","site-content-style":"default","site-sidebar-style":"default","ast-global-header-display":"","ast-banner-title-visibility":"","ast-main-header-display":"","ast-hfb-above-header-display":"","ast-hfb-below-header-display":"","ast-hfb-mobile-header-display":"","site-post-title":"","ast-breadcrumbs-content":"","ast-featured-img":"","footer-sml-layout":"","ast-disable-related-posts":"","theme-transparent-header-meta":"","adv-header-id-meta":"","stick-header-meta":"","header-above-stick-meta":"","header-main-stick-meta":"","header-below-stick-meta":"","astra-migrate-meta-layouts":"default","ast-page-background-enabled":"default","ast-page-background-meta":{"desktop":{"background-color":"var(--ast-global-color-4)","background-image":"","background-repeat":"repeat","background-position":"center center","background-size":"auto","background-attachment":"scroll","background-type":"","background-media":"","overlay-type":"","overlay-color":"","overlay-opacity":"","overlay-gradient":""},"tablet":{"background-color":"","background-image":"","background-repeat":"repeat","background-position":"center center","background-size":"auto","background-attachment":"scroll","background-type":"","background-media":"","overlay-type":"","overlay-color":"","overlay-opacity":"","overlay-gradient":""},"mobile":{"background-color":"","background-image":"","background-repeat":"repeat","background-position":"center center","background-size":"auto","background-attachment":"scroll","background-type":"","background-media":"","overlay-type":"","overlay-color":"","overlay-opacity":"","overlay-gradient":""}},"ast-content-background-meta":{"desktop":{"background-color":"var(--ast-global-color-5)","background-image":"","background-repeat":"repeat","background-position":"center center","background-size":"auto","background-attachment":"scroll","background-type":"","background-media":"","overlay-type":"","overlay-color":"","overlay-opacity":"","overlay-gradient":""},"tablet":{"background-color":"var(--ast-global-color-5)","background-image":"","background-repeat":"repeat","background-position":"center center","background-size":"auto","background-attachment":"scroll","background-type":"","background-media":"","overlay-type":"","overlay-color":"","overlay-opacity":"","overlay-gradient":""},"mobile":{"background-color":"var(--ast-global-color-5)","background-image":"","background-repeat":"repeat","background-position":"center center","background-size":"auto","background-attachment":"scroll","background-type":"","background-media":"","overlay-type":"","overlay-color":"","overlay-opacity":"","overlay-gradient":""}}},"product_brand":[],"product_cat":[48,47,49,430,40],"product_tag":[605,202,449,1047,212,438,251,437,351,416,406,281],"class_list":{"0":"post-5769","1":"product","2":"type-product","3":"status-publish","4":"has-post-thumbnail","6":"product_cat-casual","7":"product_cat-classic","8":"product_cat-loafer","9":"product_cat-men","10":"product_cat-mens-shoes","11":"product_tag-black-shoes","12":"product_tag-calf-leather","13":"product_tag-casual-shoes","14":"product_tag-croc-embossed-leather","15":"product_tag-derby-shoes","16":"product_tag-eva-sole","17":"product_tag-formal-shoes","18":"product_tag-goat-leather","19":"product_tag-leather-footwear","20":"product_tag-luxury-shoes","21":"product_tag-premium-shoes","22":"product_tag-wholesale-shoes","23":"desktop-align-center","24":"tablet-align-center","25":"mobile-align-center","27":"first","28":"instock","29":"shipping-taxable","30":"purchasable","31":"product-type-variable","32":"has-default-attributes"},"acf":[],"uagb_featured_image_src":{"full":["https:\/\/turkishtrade.co\/wp-content\/uploads\/2026\/01\/2400EJOMN00256-BLACK-X_12582-6-USD.png",453,250,false],"thumbnail":["https:\/\/turkishtrade.co\/wp-content\/uploads\/2026\/01\/2400EJOMN00256-BLACK-X_12582-6-USD-150x150.png",150,150,true],"medium":["https:\/\/turkishtrade.co\/wp-content\/uploads\/2026\/01\/2400EJOMN00256-BLACK-X_12582-6-USD-300x166.png",300,166,true],"medium_large":["https:\/\/turkishtrade.co\/wp-content\/uploads\/2026\/01\/2400EJOMN00256-BLACK-X_12582-6-USD.png",453,250,false],"large":["https:\/\/turkishtrade.co\/wp-content\/uploads\/2026\/01\/2400EJOMN00256-BLACK-X_12582-6-USD.png",453,250,false],"1536x1536":["https:\/\/turkishtrade.co\/wp-content\/uploads\/2026\/01\/2400EJOMN00256-BLACK-X_12582-6-USD.png",453,250,false],"2048x2048":["https:\/\/turkishtrade.co\/wp-content\/uploads\/2026\/01\/2400EJOMN00256-BLACK-X_12582-6-USD.png",453,250,false],"trp-custom-language-flag":["https:\/\/turkishtrade.co\/wp-content\/uploads\/2026\/01\/2400EJOMN00256-BLACK-X_12582-6-USD-18x10.png",18,10,true],"woocommerce_thumbnail":["https:\/\/turkishtrade.co\/wp-content\/uploads\/2026\/01\/2400EJOMN00256-BLACK-X_12582-6-USD-400x250.png",400,250,true],"woocommerce_single":["https:\/\/turkishtrade.co\/wp-content\/uploads\/2026\/01\/2400EJOMN00256-BLACK-X_12582-6-USD.png",453,250,false],"woocommerce_gallery_thumbnail":["https:\/\/turkishtrade.co\/wp-content\/uploads\/2026\/01\/2400EJOMN00256-BLACK-X_12582-6-USD-100x100.png",100,100,true]},"uagb_author_info":{"display_name":"yaser olabi","author_link":"https:\/\/turkishtrade.co\/fr\/author\/"},"uagb_comment_info":0,"uagb_excerpt":"Exquisitely crafted from genuine calf leather featuring a distinctive croc-embossed texture. Luxurious goat leather interior lining provides exceptional comfort and breathability. Equipped with a lightweight and durable EVA sole, ensuring all-day comfort and stability. Available in a comprehensive range of sizes: 39, 40, 41, 42, 43, 44, 45. Minimum order quantity: 8 pairs, ideal for\u2026","_links":{"self":[{"href":"https:\/\/turkishtrade.co\/fr\/wp-json\/wp\/v2\/product\/5769","targetHints":{"allow":["GET"]}}],"collection":[{"href":"https:\/\/turkishtrade.co\/fr\/wp-json\/wp\/v2\/product"}],"about":[{"href":"https:\/\/turkishtrade.co\/fr\/wp-json\/wp\/v2\/types\/product"}],"wp:featuredmedia":[{"embeddable":true,"href":"https:\/\/turkishtrade.co\/fr\/wp-json\/wp\/v2\/media\/3864"}],"wp:attachment":[{"href":"https:\/\/turkishtrade.co\/fr\/wp-json\/wp\/v2\/media?parent=5769"}],"wp:term":[{"taxonomy":"product_brand","embeddable":true,"href":"https:\/\/turkishtrade.co\/fr\/wp-json\/wp\/v2\/product_brand?post=5769"},{"taxonomy":"product_cat","embeddable":true,"href":"https:\/\/turkishtrade.co\/fr\/wp-json\/wp\/v2\/product_cat?post=5769"},{"taxonomy":"product_tag","embeddable":true,"href":"https:\/\/turkishtrade.co\/fr\/wp-json\/wp\/v2\/product_tag?post=5769"}],"curies":[{"name":"wp","href":"https:\/\/api.w.org\/{rel}","templated":true}]}}