{"id":5766,"date":"2026-01-14T13:11:45","date_gmt":"2026-01-14T13:11:45","guid":{"rendered":"https:\/\/turkishtrade.co\/product\/mens-cap-toe-derby-shoes-2\/"},"modified":"2026-04-09T19:24:40","modified_gmt":"2026-04-09T19:24:40","slug":"mens-cap-toe-derby-shoes-2","status":"publish","type":"product","link":"https:\/\/turkishtrade.co\/fr\/shop\/mens-cap-toe-derby-shoes-2\/","title":{"rendered":"Chaussures derby classiques \u00e0 bout droit pour hommes - cuir de veau"},"content":{"rendered":"<p><strong>Chaussures de derby \u00e0 bout arrondi pour hommes<\/strong><\/p>\n<p><h3>Rehaussez votre style avec des chaussures de derby \u00e0 bout arrondi pour hommes de premi\u00e8re qualit\u00e9<\/h3>\n<\/p>\n<p>Entrez dans une sophistication intemporelle avec notre collection exquise de <strong>chaussures de derby \u00e0 bout pointu pour hommes<\/strong>. M\u00e9ticuleusement con\u00e7ues pour offrir un style et un confort in\u00e9gal\u00e9s, ces chaussures sont la quintessence du choix de l'homme exigeant. Que vous assistiez \u00e0 un \u00e9v\u00e9nement formel, que vous ayez une journ\u00e9e de travail charg\u00e9e ou que vous cherchiez simplement \u00e0 rehausser votre tenue de tous les jours, ces chaussures sont faites pour vous. <strong>chaussures de derby \u00e0 bout pointu pour hommes<\/strong> allient le design classique \u00e0 la modernit\u00e9.<\/p>\n<p>D\u00e9couvrez l'harmonie parfaite entre les mat\u00e9riaux de premi\u00e8re qualit\u00e9 et le savoir-faire artisanal qui distingue nos chaussures.<\/p>\n<p><h3>Des mat\u00e9riaux de qualit\u00e9 sup\u00e9rieure pour une qualit\u00e9 durable<\/h3>\n<\/p>\n<p>L'ext\u00e9rieur de ces chaussures exceptionnelles est en cuir de veau de haute qualit\u00e9, connu pour sa texture souple et sa durabilit\u00e9. Nous avons incorpor\u00e9 une finition caillout\u00e9e distincte sur le corps principal de la chaussure, magnifiquement contrast\u00e9e par un bout de pied en cuir lisse et poli qui exsude une \u00e9l\u00e9gance raffin\u00e9e. Les d\u00e9tails gaufr\u00e9s subtils sur les c\u00f4t\u00e9s ajoutent une touche unique, ce qui rend ces chaussures plus qu'ordinaires. <strong>chaussures de derby \u00e0 bout pointu pour hommes<\/strong>.<\/p>\n<p>L'int\u00e9rieur est doubl\u00e9 de cuir de ch\u00e8vre luxueux, offrant un environnement incroyablement doux et respirant pour vos pieds, garantissant le confort m\u00eame apr\u00e8s un port prolong\u00e9. Cette combinaison judicieuse de mat\u00e9riaux garantit \u00e0 la fois l'esth\u00e9tique et la performance \u00e0 long terme.<\/p>\n<p><h3>Con\u00e7u pour le confort et la polyvalence<\/h3>\n<\/p>\n<p>Le confort est primordial, et notre <strong>chaussures de derby \u00e0 bout pointu pour hommes<\/strong> livrent. La semelle l\u00e9g\u00e8re en EVA offre une excellente absorption des chocs et une grande flexibilit\u00e9, faisant de chaque pas un plaisir. Ce mat\u00e9riau de semelle innovant offre un profil de talon bas et confortable (environ 1-3 cm), parfait pour ceux qui appr\u00e9cient le style classique sans sacrifier la facilit\u00e9 de mouvement.<\/p>\n<p>La conception traditionnelle du derby \u00e0 lacets offre un ajustement s\u00fbr et r\u00e9glable, s'adaptant gracieusement \u00e0 diff\u00e9rentes formes de pieds. Disponibles dans une palette polyvalente de noir classique et de marron riche, ces chaussures sont con\u00e7ues pour compl\u00e9ter un large \u00e9ventail de tenues, des costumes d'affaires \u00e9l\u00e9gants aux ensembles d\u00e9contract\u00e9s \u00e9l\u00e9gants.<\/p>\n<p><h3>Excellence artisanale et disponibilit\u00e9 en vrac<\/h3>\n<\/p>\n<p>Chaque paire de nos <strong>chaussures de derby \u00e0 bout pointu pour hommes<\/strong> refl\u00e8te un engagement envers les techniques traditionnelles de fabrication de chaussures combin\u00e9es \u00e0 un design contemporain. L'attention port\u00e9e aux d\u00e9tails, des coutures pr\u00e9cises \u00e0 la qualit\u00e9 du cuir, en dit long sur le d\u00e9vouement de l'artisan. Nous comprenons le besoin de chaussures de qualit\u00e9 en grandes quantit\u00e9s, c'est pourquoi ces chaussures haut de gamme sont disponibles pour des commandes en vrac avec un minimum d'achat de 8 paires.<\/p>\n<p>Avec un d\u00e9lai de livraison de 12 jours plus les frais d'exp\u00e9dition, vous pouvez vous assurer que votre stock est bien approvisionn\u00e9 en produits de haute qualit\u00e9 et tr\u00e8s demand\u00e9s. <strong>chaussures de derby \u00e0 bout pointu pour hommes<\/strong>. Investissez dans des chaussures qui r\u00e9sistent \u00e0 l'\u00e9preuve du temps, tant en termes de style que de durabilit\u00e9.<\/p>","protected":false},"excerpt":{"rendered":"<ul>\n<li>Tige en cuir de veau de premi\u00e8re qualit\u00e9 (finition galb\u00e9e avec bout de pied poli et accents gaufr\u00e9s)<\/li>\n<li>Doublure en cuir de ch\u00e8vre luxueux pour un confort ultime<\/li>\n<li>Semelle EVA l\u00e9g\u00e8re et flexible pour une utilisation tout au long de la journ\u00e9e<\/li>\n<li>Derby classique \u00e0 lacets<\/li>\n<li>Disponible dans les tailles 39-45<\/li>\n<li>Commande minimale : 8 paires<\/li>\n<\/ul>","protected":false},"featured_media":3863,"template":"","meta":{"_acf_changed":false,"_uag_custom_page_level_css":"","site-sidebar-layout":"default","site-content-layout":"","ast-site-content-layout":"default","site-content-style":"default","site-sidebar-style":"default","ast-global-header-display":"","ast-banner-title-visibility":"","ast-main-header-display":"","ast-hfb-above-header-display":"","ast-hfb-below-header-display":"","ast-hfb-mobile-header-display":"","site-post-title":"","ast-breadcrumbs-content":"","ast-featured-img":"","footer-sml-layout":"","ast-disable-related-posts":"","theme-transparent-header-meta":"","adv-header-id-meta":"","stick-header-meta":"","header-above-stick-meta":"","header-main-stick-meta":"","header-below-stick-meta":"","astra-migrate-meta-layouts":"default","ast-page-background-enabled":"default","ast-page-background-meta":{"desktop":{"background-color":"var(--ast-global-color-4)","background-image":"","background-repeat":"repeat","background-position":"center center","background-size":"auto","background-attachment":"scroll","background-type":"","background-media":"","overlay-type":"","overlay-color":"","overlay-opacity":"","overlay-gradient":""},"tablet":{"background-color":"","background-image":"","background-repeat":"repeat","background-position":"center center","background-size":"auto","background-attachment":"scroll","background-type":"","background-media":"","overlay-type":"","overlay-color":"","overlay-opacity":"","overlay-gradient":""},"mobile":{"background-color":"","background-image":"","background-repeat":"repeat","background-position":"center center","background-size":"auto","background-attachment":"scroll","background-type":"","background-media":"","overlay-type":"","overlay-color":"","overlay-opacity":"","overlay-gradient":""}},"ast-content-background-meta":{"desktop":{"background-color":"var(--ast-global-color-5)","background-image":"","background-repeat":"repeat","background-position":"center center","background-size":"auto","background-attachment":"scroll","background-type":"","background-media":"","overlay-type":"","overlay-color":"","overlay-opacity":"","overlay-gradient":""},"tablet":{"background-color":"var(--ast-global-color-5)","background-image":"","background-repeat":"repeat","background-position":"center center","background-size":"auto","background-attachment":"scroll","background-type":"","background-media":"","overlay-type":"","overlay-color":"","overlay-opacity":"","overlay-gradient":""},"mobile":{"background-color":"var(--ast-global-color-5)","background-image":"","background-repeat":"repeat","background-position":"center center","background-size":"auto","background-attachment":"scroll","background-type":"","background-media":"","overlay-type":"","overlay-color":"","overlay-opacity":"","overlay-gradient":""}}},"product_brand":[],"product_cat":[48,47,49,430,40],"product_tag":[196,292,674,405,185,458,449,222,212,438,251,189,324,286],"class_list":{"0":"post-5766","1":"product","2":"type-product","3":"status-publish","4":"has-post-thumbnail","6":"product_cat-casual","7":"product_cat-classic","8":"product_cat-loafer","9":"product_cat-men","10":"product_cat-mens-shoes","11":"product_tag-black-leather-shoes","12":"product_tag-brown-leather-shoes","13":"product_tag-bulk-shoes","14":"product_tag-business-shoes","15":"product_tag-calf-leather-shoes","16":"product_tag-cap-toe-shoes","17":"product_tag-casual-shoes","18":"product_tag-comfortable-shoes","19":"product_tag-derby-shoes","20":"product_tag-eva-sole","21":"product_tag-formal-shoes","22":"product_tag-goat-leather-lining","23":"product_tag-mens-dress-shoes","24":"product_tag-mens-leather-shoes","25":"desktop-align-center","26":"tablet-align-center","27":"mobile-align-center","29":"first","30":"instock","31":"shipping-taxable","32":"purchasable","33":"product-type-variable","34":"has-default-attributes"},"acf":[],"uagb_featured_image_src":{"full":["https:\/\/turkishtrade.co\/wp-content\/uploads\/2026\/01\/2400EJOMN00255-BROWN-X_12573-4-USD.png",453,250,false],"thumbnail":["https:\/\/turkishtrade.co\/wp-content\/uploads\/2026\/01\/2400EJOMN00255-BROWN-X_12573-4-USD.png",150,83,false],"medium":["https:\/\/turkishtrade.co\/wp-content\/uploads\/2026\/01\/2400EJOMN00255-BROWN-X_12573-4-USD.png",300,166,false],"medium_large":["https:\/\/turkishtrade.co\/wp-content\/uploads\/2026\/01\/2400EJOMN00255-BROWN-X_12573-4-USD.png",453,250,false],"large":["https:\/\/turkishtrade.co\/wp-content\/uploads\/2026\/01\/2400EJOMN00255-BROWN-X_12573-4-USD.png",453,250,false],"1536x1536":["https:\/\/turkishtrade.co\/wp-content\/uploads\/2026\/01\/2400EJOMN00255-BROWN-X_12573-4-USD.png",453,250,false],"2048x2048":["https:\/\/turkishtrade.co\/wp-content\/uploads\/2026\/01\/2400EJOMN00255-BROWN-X_12573-4-USD.png",453,250,false],"trp-custom-language-flag":["https:\/\/turkishtrade.co\/wp-content\/uploads\/2026\/01\/2400EJOMN00255-BROWN-X_12573-4-USD.png",18,10,false],"woocommerce_thumbnail":["https:\/\/turkishtrade.co\/wp-content\/uploads\/2026\/01\/2400EJOMN00255-BROWN-X_12573-4-USD-400x250.png",400,250,true],"woocommerce_single":["https:\/\/turkishtrade.co\/wp-content\/uploads\/2026\/01\/2400EJOMN00255-BROWN-X_12573-4-USD.png",453,250,false],"woocommerce_gallery_thumbnail":["https:\/\/turkishtrade.co\/wp-content\/uploads\/2026\/01\/2400EJOMN00255-BROWN-X_12573-4-USD-100x100.png",100,100,true]},"uagb_author_info":{"display_name":"yaser olabi","author_link":"https:\/\/turkishtrade.co\/fr\/author\/"},"uagb_comment_info":0,"uagb_excerpt":"Premium Calf Leather Upper (Pebbled finish with polished cap toe and embossed accents) Luxurious Goat Leather Lining for ultimate comfort Lightweight and Flexible EVA Sole for all-day wear Classic Lace-Up Derby Style Available in sizes 39-45 Minimum Order: 8 Pairs","_links":{"self":[{"href":"https:\/\/turkishtrade.co\/fr\/wp-json\/wp\/v2\/product\/5766","targetHints":{"allow":["GET"]}}],"collection":[{"href":"https:\/\/turkishtrade.co\/fr\/wp-json\/wp\/v2\/product"}],"about":[{"href":"https:\/\/turkishtrade.co\/fr\/wp-json\/wp\/v2\/types\/product"}],"wp:featuredmedia":[{"embeddable":true,"href":"https:\/\/turkishtrade.co\/fr\/wp-json\/wp\/v2\/media\/3863"}],"wp:attachment":[{"href":"https:\/\/turkishtrade.co\/fr\/wp-json\/wp\/v2\/media?parent=5766"}],"wp:term":[{"taxonomy":"product_brand","embeddable":true,"href":"https:\/\/turkishtrade.co\/fr\/wp-json\/wp\/v2\/product_brand?post=5766"},{"taxonomy":"product_cat","embeddable":true,"href":"https:\/\/turkishtrade.co\/fr\/wp-json\/wp\/v2\/product_cat?post=5766"},{"taxonomy":"product_tag","embeddable":true,"href":"https:\/\/turkishtrade.co\/fr\/wp-json\/wp\/v2\/product_tag?post=5766"}],"curies":[{"name":"wp","href":"https:\/\/api.w.org\/{rel}","templated":true}]}}