{"id":5761,"date":"2026-01-14T13:10:53","date_gmt":"2026-01-14T13:10:53","guid":{"rendered":"https:\/\/turkishtrade.co\/product\/men-premium-leather-loafers-2\/"},"modified":"2026-04-09T19:24:50","modified_gmt":"2026-04-09T19:24:50","slug":"mens-premium-leather-loafers-6","status":"publish","type":"product","link":"https:\/\/turkishtrade.co\/fr\/shop\/mens-premium-leather-loafers-6\/","title":{"rendered":"Mocassins de luxe en cuir de premi\u00e8re qualit\u00e9 pour hommes avec semelle en EVA"},"content":{"rendered":"<p><strong>Mocassins en cuir de qualit\u00e9 sup\u00e9rieure pour hommes<\/strong><\/p>\n<p>\u00c9levez votre collection de chaussures gr\u00e2ce \u00e0 nos chaussures exquises. <strong>Mocassins en cuir de qualit\u00e9 sup\u00e9rieure pour hommes<\/strong>, Ces mocassins ont \u00e9t\u00e9 con\u00e7us pour les personnes exigeantes qui appr\u00e9cient \u00e0 la fois le style et le confort. Ces mocassins t\u00e9moignent d'un savoir-faire exceptionnel, alliant l'\u00e9l\u00e9gance traditionnelle \u00e0 la fonctionnalit\u00e9 moderne. Que vous vous habilliez pour une sortie d\u00e9contract\u00e9e ou pour un \u00e9v\u00e9nement plus raffin\u00e9, ces chaussures \u00e0 enfiler offrent une polyvalence in\u00e9gal\u00e9e et un look soign\u00e9.<\/p>\n<p>Chaque paire de ces <strong>Mocassins en cuir de qualit\u00e9 sup\u00e9rieure pour hommes<\/strong> est rev\u00eatu d'un luxueux cuir de vachette, m\u00e9ticuleusement s\u00e9lectionn\u00e9 pour sa texture riche et sa durabilit\u00e9. La beaut\u00e9 naturelle du cuir garantit que vos chaussures vieilliront gracieusement, d\u00e9veloppant une patine unique au fil du temps. \u00c0 l'int\u00e9rieur, vos pieds seront envelopp\u00e9s dans la douceur d'une doublure en cuir de ch\u00e8vre v\u00e9ritable, offrant une respirabilit\u00e9 sup\u00e9rieure et une sensation de confort qui dure toute la journ\u00e9e.<\/p>\n<p>Cette combinaison de mat\u00e9riaux de qualit\u00e9 sup\u00e9rieure garantit non seulement le confort, mais aussi la durabilit\u00e9 du produit.<\/p>\n<p><h3>Un confort et un design in\u00e9gal\u00e9s<\/h3>\n<\/p>\n<p>Marchez sur les nuages gr\u00e2ce \u00e0 la semelle EVA innovante, connue pour ses propri\u00e9t\u00e9s l\u00e9g\u00e8res et son excellente absorption des chocs. Ce mat\u00e9riau soigneusement choisi pour la semelle contribue au confort g\u00e9n\u00e9ral de ces chaussures. <strong>Mocassins en cuir de qualit\u00e9 sup\u00e9rieure pour hommes<\/strong>, La hauteur du talon est de 1 \u00e0 3 cm, ce qui les rend id\u00e9ales pour une utilisation prolong\u00e9e. La hauteur du talon, comprise entre 1 et 3 cm, offre une \u00e9l\u00e9vation subtile tout en conservant un profil de mocassin classique, garantissant \u00e0 la fois confort et sophistication.<\/p>\n<p>Disponible dans une large gamme de tailles allant du 39 au 45, il est facile de trouver la taille id\u00e9ale.<\/p>\n<p>Ces mocassins sont plus que de simples chaussures, ils sont une d\u00e9claration de luxe discret. Le design intemporel, associ\u00e9 \u00e0 des mat\u00e9riaux de qualit\u00e9 sup\u00e9rieure, fait de ces mocassins des chaussures de luxe. <strong>Mocassins en cuir de qualit\u00e9 sup\u00e9rieure pour hommes<\/strong> un must pour toute garde-robe. Propos\u00e9s dans diff\u00e9rentes couleurs sophistiqu\u00e9es, dont un bleu marine profond et un marron riche, comme le montrent les images de nos produits, ils offrent des options pour compl\u00e9ter n'importe quelle tenue.<\/p>\n<p>Pour nos partenaires grossistes, nous proposons des commandes flexibles avec un minimum de 8 paires par commande, ce qui vous permet de vous approvisionner en ces mod\u00e8les tr\u00e8s recherch\u00e9s. Attendez-vous \u00e0 \u00eatre livr\u00e9 dans les 12 jours plus les frais de port, ce qui vous permettra de proposer rapidement ces chaussures haut de gamme \u00e0 vos clients. Investissez dans la qualit\u00e9, le confort et le style durable avec notre collection de mocassins en cuir pour hommes.<\/p>","protected":false},"excerpt":{"rendered":"<ul>\n<li><b>Une qualit\u00e9 de fabrication sup\u00e9rieure :<\/b> Fabriqu\u00e9 avec un ext\u00e9rieur en cuir de vachette de premi\u00e8re qualit\u00e9 et un int\u00e9rieur en cuir de ch\u00e8vre souple et respirant.<\/li>\n<li><b>Confort ultime :<\/b> Semelle EVA l\u00e9g\u00e8re et flexible pour une utilisation tout au long de la journ\u00e9e.<\/li>\n<li><b>Style polyvalent :<\/b> Mocassins classiques avec une touche moderne et d\u00e9contract\u00e9e, parfaits pour toutes les occasions.<\/li>\n<li><b>Large gamme de tailles :<\/b> Disponible en tailles 39, 40, 41, 42, 43, 44, 45.<\/li>\n<li><b>Disponibilit\u00e9 en vrac :<\/b> Commande minimum de 8 paires. Livraison dans les 12 jours + frais de port.<\/li>\n<\/ul>","protected":false},"featured_media":3860,"template":"","meta":{"_acf_changed":false,"_uag_custom_page_level_css":"","site-sidebar-layout":"default","site-content-layout":"","ast-site-content-layout":"default","site-content-style":"default","site-sidebar-style":"default","ast-global-header-display":"","ast-banner-title-visibility":"","ast-main-header-display":"","ast-hfb-above-header-display":"","ast-hfb-below-header-display":"","ast-hfb-mobile-header-display":"","site-post-title":"","ast-breadcrumbs-content":"","ast-featured-img":"","footer-sml-layout":"","ast-disable-related-posts":"","theme-transparent-header-meta":"","adv-header-id-meta":"","stick-header-meta":"","header-above-stick-meta":"","header-main-stick-meta":"","header-below-stick-meta":"","astra-migrate-meta-layouts":"default","ast-page-background-enabled":"default","ast-page-background-meta":{"desktop":{"background-color":"var(--ast-global-color-4)","background-image":"","background-repeat":"repeat","background-position":"center center","background-size":"auto","background-attachment":"scroll","background-type":"","background-media":"","overlay-type":"","overlay-color":"","overlay-opacity":"","overlay-gradient":""},"tablet":{"background-color":"","background-image":"","background-repeat":"repeat","background-position":"center center","background-size":"auto","background-attachment":"scroll","background-type":"","background-media":"","overlay-type":"","overlay-color":"","overlay-opacity":"","overlay-gradient":""},"mobile":{"background-color":"","background-image":"","background-repeat":"repeat","background-position":"center center","background-size":"auto","background-attachment":"scroll","background-type":"","background-media":"","overlay-type":"","overlay-color":"","overlay-opacity":"","overlay-gradient":""}},"ast-content-background-meta":{"desktop":{"background-color":"var(--ast-global-color-5)","background-image":"","background-repeat":"repeat","background-position":"center center","background-size":"auto","background-attachment":"scroll","background-type":"","background-media":"","overlay-type":"","overlay-color":"","overlay-opacity":"","overlay-gradient":""},"tablet":{"background-color":"var(--ast-global-color-5)","background-image":"","background-repeat":"repeat","background-position":"center center","background-size":"auto","background-attachment":"scroll","background-type":"","background-media":"","overlay-type":"","overlay-color":"","overlay-opacity":"","overlay-gradient":""},"mobile":{"background-color":"var(--ast-global-color-5)","background-image":"","background-repeat":"repeat","background-position":"center center","background-size":"auto","background-attachment":"scroll","background-type":"","background-media":"","overlay-type":"","overlay-color":"","overlay-opacity":"","overlay-gradient":""}}},"product_brand":[],"product_cat":[48,47,49,430,40],"product_tag":[147,449,220,1045,944,438,437,215,186,557,374,184,456],"class_list":{"0":"post-5761","1":"product","2":"type-product","3":"status-publish","4":"has-post-thumbnail","6":"product_cat-casual","7":"product_cat-classic","8":"product_cat-loafer","9":"product_cat-men","10":"product_cat-mens-shoes","11":"product_tag-brown-loafers","12":"product_tag-casual-shoes","13":"product_tag-comfortable-loafers","14":"product_tag-cow-leather","15":"product_tag-dress-casual","16":"product_tag-eva-sole","17":"product_tag-goat-leather","18":"product_tag-leather-loafers","19":"product_tag-mens-loafers","20":"product_tag-navy-loafers","21":"product_tag-premium-loafers","22":"product_tag-slip-on-shoes","23":"product_tag-wholesale-loafers","24":"desktop-align-center","25":"tablet-align-center","26":"mobile-align-center","28":"first","29":"instock","30":"shipping-taxable","31":"purchasable","32":"product-type-variable","33":"has-default-attributes"},"acf":[],"uagb_featured_image_src":{"full":["https:\/\/turkishtrade.co\/wp-content\/uploads\/2026\/01\/2400EJOMN00252-DARK-BROWN-X_7752-4-USD.png",453,250,false],"thumbnail":["https:\/\/turkishtrade.co\/wp-content\/uploads\/2026\/01\/2400EJOMN00252-DARK-BROWN-X_7752-4-USD-150x150.png",150,150,true],"medium":["https:\/\/turkishtrade.co\/wp-content\/uploads\/2026\/01\/2400EJOMN00252-DARK-BROWN-X_7752-4-USD-300x166.png",300,166,true],"medium_large":["https:\/\/turkishtrade.co\/wp-content\/uploads\/2026\/01\/2400EJOMN00252-DARK-BROWN-X_7752-4-USD.png",453,250,false],"large":["https:\/\/turkishtrade.co\/wp-content\/uploads\/2026\/01\/2400EJOMN00252-DARK-BROWN-X_7752-4-USD.png",453,250,false],"1536x1536":["https:\/\/turkishtrade.co\/wp-content\/uploads\/2026\/01\/2400EJOMN00252-DARK-BROWN-X_7752-4-USD.png",453,250,false],"2048x2048":["https:\/\/turkishtrade.co\/wp-content\/uploads\/2026\/01\/2400EJOMN00252-DARK-BROWN-X_7752-4-USD.png",453,250,false],"trp-custom-language-flag":["https:\/\/turkishtrade.co\/wp-content\/uploads\/2026\/01\/2400EJOMN00252-DARK-BROWN-X_7752-4-USD-18x10.png",18,10,true],"woocommerce_thumbnail":["https:\/\/turkishtrade.co\/wp-content\/uploads\/2026\/01\/2400EJOMN00252-DARK-BROWN-X_7752-4-USD-400x250.png",400,250,true],"woocommerce_single":["https:\/\/turkishtrade.co\/wp-content\/uploads\/2026\/01\/2400EJOMN00252-DARK-BROWN-X_7752-4-USD.png",453,250,false],"woocommerce_gallery_thumbnail":["https:\/\/turkishtrade.co\/wp-content\/uploads\/2026\/01\/2400EJOMN00252-DARK-BROWN-X_7752-4-USD-100x100.png",100,100,true]},"uagb_author_info":{"display_name":"yaser olabi","author_link":"https:\/\/turkishtrade.co\/fr\/author\/"},"uagb_comment_info":0,"uagb_excerpt":"Superior Craftsmanship: Crafted with a premium cow leather exterior and a soft, breathable goat leather interior. Ultimate Comfort: Features a lightweight and flexible EVA sole for all-day wear. Versatile Style: Classic loafer design with a modern casual touch, perfect for any occasion. Wide Size Range: Available in sizes 39, 40, 41, 42, 43, 44, 45.\u2026","_links":{"self":[{"href":"https:\/\/turkishtrade.co\/fr\/wp-json\/wp\/v2\/product\/5761","targetHints":{"allow":["GET"]}}],"collection":[{"href":"https:\/\/turkishtrade.co\/fr\/wp-json\/wp\/v2\/product"}],"about":[{"href":"https:\/\/turkishtrade.co\/fr\/wp-json\/wp\/v2\/types\/product"}],"wp:featuredmedia":[{"embeddable":true,"href":"https:\/\/turkishtrade.co\/fr\/wp-json\/wp\/v2\/media\/3860"}],"wp:attachment":[{"href":"https:\/\/turkishtrade.co\/fr\/wp-json\/wp\/v2\/media?parent=5761"}],"wp:term":[{"taxonomy":"product_brand","embeddable":true,"href":"https:\/\/turkishtrade.co\/fr\/wp-json\/wp\/v2\/product_brand?post=5761"},{"taxonomy":"product_cat","embeddable":true,"href":"https:\/\/turkishtrade.co\/fr\/wp-json\/wp\/v2\/product_cat?post=5761"},{"taxonomy":"product_tag","embeddable":true,"href":"https:\/\/turkishtrade.co\/fr\/wp-json\/wp\/v2\/product_tag?post=5761"}],"curies":[{"name":"wp","href":"https:\/\/api.w.org\/{rel}","templated":true}]}}