{"id":5758,"date":"2026-01-14T13:10:23","date_gmt":"2026-01-14T13:10:23","guid":{"rendered":"https:\/\/turkishtrade.co\/product\/mens-leather-derby-shoes-8\/"},"modified":"2026-04-09T19:24:56","modified_gmt":"2026-04-09T19:24:56","slug":"mens-leather-derby-shoes-8","status":"publish","type":"product","link":"https:\/\/turkishtrade.co\/fr\/shop\/mens-leather-derby-shoes-8\/","title":{"rendered":"Chaussures de derby classiques en cuir pour hommes avec semelle EVA"},"content":{"rendered":"<p><strong>Chaussures derby en cuir pour hommes<\/strong><\/p>\n<p>Profitez d'un confort in\u00e9gal\u00e9 et d'un style intemporel gr\u00e2ce \u00e0 nos produits exquis. <b>Chaussures derby classiques en cuir pour hommes<\/b>. M\u00e9ticuleusement con\u00e7ues pour l'homme moderne, ces chaussures allient l'\u00e9l\u00e9gance traditionnelle au confort contemporain. Fabriqu\u00e9es \u00e0 partir des mat\u00e9riaux les plus nobles, elles offrent un look sophistiqu\u00e9 qui passe sans probl\u00e8me d'un environnement de bureau d\u00e9contract\u00e9 \u00e0 une sortie d\u00e9contract\u00e9e le week-end.<\/p>\n<p>Notre engagement en faveur de la qualit\u00e9 garantit que chaque paire de ces <b>Derby en cuir pour hommes<\/b> n'est pas seulement une chaussure, mais un investissement dans un style et un confort durables. D\u00e9couvrez pourquoi ces chaussures sont le nec plus ultra <b>Derby en cuir pour hommes<\/b> pour toute personne avertie.<\/p>\n<p><h3>Qualit\u00e9 in\u00e9gal\u00e9e des mat\u00e9riaux<\/h3>\n<\/p>\n<p>L'ext\u00e9rieur de ces chaussures Derby exceptionnelles est fabriqu\u00e9 en cuir de veau souple de premi\u00e8re qualit\u00e9, connu pour sa durabilit\u00e9, sa texture lisse et sa finition \u00e9l\u00e9gante. Ce cuir de qualit\u00e9 sup\u00e9rieure promet de vieillir en beaut\u00e9, en s'adaptant \u00e0 vos pieds au fil du temps pour un ajustement personnalis\u00e9. \u00c0 l'int\u00e9rieur, vos pieds seront berc\u00e9s par une luxueuse doublure en cuir de ch\u00e8vre, offrant une grande respirabilit\u00e9 et une incroyable douceur contre la peau.<\/p>\n<p>Cette combinaison de mat\u00e9riaux garantit \u00e0 la fois une esth\u00e9tique raffin\u00e9e et un confort sup\u00e9rieur pour une utilisation tout au long de la journ\u00e9e. Disponibles dans des teintes polyvalentes de noir classique et de marron riche, ces <b>Derby en cuir pour hommes<\/b> sont con\u00e7us pour s'harmoniser avec un large \u00e9ventail de tenues, ce qui les rend vraiment polyvalents <b>Derby en cuir pour hommes<\/b>.<\/p>\n<p><h3>Confort avanc\u00e9 gr\u00e2ce \u00e0 la semelle EVA<\/h3>\n<\/p>\n<p>Marchez sur les nuages gr\u00e2ce \u00e0 notre semelle EVA innovante. Ce mat\u00e9riau l\u00e9ger et flexible offre une excellente absorption des chocs, r\u00e9duisant la fatigue m\u00eame apr\u00e8s de longues p\u00e9riodes de port. Contrairement aux semelles traditionnelles plus lourdes, la construction EVA garantit que ces chaussures Derby d\u00e9contract\u00e9es restent exceptionnellement l\u00e9g\u00e8res, am\u00e9liorant votre confort sans compromettre le soutien ou le style.<\/p>\n<p>La hauteur du talon est parfaitement r\u00e9gl\u00e9e \u00e0 un niveau classique de 1 \u00e0 3 cm, offrant une \u00e9l\u00e9vation subtile tout en conservant une sensation confortable de pied plat, typique des mocassins d\u00e9contract\u00e9s de haute qualit\u00e9. Ces chaussures confortables <b>Derby en cuir pour hommes<\/b> red\u00e9finir l'\u00e9l\u00e9gance au quotidien.<\/p>\n<p><h3>Ajustement parfait et options de commande en gros<\/h3>\n<\/p>\n<p>Nous sommes conscients de l'importance d'un ajustement parfait, c'est pourquoi ces produits de qualit\u00e9 sup\u00e9rieure ont \u00e9t\u00e9 con\u00e7us pour r\u00e9pondre aux besoins des consommateurs. <b>Derby en cuir pour hommes<\/b> sont disponibles dans une large gamme de tailles allant de l'UE 39 \u00e0 45. Que vous achetiez pour votre usage personnel ou que vous cherchiez \u00e0 \u00e9toffer votre collection, nos options de commande flexibles r\u00e9pondent \u00e0 vos besoins. Avec une quantit\u00e9 minimale de commande de seulement 8 paires, les entreprises peuvent facilement acqu\u00e9rir ces chaussures populaires. <b>Derby en cuir pour hommes<\/b>.<\/p>\n<p>Nous sommes fiers de l'efficacit\u00e9 de notre production, qui garantit que votre commande est pr\u00eate \u00e0 \u00eatre livr\u00e9e dans un d\u00e9lai de 12 jours, suivi des d\u00e9lais d'exp\u00e9dition standard. Am\u00e9liorez votre collection de chaussures avec une paire qui en dit long sur la qualit\u00e9, le confort et le design sophistiqu\u00e9 avec notre s\u00e9lection exquise de <b>Derby en cuir pour hommes<\/b>.<\/p>","protected":false},"excerpt":{"rendered":"<ul>\n<li><b>Une qualit\u00e9 de fabrication sup\u00e9rieure :<\/b> Fabriqu\u00e9 de mani\u00e8re experte avec une surface ext\u00e9rieure en cuir de veau de premi\u00e8re qualit\u00e9 et une doublure int\u00e9rieure en cuir de ch\u00e8vre souple.<\/li>\n<li><b>L\u00e9ger Confort :<\/b> Semelle EVA moderne pour un confort exceptionnel et un poids r\u00e9duit.<\/li>\n<li><b>Style polyvalent :<\/b> Derby classique, parfait pour une tenue d\u00e9contract\u00e9e ou semi-formelle.<\/li>\n<li><b>Hauteur optimale du talon :<\/b> Hauteur de talon classique de 1 \u00e0 3 cm.<\/li>\n<li><b>Tailles disponibles :<\/b> Large gamme de produits allant de l'UE 39 \u00e0 l'UE 45.<\/li>\n<li><b>Disponibilit\u00e9 en vrac :<\/b> Commande minimum de 8 paires.<\/li>\n<li><b>Livraison efficace :<\/b> Production et livraison dans un d\u00e9lai de 12 jours, plus le temps d'exp\u00e9dition.<\/li>\n<\/ul>","protected":false},"featured_media":3858,"template":"","meta":{"_acf_changed":false,"_uag_custom_page_level_css":"","site-sidebar-layout":"default","site-content-layout":"","ast-site-content-layout":"default","site-content-style":"default","site-sidebar-style":"default","ast-global-header-display":"","ast-banner-title-visibility":"","ast-main-header-display":"","ast-hfb-above-header-display":"","ast-hfb-below-header-display":"","ast-hfb-mobile-header-display":"","site-post-title":"","ast-breadcrumbs-content":"","ast-featured-img":"","footer-sml-layout":"","ast-disable-related-posts":"","theme-transparent-header-meta":"","adv-header-id-meta":"","stick-header-meta":"","header-above-stick-meta":"","header-main-stick-meta":"","header-below-stick-meta":"","astra-migrate-meta-layouts":"default","ast-page-background-enabled":"default","ast-page-background-meta":{"desktop":{"background-color":"var(--ast-global-color-4)","background-image":"","background-repeat":"repeat","background-position":"center center","background-size":"auto","background-attachment":"scroll","background-type":"","background-media":"","overlay-type":"","overlay-color":"","overlay-opacity":"","overlay-gradient":""},"tablet":{"background-color":"","background-image":"","background-repeat":"repeat","background-position":"center center","background-size":"auto","background-attachment":"scroll","background-type":"","background-media":"","overlay-type":"","overlay-color":"","overlay-opacity":"","overlay-gradient":""},"mobile":{"background-color":"","background-image":"","background-repeat":"repeat","background-position":"center center","background-size":"auto","background-attachment":"scroll","background-type":"","background-media":"","overlay-type":"","overlay-color":"","overlay-opacity":"","overlay-gradient":""}},"ast-content-background-meta":{"desktop":{"background-color":"var(--ast-global-color-5)","background-image":"","background-repeat":"repeat","background-position":"center center","background-size":"auto","background-attachment":"scroll","background-type":"","background-media":"","overlay-type":"","overlay-color":"","overlay-opacity":"","overlay-gradient":""},"tablet":{"background-color":"var(--ast-global-color-5)","background-image":"","background-repeat":"repeat","background-position":"center center","background-size":"auto","background-attachment":"scroll","background-type":"","background-media":"","overlay-type":"","overlay-color":"","overlay-opacity":"","overlay-gradient":""},"mobile":{"background-color":"var(--ast-global-color-5)","background-image":"","background-repeat":"repeat","background-position":"center center","background-size":"auto","background-attachment":"scroll","background-type":"","background-media":"","overlay-type":"","overlay-color":"","overlay-opacity":"","overlay-gradient":""}}},"product_brand":[],"product_cat":[48,47,49,430,40],"product_tag":[196,292,513,185,1043,290,438,959,221,189,1044,176,324,612],"class_list":{"0":"post-5758","1":"product","2":"type-product","3":"status-publish","4":"has-post-thumbnail","6":"product_cat-casual","7":"product_cat-classic","8":"product_cat-loafer","9":"product_cat-men","10":"product_cat-mens-shoes","11":"product_tag-black-leather-shoes","12":"product_tag-brown-leather-shoes","13":"product_tag-business-casual-shoes","14":"product_tag-calf-leather-shoes","15":"product_tag-classic-derby-shoes","16":"product_tag-comfortable-mens-shoes","17":"product_tag-eva-sole","18":"product_tag-formal-casual-shoes","19":"product_tag-genuine-leather","20":"product_tag-goat-leather-lining","21":"product_tag-lightweight-shoes","22":"product_tag-loafer-casual","23":"product_tag-mens-dress-shoes","24":"product_tag-mens-leather-derby-shoes","25":"desktop-align-center","26":"tablet-align-center","27":"mobile-align-center","29":"first","30":"instock","31":"shipping-taxable","32":"purchasable","33":"product-type-variable","34":"has-default-attributes"},"acf":[],"uagb_featured_image_src":{"full":["https:\/\/turkishtrade.co\/wp-content\/uploads\/2026\/01\/2400EJOMN00251-DARK-BROWN-X_430.png",453,250,false],"thumbnail":["https:\/\/turkishtrade.co\/wp-content\/uploads\/2026\/01\/2400EJOMN00251-DARK-BROWN-X_430-150x150.png",150,150,true],"medium":["https:\/\/turkishtrade.co\/wp-content\/uploads\/2026\/01\/2400EJOMN00251-DARK-BROWN-X_430-300x166.png",300,166,true],"medium_large":["https:\/\/turkishtrade.co\/wp-content\/uploads\/2026\/01\/2400EJOMN00251-DARK-BROWN-X_430.png",453,250,false],"large":["https:\/\/turkishtrade.co\/wp-content\/uploads\/2026\/01\/2400EJOMN00251-DARK-BROWN-X_430.png",453,250,false],"1536x1536":["https:\/\/turkishtrade.co\/wp-content\/uploads\/2026\/01\/2400EJOMN00251-DARK-BROWN-X_430.png",453,250,false],"2048x2048":["https:\/\/turkishtrade.co\/wp-content\/uploads\/2026\/01\/2400EJOMN00251-DARK-BROWN-X_430.png",453,250,false],"trp-custom-language-flag":["https:\/\/turkishtrade.co\/wp-content\/uploads\/2026\/01\/2400EJOMN00251-DARK-BROWN-X_430-18x10.png",18,10,true],"woocommerce_thumbnail":["https:\/\/turkishtrade.co\/wp-content\/uploads\/2026\/01\/2400EJOMN00251-DARK-BROWN-X_430-400x250.png",400,250,true],"woocommerce_single":["https:\/\/turkishtrade.co\/wp-content\/uploads\/2026\/01\/2400EJOMN00251-DARK-BROWN-X_430.png",453,250,false],"woocommerce_gallery_thumbnail":["https:\/\/turkishtrade.co\/wp-content\/uploads\/2026\/01\/2400EJOMN00251-DARK-BROWN-X_430-100x100.png",100,100,true]},"uagb_author_info":{"display_name":"yaser olabi","author_link":"https:\/\/turkishtrade.co\/fr\/author\/"},"uagb_comment_info":0,"uagb_excerpt":"Superior Craftsmanship: Expertly crafted with a premium Calf Leather outer surface and soft Goat Leather inner lining. Lightweight Comfort: Features a modern EVA sole for exceptional comfort and reduced weight. Versatile Style: Classic Derby design perfect for both casual and semi-formal wear. Optimal Heel Height: Classic loafer\/casual heel height of 1-3 cm. Available Sizes: Wide\u2026","_links":{"self":[{"href":"https:\/\/turkishtrade.co\/fr\/wp-json\/wp\/v2\/product\/5758","targetHints":{"allow":["GET"]}}],"collection":[{"href":"https:\/\/turkishtrade.co\/fr\/wp-json\/wp\/v2\/product"}],"about":[{"href":"https:\/\/turkishtrade.co\/fr\/wp-json\/wp\/v2\/types\/product"}],"wp:featuredmedia":[{"embeddable":true,"href":"https:\/\/turkishtrade.co\/fr\/wp-json\/wp\/v2\/media\/3858"}],"wp:attachment":[{"href":"https:\/\/turkishtrade.co\/fr\/wp-json\/wp\/v2\/media?parent=5758"}],"wp:term":[{"taxonomy":"product_brand","embeddable":true,"href":"https:\/\/turkishtrade.co\/fr\/wp-json\/wp\/v2\/product_brand?post=5758"},{"taxonomy":"product_cat","embeddable":true,"href":"https:\/\/turkishtrade.co\/fr\/wp-json\/wp\/v2\/product_cat?post=5758"},{"taxonomy":"product_tag","embeddable":true,"href":"https:\/\/turkishtrade.co\/fr\/wp-json\/wp\/v2\/product_tag?post=5758"}],"curies":[{"name":"wp","href":"https:\/\/api.w.org\/{rel}","templated":true}]}}