{"id":5755,"date":"2026-01-14T13:09:54","date_gmt":"2026-01-14T13:09:54","guid":{"rendered":"https:\/\/turkishtrade.co\/product\/men-leather-brogue-derby-shoes\/"},"modified":"2026-04-09T19:25:01","modified_gmt":"2026-04-09T19:25:01","slug":"mens-leather-brogue-derby-shoes-2","status":"publish","type":"product","link":"https:\/\/turkishtrade.co\/fr\/shop\/mens-leather-brogue-derby-shoes-2\/","title":{"rendered":"Chaussures classiques de derby en cuir de veau pour hommes avec semelle en EVA"},"content":{"rendered":"<p><strong>Chaussures de derby en cuir pour hommes<\/strong><\/p>\n<p>\u00c9levez votre collection de chaussures gr\u00e2ce \u00e0 nos chaussures exquises. <b>Chaussures de derby en cuir pour hommes<\/b>. M\u00e9ticuleusement con\u00e7ues pour le gentleman exigeant, ces chaussures allient l'\u00e9l\u00e9gance intemporelle au confort moderne. L'ext\u00e9rieur en cuir de veau riche et poli exsude la sophistication, offrant une finition durable mais souple qui ne fait que s'am\u00e9liorer avec l'\u00e2ge.<\/p>\n<p>Chaque paire de nos <b>Chaussures de derby en cuir pour hommes<\/b> pr\u00e9sente des d\u00e9tails brogue complexes, une marque de fabrique de la chaussure classique, ajoutant une touche de caract\u00e8re distingu\u00e9 \u00e0 votre ensemble.<\/p>\n<p><h3>Un confort in\u00e9gal\u00e9 et des mat\u00e9riaux de premi\u00e8re qualit\u00e9<\/h3>\n<\/p>\n<p>Profitez d'un confort in\u00e9gal\u00e9 gr\u00e2ce \u00e0 la doublure luxueuse en cuir de ch\u00e8vre qui berce vos pieds. Le cuir de ch\u00e8vre est r\u00e9put\u00e9 pour sa douceur et sa respirabilit\u00e9, ce qui garantit un port confortable tout au long de la journ\u00e9e, que vous soyez au bureau ou que vous assistiez \u00e0 un \u00e9v\u00e9nement sp\u00e9cial. La semelle innovante en EVA offre un amorti exceptionnel et une flexibilit\u00e9 l\u00e9g\u00e8re, ce qui fait de ces chaussures des chaussures de ville. <b>Chaussures de derby en cuir pour hommes<\/b> un plaisir \u00e0 porter pendant de longues p\u00e9riodes.<\/p>\n<p>Contrairement aux semelles lourdes traditionnelles, notre semelle EVA offre un rebond moderne, r\u00e9duisant la fatigue et am\u00e9liorant votre foul\u00e9e.<\/p>\n<p><h3>Un style polyvalent pour toutes les occasions<\/h3>\n<\/p>\n<p>Ces chaussures Derby classiques sont dot\u00e9es d'un syst\u00e8me de la\u00e7age ouvert, offrant une silhouette polyvalente qui passe facilement d'une tenue d'affaires formelle \u00e0 une tenue d\u00e9contract\u00e9e. Associez-les \u00e0 un costume sur mesure pour un look professionnel soign\u00e9, ou habillez-les d'un pantalon chino et d'un blazer pour une esth\u00e9tique raffin\u00e9e le week-end. Le design intemporel garantit que ces <b>Chaussures de derby en cuir pour hommes<\/b> Le sac \u00e0 dos est un \u00e9l\u00e9ment essentiel de votre garde-robe pour les ann\u00e9es \u00e0 venir.<\/p>\n<p>Avec des tailles allant du 39 au 45 et une hauteur de talon confortable de 1 \u00e0 3 cm, nous r\u00e9pondons \u00e0 un large \u00e9ventail de pr\u00e9f\u00e9rences.<\/p>\n<p><h3>Artisanat de qualit\u00e9 et possibilit\u00e9s de vente en gros<\/h3>\n<\/p>\n<p>Notre engagement en faveur de la qualit\u00e9 est \u00e9vident dans chaque point et chaque finition de ces chaussures haut de gamme. Chaque paire de <b>Chaussures de derby en cuir pour hommes<\/b> est un t\u00e9moignage de savoir-faire artisanal, con\u00e7u pour offrir \u00e0 la fois un style impeccable et une durabilit\u00e9 \u00e0 toute \u00e9preuve. Pour les entreprises et les d\u00e9taillants, nous proposons des options de vente en gros int\u00e9ressantes, avec un minimum de commande de seulement 8 paires.<\/p>\n<p>B\u00e9n\u00e9ficiez de notre calendrier de production et de livraison efficace, les commandes \u00e9tant g\u00e9n\u00e9ralement livr\u00e9es dans un d\u00e9lai de 12 jours, frais de port en sus. Investissez dans notre <b>Chaussures de derby en cuir pour hommes<\/b> et offrez \u00e0 vos clients des chaussures qui allient luxe, confort et style durable.<\/p>","protected":false},"excerpt":{"rendered":"<ul>\n<li><b>Ext\u00e9rieur :<\/b> Cuir de veau de premi\u00e8re qualit\u00e9<\/li>\n<li><b>Int\u00e9rieur :<\/b> Doublure en cuir de ch\u00e8vre luxueux<\/li>\n<li><b>Semelle :<\/b> EVA l\u00e9ger et confortable<\/li>\n<li><b>Conception :<\/b> Brogue classique avec la\u00e7age Derby<\/li>\n<li><b>Hauteur du talon :<\/b> Environ 1-3 cm<\/li>\n<li><b>Tailles disponibles :<\/b> 39, 40, 41, 42, 43, 44, 45<\/li>\n<li><b>Disponibilit\u00e9 en gros :<\/b> Commande minimum de 8 paires.<\/li>\n<li><b>D\u00e9lai de livraison :<\/b> 12 jours plus les frais de port.<\/li>\n<\/ul>","protected":false},"featured_media":3856,"template":"","meta":{"_acf_changed":false,"_uag_custom_page_level_css":"","site-sidebar-layout":"default","site-content-layout":"","ast-site-content-layout":"default","site-content-style":"default","site-sidebar-style":"default","ast-global-header-display":"","ast-banner-title-visibility":"","ast-main-header-display":"","ast-hfb-above-header-display":"","ast-hfb-below-header-display":"","ast-hfb-mobile-header-display":"","site-post-title":"","ast-breadcrumbs-content":"","ast-featured-img":"","footer-sml-layout":"","ast-disable-related-posts":"","theme-transparent-header-meta":"","adv-header-id-meta":"","stick-header-meta":"","header-above-stick-meta":"","header-main-stick-meta":"","header-below-stick-meta":"","astra-migrate-meta-layouts":"default","ast-page-background-enabled":"default","ast-page-background-meta":{"desktop":{"background-color":"var(--ast-global-color-4)","background-image":"","background-repeat":"repeat","background-position":"center center","background-size":"auto","background-attachment":"scroll","background-type":"","background-media":"","overlay-type":"","overlay-color":"","overlay-opacity":"","overlay-gradient":""},"tablet":{"background-color":"","background-image":"","background-repeat":"repeat","background-position":"center center","background-size":"auto","background-attachment":"scroll","background-type":"","background-media":"","overlay-type":"","overlay-color":"","overlay-opacity":"","overlay-gradient":""},"mobile":{"background-color":"","background-image":"","background-repeat":"repeat","background-position":"center center","background-size":"auto","background-attachment":"scroll","background-type":"","background-media":"","overlay-type":"","overlay-color":"","overlay-opacity":"","overlay-gradient":""}},"ast-content-background-meta":{"desktop":{"background-color":"var(--ast-global-color-5)","background-image":"","background-repeat":"repeat","background-position":"center center","background-size":"auto","background-attachment":"scroll","background-type":"","background-media":"","overlay-type":"","overlay-color":"","overlay-opacity":"","overlay-gradient":""},"tablet":{"background-color":"var(--ast-global-color-5)","background-image":"","background-repeat":"repeat","background-position":"center center","background-size":"auto","background-attachment":"scroll","background-type":"","background-media":"","overlay-type":"","overlay-color":"","overlay-opacity":"","overlay-gradient":""},"mobile":{"background-color":"var(--ast-global-color-5)","background-image":"","background-repeat":"repeat","background-position":"center center","background-size":"auto","background-attachment":"scroll","background-type":"","background-media":"","overlay-type":"","overlay-color":"","overlay-opacity":"","overlay-gradient":""}}},"product_brand":[],"product_cat":[48,47,49,430,40],"product_tag":[292,200,566,809,284,1039,438,251,556,1042,1040,787,281,1041],"class_list":{"0":"post-5755","1":"product","2":"type-product","3":"status-publish","4":"has-post-thumbnail","6":"product_cat-casual","7":"product_cat-classic","8":"product_cat-loafer","9":"product_cat-men","10":"product_cat-mens-shoes","11":"product_tag-brown-leather-shoes","12":"product_tag-business-casual","13":"product_tag-calfskin-shoes","14":"product_tag-classic-mens-footwear","15":"product_tag-dress-shoes","16":"product_tag-durable-leather-shoes","17":"product_tag-eva-sole","18":"product_tag-formal-shoes","19":"product_tag-goatskin-lining","20":"product_tag-mens-comfort-shoes","21":"product_tag-mens-leather-brogue-derby-shoes","22":"product_tag-premium-mens-shoes","23":"product_tag-wholesale-shoes","24":"product_tag-wingtip-derby","25":"desktop-align-center","26":"tablet-align-center","27":"mobile-align-center","29":"first","30":"instock","31":"shipping-taxable","32":"purchasable","33":"product-type-variable","34":"has-default-attributes"},"acf":[],"uagb_featured_image_src":{"full":["https:\/\/turkishtrade.co\/wp-content\/uploads\/2026\/01\/2400EJOMN00246-DARK-BROWN-TOV-13-3-USD.png",453,250,false],"thumbnail":["https:\/\/turkishtrade.co\/wp-content\/uploads\/2026\/01\/2400EJOMN00246-DARK-BROWN-TOV-13-3-USD.png",150,83,false],"medium":["https:\/\/turkishtrade.co\/wp-content\/uploads\/2026\/01\/2400EJOMN00246-DARK-BROWN-TOV-13-3-USD.png",300,166,false],"medium_large":["https:\/\/turkishtrade.co\/wp-content\/uploads\/2026\/01\/2400EJOMN00246-DARK-BROWN-TOV-13-3-USD.png",453,250,false],"large":["https:\/\/turkishtrade.co\/wp-content\/uploads\/2026\/01\/2400EJOMN00246-DARK-BROWN-TOV-13-3-USD.png",453,250,false],"1536x1536":["https:\/\/turkishtrade.co\/wp-content\/uploads\/2026\/01\/2400EJOMN00246-DARK-BROWN-TOV-13-3-USD.png",453,250,false],"2048x2048":["https:\/\/turkishtrade.co\/wp-content\/uploads\/2026\/01\/2400EJOMN00246-DARK-BROWN-TOV-13-3-USD.png",453,250,false],"trp-custom-language-flag":["https:\/\/turkishtrade.co\/wp-content\/uploads\/2026\/01\/2400EJOMN00246-DARK-BROWN-TOV-13-3-USD.png",18,10,false],"woocommerce_thumbnail":["https:\/\/turkishtrade.co\/wp-content\/uploads\/2026\/01\/2400EJOMN00246-DARK-BROWN-TOV-13-3-USD-400x250.png",400,250,true],"woocommerce_single":["https:\/\/turkishtrade.co\/wp-content\/uploads\/2026\/01\/2400EJOMN00246-DARK-BROWN-TOV-13-3-USD.png",453,250,false],"woocommerce_gallery_thumbnail":["https:\/\/turkishtrade.co\/wp-content\/uploads\/2026\/01\/2400EJOMN00246-DARK-BROWN-TOV-13-3-USD-100x100.png",100,100,true]},"uagb_author_info":{"display_name":"yaser olabi","author_link":"https:\/\/turkishtrade.co\/fr\/author\/"},"uagb_comment_info":0,"uagb_excerpt":"Exterior: Premium Calfskin Leather Interior: Luxurious Goatskin Leather Lining Sole: Lightweight and Comfortable EVA Design: Classic Brogue Detailing with Derby Lacing Heel Height: Approximately 1-3 cm Available Sizes: 39, 40, 41, 42, 43, 44, 45 Wholesale Availability: Minimum order of 8 pairs. Delivery Time: 12 days plus shipping.","_links":{"self":[{"href":"https:\/\/turkishtrade.co\/fr\/wp-json\/wp\/v2\/product\/5755","targetHints":{"allow":["GET"]}}],"collection":[{"href":"https:\/\/turkishtrade.co\/fr\/wp-json\/wp\/v2\/product"}],"about":[{"href":"https:\/\/turkishtrade.co\/fr\/wp-json\/wp\/v2\/types\/product"}],"wp:featuredmedia":[{"embeddable":true,"href":"https:\/\/turkishtrade.co\/fr\/wp-json\/wp\/v2\/media\/3856"}],"wp:attachment":[{"href":"https:\/\/turkishtrade.co\/fr\/wp-json\/wp\/v2\/media?parent=5755"}],"wp:term":[{"taxonomy":"product_brand","embeddable":true,"href":"https:\/\/turkishtrade.co\/fr\/wp-json\/wp\/v2\/product_brand?post=5755"},{"taxonomy":"product_cat","embeddable":true,"href":"https:\/\/turkishtrade.co\/fr\/wp-json\/wp\/v2\/product_cat?post=5755"},{"taxonomy":"product_tag","embeddable":true,"href":"https:\/\/turkishtrade.co\/fr\/wp-json\/wp\/v2\/product_tag?post=5755"}],"curies":[{"name":"wp","href":"https:\/\/api.w.org\/{rel}","templated":true}]}}