{"id":5751,"date":"2026-01-14T13:08:28","date_gmt":"2026-01-14T13:08:28","guid":{"rendered":"https:\/\/turkishtrade.co\/product\/men-s-cap-toe-derby-shoes\/"},"modified":"2026-04-09T19:25:09","modified_gmt":"2026-04-09T19:25:09","slug":"mens-cap-toe-derby-shoes-3","status":"publish","type":"product","link":"https:\/\/turkishtrade.co\/fr\/shop\/mens-cap-toe-derby-shoes-3\/","title":{"rendered":"Chaussures de derby en cuir Premium pour hommes"},"content":{"rendered":"<p><strong>Chaussures de derby \u00e0 bout arrondi pour hommes<\/strong><\/p>\n<p>Am\u00e9liorez votre collection de chaussures avec notre collection exquise de <strong>Chaussures de derby \u00e0 bout arrondi pour hommes<\/strong>. Con\u00e7ues pour le gentleman exigeant, ces chaussures allient harmonieusement sophistication classique et confort contemporain, ce qui en fait un compl\u00e9ment indispensable \u00e0 votre tenue formelle ou d\u00e9contract\u00e9e. Chaque paire de ces luxueuses <strong>Chaussures de derby \u00e0 bout arrondi pour hommes<\/strong> t\u00e9moigne d'un savoir-faire sup\u00e9rieur et d'un style durable, vous permettant de toujours faire une impression distingu\u00e9e.<\/p>\n<p><h3>Une qualit\u00e9 et un savoir-faire in\u00e9gal\u00e9s<\/h3>\n<\/p>\n<p>Au c\u0153ur de ces projets d'exception <strong>Chaussures de derby \u00e0 bout arrondi pour hommes<\/strong> repose sur un engagement en faveur de mat\u00e9riaux de premi\u00e8re qualit\u00e9. La surface ext\u00e9rieure est m\u00e9ticuleusement fabriqu\u00e9e en <strong>cuir de veau de premi\u00e8re qualit\u00e9<\/strong>, Elle offre une esth\u00e9tique raffin\u00e9e avec une combinaison sophistiqu\u00e9e de finitions lisses et richement textur\u00e9es, particuli\u00e8rement \u00e9vidente sur le bout de la chaussure.<\/p>\n<p>Ce choix de mat\u00e9riau permet non seulement d'obtenir un aspect luxueux, mais aussi de garantir la durabilit\u00e9 et une belle patine au fil du temps. L'int\u00e9rieur est dot\u00e9 d'un rev\u00eatement doux et souple. <strong>doublure en cuir de ch\u00e8vre<\/strong>, ensuring breathability and unparalleled comfort with every step you take, making these the ideal <strong>Chaussures de derby \u00e0 bout arrondi pour hommes<\/strong> pour une utilisation prolong\u00e9e.<\/p>\n<p>Ces chaussures \u00e9l\u00e9gantes reposent sur une semelle l\u00e9g\u00e8re et flexible. <strong>Semelle EVA<\/strong>, Le talon classique de 1 \u00e0 3 cm offre \u00e0 la fois stabilit\u00e9 et confort \u00e0 la marche.<\/p>\n<p><h3>Un style polyvalent pour toutes les occasions<\/h3>\n<\/p>\n<p>Notre <strong>Chaussures de derby \u00e0 bout arrondi pour hommes<\/strong> sont l'incarnation de l'\u00e9l\u00e9gance polyvalente. Leur design intemporel, associ\u00e9 \u00e0 un la\u00e7age derby classique, les rend parfaitement adapt\u00e9es \u00e0 un large \u00e9ventail d'\u00e9v\u00e9nements. Que vous assistiez \u00e0 une r\u00e9union d'affaires cruciale, \u00e0 une soir\u00e9e de gala formelle ou que vous souhaitiez simplement adopter un look \u00e9l\u00e9gant et d\u00e9contract\u00e9, ces chaussures vous permettront de faire une impression durable.<\/p>\n<p>Disponible dans une palette sophistiqu\u00e9e comprenant le noir classique, le marine profond et le marron riche, il y a une paire d'articles de la cat\u00e9gorie \"B\". <strong>Chaussures de derby \u00e0 bout arrondi pour hommes<\/strong> pour compl\u00e9ter n'importe quelle tenue et n'importe quel style personnel. Les tailles vont du 39 au 45, ce qui garantit un ajustement parfait pour un large \u00e9ventail de clients.<\/p>\n<p><h3>Opportunit\u00e9 de vente en gros pour les entreprises<\/h3>\n<\/p>\n<p>Pour les d\u00e9taillants et les entreprises \u00e0 la recherche de chaussures \u00e9l\u00e9gantes et de haute qualit\u00e9, nos <strong>Chaussures de derby \u00e0 bout arrondi pour hommes<\/strong> sont disponibles \u00e0 l'achat en gros. Nous proposons des prix de gros attractifs avec une quantit\u00e9 minimale de commande de 8 paires, ce qui vous permet de vous approvisionner en ces articles recherch\u00e9s. Profitez d'un traitement efficace de vos commandes et d'un d\u00e9lai de livraison d'environ 12 jours, frais de port en sus.<\/p>\n<p>Contactez-nous pour obtenir des prix d\u00e9taill\u00e9s et pour discuter de la mani\u00e8re dont ces produits de qualit\u00e9 sup\u00e9rieure peuvent \u00eatre utilis\u00e9s. <strong>Chaussures de derby \u00e0 bout arrondi pour hommes<\/strong> peut am\u00e9liorer votre offre de produits et r\u00e9pondre au d\u00e9sir de votre client\u00e8le de poss\u00e9der des chaussures sophistiqu\u00e9es et de haute qualit\u00e9.<\/p>","protected":false},"excerpt":{"rendered":"<ul>\n<li>Ext\u00e9rieur en cuir de veau luxueux, avec des finitions lisses et textur\u00e9es distinctives<\/li>\n<li>Doublure en cuir de ch\u00e8vre souple et respirant pour un confort optimal.<\/li>\n<li>Semelle EVA \u00e0 la fois durable et l\u00e9g\u00e8re, avec un talon classique subtil de 1 \u00e0 3 cm de hauteur.<\/li>\n<li>Derby classique \u00e0 lacets pour une \u00e9l\u00e9gance intemporelle et une grande polyvalence.<\/li>\n<li>Disponible dans une large gamme de tailles allant de 39 \u00e0 45<\/li>\n<li>Sophistiqu\u00e9\n<li>Id\u00e9al pour les commandes en gros et en masse avec une quantit\u00e9 minimale de 8 paires.<\/li>\n<li>Livraison efficace dans un d\u00e9lai d'environ 12 jours plus le d\u00e9lai d'exp\u00e9dition standard<\/li>\n<li>Les d\u00e9tails des prix de gros sont disponibles sur demande pour les partenaires commerciaux.<\/li>\n<\/ul>","protected":false},"featured_media":3765,"template":"","meta":{"_acf_changed":false,"_uag_custom_page_level_css":"","site-sidebar-layout":"default","site-content-layout":"","ast-site-content-layout":"default","site-content-style":"default","site-sidebar-style":"default","ast-global-header-display":"","ast-banner-title-visibility":"","ast-main-header-display":"","ast-hfb-above-header-display":"","ast-hfb-below-header-display":"","ast-hfb-mobile-header-display":"","site-post-title":"","ast-breadcrumbs-content":"","ast-featured-img":"","footer-sml-layout":"","ast-disable-related-posts":"","theme-transparent-header-meta":"","adv-header-id-meta":"","stick-header-meta":"","header-above-stick-meta":"","header-main-stick-meta":"","header-below-stick-meta":"","astra-migrate-meta-layouts":"default","ast-page-background-enabled":"default","ast-page-background-meta":{"desktop":{"background-color":"var(--ast-global-color-4)","background-image":"","background-repeat":"repeat","background-position":"center center","background-size":"auto","background-attachment":"scroll","background-type":"","background-media":"","overlay-type":"","overlay-color":"","overlay-opacity":"","overlay-gradient":""},"tablet":{"background-color":"","background-image":"","background-repeat":"repeat","background-position":"center center","background-size":"auto","background-attachment":"scroll","background-type":"","background-media":"","overlay-type":"","overlay-color":"","overlay-opacity":"","overlay-gradient":""},"mobile":{"background-color":"","background-image":"","background-repeat":"repeat","background-position":"center center","background-size":"auto","background-attachment":"scroll","background-type":"","background-media":"","overlay-type":"","overlay-color":"","overlay-opacity":"","overlay-gradient":""}},"ast-content-background-meta":{"desktop":{"background-color":"var(--ast-global-color-5)","background-image":"","background-repeat":"repeat","background-position":"center center","background-size":"auto","background-attachment":"scroll","background-type":"","background-media":"","overlay-type":"","overlay-color":"","overlay-opacity":"","overlay-gradient":""},"tablet":{"background-color":"var(--ast-global-color-5)","background-image":"","background-repeat":"repeat","background-position":"center center","background-size":"auto","background-attachment":"scroll","background-type":"","background-media":"","overlay-type":"","overlay-color":"","overlay-opacity":"","overlay-gradient":""},"mobile":{"background-color":"var(--ast-global-color-5)","background-image":"","background-repeat":"repeat","background-position":"center center","background-size":"auto","background-attachment":"scroll","background-type":"","background-media":"","overlay-type":"","overlay-color":"","overlay-opacity":"","overlay-gradient":""}}},"product_brand":[],"product_cat":[47,430,40],"product_tag":[407,613,202,458,809,212,284,438,251,437,227,614,362,280,281],"class_list":{"0":"post-5751","1":"product","2":"type-product","3":"status-publish","4":"has-post-thumbnail","6":"product_cat-classic","7":"product_cat-men","8":"product_cat-mens-shoes","9":"product_tag-black-derby-shoes","10":"product_tag-brown-derby-shoes","11":"product_tag-calf-leather","12":"product_tag-cap-toe-shoes","13":"product_tag-classic-mens-footwear","14":"product_tag-derby-shoes","15":"product_tag-dress-shoes","16":"product_tag-eva-sole","17":"product_tag-formal-shoes","18":"product_tag-goat-leather","19":"product_tag-leather-shoes","20":"product_tag-navy-derby-shoes","21":"product_tag-premium-footwear","22":"product_tag-smart-casual-shoes","23":"product_tag-wholesale-shoes","24":"desktop-align-center","25":"tablet-align-center","26":"mobile-align-center","28":"first","29":"instock","30":"shipping-taxable","31":"purchasable","32":"product-type-variable","33":"has-default-attributes"},"acf":[],"uagb_featured_image_src":{"full":["https:\/\/turkishtrade.co\/wp-content\/uploads\/2026\/01\/2400EJOMN00342-DARK-BROWN-X_12583-1-usd.png",453,250,false],"thumbnail":["https:\/\/turkishtrade.co\/wp-content\/uploads\/2026\/01\/2400EJOMN00342-DARK-BROWN-X_12583-1-usd-150x150.png",150,150,true],"medium":["https:\/\/turkishtrade.co\/wp-content\/uploads\/2026\/01\/2400EJOMN00342-DARK-BROWN-X_12583-1-usd-300x166.png",300,166,true],"medium_large":["https:\/\/turkishtrade.co\/wp-content\/uploads\/2026\/01\/2400EJOMN00342-DARK-BROWN-X_12583-1-usd.png",453,250,false],"large":["https:\/\/turkishtrade.co\/wp-content\/uploads\/2026\/01\/2400EJOMN00342-DARK-BROWN-X_12583-1-usd.png",453,250,false],"1536x1536":["https:\/\/turkishtrade.co\/wp-content\/uploads\/2026\/01\/2400EJOMN00342-DARK-BROWN-X_12583-1-usd.png",453,250,false],"2048x2048":["https:\/\/turkishtrade.co\/wp-content\/uploads\/2026\/01\/2400EJOMN00342-DARK-BROWN-X_12583-1-usd.png",453,250,false],"trp-custom-language-flag":["https:\/\/turkishtrade.co\/wp-content\/uploads\/2026\/01\/2400EJOMN00342-DARK-BROWN-X_12583-1-usd-18x10.png",18,10,true],"woocommerce_thumbnail":["https:\/\/turkishtrade.co\/wp-content\/uploads\/2026\/01\/2400EJOMN00342-DARK-BROWN-X_12583-1-usd-400x250.png",400,250,true],"woocommerce_single":["https:\/\/turkishtrade.co\/wp-content\/uploads\/2026\/01\/2400EJOMN00342-DARK-BROWN-X_12583-1-usd.png",453,250,false],"woocommerce_gallery_thumbnail":["https:\/\/turkishtrade.co\/wp-content\/uploads\/2026\/01\/2400EJOMN00342-DARK-BROWN-X_12583-1-usd-100x100.png",100,100,true]},"uagb_author_info":{"display_name":"yaser olabi","author_link":"https:\/\/turkishtrade.co\/fr\/author\/"},"uagb_comment_info":0,"uagb_excerpt":"Luxurious calf leather outer, featuring smooth and distinctive textured finishes Soft and breathable goat leather lining for ultimate comfort during wear Durable yet lightweight EVA sole with a subtle 1-3 cm classic heel height Classic lace-up cap toe derby design for timeless elegance and versatility Available in an extensive size range from 39 to 45\u2026","_links":{"self":[{"href":"https:\/\/turkishtrade.co\/fr\/wp-json\/wp\/v2\/product\/5751","targetHints":{"allow":["GET"]}}],"collection":[{"href":"https:\/\/turkishtrade.co\/fr\/wp-json\/wp\/v2\/product"}],"about":[{"href":"https:\/\/turkishtrade.co\/fr\/wp-json\/wp\/v2\/types\/product"}],"wp:featuredmedia":[{"embeddable":true,"href":"https:\/\/turkishtrade.co\/fr\/wp-json\/wp\/v2\/media\/3765"}],"wp:attachment":[{"href":"https:\/\/turkishtrade.co\/fr\/wp-json\/wp\/v2\/media?parent=5751"}],"wp:term":[{"taxonomy":"product_brand","embeddable":true,"href":"https:\/\/turkishtrade.co\/fr\/wp-json\/wp\/v2\/product_brand?post=5751"},{"taxonomy":"product_cat","embeddable":true,"href":"https:\/\/turkishtrade.co\/fr\/wp-json\/wp\/v2\/product_cat?post=5751"},{"taxonomy":"product_tag","embeddable":true,"href":"https:\/\/turkishtrade.co\/fr\/wp-json\/wp\/v2\/product_tag?post=5751"}],"curies":[{"name":"wp","href":"https:\/\/api.w.org\/{rel}","templated":true}]}}