{"id":5748,"date":"2026-01-14T13:03:39","date_gmt":"2026-01-14T13:03:39","guid":{"rendered":"https:\/\/turkishtrade.co\/product\/mens-chunky-sole-loafers\/"},"modified":"2026-04-09T19:25:15","modified_gmt":"2026-04-09T19:25:15","slug":"mens-chunky-sole-loafers","status":"publish","type":"product","link":"https:\/\/turkishtrade.co\/fr\/shop\/mens-chunky-sole-loafers\/","title":{"rendered":"Mocassins en cuir de premi\u00e8re qualit\u00e9 \u00e0 semelle \u00e9paisse pour hommes"},"content":{"rendered":"<p><strong>Mocassins \u00e0 semelle \u00e9paisse pour hommes<\/strong><\/p>\n<p>Entrez dans un confort sophistiqu\u00e9 et faites une d\u00e9claration audacieuse avec notre collection exquise de <b>Mocassins \u00e0 semelle \u00e9paisse pour hommes<\/b>. Con\u00e7us pour le gentleman moderne qui appr\u00e9cie \u00e0 la fois l'\u00e9l\u00e9gance intemporelle et le flair contemporain, ces mocassins sont une v\u00e9ritable incarnation de l'artisanat sup\u00e9rieur et des mat\u00e9riaux luxueux. Chaque paire de nos <b>mocassins \u00e0 semelle \u00e9paisse pour hommes<\/b> est m\u00e9ticuleusement construit pour offrir une exp\u00e9rience de port in\u00e9gal\u00e9e, garantissant qu'il deviendra un ajout pr\u00e9cieux \u00e0 toute garde-robe exigeante.<\/p>\n<p><h3>Qualit\u00e9 in\u00e9gal\u00e9e et savoir-faire artisanal<\/h3>\n<\/p>\n<p>Notre prime <b>mocassins \u00e0 semelle \u00e9paisse pour hommes<\/b> sont fabriqu\u00e9s \u00e0 partir des mat\u00e9riaux authentiques les plus nobles qui soient. L'ext\u00e9rieur est en cuir de veau riche et souple, r\u00e9put\u00e9 pour sa durabilit\u00e9 exceptionnelle, sa texture luxueuse et sa capacit\u00e9 \u00e0 d\u00e9velopper une patine magnifique et unique au fil du temps. Ce cuir de haute qualit\u00e9 garantit que vos mocassins sont non seulement superbes, mais qu'ils s'am\u00e9liorent avec le temps.<\/p>\n<p>\u00c0 l'int\u00e9rieur, vos pieds seront envelopp\u00e9s dans la douce \u00e9treinte d'une doublure en cuir de ch\u00e8vre v\u00e9ritable, offrant une respirabilit\u00e9 et un confort extraordinaires d\u00e8s le premier pas. Les coutures complexes et l'attention in\u00e9branlable port\u00e9e aux d\u00e9tails tout au long de la construction refl\u00e8tent le d\u00e9vouement d'artisans qualifi\u00e9s, garantissant un produit con\u00e7u pour durer et pour impressionner.<\/p>\n<p><h3>Le confort moderne rencontre le style contemporain<\/h3>\n<\/p>\n<p>D\u00e9couvrez la fusion parfaite de la tradition et de l'innovation avec la semelle EVA robuste mais remarquablement l\u00e9g\u00e8re. Cette semelle \u00e9paisse distinctive conf\u00e8re non seulement une touche de mode et de modernit\u00e9 aux mocassins, mais elle offre \u00e9galement un amorti sup\u00e9rieur et un soutien fiable, ce qui rend ces chaussures incroyablement confortables pour un usage prolong\u00e9 tout au long de la journ\u00e9e.<\/p>\n<p>Le modeste talon de 1 \u00e0 3 cm offre une \u00e9l\u00e9vation subtile tout en conservant la silhouette classique d'un mocassin, assurant \u00e0 la fois stabilit\u00e9 et mouvement sans effort. Que vous naviguiez dans les rues anim\u00e9es de la ville ou que vous profitiez d'une sortie d\u00e9contract\u00e9e, ces mocassins sont parfaits. <b>mocassins \u00e0 semelle \u00e9paisse pour hommes<\/b> offrent un style sophistiqu\u00e9 et une fonctionnalit\u00e9 essentielle.<\/p>\n<p><h3>Une polyvalence pour toutes les occasions<\/h3>\n<\/p>\n<p>Disponibles dans une gamme de nuances sophistiqu\u00e9es, dont le brun riche et profond et l'\u00e9l\u00e9gant bleu marine pr\u00e9sent\u00e9s dans les images du produit, nos mocassins \u00e0 semelle \u00e9paisse s'associent sans effort \u00e0 un large \u00e9ventail de tenues.<\/p>\n<p>Associez-les \u00e0 un pantalon de tailleur pour une tenue de bureau \u00e9l\u00e9gante et d\u00e9contract\u00e9e, ou habillez-les d'un pantalon chino et d'un jean de cr\u00e9ateur pour un look d\u00e9contract\u00e9 mais raffin\u00e9 en fin de semaine. Leur conception polyvalente les rend parfaitement adapt\u00e9es \u00e0 toutes les situations, des r\u00e9unions d'affaires importantes aux rencontres sociales exclusives, et vous assure de toujours sortir avec confiance et un style ind\u00e9niable. Le grain unique du cuir de veau et le design \u00e9pur\u00e9 et moderne font de ces chaussures un accessoire de choix. <b>mocassins \u00e0 semelle \u00e9paisse pour hommes<\/b> un choix vraiment remarquable dans toute collection de chaussures.<\/p>\n<p><h3>Options flexibles de commande en vrac<\/h3>\n<\/p>\n<p>Nous sommes fiers de r\u00e9pondre aux besoins des entreprises et des d\u00e9taillants gr\u00e2ce \u00e0 notre syst\u00e8me efficace et flexible de commande en gros. Nos produits tr\u00e8s recherch\u00e9s <b>mocassins \u00e0 semelle \u00e9paisse pour hommes<\/b> sont disponibles dans une gamme compl\u00e8te de tailles allant du 39 au 45, ce qui vous permet de r\u00e9pondre efficacement aux diverses demandes de votre client\u00e8le. Avec une quantit\u00e9 minimale de commande de seulement 8 paires, associ\u00e9e \u00e0 un d\u00e9lai de livraison efficace d'environ 12 jours plus les frais d'exp\u00e9dition, l'approvisionnement en ces mocassins populaires et \u00e9l\u00e9gants est \u00e0 la fois simple et pratique.<\/p>\n<p>Faites \u00e9quipe avec nous et investissez dans la qualit\u00e9, le confort et le style que vos clients appr\u00e9cieront et aimeront sans aucun doute.<\/p>","protected":false},"excerpt":{"rendered":"<ul>\n<li><b>Mat\u00e9riaux de premi\u00e8re qualit\u00e9 :<\/b> L'ext\u00e9rieur est en cuir de veau v\u00e9ritable et la doublure en cuir de ch\u00e8vre souple pour un confort ultime et une durabilit\u00e9 \u00e0 toute \u00e9preuve.<\/li>\n<li><b>Semelle EVA \u00e9paisse :<\/b> Semelle EVA contemporaine et l\u00e9g\u00e8re (talon de 1 \u00e0 3 cm) pour un amorti sup\u00e9rieur, un style robuste et une portabilit\u00e9 tout au long de la journ\u00e9e.<\/li>\n<li><b>Conception polyvalente :<\/b> Une fusion parfaite entre la sophistication d'un mocassin classique et les tendances d\u00e9contract\u00e9es modernes, id\u00e9ale pour diverses occasions.<\/li>\n<li><b>Dimensionnement complet :<\/b> Disponible dans les tailles 39, 40, 41, 42, 43, 44, 45 pour r\u00e9pondre \u00e0 un large \u00e9ventail de pr\u00e9f\u00e9rences.<\/li>\n<li><b>Disponibilit\u00e9 en vrac :<\/b> Quantit\u00e9 minimale de commande de 8 paires avec un d\u00e9lai de livraison estim\u00e9 \u00e0 12 jours + frais de port pour les grossistes.<\/li>\n<\/ul>","protected":false},"featured_media":3854,"template":"","meta":{"_acf_changed":false,"_uag_custom_page_level_css":"","site-sidebar-layout":"default","site-content-layout":"","ast-site-content-layout":"default","site-content-style":"default","site-sidebar-style":"default","ast-global-header-display":"","ast-banner-title-visibility":"","ast-main-header-display":"","ast-hfb-above-header-display":"","ast-hfb-below-header-display":"","ast-hfb-mobile-header-display":"","site-post-title":"","ast-breadcrumbs-content":"","ast-featured-img":"","footer-sml-layout":"","ast-disable-related-posts":"","theme-transparent-header-meta":"","adv-header-id-meta":"","stick-header-meta":"","header-above-stick-meta":"","header-main-stick-meta":"","header-below-stick-meta":"","astra-migrate-meta-layouts":"default","ast-page-background-enabled":"default","ast-page-background-meta":{"desktop":{"background-color":"var(--ast-global-color-4)","background-image":"","background-repeat":"repeat","background-position":"center center","background-size":"auto","background-attachment":"scroll","background-type":"","background-media":"","overlay-type":"","overlay-color":"","overlay-opacity":"","overlay-gradient":""},"tablet":{"background-color":"","background-image":"","background-repeat":"repeat","background-position":"center center","background-size":"auto","background-attachment":"scroll","background-type":"","background-media":"","overlay-type":"","overlay-color":"","overlay-opacity":"","overlay-gradient":""},"mobile":{"background-color":"","background-image":"","background-repeat":"repeat","background-position":"center center","background-size":"auto","background-attachment":"scroll","background-type":"","background-media":"","overlay-type":"","overlay-color":"","overlay-opacity":"","overlay-gradient":""}},"ast-content-background-meta":{"desktop":{"background-color":"var(--ast-global-color-5)","background-image":"","background-repeat":"repeat","background-position":"center center","background-size":"auto","background-attachment":"scroll","background-type":"","background-media":"","overlay-type":"","overlay-color":"","overlay-opacity":"","overlay-gradient":""},"tablet":{"background-color":"var(--ast-global-color-5)","background-image":"","background-repeat":"repeat","background-position":"center center","background-size":"auto","background-attachment":"scroll","background-type":"","background-media":"","overlay-type":"","overlay-color":"","overlay-opacity":"","overlay-gradient":""},"mobile":{"background-color":"var(--ast-global-color-5)","background-image":"","background-repeat":"repeat","background-position":"center center","background-size":"auto","background-attachment":"scroll","background-type":"","background-media":"","overlay-type":"","overlay-color":"","overlay-opacity":"","overlay-gradient":""}}},"product_brand":[],"product_cat":[48,47,49,430,40],"product_tag":[453,202,449,436,457,222,438,437,215,148,198,210,670,281],"class_list":{"0":"post-5748","1":"product","2":"type-product","3":"status-publish","4":"has-post-thumbnail","6":"product_cat-casual","7":"product_cat-classic","8":"product_cat-loafer","9":"product_cat-men","10":"product_cat-mens-shoes","11":"product_tag-bulk-footwear","12":"product_tag-calf-leather","13":"product_tag-casual-shoes","14":"product_tag-chunky-sole","15":"product_tag-classic-loafers","16":"product_tag-comfortable-shoes","17":"product_tag-eva-sole","18":"product_tag-goat-leather","19":"product_tag-leather-loafers","20":"product_tag-loafers","21":"product_tag-mens-fashion","22":"product_tag-smart-casual","23":"product_tag-stylish-loafers","24":"product_tag-wholesale-shoes","25":"desktop-align-center","26":"tablet-align-center","27":"mobile-align-center","29":"first","30":"instock","31":"shipping-taxable","32":"purchasable","33":"product-type-variable","34":"has-default-attributes"},"acf":[],"uagb_featured_image_src":{"full":["https:\/\/turkishtrade.co\/wp-content\/uploads\/2026\/01\/2400EJOMN00245-DARK-BLUE-X_625-6-USD.png",453,250,false],"thumbnail":["https:\/\/turkishtrade.co\/wp-content\/uploads\/2026\/01\/2400EJOMN00245-DARK-BLUE-X_625-6-USD-150x150.png",150,150,true],"medium":["https:\/\/turkishtrade.co\/wp-content\/uploads\/2026\/01\/2400EJOMN00245-DARK-BLUE-X_625-6-USD-300x166.png",300,166,true],"medium_large":["https:\/\/turkishtrade.co\/wp-content\/uploads\/2026\/01\/2400EJOMN00245-DARK-BLUE-X_625-6-USD.png",453,250,false],"large":["https:\/\/turkishtrade.co\/wp-content\/uploads\/2026\/01\/2400EJOMN00245-DARK-BLUE-X_625-6-USD.png",453,250,false],"1536x1536":["https:\/\/turkishtrade.co\/wp-content\/uploads\/2026\/01\/2400EJOMN00245-DARK-BLUE-X_625-6-USD.png",453,250,false],"2048x2048":["https:\/\/turkishtrade.co\/wp-content\/uploads\/2026\/01\/2400EJOMN00245-DARK-BLUE-X_625-6-USD.png",453,250,false],"trp-custom-language-flag":["https:\/\/turkishtrade.co\/wp-content\/uploads\/2026\/01\/2400EJOMN00245-DARK-BLUE-X_625-6-USD-18x10.png",18,10,true],"woocommerce_thumbnail":["https:\/\/turkishtrade.co\/wp-content\/uploads\/2026\/01\/2400EJOMN00245-DARK-BLUE-X_625-6-USD-400x250.png",400,250,true],"woocommerce_single":["https:\/\/turkishtrade.co\/wp-content\/uploads\/2026\/01\/2400EJOMN00245-DARK-BLUE-X_625-6-USD.png",453,250,false],"woocommerce_gallery_thumbnail":["https:\/\/turkishtrade.co\/wp-content\/uploads\/2026\/01\/2400EJOMN00245-DARK-BLUE-X_625-6-USD-100x100.png",100,100,true]},"uagb_author_info":{"display_name":"yaser olabi","author_link":"https:\/\/turkishtrade.co\/fr\/author\/"},"uagb_comment_info":0,"uagb_excerpt":"Premium Materials: Expertly crafted with a genuine calf leather exterior and soft goat leather lining for ultimate comfort and lasting durability. Chunky EVA Sole: Features a contemporary, lightweight EVA sole (1-3 cm heel) for superior cushioning, robust style, and all-day wearability. Versatile Design: A perfect fusion of classic loafer sophistication and modern casual trends, ideal\u2026","_links":{"self":[{"href":"https:\/\/turkishtrade.co\/fr\/wp-json\/wp\/v2\/product\/5748","targetHints":{"allow":["GET"]}}],"collection":[{"href":"https:\/\/turkishtrade.co\/fr\/wp-json\/wp\/v2\/product"}],"about":[{"href":"https:\/\/turkishtrade.co\/fr\/wp-json\/wp\/v2\/types\/product"}],"wp:featuredmedia":[{"embeddable":true,"href":"https:\/\/turkishtrade.co\/fr\/wp-json\/wp\/v2\/media\/3854"}],"wp:attachment":[{"href":"https:\/\/turkishtrade.co\/fr\/wp-json\/wp\/v2\/media?parent=5748"}],"wp:term":[{"taxonomy":"product_brand","embeddable":true,"href":"https:\/\/turkishtrade.co\/fr\/wp-json\/wp\/v2\/product_brand?post=5748"},{"taxonomy":"product_cat","embeddable":true,"href":"https:\/\/turkishtrade.co\/fr\/wp-json\/wp\/v2\/product_cat?post=5748"},{"taxonomy":"product_tag","embeddable":true,"href":"https:\/\/turkishtrade.co\/fr\/wp-json\/wp\/v2\/product_tag?post=5748"}],"curies":[{"name":"wp","href":"https:\/\/api.w.org\/{rel}","templated":true}]}}