{"id":5746,"date":"2026-01-14T13:03:18","date_gmt":"2026-01-14T13:03:18","guid":{"rendered":"https:\/\/turkishtrade.co\/product\/men-brown-leather-loafers\/"},"modified":"2026-04-09T19:25:18","modified_gmt":"2026-04-09T19:25:18","slug":"mens-brown-leather-loafers-5","status":"publish","type":"product","link":"https:\/\/turkishtrade.co\/fr\/shop\/mens-brown-leather-loafers-5\/","title":{"rendered":"Mocassins en cuir de veau brun pour hommes avec semelle EVA"},"content":{"rendered":"<p><strong>Mocassins en cuir brun pour hommes<\/strong><\/p>\n<p>D\u00e9couvrez l'incarnation de l'\u00e9l\u00e9gance d\u00e9contract\u00e9e et du confort durable avec notre exquise collection d'objets d'art. <strong>Mocassins en cuir brun pour hommes<\/strong>. Con\u00e7us pour les personnes exigeantes, ces produits de qualit\u00e9 sup\u00e9rieure <strong>mocassins en cuir marron pour hommes<\/strong> allient un style sophistiqu\u00e9 \u00e0 une facilit\u00e9 de port in\u00e9gal\u00e9e. Qu'il s'agisse d'une journ\u00e9e de travail bien remplie ou d'un week-end d\u00e9contract\u00e9, ces chaussures polyvalentes vous permettront de vous sentir \u00e0 l'aise dans la vie de tous les jours. <strong>mocassins en cuir marron pour hommes<\/strong> sont le choix id\u00e9al pour vos chaussures.<\/p>\n<p><h3>Une qualit\u00e9 et un savoir-faire in\u00e9gal\u00e9s<\/h3>\n<\/p>\n<p>Chaque paire de ces remarquables mocassins est m\u00e9ticuleusement fabriqu\u00e9e \u00e0 partir des mat\u00e9riaux les plus nobles. La surface ext\u00e9rieure est en cuir de veau riche et durable, offrant un aspect et un toucher luxueux qui ne font que s'am\u00e9liorer avec le temps. Ce cuir de veau de qualit\u00e9 sup\u00e9rieure garantit long\u00e9vit\u00e9 et r\u00e9sistance, ce qui fait de ces mocassins des mod\u00e8les de qualit\u00e9 sup\u00e9rieure. <strong>mocassins en cuir marron pour hommes<\/strong> un investissement judicieux pour votre garde-robe.<\/p>\n<p>L'int\u00e9rieur est doubl\u00e9 de cuir de ch\u00e8vre incroyablement doux, offrant un environnement lisse, respirant et confortable \u00e0 vos pieds tout au long de la journ\u00e9e. Dites adieu \u00e0 l'inconfort et bonjour \u00e0 l'aisance tout au long de la journ\u00e9e gr\u00e2ce \u00e0 ces chaussures \u00e0 la construction experte. <strong>mocassins en cuir marron pour hommes<\/strong>.<\/p>\n<p><h3>Confort sup\u00e9rieur gr\u00e2ce \u00e0 la technologie de la semelle EVA<\/h3>\n<\/p>\n<p>Ce qui diff\u00e9rencie ces <strong>mocassins en cuir marron pour hommes<\/strong> est leur semelle EVA innovante. Con\u00e7ue pour une flexibilit\u00e9 l\u00e9g\u00e8re et une absorption exceptionnelle des chocs, la semelle EVA offre un amorti qui fait de chaque pas un plaisir. Avec une hauteur de talon classique de 1 \u00e0 3 cm, ces mocassins offrent juste ce qu'il faut de hauteur sans compromettre la stabilit\u00e9 ou le confort.<\/p>\n<p>La semelle robuste et textur\u00e9e assure une excellente adh\u00e9rence et une grande durabilit\u00e9. <strong>mocassins en cuir marron pour hommes<\/strong> adapt\u00e9s \u00e0 divers terrains et conditions m\u00e9t\u00e9orologiques. D\u00e9couvrez la fusion parfaite de l'esth\u00e9tique traditionnelle et de la technologie de confort moderne.<\/p>\n<p><h3>Un style polyvalent pour toutes les occasions<\/h3>\n<\/p>\n<p>Ces <strong>mocassins en cuir marron pour hommes<\/strong> sont la quintessence de toute garde-robe contemporaine. Leur design classique et leur riche teinte brune les rendent incroyablement polyvalents, s'associant sans effort \u00e0 toutes les tenues, des pantalons d\u00e9contract\u00e9s aux jeans en passant par les chinos. Elles incarnent une ambiance \u00e0 la fois sophistiqu\u00e9e et d\u00e9contract\u00e9e, ce qui les rend id\u00e9ales pour les environnements professionnels et les activit\u00e9s de loisirs.<\/p>\n<p>Disponible dans une large gamme de tailles europ\u00e9ennes allant de 39 \u00e0 45, il est possible de trouver la taille id\u00e9ale pour ces produits essentiels. <strong>mocassins en cuir marron pour hommes<\/strong> est simple.<\/p>\n<p><h3>Opportunit\u00e9 de vente en gros<\/h3>\n<\/p>\n<p>Pour les d\u00e9taillants et les entreprises, ces <strong>mocassins en cuir marron pour hommes<\/strong> sont disponibles \u00e0 l'achat en gros avec une commande minimum de 8 paires. Nous proposons des prix comp\u00e9titifs (d\u00e9tails disponibles dans notre liste de prix) et un d\u00e9lai de livraison fiable de 12 jours plus les frais d'exp\u00e9dition. Am\u00e9liorez votre collection avec ces chaussures tr\u00e8s demand\u00e9es. <strong>mocassins en cuir marron pour hommes<\/strong> qui promettent qualit\u00e9, confort et style.<\/p>","protected":false},"excerpt":{"rendered":"<ul>\n<li><strong>Mati\u00e8re sup\u00e9rieure :<\/strong> Cuir de veau de premi\u00e8re qualit\u00e9<\/li>\n<li><strong>Doublure int\u00e9rieure :<\/strong> Cuir de ch\u00e8vre souple<\/li>\n<li><strong>Mat\u00e9riau de la semelle :<\/strong> EVA l\u00e9ger pour un confort et une durabilit\u00e9 sup\u00e9rieurs<\/li>\n<li><strong>Hauteur du talon :<\/strong> Profil classique de 1 \u00e0 3 cm<\/li>\n<li><strong>Tailles disponibles :<\/strong> UE 39, 40, 41, 42, 43, 44, 45<\/li>\n<li><strong>Commande minimale :<\/strong> 8 paires pour la vente en gros<\/li>\n<li><strong>Livraison :<\/strong> 12 jours + Exp\u00e9dition<\/li>\n<\/ul>","protected":false},"featured_media":3852,"template":"","meta":{"_acf_changed":false,"_uag_custom_page_level_css":"","site-sidebar-layout":"default","site-content-layout":"","ast-site-content-layout":"default","site-content-style":"default","site-sidebar-style":"default","ast-global-header-display":"","ast-banner-title-visibility":"","ast-main-header-display":"","ast-hfb-above-header-display":"","ast-hfb-below-header-display":"","ast-hfb-mobile-header-display":"","site-post-title":"","ast-breadcrumbs-content":"","ast-featured-img":"","footer-sml-layout":"","ast-disable-related-posts":"","theme-transparent-header-meta":"","adv-header-id-meta":"","stick-header-meta":"","header-above-stick-meta":"","header-main-stick-meta":"","header-below-stick-meta":"","astra-migrate-meta-layouts":"default","ast-page-background-enabled":"default","ast-page-background-meta":{"desktop":{"background-color":"var(--ast-global-color-4)","background-image":"","background-repeat":"repeat","background-position":"center center","background-size":"auto","background-attachment":"scroll","background-type":"","background-media":"","overlay-type":"","overlay-color":"","overlay-opacity":"","overlay-gradient":""},"tablet":{"background-color":"","background-image":"","background-repeat":"repeat","background-position":"center center","background-size":"auto","background-attachment":"scroll","background-type":"","background-media":"","overlay-type":"","overlay-color":"","overlay-opacity":"","overlay-gradient":""},"mobile":{"background-color":"","background-image":"","background-repeat":"repeat","background-position":"center center","background-size":"auto","background-attachment":"scroll","background-type":"","background-media":"","overlay-type":"","overlay-color":"","overlay-opacity":"","overlay-gradient":""}},"ast-content-background-meta":{"desktop":{"background-color":"var(--ast-global-color-5)","background-image":"","background-repeat":"repeat","background-position":"center center","background-size":"auto","background-attachment":"scroll","background-type":"","background-media":"","overlay-type":"","overlay-color":"","overlay-opacity":"","overlay-gradient":""},"tablet":{"background-color":"var(--ast-global-color-5)","background-image":"","background-repeat":"repeat","background-position":"center center","background-size":"auto","background-attachment":"scroll","background-type":"","background-media":"","overlay-type":"","overlay-color":"","overlay-opacity":"","overlay-gradient":""},"mobile":{"background-color":"var(--ast-global-color-5)","background-image":"","background-repeat":"repeat","background-position":"center center","background-size":"auto","background-attachment":"scroll","background-type":"","background-media":"","overlay-type":"","overlay-color":"","overlay-opacity":"","overlay-gradient":""}}},"product_brand":[],"product_cat":[48,47,49,430,40],"product_tag":[147,513,185,512,222,909,650,438,189,215,249,964,186,184,670,456],"class_list":{"0":"post-5746","1":"product","2":"type-product","3":"status-publish","4":"has-post-thumbnail","6":"product_cat-casual","7":"product_cat-classic","8":"product_cat-loafer","9":"product_cat-men","10":"product_cat-mens-shoes","11":"product_tag-brown-loafers","12":"product_tag-business-casual-shoes","13":"product_tag-calf-leather-shoes","14":"product_tag-casual-loafers","15":"product_tag-comfortable-shoes","16":"product_tag-durable-loafers","17":"product_tag-eu-sizes","18":"product_tag-eva-sole","19":"product_tag-goat-leather-lining","20":"product_tag-leather-loafers","21":"product_tag-mens-brown-leather-loafers","22":"product_tag-mens-casual-footwear","23":"product_tag-mens-loafers","24":"product_tag-slip-on-shoes","25":"product_tag-stylish-loafers","26":"product_tag-wholesale-loafers","27":"desktop-align-center","28":"tablet-align-center","29":"mobile-align-center","31":"first","32":"instock","33":"shipping-taxable","34":"purchasable","35":"product-type-variable","36":"has-default-attributes"},"acf":[],"uagb_featured_image_src":{"full":["https:\/\/turkishtrade.co\/wp-content\/uploads\/2026\/01\/2400EJOMN00244-CAMEL-Y_125864-USD.png",453,250,false],"thumbnail":["https:\/\/turkishtrade.co\/wp-content\/uploads\/2026\/01\/2400EJOMN00244-CAMEL-Y_125864-USD-150x150.png",150,150,true],"medium":["https:\/\/turkishtrade.co\/wp-content\/uploads\/2026\/01\/2400EJOMN00244-CAMEL-Y_125864-USD-300x166.png",300,166,true],"medium_large":["https:\/\/turkishtrade.co\/wp-content\/uploads\/2026\/01\/2400EJOMN00244-CAMEL-Y_125864-USD.png",453,250,false],"large":["https:\/\/turkishtrade.co\/wp-content\/uploads\/2026\/01\/2400EJOMN00244-CAMEL-Y_125864-USD.png",453,250,false],"1536x1536":["https:\/\/turkishtrade.co\/wp-content\/uploads\/2026\/01\/2400EJOMN00244-CAMEL-Y_125864-USD.png",453,250,false],"2048x2048":["https:\/\/turkishtrade.co\/wp-content\/uploads\/2026\/01\/2400EJOMN00244-CAMEL-Y_125864-USD.png",453,250,false],"trp-custom-language-flag":["https:\/\/turkishtrade.co\/wp-content\/uploads\/2026\/01\/2400EJOMN00244-CAMEL-Y_125864-USD-18x10.png",18,10,true],"woocommerce_thumbnail":["https:\/\/turkishtrade.co\/wp-content\/uploads\/2026\/01\/2400EJOMN00244-CAMEL-Y_125864-USD-400x250.png",400,250,true],"woocommerce_single":["https:\/\/turkishtrade.co\/wp-content\/uploads\/2026\/01\/2400EJOMN00244-CAMEL-Y_125864-USD.png",453,250,false],"woocommerce_gallery_thumbnail":["https:\/\/turkishtrade.co\/wp-content\/uploads\/2026\/01\/2400EJOMN00244-CAMEL-Y_125864-USD-100x100.png",100,100,true]},"uagb_author_info":{"display_name":"yaser olabi","author_link":"https:\/\/turkishtrade.co\/fr\/author\/"},"uagb_comment_info":0,"uagb_excerpt":"Upper Material: Premium Calf Leather Inner Lining: Soft Goat Leather Sole Material: Lightweight EVA for superior comfort and durability Heel Height: Classic 1-3 cm profile Available Sizes: EU 39, 40, 41, 42, 43, 44, 45 Minimum Order: 8 Pairs for wholesale convenience Delivery: 12 Days + Shipping","_links":{"self":[{"href":"https:\/\/turkishtrade.co\/fr\/wp-json\/wp\/v2\/product\/5746","targetHints":{"allow":["GET"]}}],"collection":[{"href":"https:\/\/turkishtrade.co\/fr\/wp-json\/wp\/v2\/product"}],"about":[{"href":"https:\/\/turkishtrade.co\/fr\/wp-json\/wp\/v2\/types\/product"}],"wp:featuredmedia":[{"embeddable":true,"href":"https:\/\/turkishtrade.co\/fr\/wp-json\/wp\/v2\/media\/3852"}],"wp:attachment":[{"href":"https:\/\/turkishtrade.co\/fr\/wp-json\/wp\/v2\/media?parent=5746"}],"wp:term":[{"taxonomy":"product_brand","embeddable":true,"href":"https:\/\/turkishtrade.co\/fr\/wp-json\/wp\/v2\/product_brand?post=5746"},{"taxonomy":"product_cat","embeddable":true,"href":"https:\/\/turkishtrade.co\/fr\/wp-json\/wp\/v2\/product_cat?post=5746"},{"taxonomy":"product_tag","embeddable":true,"href":"https:\/\/turkishtrade.co\/fr\/wp-json\/wp\/v2\/product_tag?post=5746"}],"curies":[{"name":"wp","href":"https:\/\/api.w.org\/{rel}","templated":true}]}}