{"id":5744,"date":"2026-01-14T13:02:59","date_gmt":"2026-01-14T13:02:59","guid":{"rendered":"https:\/\/turkishtrade.co\/product\/men-s-calf-leather-derby-shoes-2\/"},"modified":"2026-04-09T19:25:21","modified_gmt":"2026-04-09T19:25:21","slug":"mens-calf-leather-derby-shoes-6","status":"publish","type":"product","link":"https:\/\/turkishtrade.co\/fr\/shop\/mens-calf-leather-derby-shoes-6\/","title":{"rendered":"Chaussures derby en cuir de veau de fabrication artisanale pour hommes avec semelle EVA"},"content":{"rendered":"<p><strong>Chaussures derby en cuir de veau pour hommes<\/strong><\/p>\n<p>D\u00e9couvrez un m\u00e9lange parfait d'\u00e9l\u00e9gance intemporelle et de confort moderne gr\u00e2ce \u00e0 nos magnifiques chambres d'h\u00f4tes. <strong>Chaussures derby en cuir de veau de fabrication artisanale pour hommes<\/strong>. Con\u00e7ues pour les personnes exigeantes, ces chaussures repr\u00e9sentent le summum de l'artisanat et des mat\u00e9riaux de premi\u00e8re qualit\u00e9. Chaque paire est m\u00e9ticuleusement construite pour offrir non seulement une esth\u00e9tique sophistiqu\u00e9e, mais aussi un confort et une durabilit\u00e9 in\u00e9gal\u00e9s, ce qui en fait la pierre angulaire de toute garde-robe contemporaine.<\/p>\n<h3>Qualit\u00e9 et mat\u00e9riaux in\u00e9gal\u00e9s<\/h3>\n<p>L'aspect ext\u00e9rieur de ces v\u00e9hicules d'exception <strong>Chaussures derby en cuir de veau pour hommes<\/strong> est fabriqu\u00e9 \u00e0 partir du cuir de veau le plus fin, r\u00e9put\u00e9 pour sa texture souple, sa r\u00e9sistance et sa capacit\u00e9 \u00e0 d\u00e9velopper une belle patine au fil du temps.<\/p>\n<p>Le ton riche et profond du bordeaux, associ\u00e9 \u00e0 un panneau textur\u00e9 unique sur les c\u00f4t\u00e9s, cr\u00e9e un look distinctif qui distingue ces chaussures derby. En compl\u00e9ment de l'ext\u00e9rieur en cuir de veau robuste, l'int\u00e9rieur est somptueusement doubl\u00e9 de cuir de ch\u00e8vre souple. Ce choix de mat\u00e9riau int\u00e9rieur assure la respirabilit\u00e9 et une sensation luxueuse contre le pied, \u00e9vitant tout inconfort m\u00eame apr\u00e8s un port prolong\u00e9.<\/p>\n<p>C'est cet engagement en faveur de mat\u00e9riaux de haute qualit\u00e9 qui permet \u00e0 ces produits d'\u00eatre utilis\u00e9s dans le monde entier. <strong>Chaussures derby en cuir de veau pour hommes<\/strong> une offre v\u00e9ritablement haut de gamme.<\/p>\n<h3>Con\u00e7u pour le confort et le style<\/h3>\n<p>Le confort est primordial, et ces <strong>Chaussures derby en cuir de veau pour hommes<\/strong> sont performantes sur tous les fronts. Dot\u00e9es d'une semelle en EVA l\u00e9g\u00e8re et r\u00e9sistante, elles offrent un excellent amorti et une bonne absorption des chocs, faisant de chaque pas un plaisir. La semelle offre une hauteur de talon subtile de 1 \u00e0 3 cm, ce qui constitue un \u00e9quilibre parfait entre style classique et design ergonomique.<\/p>\n<p>La semelle EVA, \u00e0 la fois robuste et flexible, garantit la long\u00e9vit\u00e9 et une adh\u00e9rence fiable, que vous naviguiez dans les rues de la ville ou que vous assistiez \u00e0 des \u00e9v\u00e9nements formels. Ces chaussures ne se contentent pas d'\u00eatre belles, elles permettent aussi de se sentir bien.<\/p>\n<h3>Une polyvalence pour toutes les occasions<\/h3>\n<p>Avec leur silhouette classique de derby \u00e0 lacets et leurs \u00e9l\u00e9ments de design contemporains, ces <strong>Chaussures derby en cuir de veau pour hommes<\/strong> sont incroyablement polyvalentes. Elles passent sans effort d'un cadre professionnel formel \u00e0 des r\u00e9unions d\u00e9contract\u00e9es, ce qui en fait un compl\u00e9ment indispensable \u00e0 votre collection de chaussures. Associez-les \u00e0 un costume cintr\u00e9 pour un look professionnel \u00e9l\u00e9gant ou \u00e0 un pantalon chino et un manteau de sport pour un ensemble raffin\u00e9 le week-end.<\/p>\n<p>Disponibles dans une large gamme de tailles allant du 39 au 45, nous garantissons un ajustement parfait pour chaque gentleman. Pour les commandes en gros, ces <strong>Chaussures derby en cuir de veau pour hommes<\/strong> sont disponibles pour un achat minimum de 8 paires, ce qui en fait un excellent choix pour les d\u00e9taillants qui cherchent \u00e0 stocker des chaussures pour hommes de haute qualit\u00e9.<\/p>\n<p>Attendez-vous \u00e0 ce que votre commande soit livr\u00e9e dans un d\u00e9lai de 12 jours plus les frais d'exp\u00e9dition, ce qui vous garantit une livraison en temps voulu pour vos besoins en stocks.<\/p>","protected":false},"excerpt":{"rendered":"<ul>\n<li>Ext\u00e9rieur en cuir de veau de premi\u00e8re qualit\u00e9 pour un style durable<\/li>\n<li>Doublure int\u00e9rieure en cuir de ch\u00e8vre luxueux pour un confort supr\u00eame<\/li>\n<li>Semelle EVA l\u00e9g\u00e8re et amortie pour un port tout au long de la journ\u00e9e<\/li>\n<li>Derby classique \u00e0 lacets avec un attrait moderne<\/li>\n<li>Disponible dans une large gamme de tailles : 39-45<\/li>\n<li>Quantit\u00e9 minimale de commande : 8 paires - Id\u00e9al pour les d\u00e9taillants !<\/li>\n<\/ul>","protected":false},"featured_media":3851,"template":"","meta":{"_acf_changed":false,"_uag_custom_page_level_css":"","site-sidebar-layout":"default","site-content-layout":"","ast-site-content-layout":"default","site-content-style":"default","site-sidebar-style":"default","ast-global-header-display":"","ast-banner-title-visibility":"","ast-main-header-display":"","ast-hfb-above-header-display":"","ast-hfb-below-header-display":"","ast-hfb-mobile-header-display":"","site-post-title":"","ast-breadcrumbs-content":"","ast-featured-img":"","footer-sml-layout":"","ast-disable-related-posts":"","theme-transparent-header-meta":"default","adv-header-id-meta":"","stick-header-meta":"","header-above-stick-meta":"","header-main-stick-meta":"","header-below-stick-meta":"","astra-migrate-meta-layouts":"set","ast-page-background-enabled":"default","ast-page-background-meta":{"desktop":{"background-color":"var(--ast-global-color-4)","background-image":"","background-repeat":"repeat","background-position":"center center","background-size":"auto","background-attachment":"scroll","background-type":"","background-media":"","overlay-type":"","overlay-color":"","overlay-opacity":"","overlay-gradient":""},"tablet":{"background-color":"","background-image":"","background-repeat":"repeat","background-position":"center center","background-size":"auto","background-attachment":"scroll","background-type":"","background-media":"","overlay-type":"","overlay-color":"","overlay-opacity":"","overlay-gradient":""},"mobile":{"background-color":"","background-image":"","background-repeat":"repeat","background-position":"center center","background-size":"auto","background-attachment":"scroll","background-type":"","background-media":"","overlay-type":"","overlay-color":"","overlay-opacity":"","overlay-gradient":""}},"ast-content-background-meta":{"desktop":{"background-color":"var(--ast-global-color-5)","background-image":"","background-repeat":"repeat","background-position":"center center","background-size":"auto","background-attachment":"scroll","background-type":"","background-media":"","overlay-type":"","overlay-color":"","overlay-opacity":"","overlay-gradient":""},"tablet":{"background-color":"var(--ast-global-color-5)","background-image":"","background-repeat":"repeat","background-position":"center center","background-size":"auto","background-attachment":"scroll","background-type":"","background-media":"","overlay-type":"","overlay-color":"","overlay-opacity":"","overlay-gradient":""},"mobile":{"background-color":"var(--ast-global-color-5)","background-image":"","background-repeat":"repeat","background-position":"center center","background-size":"auto","background-attachment":"scroll","background-type":"","background-media":"","overlay-type":"","overlay-color":"","overlay-opacity":"","overlay-gradient":""}}},"product_brand":[],"product_cat":[48,47,49,430,40],"product_tag":[970,202,212,284,438,437,450,416,198,440,362,280,281],"class_list":{"0":"post-5744","1":"product","2":"type-product","3":"status-publish","4":"has-post-thumbnail","6":"product_cat-casual","7":"product_cat-classic","8":"product_cat-loafer","9":"product_cat-men","10":"product_cat-mens-shoes","11":"product_tag-burgundy-shoes","12":"product_tag-calf-leather","13":"product_tag-derby-shoes","14":"product_tag-dress-shoes","15":"product_tag-eva-sole","16":"product_tag-goat-leather","17":"product_tag-handcrafted-shoes","18":"product_tag-luxury-shoes","19":"product_tag-mens-fashion","20":"product_tag-modern-derby","21":"product_tag-premium-footwear","22":"product_tag-smart-casual-shoes","23":"product_tag-wholesale-shoes","24":"desktop-align-center","25":"tablet-align-center","26":"mobile-align-center","28":"first","29":"instock","30":"shipping-taxable","31":"purchasable","32":"product-type-variable","33":"has-default-attributes"},"acf":[],"uagb_featured_image_src":{"full":["https:\/\/turkishtrade.co\/wp-content\/uploads\/2026\/01\/2400EJOMN00243-BURGUNDY-DKS_875-6-USD.png",453,250,false],"thumbnail":["https:\/\/turkishtrade.co\/wp-content\/uploads\/2026\/01\/2400EJOMN00243-BURGUNDY-DKS_875-6-USD-150x150.png",150,150,true],"medium":["https:\/\/turkishtrade.co\/wp-content\/uploads\/2026\/01\/2400EJOMN00243-BURGUNDY-DKS_875-6-USD-300x166.png",300,166,true],"medium_large":["https:\/\/turkishtrade.co\/wp-content\/uploads\/2026\/01\/2400EJOMN00243-BURGUNDY-DKS_875-6-USD.png",453,250,false],"large":["https:\/\/turkishtrade.co\/wp-content\/uploads\/2026\/01\/2400EJOMN00243-BURGUNDY-DKS_875-6-USD.png",453,250,false],"1536x1536":["https:\/\/turkishtrade.co\/wp-content\/uploads\/2026\/01\/2400EJOMN00243-BURGUNDY-DKS_875-6-USD.png",453,250,false],"2048x2048":["https:\/\/turkishtrade.co\/wp-content\/uploads\/2026\/01\/2400EJOMN00243-BURGUNDY-DKS_875-6-USD.png",453,250,false],"trp-custom-language-flag":["https:\/\/turkishtrade.co\/wp-content\/uploads\/2026\/01\/2400EJOMN00243-BURGUNDY-DKS_875-6-USD-18x10.png",18,10,true],"woocommerce_thumbnail":["https:\/\/turkishtrade.co\/wp-content\/uploads\/2026\/01\/2400EJOMN00243-BURGUNDY-DKS_875-6-USD-400x250.png",400,250,true],"woocommerce_single":["https:\/\/turkishtrade.co\/wp-content\/uploads\/2026\/01\/2400EJOMN00243-BURGUNDY-DKS_875-6-USD.png",453,250,false],"woocommerce_gallery_thumbnail":["https:\/\/turkishtrade.co\/wp-content\/uploads\/2026\/01\/2400EJOMN00243-BURGUNDY-DKS_875-6-USD-100x100.png",100,100,true]},"uagb_author_info":{"display_name":"yaser olabi","author_link":"https:\/\/turkishtrade.co\/fr\/author\/"},"uagb_comment_info":0,"uagb_excerpt":"Premium Calf Leather Outer for Durable Style Luxurious Goat Leather Inner Lining for Supreme Comfort Lightweight and Cushioned EVA Sole for All-Day Wear Classic Lace-Up Derby Design with Modern Appeal Available in a Wide Range of Sizes: 39-45 Minimum Order Quantity: 8 Pairs \u2013 Ideal for Retailers!","_links":{"self":[{"href":"https:\/\/turkishtrade.co\/fr\/wp-json\/wp\/v2\/product\/5744","targetHints":{"allow":["GET"]}}],"collection":[{"href":"https:\/\/turkishtrade.co\/fr\/wp-json\/wp\/v2\/product"}],"about":[{"href":"https:\/\/turkishtrade.co\/fr\/wp-json\/wp\/v2\/types\/product"}],"wp:featuredmedia":[{"embeddable":true,"href":"https:\/\/turkishtrade.co\/fr\/wp-json\/wp\/v2\/media\/3851"}],"wp:attachment":[{"href":"https:\/\/turkishtrade.co\/fr\/wp-json\/wp\/v2\/media?parent=5744"}],"wp:term":[{"taxonomy":"product_brand","embeddable":true,"href":"https:\/\/turkishtrade.co\/fr\/wp-json\/wp\/v2\/product_brand?post=5744"},{"taxonomy":"product_cat","embeddable":true,"href":"https:\/\/turkishtrade.co\/fr\/wp-json\/wp\/v2\/product_cat?post=5744"},{"taxonomy":"product_tag","embeddable":true,"href":"https:\/\/turkishtrade.co\/fr\/wp-json\/wp\/v2\/product_tag?post=5744"}],"curies":[{"name":"wp","href":"https:\/\/api.w.org\/{rel}","templated":true}]}}