{"id":5738,"date":"2026-01-14T13:02:00","date_gmt":"2026-01-14T13:02:00","guid":{"rendered":"https:\/\/turkishtrade.co\/product\/mens-leather-casual-shoes\/"},"modified":"2026-04-09T19:25:30","modified_gmt":"2026-04-09T19:25:30","slug":"mens-leather-casual-shoes","status":"publish","type":"product","link":"https:\/\/turkishtrade.co\/fr\/shop\/mens-leather-casual-shoes\/","title":{"rendered":"Chaussures derby d\u00e9contract\u00e9es en cuir de veau de premi\u00e8re qualit\u00e9 pour hommes"},"content":{"rendered":"<p><strong>Chaussures en cuir pour hommes<\/strong><\/p>\n<p>Rehaussez votre style de tous les jours avec notre collection exquise de <strong>Chaussures en cuir pour hommes<\/strong>. Con\u00e7ues pour les hommes exigeants qui appr\u00e9cient \u00e0 la fois un style impeccable et un confort in\u00e9gal\u00e9, ces chaussures derby de qualit\u00e9 sup\u00e9rieure sont un compl\u00e9ment indispensable \u00e0 toute garde-robe sophistiqu\u00e9e. Chaque paire de ces <strong>Chaussures en cuir pour hommes<\/strong> t\u00e9moigne d'un savoir-faire de qualit\u00e9 sup\u00e9rieure, alliant une esth\u00e9tique classique \u00e0 une fonctionnalit\u00e9 moderne pour cr\u00e9er des chaussures qui se d\u00e9marquent.<\/p>\n<p>D\u00e9couvrez le m\u00e9lange parfait d'\u00e9l\u00e9gance et de facilit\u00e9 avec notre derni\u00e8re offre.<\/p>\n<p><h3>Un savoir-faire in\u00e9gal\u00e9 et des mat\u00e9riaux de premi\u00e8re qualit\u00e9<\/h3>\n<\/p>\n<p>Fabriqu\u00e9es \u00e0 partir du cuir de veau le plus fin pour la surface ext\u00e9rieure, ces <strong>Chaussures en cuir pour hommes<\/strong> offrent une durabilit\u00e9 exceptionnelle et une finition raffin\u00e9e et luxueuse. La texture riche du cuir de veau est compl\u00e9t\u00e9e par le cuir de ch\u00e8vre lisse et souple qui tapisse l'int\u00e9rieur, garantissant une bonne respirabilit\u00e9 et une tenue de gant d\u00e8s la premi\u00e8re utilisation. Cette combinaison judicieuse de mat\u00e9riaux de qualit\u00e9 sup\u00e9rieure garantit non seulement la long\u00e9vit\u00e9, mais aussi une exp\u00e9rience incroyablement confortable, ce qui les rend adapt\u00e9s \u00e0 un usage prolong\u00e9 tout au long de la journ\u00e9e.<\/p>\n<p>L'attention port\u00e9e aux d\u00e9tails dans chaque couture en dit long sur la qualit\u00e9 que vous pouvez attendre de ces chaussures d\u00e9contract\u00e9es de qualit\u00e9 sup\u00e9rieure pour hommes.<\/p>\n<p><h3>Confort supr\u00eame gr\u00e2ce \u00e0 la semelle EVA<\/h3>\n<\/p>\n<p>Un v\u00e9ritable plaisir de marcher gr\u00e2ce \u00e0 la semelle EVA innovante qui caract\u00e9rise ces produits exceptionnels. <strong>Chaussures en cuir pour hommes<\/strong>. Les propri\u00e9t\u00e9s l\u00e9g\u00e8res et flexibles de l'EVA offrent un amorti et une absorption des chocs sup\u00e9rieurs, r\u00e9duisant la fatigue et vous permettant de rester confortablement sur vos pieds plus longtemps. La conception de la semelle offre une excellente adh\u00e9rence tout en conservant un profil \u00e9l\u00e9gant et moderne qui compl\u00e8te parfaitement la tige sophistiqu\u00e9e de la chaussure.<\/p>\n<p>Dites adieu aux chaussures inconfortables et profitez du confort supr\u00eame de ces chaussures bien con\u00e7ues. <strong>Chaussures en cuir pour hommes<\/strong>, La nouvelle gamme de produits est con\u00e7ue pour l'homme moderne en mouvement.<\/p>\n<p><h3>Un style polyvalent pour toutes les occasions<\/h3>\n<\/p>\n<p>Disponibles dans des teintes polyvalentes telles que le noir classique, le marron riche et le bleu \u00e9clatant, ces <strong>Chaussures en cuir pour hommes<\/strong> sont con\u00e7ues pour s'int\u00e9grer harmonieusement \u00e0 divers ensembles. Que vous vous habilliez pour une r\u00e9union d'affaires d\u00e9contract\u00e9e, une sortie d\u00e9contract\u00e9e le week-end ou une soir\u00e9e chic, leur \u00e9l\u00e9gante silhouette derby avec un d\u00e9tail subtil de bout de pied offre une polyvalence remarquable. Associez-les \u00e0 un pantalon de tailleur, \u00e0 un pantalon chino ou m\u00eame \u00e0 un jean de qualit\u00e9 sup\u00e9rieure pour un look impeccable qui refl\u00e8te votre go\u00fbt irr\u00e9prochable.<\/p>\n<p>Plus que de simples chaussures, ces chaussures sont une d\u00e9claration de style d\u00e9contract\u00e9 et sophistiqu\u00e9.<\/p>\n<p><h3>Opportunit\u00e9s de vente en gros pour les d\u00e9taillants<\/h3>\n<\/p>\n<p>Pour les d\u00e9taillants et les entreprises qui souhaitent offrir \u00e0 leurs clients ce qu'il y a de mieux en mati\u00e8re de chaussures pour hommes, nos <strong>Chaussures en cuir pour hommes<\/strong> sont disponibles pour un achat en gros avec une commande minimum de 8 paires.<\/p>\n<p>Nous sommes fiers de nos d\u00e9lais de livraison, les commandes \u00e9tant exp\u00e9di\u00e9es dans les 12 jours plus le d\u00e9lai d'exp\u00e9dition standard, ce qui garantit que votre stock est bien approvisionn\u00e9 en produits de haute qualit\u00e9 et tr\u00e8s demand\u00e9s. Rehaussez votre collection et offrez \u00e0 votre client\u00e8le le nec plus ultra en mati\u00e8re de style, de confort et de durabilit\u00e9 gr\u00e2ce \u00e0 ces produits exceptionnels. <strong>Chaussures en cuir pour hommes<\/strong>, Un investissement judicieux pour tout d\u00e9taillant avis\u00e9.<\/p>","protected":false},"excerpt":{"rendered":"<ul>\n<li>Fabriqu\u00e9 en cuir de veau de premi\u00e8re qualit\u00e9 (ext\u00e9rieur) et en cuir de ch\u00e8vre souple (int\u00e9rieur).<\/li>\n<li>Semelle EVA confortable pour une utilisation tout au long de la journ\u00e9e avec un profil d\u00e9contract\u00e9 et \u00e9lev\u00e9.<\/li>\n<li>Disponible dans une large gamme de tailles : UE 39-45<\/li>\n<li>Id\u00e9al pour les achats en gros avec une quantit\u00e9 minimale de commande de 8 paires<\/li>\n<li>Livraison rapide : 12 jours plus le d\u00e9lai d'exp\u00e9dition<\/li>\n<\/ul>","protected":false},"featured_media":3848,"template":"","meta":{"_acf_changed":false,"_uag_custom_page_level_css":"","site-sidebar-layout":"default","site-content-layout":"","ast-site-content-layout":"default","site-content-style":"default","site-sidebar-style":"default","ast-global-header-display":"","ast-banner-title-visibility":"","ast-main-header-display":"","ast-hfb-above-header-display":"","ast-hfb-below-header-display":"","ast-hfb-mobile-header-display":"","site-post-title":"","ast-breadcrumbs-content":"","ast-featured-img":"","footer-sml-layout":"","ast-disable-related-posts":"","theme-transparent-header-meta":"","adv-header-id-meta":"","stick-header-meta":"","header-above-stick-meta":"","header-main-stick-meta":"","header-below-stick-meta":"","astra-migrate-meta-layouts":"default","ast-page-background-enabled":"default","ast-page-background-meta":{"desktop":{"background-color":"var(--ast-global-color-4)","background-image":"","background-repeat":"repeat","background-position":"center center","background-size":"auto","background-attachment":"scroll","background-type":"","background-media":"","overlay-type":"","overlay-color":"","overlay-opacity":"","overlay-gradient":""},"tablet":{"background-color":"","background-image":"","background-repeat":"repeat","background-position":"center center","background-size":"auto","background-attachment":"scroll","background-type":"","background-media":"","overlay-type":"","overlay-color":"","overlay-opacity":"","overlay-gradient":""},"mobile":{"background-color":"","background-image":"","background-repeat":"repeat","background-position":"center center","background-size":"auto","background-attachment":"scroll","background-type":"","background-media":"","overlay-type":"","overlay-color":"","overlay-opacity":"","overlay-gradient":""}},"ast-content-background-meta":{"desktop":{"background-color":"var(--ast-global-color-5)","background-image":"","background-repeat":"repeat","background-position":"center center","background-size":"auto","background-attachment":"scroll","background-type":"","background-media":"","overlay-type":"","overlay-color":"","overlay-opacity":"","overlay-gradient":""},"tablet":{"background-color":"var(--ast-global-color-5)","background-image":"","background-repeat":"repeat","background-position":"center center","background-size":"auto","background-attachment":"scroll","background-type":"","background-media":"","overlay-type":"","overlay-color":"","overlay-opacity":"","overlay-gradient":""},"mobile":{"background-color":"var(--ast-global-color-5)","background-image":"","background-repeat":"repeat","background-position":"center center","background-size":"auto","background-attachment":"scroll","background-type":"","background-media":"","overlay-type":"","overlay-color":"","overlay-opacity":"","overlay-gradient":""}}},"product_brand":[],"product_cat":[48,47,49,430,40],"product_tag":[196,322,292,566,449,212,944,438,437,227,416,210,281],"class_list":{"0":"post-5738","1":"product","2":"type-product","3":"status-publish","4":"has-post-thumbnail","6":"product_cat-casual","7":"product_cat-classic","8":"product_cat-loafer","9":"product_cat-men","10":"product_cat-mens-shoes","11":"product_tag-black-leather-shoes","12":"product_tag-blue-leather-shoes","13":"product_tag-brown-leather-shoes","14":"product_tag-calfskin-shoes","15":"product_tag-casual-shoes","16":"product_tag-derby-shoes","17":"product_tag-dress-casual","18":"product_tag-eva-sole","19":"product_tag-goat-leather","20":"product_tag-leather-shoes","21":"product_tag-luxury-shoes","22":"product_tag-smart-casual","23":"product_tag-wholesale-shoes","24":"desktop-align-center","25":"tablet-align-center","26":"mobile-align-center","28":"first","29":"instock","30":"shipping-taxable","31":"purchasable","32":"product-type-variable","33":"has-default-attributes"},"acf":[],"uagb_featured_image_src":{"full":["https:\/\/turkishtrade.co\/wp-content\/uploads\/2026\/01\/2400EJOMN00241-DARK-BLUE-X_12586-5-USD.png",453,250,false],"thumbnail":["https:\/\/turkishtrade.co\/wp-content\/uploads\/2026\/01\/2400EJOMN00241-DARK-BLUE-X_12586-5-USD-150x150.png",150,150,true],"medium":["https:\/\/turkishtrade.co\/wp-content\/uploads\/2026\/01\/2400EJOMN00241-DARK-BLUE-X_12586-5-USD-300x166.png",300,166,true],"medium_large":["https:\/\/turkishtrade.co\/wp-content\/uploads\/2026\/01\/2400EJOMN00241-DARK-BLUE-X_12586-5-USD.png",453,250,false],"large":["https:\/\/turkishtrade.co\/wp-content\/uploads\/2026\/01\/2400EJOMN00241-DARK-BLUE-X_12586-5-USD.png",453,250,false],"1536x1536":["https:\/\/turkishtrade.co\/wp-content\/uploads\/2026\/01\/2400EJOMN00241-DARK-BLUE-X_12586-5-USD.png",453,250,false],"2048x2048":["https:\/\/turkishtrade.co\/wp-content\/uploads\/2026\/01\/2400EJOMN00241-DARK-BLUE-X_12586-5-USD.png",453,250,false],"trp-custom-language-flag":["https:\/\/turkishtrade.co\/wp-content\/uploads\/2026\/01\/2400EJOMN00241-DARK-BLUE-X_12586-5-USD-18x10.png",18,10,true],"woocommerce_thumbnail":["https:\/\/turkishtrade.co\/wp-content\/uploads\/2026\/01\/2400EJOMN00241-DARK-BLUE-X_12586-5-USD-400x250.png",400,250,true],"woocommerce_single":["https:\/\/turkishtrade.co\/wp-content\/uploads\/2026\/01\/2400EJOMN00241-DARK-BLUE-X_12586-5-USD.png",453,250,false],"woocommerce_gallery_thumbnail":["https:\/\/turkishtrade.co\/wp-content\/uploads\/2026\/01\/2400EJOMN00241-DARK-BLUE-X_12586-5-USD-100x100.png",100,100,true]},"uagb_author_info":{"display_name":"yaser olabi","author_link":"https:\/\/turkishtrade.co\/fr\/author\/"},"uagb_comment_info":0,"uagb_excerpt":"Crafted from premium Calfskin (Outer) and soft Goat Leather (Inner) Comfort-enhancing EVA sole for all-day wear with a casual elevated profile Available in a comprehensive size range: EU 39-45 Ideal for bulk purchases with a minimum order quantity of 8 pairs Fast delivery: 12 days plus shipping time","_links":{"self":[{"href":"https:\/\/turkishtrade.co\/fr\/wp-json\/wp\/v2\/product\/5738","targetHints":{"allow":["GET"]}}],"collection":[{"href":"https:\/\/turkishtrade.co\/fr\/wp-json\/wp\/v2\/product"}],"about":[{"href":"https:\/\/turkishtrade.co\/fr\/wp-json\/wp\/v2\/types\/product"}],"wp:featuredmedia":[{"embeddable":true,"href":"https:\/\/turkishtrade.co\/fr\/wp-json\/wp\/v2\/media\/3848"}],"wp:attachment":[{"href":"https:\/\/turkishtrade.co\/fr\/wp-json\/wp\/v2\/media?parent=5738"}],"wp:term":[{"taxonomy":"product_brand","embeddable":true,"href":"https:\/\/turkishtrade.co\/fr\/wp-json\/wp\/v2\/product_brand?post=5738"},{"taxonomy":"product_cat","embeddable":true,"href":"https:\/\/turkishtrade.co\/fr\/wp-json\/wp\/v2\/product_cat?post=5738"},{"taxonomy":"product_tag","embeddable":true,"href":"https:\/\/turkishtrade.co\/fr\/wp-json\/wp\/v2\/product_tag?post=5738"}],"curies":[{"name":"wp","href":"https:\/\/api.w.org\/{rel}","templated":true}]}}