{"id":5734,"date":"2026-01-14T13:01:31","date_gmt":"2026-01-14T13:01:31","guid":{"rendered":"https:\/\/turkishtrade.co\/product\/premium-calf-leather-derbies\/"},"modified":"2026-04-09T19:25:39","modified_gmt":"2026-04-09T19:25:39","slug":"premium-calf-leather-derbies","status":"publish","type":"product","link":"https:\/\/turkishtrade.co\/fr\/shop\/premium-calf-leather-derbies\/","title":{"rendered":"Chaussures derby en cuir de veau de premi\u00e8re qualit\u00e9 avec semelle EVA sur\u00e9lev\u00e9e"},"content":{"rendered":"<p><strong>Derbies en cuir de veau de premi\u00e8re qualit\u00e9<\/strong><\/p>\n<p>D\u00e9couvrez le m\u00e9lange parfait d'\u00e9l\u00e9gance et de confort avec notre collection de <strong>Derbies en cuir de veau de premi\u00e8re qualit\u00e9<\/strong>. Ces chaussures m\u00e9ticuleusement fabriqu\u00e9es sont con\u00e7ues pour les hommes exigeants qui appr\u00e9cient \u00e0 la fois un style sophistiqu\u00e9 et une facilit\u00e9 d'utilisation exceptionnelle. Nos derbys sont plus que de simples chaussures ; ils sont un gage de qualit\u00e9 et de design intemporel. Ils conviennent \u00e0 de nombreuses occasions, des r\u00e9unions d'affaires aux \u00e9v\u00e9nements d\u00e9contract\u00e9s.<\/p>\n<p><h3>Un savoir-faire in\u00e9gal\u00e9 et des mat\u00e9riaux de premi\u00e8re qualit\u00e9<\/h3>\n<\/p>\n<p>Chaque paire de ces exquises <strong>Derbies en cuir de veau de premi\u00e8re qualit\u00e9<\/strong> se caract\u00e9rise par une surface ext\u00e9rieure fabriqu\u00e9e \u00e0 partir du cuir de veau v\u00e9ritable le plus fin. Ce choix de mat\u00e9riau conf\u00e8re non seulement une apparence \u00e9l\u00e9gante et soign\u00e9e, mais garantit \u00e9galement une durabilit\u00e9 impressionnante et un toucher luxueux qui s'am\u00e9liore avec le temps. Les textures riches et les couleurs polyvalentes - dont le noir classique, le bordeaux profond et le bleu marine sophistiqu\u00e9 - offrent des possibilit\u00e9s infinies pour compl\u00e9ter n'importe quelle garde-robe.<\/p>\n<p>En compl\u00e9ment de l'ext\u00e9rieur robuste, l'int\u00e9rieur est doubl\u00e9 de cuir de ch\u00e8vre souple, offrant un environnement incroyablement doux et respirant pour vos pieds. Cette combinaison judicieuse de mat\u00e9riaux de qualit\u00e9 sup\u00e9rieure garantit une exp\u00e9rience confortable, m\u00eame en cas de port prolong\u00e9.<\/p>\n<p><h3>Confort avanc\u00e9 gr\u00e2ce \u00e0 la technologie de semelle EVA sur\u00e9lev\u00e9e<\/h3>\n<\/p>\n<p>Contrairement aux chaussures de ville traditionnelles, nos <strong>Derbies en cuir de veau de premi\u00e8re qualit\u00e9<\/strong> sont con\u00e7ues pour un confort moderne. Elles sont dot\u00e9es d'une semelle EVA \u00e0 la fois l\u00e9g\u00e8re et incroyablement durable. Cette technologie de pointe offre un amorti sup\u00e9rieur, absorbant l'impact \u00e0 chaque pas et r\u00e9duisant consid\u00e9rablement la fatigue du pied.<\/p>\n<p>La semelle sur\u00e9lev\u00e9e ajoute non seulement une touche contemporaine \u00e0 la silhouette derby classique, mais elle offre \u00e9galement une stabilit\u00e9 accrue et une adh\u00e9rence fiable, ce qui fait de ces chaussures un choix id\u00e9al pour une utilisation tout au long de la journ\u00e9e.<\/p>\n<p>Que vous naviguiez dans les rues anim\u00e9es de la ville ou que vous soyez debout lors de longues pr\u00e9sentations, la semelle EVA innovante garantit que votre confort reste primordial.<\/p>\n<p><h3>Polyvalence et possibilit\u00e9s de vente en gros pour votre entreprise<\/h3>\n<\/p>\n<p>Disponibles dans une large gamme de tailles allant de l'UE 39 \u00e0 l'UE 45, ces <strong>Derbies en cuir de veau de premi\u00e8re qualit\u00e9<\/strong> s'adressent \u00e0 une large client\u00e8le. Leur design intemporel les rend incroyablement polyvalents et leur permet de passer sans effort d'un pantalon formel \u00e0 un pantalon chino ou m\u00eame \u00e0 un jean sur mesure, rehaussant ainsi n'importe quelle tenue. Pour les entreprises qui souhaitent proposer des chaussures de haute qualit\u00e9, ces Derbies en cuir de veau de premi\u00e8re qualit\u00e9 sont disponibles \u00e0 l'achat en gros avec une quantit\u00e9 minimale de commande de seulement 8 paires.<\/p>\n<p>Nous sommes fiers de notre service efficace, avec un d\u00e9lai de livraison estim\u00e9 \u00e0 12 jours plus les frais d'exp\u00e9dition, ce qui garantit que votre commande arrive rapidement. Am\u00e9liorez votre inventaire et offrez \u00e0 vos clients des chaussures qui allient luxe, confort in\u00e9gal\u00e9 et style durable.<\/p>","protected":false},"excerpt":{"rendered":"<ul>\n<li>Ext\u00e9rieur en cuir de veau de premi\u00e8re qualit\u00e9 pour un style sophistiqu\u00e9 et une grande durabilit\u00e9.<\/li>\n<li>La doublure int\u00e9rieure en cuir de ch\u00e8vre luxueux assure un confort et une respirabilit\u00e9 exceptionnels.<\/li>\n<li>Semelle EVA l\u00e9g\u00e8re et durable offrant un amorti sup\u00e9rieur, une bonne adh\u00e9rence et un profil sur\u00e9lev\u00e9.<\/li>\n<li>Disponible dans une large gamme de tailles europ\u00e9ennes : 39-45<\/li>\n<li>Quantit\u00e9 minimale de commande de 8 paires pour les achats en gros<\/li>\n<li>D\u00e9lai de livraison estim\u00e9 : 12 jours plus les frais de port<\/li>\n<\/ul>","protected":false},"featured_media":3845,"template":"","meta":{"_acf_changed":false,"_uag_custom_page_level_css":"","site-sidebar-layout":"default","site-content-layout":"","ast-site-content-layout":"default","site-content-style":"default","site-sidebar-style":"default","ast-global-header-display":"","ast-banner-title-visibility":"","ast-main-header-display":"","ast-hfb-above-header-display":"","ast-hfb-below-header-display":"","ast-hfb-mobile-header-display":"","site-post-title":"","ast-breadcrumbs-content":"","ast-featured-img":"","footer-sml-layout":"","ast-disable-related-posts":"","theme-transparent-header-meta":"","adv-header-id-meta":"","stick-header-meta":"","header-above-stick-meta":"","header-main-stick-meta":"","header-below-stick-meta":"","astra-migrate-meta-layouts":"default","ast-page-background-enabled":"default","ast-page-background-meta":{"desktop":{"background-color":"var(--ast-global-color-4)","background-image":"","background-repeat":"repeat","background-position":"center center","background-size":"auto","background-attachment":"scroll","background-type":"","background-media":"","overlay-type":"","overlay-color":"","overlay-opacity":"","overlay-gradient":""},"tablet":{"background-color":"","background-image":"","background-repeat":"repeat","background-position":"center center","background-size":"auto","background-attachment":"scroll","background-type":"","background-media":"","overlay-type":"","overlay-color":"","overlay-opacity":"","overlay-gradient":""},"mobile":{"background-color":"","background-image":"","background-repeat":"repeat","background-position":"center center","background-size":"auto","background-attachment":"scroll","background-type":"","background-media":"","overlay-type":"","overlay-color":"","overlay-opacity":"","overlay-gradient":""}},"ast-content-background-meta":{"desktop":{"background-color":"var(--ast-global-color-5)","background-image":"","background-repeat":"repeat","background-position":"center center","background-size":"auto","background-attachment":"scroll","background-type":"","background-media":"","overlay-type":"","overlay-color":"","overlay-opacity":"","overlay-gradient":""},"tablet":{"background-color":"var(--ast-global-color-5)","background-image":"","background-repeat":"repeat","background-position":"center center","background-size":"auto","background-attachment":"scroll","background-type":"","background-media":"","overlay-type":"","overlay-color":"","overlay-opacity":"","overlay-gradient":""},"mobile":{"background-color":"var(--ast-global-color-5)","background-image":"","background-repeat":"repeat","background-position":"center center","background-size":"auto","background-attachment":"scroll","background-type":"","background-media":"","overlay-type":"","overlay-color":"","overlay-opacity":"","overlay-gradient":""}}},"product_brand":[],"product_cat":[48,47,49,430,40],"product_tag":[435,1035,513,185,181,1037,303,314,189,378,310,969,1036,632,289],"class_list":{"0":"post-5734","1":"product","2":"type-product","3":"status-publish","4":"has-post-thumbnail","6":"product_cat-casual","7":"product_cat-classic","8":"product_cat-loafer","9":"product_cat-men","10":"product_cat-mens-shoes","11":"product_tag-black-derby","12":"product_tag-burgundy-derby","13":"product_tag-business-casual-shoes","14":"product_tag-calf-leather-shoes","15":"product_tag-comfortable-dress-shoes","16":"product_tag-elevated-sole","17":"product_tag-eva-sole-footwear","18":"product_tag-formal-mens-shoes","19":"product_tag-goat-leather-lining","20":"product_tag-luxury-mens-footwear","21":"product_tag-mens-derby-shoes","22":"product_tag-mens-fashion-shoes","23":"product_tag-navy-blue-derby","24":"product_tag-premium-leather-shoes","25":"product_tag-wholesale-leather-shoes","26":"desktop-align-center","27":"tablet-align-center","28":"mobile-align-center","30":"first","31":"instock","32":"shipping-taxable","33":"purchasable","34":"product-type-variable","35":"has-default-attributes"},"acf":[],"uagb_featured_image_src":{"full":["https:\/\/turkishtrade.co\/wp-content\/uploads\/2026\/01\/2400EJOMN00240-DARK-BROWN-X_436-4-USD.png",453,250,false],"thumbnail":["https:\/\/turkishtrade.co\/wp-content\/uploads\/2026\/01\/2400EJOMN00240-DARK-BROWN-X_436-4-USD-150x150.png",150,150,true],"medium":["https:\/\/turkishtrade.co\/wp-content\/uploads\/2026\/01\/2400EJOMN00240-DARK-BROWN-X_436-4-USD-300x166.png",300,166,true],"medium_large":["https:\/\/turkishtrade.co\/wp-content\/uploads\/2026\/01\/2400EJOMN00240-DARK-BROWN-X_436-4-USD.png",453,250,false],"large":["https:\/\/turkishtrade.co\/wp-content\/uploads\/2026\/01\/2400EJOMN00240-DARK-BROWN-X_436-4-USD.png",453,250,false],"1536x1536":["https:\/\/turkishtrade.co\/wp-content\/uploads\/2026\/01\/2400EJOMN00240-DARK-BROWN-X_436-4-USD.png",453,250,false],"2048x2048":["https:\/\/turkishtrade.co\/wp-content\/uploads\/2026\/01\/2400EJOMN00240-DARK-BROWN-X_436-4-USD.png",453,250,false],"trp-custom-language-flag":["https:\/\/turkishtrade.co\/wp-content\/uploads\/2026\/01\/2400EJOMN00240-DARK-BROWN-X_436-4-USD-18x10.png",18,10,true],"woocommerce_thumbnail":["https:\/\/turkishtrade.co\/wp-content\/uploads\/2026\/01\/2400EJOMN00240-DARK-BROWN-X_436-4-USD-400x250.png",400,250,true],"woocommerce_single":["https:\/\/turkishtrade.co\/wp-content\/uploads\/2026\/01\/2400EJOMN00240-DARK-BROWN-X_436-4-USD.png",453,250,false],"woocommerce_gallery_thumbnail":["https:\/\/turkishtrade.co\/wp-content\/uploads\/2026\/01\/2400EJOMN00240-DARK-BROWN-X_436-4-USD-100x100.png",100,100,true]},"uagb_author_info":{"display_name":"yaser olabi","author_link":"https:\/\/turkishtrade.co\/fr\/author\/"},"uagb_comment_info":0,"uagb_excerpt":"Crafted from premium calf leather exterior for sophisticated style and durability Luxurious goat leather interior lining ensures exceptional comfort and breathability Lightweight and durable EVA sole provides superior cushioning, grip, and an elevated profile Available in a comprehensive range of European sizes: 39-45 Minimum order quantity of 8 pairs for wholesale purchases Estimated delivery time:\u2026","_links":{"self":[{"href":"https:\/\/turkishtrade.co\/fr\/wp-json\/wp\/v2\/product\/5734","targetHints":{"allow":["GET"]}}],"collection":[{"href":"https:\/\/turkishtrade.co\/fr\/wp-json\/wp\/v2\/product"}],"about":[{"href":"https:\/\/turkishtrade.co\/fr\/wp-json\/wp\/v2\/types\/product"}],"wp:featuredmedia":[{"embeddable":true,"href":"https:\/\/turkishtrade.co\/fr\/wp-json\/wp\/v2\/media\/3845"}],"wp:attachment":[{"href":"https:\/\/turkishtrade.co\/fr\/wp-json\/wp\/v2\/media?parent=5734"}],"wp:term":[{"taxonomy":"product_brand","embeddable":true,"href":"https:\/\/turkishtrade.co\/fr\/wp-json\/wp\/v2\/product_brand?post=5734"},{"taxonomy":"product_cat","embeddable":true,"href":"https:\/\/turkishtrade.co\/fr\/wp-json\/wp\/v2\/product_cat?post=5734"},{"taxonomy":"product_tag","embeddable":true,"href":"https:\/\/turkishtrade.co\/fr\/wp-json\/wp\/v2\/product_tag?post=5734"}],"curies":[{"name":"wp","href":"https:\/\/api.w.org\/{rel}","templated":true}]}}