{"id":5730,"date":"2026-01-14T13:01:07","date_gmt":"2026-01-14T13:01:07","guid":{"rendered":"https:\/\/turkishtrade.co\/product\/men-chunky-sole-leather-derby\/"},"modified":"2026-04-09T19:25:47","modified_gmt":"2026-04-09T19:25:47","slug":"mens-chunky-sole-leather-derby-4","status":"publish","type":"product","link":"https:\/\/turkishtrade.co\/fr\/shop\/mens-chunky-sole-leather-derby-4\/","title":{"rendered":"Chaussures de derby en cuir \u00e0 semelle \u00e9paisse pour hommes Premium"},"content":{"rendered":"<p><strong>Derby en cuir \u00e0 semelle \u00e9paisse pour hommes<\/strong><\/p>\n<p>D\u00e9couvrez un style sophistiqu\u00e9 et un confort in\u00e9gal\u00e9 avec nos chaussures derby en cuir \u00e0 semelle \u00e9paisse pour hommes. Con\u00e7ues pour les personnes exigeantes qui appr\u00e9cient \u00e0 la fois l'esth\u00e9tique classique et l'attrait moderne, ces chaussures sont un m\u00e9lange parfait de tradition et de tendance. Chaque paire de ces chaussures exceptionnelles <b>derby en cuir \u00e0 semelle \u00e9paisse pour hommes<\/b> est m\u00e9ticuleusement fabriqu\u00e9e pour garantir une exp\u00e9rience de la chaussure de qualit\u00e9 sup\u00e9rieure, ce qui en fait un compl\u00e9ment essentiel \u00e0 toute collection soign\u00e9e.<\/p>\n<p><h3>Un savoir-faire in\u00e9gal\u00e9 et des mat\u00e9riaux de premi\u00e8re qualit\u00e9<\/h3>\n<\/p>\n<p>Notre <b>derby en cuir \u00e0 semelle \u00e9paisse pour hommes<\/b> sont fabriqu\u00e9es \u00e0 partir des mat\u00e9riaux les plus nobles. L'ext\u00e9rieur est en cuir de veau de qualit\u00e9 sup\u00e9rieure, r\u00e9put\u00e9 pour sa texture souple, sa durabilit\u00e9 et sa finition \u00e9l\u00e9gante, ce qui lui conf\u00e8re une allure distingu\u00e9e qui vieillit en beaut\u00e9. \u00c0 l'int\u00e9rieur, vos pieds seront berc\u00e9s par la douceur luxueuse d'une doublure en cuir de ch\u00e8vre v\u00e9ritable, garantissant une bonne respirabilit\u00e9 et un confort tout au long de la journ\u00e9e.<\/p>\n<p>Cette combinaison de cuirs de qualit\u00e9 sup\u00e9rieure en dit long sur la qualit\u00e9 et l'attention port\u00e9e aux d\u00e9tails dans chaque paire de ces chaussures. <b>derby en cuir \u00e0 semelle \u00e9paisse pour hommes<\/b> chaussures.<\/p>\n<p><h3>Le confort moderne rencontre le style classique<\/h3>\n<\/p>\n<p>Au-del\u00e0 de leur apparence \u00e9tonnante, ces <b>derby en cuir \u00e0 semelle \u00e9paisse pour hommes<\/b> sont con\u00e7ues pour le confort. La caract\u00e9ristique principale est la semelle EVA robuste mais incroyablement l\u00e9g\u00e8re. Ce mat\u00e9riau innovant offre un amorti et un soutien excellents, ce qui rend ces chaussures id\u00e9ales pour une utilisation prolong\u00e9e sans sacrifier le style.<\/p>\n<p>Les d\u00e9tails classiques de la tige rendent hommage \u00e0 un design intemporel, tandis que la semelle \u00e9paisse contemporaine ajoute une touche distinctive et \u00e0 la mode, garantissant ainsi que ces chaussures seront toujours \u00e0 la mode. <b>derby en cuir \u00e0 semelle \u00e9paisse pour hommes<\/b> se distinguent dans n'importe quelle foule.<\/p>\n<p>Disponibles dans des teintes polyvalentes telles que le noir \u00e9l\u00e9gant, le marron riche et le bleu sophistiqu\u00e9, il y a une paire pour compl\u00e9ter chaque garde-robe.<\/p>\n<p><h3>Id\u00e9al pour les partenaires du commerce de gros et de d\u00e9tail<\/h3>\n<\/p>\n<p>Pour les d\u00e9taillants et les entreprises qui souhaitent proposer des chaussures \u00e9l\u00e9gantes et de haute qualit\u00e9, nos <b>derby en cuir \u00e0 semelle \u00e9paisse pour hommes<\/b> repr\u00e9sente une opportunit\u00e9 exceptionnelle. Avec une quantit\u00e9 minimale de commande de seulement 8 paires, ces chaussures de qualit\u00e9 sup\u00e9rieure sont accessibles aux entreprises de toutes tailles. Nous sommes fiers de l'efficacit\u00e9 de la production et de la livraison, et nous nous assurons que votre commande arrive dans les 12 jours, plus les frais d'exp\u00e9dition.<\/p>\n<p>Offrez \u00e0 vos clients un m\u00e9lange parfait d'\u00e9l\u00e9gance classique, de confort moderne et de savoir-faire durable que l'on retrouve dans chaque paire de ces fantastiques chaussures. <b>derby en cuir \u00e0 semelle \u00e9paisse pour hommes<\/b> chaussures. Am\u00e9liorez votre inventaire et r\u00e9pondez \u00e0 la demande de chaussures de luxe pour hommes qui font vraiment la diff\u00e9rence.<\/p>","protected":false},"excerpt":{"rendered":"<ul>\n<li>Fabriqu\u00e9 avec un luxueux ext\u00e9rieur en cuir de veau et un int\u00e9rieur en cuir de ch\u00e8vre souple pour un confort ultime.<\/li>\n<li>Dot\u00e9e d'une semelle EVA moderne, durable et l\u00e9g\u00e8re pour un soutien sup\u00e9rieur.<\/li>\n<li>Un style derby brogue classique associ\u00e9 \u00e0 une semelle \u00e9paisse contemporaine pour une utilisation polyvalente.<\/li>\n<li>Disponible dans une large gamme de tailles allant de 39 \u00e0 45.<\/li>\n<li>Quantit\u00e9 minimale de commande : 8 paires, id\u00e9al pour les grossistes et les d\u00e9taillants.<\/li>\n<li>D\u00e9lai de livraison efficace : 12 jours plus les frais d'exp\u00e9dition.<\/li>\n<\/ul>","protected":false},"featured_media":3841,"template":"","meta":{"_acf_changed":false,"_uag_custom_page_level_css":"","site-sidebar-layout":"default","site-content-layout":"","ast-site-content-layout":"default","site-content-style":"default","site-sidebar-style":"default","ast-global-header-display":"","ast-banner-title-visibility":"","ast-main-header-display":"","ast-hfb-above-header-display":"","ast-hfb-below-header-display":"","ast-hfb-mobile-header-display":"","site-post-title":"","ast-breadcrumbs-content":"","ast-featured-img":"","footer-sml-layout":"","ast-disable-related-posts":"","theme-transparent-header-meta":"","adv-header-id-meta":"","stick-header-meta":"","header-above-stick-meta":"","header-main-stick-meta":"","header-below-stick-meta":"","astra-migrate-meta-layouts":"default","ast-page-background-enabled":"default","ast-page-background-meta":{"desktop":{"background-color":"var(--ast-global-color-4)","background-image":"","background-repeat":"repeat","background-position":"center center","background-size":"auto","background-attachment":"scroll","background-type":"","background-media":"","overlay-type":"","overlay-color":"","overlay-opacity":"","overlay-gradient":""},"tablet":{"background-color":"","background-image":"","background-repeat":"repeat","background-position":"center center","background-size":"auto","background-attachment":"scroll","background-type":"","background-media":"","overlay-type":"","overlay-color":"","overlay-opacity":"","overlay-gradient":""},"mobile":{"background-color":"","background-image":"","background-repeat":"repeat","background-position":"center center","background-size":"auto","background-attachment":"scroll","background-type":"","background-media":"","overlay-type":"","overlay-color":"","overlay-opacity":"","overlay-gradient":""}},"ast-content-background-meta":{"desktop":{"background-color":"var(--ast-global-color-5)","background-image":"","background-repeat":"repeat","background-position":"center center","background-size":"auto","background-attachment":"scroll","background-type":"","background-media":"","overlay-type":"","overlay-color":"","overlay-opacity":"","overlay-gradient":""},"tablet":{"background-color":"var(--ast-global-color-5)","background-image":"","background-repeat":"repeat","background-position":"center center","background-size":"auto","background-attachment":"scroll","background-type":"","background-media":"","overlay-type":"","overlay-color":"","overlay-opacity":"","overlay-gradient":""},"mobile":{"background-color":"var(--ast-global-color-5)","background-image":"","background-repeat":"repeat","background-position":"center center","background-size":"auto","background-attachment":"scroll","background-type":"","background-media":"","overlay-type":"","overlay-color":"","overlay-opacity":"","overlay-gradient":""}}},"product_brand":[],"product_cat":[48,47,49,430,40],"product_tag":[654,202,449,436,145,272,212,438,251,437,227,681,254],"class_list":{"0":"post-5730","1":"product","2":"type-product","3":"status-publish","4":"has-post-thumbnail","6":"product_cat-casual","7":"product_cat-classic","8":"product_cat-loafer","9":"product_cat-men","10":"product_cat-mens-shoes","11":"product_tag-brogue-shoes","12":"product_tag-calf-leather","13":"product_tag-casual-shoes","14":"product_tag-chunky-sole","15":"product_tag-classic-shoes","16":"product_tag-comfort-shoes","17":"product_tag-derby-shoes","18":"product_tag-eva-sole","19":"product_tag-formal-shoes","20":"product_tag-goat-leather","21":"product_tag-leather-shoes","22":"product_tag-mens-derby","23":"product_tag-wholesale-footwear","24":"desktop-align-center","25":"tablet-align-center","26":"mobile-align-center","28":"first","29":"instock","30":"shipping-taxable","31":"purchasable","32":"product-type-variable","33":"has-default-attributes"},"acf":[],"uagb_featured_image_src":{"full":["https:\/\/turkishtrade.co\/wp-content\/uploads\/2026\/01\/2400EJOMN00238-DARK-BLUE-DKS_435-150-USD-4-USD.png",453,250,false],"thumbnail":["https:\/\/turkishtrade.co\/wp-content\/uploads\/2026\/01\/2400EJOMN00238-DARK-BLUE-DKS_435-150-USD-4-USD-150x150.png",150,150,true],"medium":["https:\/\/turkishtrade.co\/wp-content\/uploads\/2026\/01\/2400EJOMN00238-DARK-BLUE-DKS_435-150-USD-4-USD-300x166.png",300,166,true],"medium_large":["https:\/\/turkishtrade.co\/wp-content\/uploads\/2026\/01\/2400EJOMN00238-DARK-BLUE-DKS_435-150-USD-4-USD.png",453,250,false],"large":["https:\/\/turkishtrade.co\/wp-content\/uploads\/2026\/01\/2400EJOMN00238-DARK-BLUE-DKS_435-150-USD-4-USD.png",453,250,false],"1536x1536":["https:\/\/turkishtrade.co\/wp-content\/uploads\/2026\/01\/2400EJOMN00238-DARK-BLUE-DKS_435-150-USD-4-USD.png",453,250,false],"2048x2048":["https:\/\/turkishtrade.co\/wp-content\/uploads\/2026\/01\/2400EJOMN00238-DARK-BLUE-DKS_435-150-USD-4-USD.png",453,250,false],"trp-custom-language-flag":["https:\/\/turkishtrade.co\/wp-content\/uploads\/2026\/01\/2400EJOMN00238-DARK-BLUE-DKS_435-150-USD-4-USD-18x10.png",18,10,true],"woocommerce_thumbnail":["https:\/\/turkishtrade.co\/wp-content\/uploads\/2026\/01\/2400EJOMN00238-DARK-BLUE-DKS_435-150-USD-4-USD-400x250.png",400,250,true],"woocommerce_single":["https:\/\/turkishtrade.co\/wp-content\/uploads\/2026\/01\/2400EJOMN00238-DARK-BLUE-DKS_435-150-USD-4-USD.png",453,250,false],"woocommerce_gallery_thumbnail":["https:\/\/turkishtrade.co\/wp-content\/uploads\/2026\/01\/2400EJOMN00238-DARK-BLUE-DKS_435-150-USD-4-USD-100x100.png",100,100,true]},"uagb_author_info":{"display_name":"yaser olabi","author_link":"https:\/\/turkishtrade.co\/fr\/author\/"},"uagb_comment_info":0,"uagb_excerpt":"Crafted with a luxurious calf leather exterior and soft goat leather interior for ultimate comfort. Features a modern, durable, and lightweight EVA sole for superior support. Classic derby brogue styling combined with a contemporary chunky sole for versatile wear. Available in a comprehensive size range from 39 to 45. Minimum order quantity: 8 pairs, ideal\u2026","_links":{"self":[{"href":"https:\/\/turkishtrade.co\/fr\/wp-json\/wp\/v2\/product\/5730","targetHints":{"allow":["GET"]}}],"collection":[{"href":"https:\/\/turkishtrade.co\/fr\/wp-json\/wp\/v2\/product"}],"about":[{"href":"https:\/\/turkishtrade.co\/fr\/wp-json\/wp\/v2\/types\/product"}],"wp:featuredmedia":[{"embeddable":true,"href":"https:\/\/turkishtrade.co\/fr\/wp-json\/wp\/v2\/media\/3841"}],"wp:attachment":[{"href":"https:\/\/turkishtrade.co\/fr\/wp-json\/wp\/v2\/media?parent=5730"}],"wp:term":[{"taxonomy":"product_brand","embeddable":true,"href":"https:\/\/turkishtrade.co\/fr\/wp-json\/wp\/v2\/product_brand?post=5730"},{"taxonomy":"product_cat","embeddable":true,"href":"https:\/\/turkishtrade.co\/fr\/wp-json\/wp\/v2\/product_cat?post=5730"},{"taxonomy":"product_tag","embeddable":true,"href":"https:\/\/turkishtrade.co\/fr\/wp-json\/wp\/v2\/product_tag?post=5730"}],"curies":[{"name":"wp","href":"https:\/\/api.w.org\/{rel}","templated":true}]}}