{"id":5726,"date":"2026-01-14T13:00:39","date_gmt":"2026-01-14T13:00:39","guid":{"rendered":"https:\/\/turkishtrade.co\/product\/men-s-leather-casual-shoes\/"},"modified":"2026-04-09T19:25:56","modified_gmt":"2026-04-09T19:25:56","slug":"mens-leather-casual-shoes-4","status":"publish","type":"product","link":"https:\/\/turkishtrade.co\/fr\/shop\/mens-leather-casual-shoes-4\/","title":{"rendered":"Chaussures casual en cuir de premi\u00e8re qualit\u00e9 pour hommes avec semelle EVA"},"content":{"rendered":"<p><strong>chaussures d\u00e9contract\u00e9es en cuir pour hommes<\/strong><\/p>\n<p>D\u00e9couvrez l'alliance parfaite du style, du confort et de la durabilit\u00e9 avec notre collection exquise de <strong>chaussures d\u00e9contract\u00e9es en cuir pour hommes<\/strong>. Con\u00e7ues pour l'homme moderne qui appr\u00e9cie \u00e0 la fois l'esth\u00e9tique et le c\u00f4t\u00e9 pratique, ces chaussures sont un compl\u00e9ment essentiel \u00e0 toute garde-robe. Chaque paire de chaussures d\u00e9contract\u00e9es en cuir pour homme est m\u00e9ticuleusement fabriqu\u00e9e \u00e0 l'aide des meilleurs mat\u00e9riaux, garantissant ainsi un produit non seulement superbe, mais aussi r\u00e9sistant \u00e0 l'\u00e9preuve du temps.<\/p>\n<p><h3>Un confort in\u00e9gal\u00e9 et des mat\u00e9riaux de qualit\u00e9<\/h3>\n<\/p>\n<p>L'aspect ext\u00e9rieur de ces v\u00e9hicules d'exception <strong>chaussures d\u00e9contract\u00e9es en cuir pour hommes<\/strong> sont en cuir de veau v\u00e9ritable de premi\u00e8re qualit\u00e9. Ce choix de mat\u00e9riau offre un aspect sophistiqu\u00e9 tout en offrant une r\u00e9sistance sup\u00e9rieure \u00e0 l'usure, ce qui les rend id\u00e9ales pour un usage quotidien. La texture naturelle et la finition riche du cuir de veau ajoutent une touche d'\u00e9l\u00e9gance qui rehausse votre tenue d\u00e9contract\u00e9e.<\/p>\n<p>En compl\u00e9ment de l'ext\u00e9rieur robuste, l'int\u00e9rieur est doubl\u00e9 de cuir de ch\u00e8vre souple et doux. Cette doublure luxueuse garantit la respirabilit\u00e9 et offre un confort incroyable, ber\u00e7ant vos pieds de douceur tout au long de la journ\u00e9e. Que vous naviguiez dans les rues de la ville ou que vous profitiez d'un week-end d\u00e9contract\u00e9, ces chaussures sont id\u00e9ales. <strong>chaussures d\u00e9contract\u00e9es en cuir pour hommes<\/strong> vous permettra de garder vos pieds frais et soutenus.<\/p>\n<p><h3>Con\u00e7u pour une polyvalence quotidienne<\/h3>\n<\/p>\n<p>Notre <strong>chaussures d\u00e9contract\u00e9es en cuir pour hommes<\/strong> sont construites sur une semelle EVA \u00e0 la fois l\u00e9g\u00e8re et robuste. Cette technologie de semelle innovante offre un excellent amorti et une grande flexibilit\u00e9, absorbant les impacts \u00e0 chaque pas et garantissant une foul\u00e9e confortable. Le talon de 1 \u00e0 3 cm apporte une \u00e9l\u00e9vation subtile tout en conservant l'esth\u00e9tique d\u00e9contract\u00e9e, parfaite pour \u00eatre port\u00e9e toute la journ\u00e9e sans fatigue.<\/p>\n<p>L'adh\u00e9rence robuste et textur\u00e9e de la semelle en EVA garantit \u00e9galement une traction fiable sur diverses surfaces, ce qui ajoute \u00e0 la praticit\u00e9 de ces chaussures polyvalentes. <strong>chaussures d\u00e9contract\u00e9es en cuir pour hommes<\/strong>. Disponibles dans une palette sophistiqu\u00e9e de noir classique, de marron fonc\u00e9 riche et de tan chaud, ces chaussures sont polyvalentes et s'adaptent \u00e0 toutes les tenues, des pantalons \u00e9l\u00e9gants aux jeans d\u00e9contract\u00e9s.<\/p>\n<p><h3>Le choix id\u00e9al pour les commandes en gros<\/h3>\n<\/p>\n<p>Nous comprenons les besoins de nos partenaires B2B et offrons ces services de haute qualit\u00e9. <strong>chaussures d\u00e9contract\u00e9es en cuir pour hommes<\/strong> pour la vente en gros. Avec une quantit\u00e9 minimale de commande de seulement 8 paires, les entreprises peuvent facilement s'approvisionner dans une gamme de tailles (EU 39-45) et de couleurs pour r\u00e9pondre \u00e0 la demande des clients. Notre processus de production et de livraison efficace garantit que votre commande de <strong>chaussures d\u00e9contract\u00e9es en cuir pour hommes<\/strong> est exp\u00e9di\u00e9 rapidement, avec un d\u00e9lai de livraison typique de 12 jours plus les frais de port.<\/p>\n<p>Investissez dans nos produits durables et \u00e9l\u00e9gants <strong>chaussures d\u00e9contract\u00e9es en cuir pour hommes<\/strong> et offrez \u00e0 vos clients des chaussures qui allient un design intemporel \u00e0 un confort et une qualit\u00e9 durables. Il ne s'agit pas seulement de chaussures, mais d'un investissement dans un style et un confort durables pour chaque homme.<\/p>","protected":false},"excerpt":{"rendered":"<ul>\n<li>L'ext\u00e9rieur est en cuir de veau v\u00e9ritable de premi\u00e8re qualit\u00e9 pour une durabilit\u00e9 exceptionnelle.<\/li>\n<li>La doublure int\u00e9rieure en cuir de ch\u00e8vre luxueux assure un confort et une respirabilit\u00e9 ultimes.<\/li>\n<li>Semelle EVA l\u00e9g\u00e8re et flexible avec un talon de 1 \u00e0 3 cm pour une utilisation tout au long de la journ\u00e9e.<\/li>\n<li>Disponible dans les teintes polyvalentes de noir, de brun fonc\u00e9 et de beige pour s'adapter \u00e0 tous les styles.<\/li>\n<li>La gamme compl\u00e8te des tailles va de 39 \u00e0 45 pour un ajustement parfait.<\/li>\n<li>Quantit\u00e9 minimale de commande : 8 paires, id\u00e9al pour les grossistes et les partenaires B2B.<\/li>\n<\/ul>","protected":false},"featured_media":3838,"template":"","meta":{"_acf_changed":false,"_uag_custom_page_level_css":"","site-sidebar-layout":"default","site-content-layout":"","ast-site-content-layout":"default","site-content-style":"default","site-sidebar-style":"default","ast-global-header-display":"","ast-banner-title-visibility":"","ast-main-header-display":"","ast-hfb-above-header-display":"","ast-hfb-below-header-display":"","ast-hfb-mobile-header-display":"","site-post-title":"","ast-breadcrumbs-content":"","ast-featured-img":"","footer-sml-layout":"","ast-disable-related-posts":"","theme-transparent-header-meta":"","adv-header-id-meta":"","stick-header-meta":"","header-above-stick-meta":"","header-main-stick-meta":"","header-below-stick-meta":"","astra-migrate-meta-layouts":"default","ast-page-background-enabled":"default","ast-page-background-meta":{"desktop":{"background-color":"var(--ast-global-color-4)","background-image":"","background-repeat":"repeat","background-position":"center center","background-size":"auto","background-attachment":"scroll","background-type":"","background-media":"","overlay-type":"","overlay-color":"","overlay-opacity":"","overlay-gradient":""},"tablet":{"background-color":"","background-image":"","background-repeat":"repeat","background-position":"center center","background-size":"auto","background-attachment":"scroll","background-type":"","background-media":"","overlay-type":"","overlay-color":"","overlay-opacity":"","overlay-gradient":""},"mobile":{"background-color":"","background-image":"","background-repeat":"repeat","background-position":"center center","background-size":"auto","background-attachment":"scroll","background-type":"","background-media":"","overlay-type":"","overlay-color":"","overlay-opacity":"","overlay-gradient":""}},"ast-content-background-meta":{"desktop":{"background-color":"var(--ast-global-color-5)","background-image":"","background-repeat":"repeat","background-position":"center center","background-size":"auto","background-attachment":"scroll","background-type":"","background-media":"","overlay-type":"","overlay-color":"","overlay-opacity":"","overlay-gradient":""},"tablet":{"background-color":"var(--ast-global-color-5)","background-image":"","background-repeat":"repeat","background-position":"center center","background-size":"auto","background-attachment":"scroll","background-type":"","background-media":"","overlay-type":"","overlay-color":"","overlay-opacity":"","overlay-gradient":""},"mobile":{"background-color":"var(--ast-global-color-5)","background-image":"","background-repeat":"repeat","background-position":"center center","background-size":"auto","background-attachment":"scroll","background-type":"","background-media":"","overlay-type":"","overlay-color":"","overlay-opacity":"","overlay-gradient":""}}},"product_brand":[],"product_cat":[48,47,49,430,40],"product_tag":[196,292,200,202,241,222,439,438,459,437,227,1034,198,1033,526,281],"class_list":{"0":"post-5726","1":"product","2":"type-product","3":"status-publish","4":"has-post-thumbnail","6":"product_cat-casual","7":"product_cat-classic","8":"product_cat-loafer","9":"product_cat-men","10":"product_cat-mens-shoes","11":"product_tag-black-leather-shoes","12":"product_tag-brown-leather-shoes","13":"product_tag-business-casual","14":"product_tag-calf-leather","15":"product_tag-casual-footwear","16":"product_tag-comfortable-shoes","17":"product_tag-durable-shoes","18":"product_tag-eva-sole","19":"product_tag-everyday-shoes","20":"product_tag-goat-leather","21":"product_tag-leather-shoes","22":"product_tag-mens-casual","23":"product_tag-mens-fashion","24":"product_tag-mens-leather-casual-shoes","25":"product_tag-tan-leather-shoes","26":"product_tag-wholesale-shoes","27":"desktop-align-center","28":"tablet-align-center","29":"mobile-align-center","31":"first","32":"instock","33":"shipping-taxable","34":"purchasable","35":"product-type-variable","36":"has-default-attributes"},"acf":[],"uagb_featured_image_src":{"full":["https:\/\/turkishtrade.co\/wp-content\/uploads\/2026\/01\/2400EJOMN00237-CAMEL-DKS_433-4-USD.png",453,250,false],"thumbnail":["https:\/\/turkishtrade.co\/wp-content\/uploads\/2026\/01\/2400EJOMN00237-CAMEL-DKS_433-4-USD-150x150.png",150,150,true],"medium":["https:\/\/turkishtrade.co\/wp-content\/uploads\/2026\/01\/2400EJOMN00237-CAMEL-DKS_433-4-USD-300x166.png",300,166,true],"medium_large":["https:\/\/turkishtrade.co\/wp-content\/uploads\/2026\/01\/2400EJOMN00237-CAMEL-DKS_433-4-USD.png",453,250,false],"large":["https:\/\/turkishtrade.co\/wp-content\/uploads\/2026\/01\/2400EJOMN00237-CAMEL-DKS_433-4-USD.png",453,250,false],"1536x1536":["https:\/\/turkishtrade.co\/wp-content\/uploads\/2026\/01\/2400EJOMN00237-CAMEL-DKS_433-4-USD.png",453,250,false],"2048x2048":["https:\/\/turkishtrade.co\/wp-content\/uploads\/2026\/01\/2400EJOMN00237-CAMEL-DKS_433-4-USD.png",453,250,false],"trp-custom-language-flag":["https:\/\/turkishtrade.co\/wp-content\/uploads\/2026\/01\/2400EJOMN00237-CAMEL-DKS_433-4-USD-18x10.png",18,10,true],"woocommerce_thumbnail":["https:\/\/turkishtrade.co\/wp-content\/uploads\/2026\/01\/2400EJOMN00237-CAMEL-DKS_433-4-USD-400x250.png",400,250,true],"woocommerce_single":["https:\/\/turkishtrade.co\/wp-content\/uploads\/2026\/01\/2400EJOMN00237-CAMEL-DKS_433-4-USD.png",453,250,false],"woocommerce_gallery_thumbnail":["https:\/\/turkishtrade.co\/wp-content\/uploads\/2026\/01\/2400EJOMN00237-CAMEL-DKS_433-4-USD-100x100.png",100,100,true]},"uagb_author_info":{"display_name":"yaser olabi","author_link":"https:\/\/turkishtrade.co\/fr\/author\/"},"uagb_comment_info":0,"uagb_excerpt":"Crafted from premium genuine calf leather exterior for exceptional durability. Luxurious goat leather interior lining ensures ultimate comfort and breathability. Lightweight and flexible EVA sole with a 1-3 cm heel for all-day wear. Available in versatile shades of Black, Dark Brown, and Tan to suit any style. Comprehensive size range from EU 39-45 for a\u2026","_links":{"self":[{"href":"https:\/\/turkishtrade.co\/fr\/wp-json\/wp\/v2\/product\/5726","targetHints":{"allow":["GET"]}}],"collection":[{"href":"https:\/\/turkishtrade.co\/fr\/wp-json\/wp\/v2\/product"}],"about":[{"href":"https:\/\/turkishtrade.co\/fr\/wp-json\/wp\/v2\/types\/product"}],"wp:featuredmedia":[{"embeddable":true,"href":"https:\/\/turkishtrade.co\/fr\/wp-json\/wp\/v2\/media\/3838"}],"wp:attachment":[{"href":"https:\/\/turkishtrade.co\/fr\/wp-json\/wp\/v2\/media?parent=5726"}],"wp:term":[{"taxonomy":"product_brand","embeddable":true,"href":"https:\/\/turkishtrade.co\/fr\/wp-json\/wp\/v2\/product_brand?post=5726"},{"taxonomy":"product_cat","embeddable":true,"href":"https:\/\/turkishtrade.co\/fr\/wp-json\/wp\/v2\/product_cat?post=5726"},{"taxonomy":"product_tag","embeddable":true,"href":"https:\/\/turkishtrade.co\/fr\/wp-json\/wp\/v2\/product_tag?post=5726"}],"curies":[{"name":"wp","href":"https:\/\/api.w.org\/{rel}","templated":true}]}}