{"id":5721,"date":"2026-01-14T12:59:50","date_gmt":"2026-01-14T12:59:50","guid":{"rendered":"https:\/\/turkishtrade.co\/product\/mens-brown-suede-derby-shoes\/"},"modified":"2026-04-09T19:26:05","modified_gmt":"2026-04-09T19:26:05","slug":"mens-brown-suede-derby-shoes","status":"publish","type":"product","link":"https:\/\/turkishtrade.co\/fr\/shop\/mens-brown-suede-derby-shoes\/","title":{"rendered":"Chaussures de derby Premium en daim marron pour hommes"},"content":{"rendered":"<p><strong>Chaussures derby en daim marron pour hommes<\/strong><\/p>\n<p>\u00c9levez votre collection de chaussures gr\u00e2ce \u00e0 nos chaussures exquises. <strong>Chaussures de derby Premium en daim marron pour hommes<\/strong>. Con\u00e7ues pour le gentleman moderne qui appr\u00e9cie \u00e0 la fois le style et le confort, ces chaussures \u00e0 lacets sophistiqu\u00e9es t\u00e9moignent d'un savoir-faire sup\u00e9rieur et d'un design intemporel. Parfaites pour toutes sortes d'occasions, qu'il s'agisse de r\u00e9unions d\u00e9contract\u00e9es ou d'environnements professionnels d\u00e9contract\u00e9s, ces chaussures \u00e0 lacets sont id\u00e9ales pour les hommes d'affaires et les femmes d'affaires. <strong>Derby en daim marron pour hommes<\/strong> offrent une polyvalence in\u00e9gal\u00e9e et un look distingu\u00e9 qui compl\u00e8te sans effort n'importe quel ensemble.<\/p>\n<p><h3>Un savoir-faire et des mat\u00e9riaux in\u00e9gal\u00e9s<\/h3>\n<\/p>\n<p>Chaque paire de ces produits finement \u00e9labor\u00e9s <strong>chaussures Derby en daim marron<\/strong> commence par un ext\u00e9rieur en cuir de vachette v\u00e9ritable de premi\u00e8re qualit\u00e9. Ce daim de haute qualit\u00e9 offre non seulement une texture riche et luxueuse et une esth\u00e9tique attrayante, mais il garantit \u00e9galement une durabilit\u00e9 et une r\u00e9sistance \u00e0 l'usure exceptionnelles. La respirabilit\u00e9 naturelle de l'ext\u00e9rieur contribue \u00e0 une exp\u00e9rience confortable tout au long de la journ\u00e9e.<\/p>\n<p>En compl\u00e9ment de la surface ext\u00e9rieure robuste, la doublure int\u00e9rieure en cuir de ch\u00e8vre est incroyablement douce et souple. Ce choix de mat\u00e9riau int\u00e9rieur assure un maximum de confort au pied, \u00e9vite les irritations et permet une meilleure \u00e9vacuation de l'humidit\u00e9. <strong>chaussures Derby en daim<\/strong> un plaisir \u00e0 porter pendant de longues p\u00e9riodes.<\/p>\n<p><h3>Le confort au service d'un style classique<\/h3>\n<\/p>\n<p>Le confort est primordial, et ces <strong>Derby en daim marron pour hommes<\/strong> gr\u00e2ce \u00e0 leur semelle EVA avanc\u00e9e. L\u00e9g\u00e8re mais incroyablement r\u00e9sistante, la semelle EVA offre un excellent amorti et une bonne absorption des chocs, garantissant une foul\u00e9e confortable \u00e0 chaque pas. La hauteur de talon classique de 1 \u00e0 3 cm ajoute juste ce qu'il faut d'\u00e9l\u00e9vation pour un profil raffin\u00e9, sans compromettre la stabilit\u00e9 ou la portabilit\u00e9 tout au long de la journ\u00e9e.<\/p>\n<p>La combinaison d'une semelle de soutien et d'un design ergonomique fait de ces chaussures un produit de qualit\u00e9. <strong>Chaussures derby<\/strong> un choix id\u00e9al pour les personnes actives qui recherchent le confort sans sacrifier une once de style.<\/p>\n<p><h3>Un essentiel de la garde-robe polyvalente<\/h3>\n<\/p>\n<p>Le mod\u00e8le Derby classique, caract\u00e9ris\u00e9 par son syst\u00e8me de la\u00e7age ouvert, offre \u00e0 la fois un ajustement s\u00fbr et une esth\u00e9tique adaptable. Associ\u00e9es \u00e0 un pantalon de tailleur, \u00e0 un pantalon chino ou m\u00eame \u00e0 un jean de qualit\u00e9 sup\u00e9rieure, ces chaussures de sport sont id\u00e9ales pour les femmes. <strong>Derby en daim marron pour hommes<\/strong> rehaussent instantan\u00e9ment votre look. Leur teinte brune polyvalente leur permet de s'int\u00e9grer facilement dans les garde-robes existantes et d'apporter une touche sophistiqu\u00e9e aux tenues de travail et de week-end.<\/p>\n<p>Investissez dans une paire qui passera sans probl\u00e8me d'une r\u00e9union matinale \u00e0 un \u00e9v\u00e9nement social en soir\u00e9e, en d\u00e9gageant toujours un air d'\u00e9l\u00e9gance discr\u00e8te.<\/p>\n<p><h3>Commandes en gros pour les d\u00e9taillants<\/h3>\n<\/p>\n<p>Pour les d\u00e9taillants et les entreprises \u00e0 la recherche de chaussures de haute qualit\u00e9, nos <strong>Derby en daim marron pour hommes<\/strong> sont disponibles pour les achats en gros. Nous demandons une commande minimale de 8 paires, ce qui vous permet de stocker cet article populaire et \u00e9l\u00e9gant. Notre production et notre logistique efficaces garantissent un d\u00e9lai de livraison d'environ 12 jours, plus les frais d'exp\u00e9dition, ce qui vous permet de recevoir rapidement votre commande et de r\u00e9pondre \u00e0 la demande de vos clients.<\/p>\n<p>Offrez \u00e0 votre client\u00e8le le luxe et le confort de ces \u00e9quipements d'exception. <strong>chaussures Derby en daim marron<\/strong> et am\u00e9liorez vos offres de produits d\u00e8s aujourd'hui.<\/p>","protected":false},"excerpt":{"rendered":"<ul>\n<li><strong>Mat\u00e9riaux de premi\u00e8re qualit\u00e9 :<\/strong> Fabriqu\u00e9 en cuir de vachette v\u00e9ritable \u00e0 l'ext\u00e9rieur et en peau de ch\u00e8vre souple \u00e0 l'int\u00e9rieur.<\/li>\n<li><strong>Semelle de confort :<\/strong> Semelle EVA l\u00e9g\u00e8re et durable pour un confort tout au long de la journ\u00e9e.<\/li>\n<li><strong>Design classique :<\/strong> Derby intemporel \u00e0 lacets avec un talon confortable de 1 \u00e0 3 cm.<\/li>\n<li><strong>Large gamme de tailles :<\/strong> Disponible en tailles 39, 40, 41, 42, 43, 44, 45.<\/li>\n<li><strong>Les commandes en gros sont les bienvenues :<\/strong> Commande minimum de 8 paires. Livraison dans les 12 jours + frais de port.<\/li>\n<\/ul>","protected":false},"featured_media":3833,"template":"","meta":{"_acf_changed":false,"_uag_custom_page_level_css":"","site-sidebar-layout":"default","site-content-layout":"","ast-site-content-layout":"default","site-content-style":"default","site-sidebar-style":"default","ast-global-header-display":"","ast-banner-title-visibility":"","ast-main-header-display":"","ast-hfb-above-header-display":"","ast-hfb-below-header-display":"","ast-hfb-mobile-header-display":"","site-post-title":"","ast-breadcrumbs-content":"","ast-featured-img":"","footer-sml-layout":"","ast-disable-related-posts":"","theme-transparent-header-meta":"","adv-header-id-meta":"","stick-header-meta":"","header-above-stick-meta":"","header-main-stick-meta":"","header-below-stick-meta":"","astra-migrate-meta-layouts":"default","ast-page-background-enabled":"default","ast-page-background-meta":{"desktop":{"background-color":"var(--ast-global-color-4)","background-image":"","background-repeat":"repeat","background-position":"center center","background-size":"auto","background-attachment":"scroll","background-type":"","background-media":"","overlay-type":"","overlay-color":"","overlay-opacity":"","overlay-gradient":""},"tablet":{"background-color":"","background-image":"","background-repeat":"repeat","background-position":"center center","background-size":"auto","background-attachment":"scroll","background-type":"","background-media":"","overlay-type":"","overlay-color":"","overlay-opacity":"","overlay-gradient":""},"mobile":{"background-color":"","background-image":"","background-repeat":"repeat","background-position":"center center","background-size":"auto","background-attachment":"scroll","background-type":"","background-media":"","overlay-type":"","overlay-color":"","overlay-opacity":"","overlay-gradient":""}},"ast-content-background-meta":{"desktop":{"background-color":"var(--ast-global-color-5)","background-image":"","background-repeat":"repeat","background-position":"center center","background-size":"auto","background-attachment":"scroll","background-type":"","background-media":"","overlay-type":"","overlay-color":"","overlay-opacity":"","overlay-gradient":""},"tablet":{"background-color":"var(--ast-global-color-5)","background-image":"","background-repeat":"repeat","background-position":"center center","background-size":"auto","background-attachment":"scroll","background-type":"","background-media":"","overlay-type":"","overlay-color":"","overlay-opacity":"","overlay-gradient":""},"mobile":{"background-color":"var(--ast-global-color-5)","background-image":"","background-repeat":"repeat","background-position":"center center","background-size":"auto","background-attachment":"scroll","background-type":"","background-media":"","overlay-type":"","overlay-color":"","overlay-opacity":"","overlay-gradient":""}}},"product_brand":[],"product_cat":[48,47,49,430,40],"product_tag":[218,449,644,1029,212,438,556,227,198,283,281],"class_list":{"0":"post-5721","1":"product","2":"type-product","3":"status-publish","4":"has-post-thumbnail","6":"product_cat-casual","7":"product_cat-classic","8":"product_cat-loafer","9":"product_cat-men","10":"product_cat-mens-shoes","11":"product_tag-brown-shoes","12":"product_tag-casual-shoes","13":"product_tag-classic-footwear","14":"product_tag-cowhide-leather","15":"product_tag-derby-shoes","16":"product_tag-eva-sole","17":"product_tag-goatskin-lining","18":"product_tag-leather-shoes","19":"product_tag-mens-fashion","20":"product_tag-suede-shoes","21":"product_tag-wholesale-shoes","22":"desktop-align-center","23":"tablet-align-center","24":"mobile-align-center","26":"first","27":"instock","28":"shipping-taxable","29":"purchasable","30":"product-type-variable","31":"has-default-attributes"},"acf":[],"uagb_featured_image_src":{"full":["https:\/\/turkishtrade.co\/wp-content\/uploads\/2026\/01\/2400EJOMN00235-BROWN-X_621.png",453,250,false],"thumbnail":["https:\/\/turkishtrade.co\/wp-content\/uploads\/2026\/01\/2400EJOMN00235-BROWN-X_621-150x150.png",150,150,true],"medium":["https:\/\/turkishtrade.co\/wp-content\/uploads\/2026\/01\/2400EJOMN00235-BROWN-X_621-300x166.png",300,166,true],"medium_large":["https:\/\/turkishtrade.co\/wp-content\/uploads\/2026\/01\/2400EJOMN00235-BROWN-X_621.png",453,250,false],"large":["https:\/\/turkishtrade.co\/wp-content\/uploads\/2026\/01\/2400EJOMN00235-BROWN-X_621.png",453,250,false],"1536x1536":["https:\/\/turkishtrade.co\/wp-content\/uploads\/2026\/01\/2400EJOMN00235-BROWN-X_621.png",453,250,false],"2048x2048":["https:\/\/turkishtrade.co\/wp-content\/uploads\/2026\/01\/2400EJOMN00235-BROWN-X_621.png",453,250,false],"trp-custom-language-flag":["https:\/\/turkishtrade.co\/wp-content\/uploads\/2026\/01\/2400EJOMN00235-BROWN-X_621-18x10.png",18,10,true],"woocommerce_thumbnail":["https:\/\/turkishtrade.co\/wp-content\/uploads\/2026\/01\/2400EJOMN00235-BROWN-X_621-400x250.png",400,250,true],"woocommerce_single":["https:\/\/turkishtrade.co\/wp-content\/uploads\/2026\/01\/2400EJOMN00235-BROWN-X_621.png",453,250,false],"woocommerce_gallery_thumbnail":["https:\/\/turkishtrade.co\/wp-content\/uploads\/2026\/01\/2400EJOMN00235-BROWN-X_621-100x100.png",100,100,true]},"uagb_author_info":{"display_name":"yaser olabi","author_link":"https:\/\/turkishtrade.co\/fr\/author\/"},"uagb_comment_info":0,"uagb_excerpt":"Premium Materials: Crafted with genuine cowhide leather exterior and soft goatskin interior. Comfort Sole: Features a lightweight and durable EVA sole for all-day comfort. Classic Design: Timeless Derby lace-up style with a comfortable 1-3 cm heel. Wide Size Range: Available in sizes 39, 40, 41, 42, 43, 44, 45. Bulk Orders Welcome: Minimum order of\u2026","_links":{"self":[{"href":"https:\/\/turkishtrade.co\/fr\/wp-json\/wp\/v2\/product\/5721","targetHints":{"allow":["GET"]}}],"collection":[{"href":"https:\/\/turkishtrade.co\/fr\/wp-json\/wp\/v2\/product"}],"about":[{"href":"https:\/\/turkishtrade.co\/fr\/wp-json\/wp\/v2\/types\/product"}],"wp:featuredmedia":[{"embeddable":true,"href":"https:\/\/turkishtrade.co\/fr\/wp-json\/wp\/v2\/media\/3833"}],"wp:attachment":[{"href":"https:\/\/turkishtrade.co\/fr\/wp-json\/wp\/v2\/media?parent=5721"}],"wp:term":[{"taxonomy":"product_brand","embeddable":true,"href":"https:\/\/turkishtrade.co\/fr\/wp-json\/wp\/v2\/product_brand?post=5721"},{"taxonomy":"product_cat","embeddable":true,"href":"https:\/\/turkishtrade.co\/fr\/wp-json\/wp\/v2\/product_cat?post=5721"},{"taxonomy":"product_tag","embeddable":true,"href":"https:\/\/turkishtrade.co\/fr\/wp-json\/wp\/v2\/product_tag?post=5721"}],"curies":[{"name":"wp","href":"https:\/\/api.w.org\/{rel}","templated":true}]}}