{"id":5719,"date":"2026-01-14T12:59:33","date_gmt":"2026-01-14T12:59:33","guid":{"rendered":"https:\/\/turkishtrade.co\/product\/mens-black-calf-suede-derby-shoes\/"},"modified":"2026-04-09T19:26:07","modified_gmt":"2026-04-09T19:26:07","slug":"mens-black-calf-suede-derby-shoes","status":"publish","type":"product","link":"https:\/\/turkishtrade.co\/fr\/shop\/mens-black-calf-suede-derby-shoes\/","title":{"rendered":"Chaussures derby en daim de veau noir pour hommes avec semelle en EVA"},"content":{"rendered":"<p><strong>Chaussures derby en daim de veau noir pour hommes<\/strong><\/p>\n<p>Profitez d'un confort in\u00e9gal\u00e9 et d'un style classique gr\u00e2ce \u00e0 nos produits exquis. <strong>Chaussures derby en daim de veau noir pour hommes<\/strong>. Con\u00e7ues pour l'homme moderne qui appr\u00e9cie \u00e0 la fois l'\u00e9l\u00e9gance et la facilit\u00e9 d'utilisation au quotidien, ces chaussures t\u00e9moignent d'un savoir-faire sup\u00e9rieur et de mat\u00e9riaux de haute qualit\u00e9. Qu'il s'agisse d'une journ\u00e9e d\u00e9contract\u00e9e ou d'une tenue de bureau \u00e9l\u00e9gante et d\u00e9contract\u00e9e, ces chaussures ont \u00e9t\u00e9 con\u00e7ues pour les hommes modernes. <strong>Chaussures derby en daim de veau noir pour hommes<\/strong> rehaussera votre garde-robe sans effort.<\/p>\n<p><h3>Con\u00e7u pour le confort et la durabilit\u00e9<\/h3>\n<\/p>\n<p>Chaque paire de ces <strong>Chaussures derby en daim de veau noir pour hommes<\/strong> sont m\u00e9ticuleusement fabriqu\u00e9es en cuir de veau velours v\u00e9ritable, ce qui leur conf\u00e8re une sensation de luxe et une finition sophistiqu\u00e9e. La riche teinte noire assure la polyvalence de ces chaussures, qui s'adaptent parfaitement \u00e0 un large \u00e9ventail de tenues. \u00c0 l'int\u00e9rieur, vos pieds b\u00e9n\u00e9ficieront d'un confort supr\u00eame gr\u00e2ce \u00e0 la doublure en cuir de ch\u00e8vre souple, qui offre une bonne respirabilit\u00e9 et une sensation de douceur \u00e0 chaque pas.<\/p>\n<p>Le talon classique de 1 \u00e0 3 cm de hauteur offre un \u00e9quilibre parfait entre le style traditionnel et le confort moderne, ce qui garantit que ces chaussures peuvent \u00eatre port\u00e9es longtemps.<\/p>\n<p><h3>Semelle l\u00e9g\u00e8re en EVA pour une utilisation quotidienne<\/h3>\n<\/p>\n<p>Ces chaussures Derby se distinguent par leur semelle EVA, \u00e0 la fois l\u00e9g\u00e8re et incroyablement durable. Cette technologie de pointe offre un excellent amorti, une bonne absorption des chocs et une grande souplesse, ce qui rend ces chaussures incroyablement confortables pour marcher et se tenir debout tout au long de la journ\u00e9e. Contrairement aux semelles traditionnelles plus lourdes, l'EVA permet \u00e0 ces chaussures de ne pas se d\u00e9former. <strong>Chaussures derby en daim de veau noir pour hommes<\/strong> rester l\u00e9ger sur vos pieds, r\u00e9duire la fatigue et am\u00e9liorer votre exp\u00e9rience globale.<\/p>\n<p>La construction robuste promet une longue dur\u00e9e de vie, vous permettant de profiter de vos chaussures pour les saisons \u00e0 venir.<\/p>\n<p><h3>Id\u00e9al pour les achats en gros et les d\u00e9taillants<\/h3>\n<\/p>\n<p>Nous comprenons les besoins de nos partenaires B2B. <strong>Chaussures derby en daim de veau noir pour hommes<\/strong> sont disponibles pour les commandes en gros avec une quantit\u00e9 minimum de 8 paires. Elles constituent donc un excellent choix pour les propri\u00e9taires de boutiques, les d\u00e9taillants de mode ou toute personne souhaitant stocker des chaussures pour hommes de haute qualit\u00e9 et tr\u00e8s demand\u00e9es. Les pointures disponibles vont du 39 au 45, ce qui vous permet de r\u00e9pondre aux besoins d'une large client\u00e8le.<\/p>\n<p>Notre syst\u00e8me de production et de livraison efficace garantit que votre commande sera pr\u00eate \u00e0 \u00eatre exp\u00e9di\u00e9e dans un d\u00e9lai de 12 jours, plus le temps d'exp\u00e9dition, ce qui constitue une cha\u00eene d'approvisionnement fiable pour votre entreprise. Investissez dans ces chaussures \u00e9l\u00e9gantes et confortables <strong>Chaussures derby en daim de veau noir pour hommes<\/strong> et offrez \u00e0 vos clients un produit qui allie un design intemporel \u00e0 un confort contemporain.<\/p>","protected":false},"excerpt":{"rendered":"<ul>\n<li><strong>Mat\u00e9riau ext\u00e9rieur :<\/strong> Cuir de veau velours de premi\u00e8re qualit\u00e9<\/li>\n<li><strong>Doublure int\u00e9rieure :<\/strong> Cuir de ch\u00e8vre souple<\/li>\n<li><strong>Semelle :<\/strong> EVA l\u00e9ger et durable<\/li>\n<li><strong>Hauteur du talon :<\/strong> Classique 1-3 cm pour un confort optimal<\/li>\n<li><strong>Tailles disponibles :<\/strong> 39, 40, 41, 42, 43, 44, 45<\/li>\n<li><strong>Commande minimale :<\/strong> 8 paires (id\u00e9al pour les d\u00e9taillants et les acheteurs en gros)<\/li>\n<li><strong>D\u00e9lai de livraison :<\/strong> 12 jours + Exp\u00e9dition<\/li>\n<\/ul>","protected":false},"featured_media":3832,"template":"","meta":{"_acf_changed":false,"_uag_custom_page_level_css":"","site-sidebar-layout":"default","site-content-layout":"","ast-site-content-layout":"default","site-content-style":"default","site-sidebar-style":"default","ast-global-header-display":"","ast-banner-title-visibility":"","ast-main-header-display":"","ast-hfb-above-header-display":"","ast-hfb-below-header-display":"","ast-hfb-mobile-header-display":"","site-post-title":"","ast-breadcrumbs-content":"","ast-featured-img":"","footer-sml-layout":"","ast-disable-related-posts":"","theme-transparent-header-meta":"","adv-header-id-meta":"","stick-header-meta":"","header-above-stick-meta":"","header-main-stick-meta":"","header-below-stick-meta":"","astra-migrate-meta-layouts":"default","ast-page-background-enabled":"default","ast-page-background-meta":{"desktop":{"background-color":"var(--ast-global-color-4)","background-image":"","background-repeat":"repeat","background-position":"center center","background-size":"auto","background-attachment":"scroll","background-type":"","background-media":"","overlay-type":"","overlay-color":"","overlay-opacity":"","overlay-gradient":""},"tablet":{"background-color":"","background-image":"","background-repeat":"repeat","background-position":"center center","background-size":"auto","background-attachment":"scroll","background-type":"","background-media":"","overlay-type":"","overlay-color":"","overlay-opacity":"","overlay-gradient":""},"mobile":{"background-color":"","background-image":"","background-repeat":"repeat","background-position":"center center","background-size":"auto","background-attachment":"scroll","background-type":"","background-media":"","overlay-type":"","overlay-color":"","overlay-opacity":"","overlay-gradient":""}},"ast-content-background-meta":{"desktop":{"background-color":"var(--ast-global-color-5)","background-image":"","background-repeat":"repeat","background-position":"center center","background-size":"auto","background-attachment":"scroll","background-type":"","background-media":"","overlay-type":"","overlay-color":"","overlay-opacity":"","overlay-gradient":""},"tablet":{"background-color":"var(--ast-global-color-5)","background-image":"","background-repeat":"repeat","background-position":"center center","background-size":"auto","background-attachment":"scroll","background-type":"","background-media":"","overlay-type":"","overlay-color":"","overlay-opacity":"","overlay-gradient":""},"mobile":{"background-color":"var(--ast-global-color-5)","background-image":"","background-repeat":"repeat","background-position":"center center","background-size":"auto","background-attachment":"scroll","background-type":"","background-media":"","overlay-type":"","overlay-color":"","overlay-opacity":"","overlay-gradient":""}}},"product_brand":[],"product_cat":[48,47,49,430,40],"product_tag":[605,1028,449,222,212,438,437,227,198,210,281],"class_list":{"0":"post-5719","1":"product","2":"type-product","3":"status-publish","4":"has-post-thumbnail","6":"product_cat-casual","7":"product_cat-classic","8":"product_cat-loafer","9":"product_cat-men","10":"product_cat-mens-shoes","11":"product_tag-black-shoes","12":"product_tag-calf-suede","13":"product_tag-casual-shoes","14":"product_tag-comfortable-shoes","15":"product_tag-derby-shoes","16":"product_tag-eva-sole","17":"product_tag-goat-leather","18":"product_tag-leather-shoes","19":"product_tag-mens-fashion","20":"product_tag-smart-casual","21":"product_tag-wholesale-shoes","22":"desktop-align-center","23":"tablet-align-center","24":"mobile-align-center","26":"first","27":"instock","28":"shipping-taxable","29":"purchasable","30":"product-type-variable","31":"has-default-attributes"},"acf":[],"uagb_featured_image_src":{"full":["https:\/\/turkishtrade.co\/wp-content\/uploads\/2026\/01\/2400EJOMN00234-BLACK-X_621-4-USD.png",453,250,false],"thumbnail":["https:\/\/turkishtrade.co\/wp-content\/uploads\/2026\/01\/2400EJOMN00234-BLACK-X_621-4-USD-150x150.png",150,150,true],"medium":["https:\/\/turkishtrade.co\/wp-content\/uploads\/2026\/01\/2400EJOMN00234-BLACK-X_621-4-USD-300x166.png",300,166,true],"medium_large":["https:\/\/turkishtrade.co\/wp-content\/uploads\/2026\/01\/2400EJOMN00234-BLACK-X_621-4-USD.png",453,250,false],"large":["https:\/\/turkishtrade.co\/wp-content\/uploads\/2026\/01\/2400EJOMN00234-BLACK-X_621-4-USD.png",453,250,false],"1536x1536":["https:\/\/turkishtrade.co\/wp-content\/uploads\/2026\/01\/2400EJOMN00234-BLACK-X_621-4-USD.png",453,250,false],"2048x2048":["https:\/\/turkishtrade.co\/wp-content\/uploads\/2026\/01\/2400EJOMN00234-BLACK-X_621-4-USD.png",453,250,false],"trp-custom-language-flag":["https:\/\/turkishtrade.co\/wp-content\/uploads\/2026\/01\/2400EJOMN00234-BLACK-X_621-4-USD-18x10.png",18,10,true],"woocommerce_thumbnail":["https:\/\/turkishtrade.co\/wp-content\/uploads\/2026\/01\/2400EJOMN00234-BLACK-X_621-4-USD-400x250.png",400,250,true],"woocommerce_single":["https:\/\/turkishtrade.co\/wp-content\/uploads\/2026\/01\/2400EJOMN00234-BLACK-X_621-4-USD.png",453,250,false],"woocommerce_gallery_thumbnail":["https:\/\/turkishtrade.co\/wp-content\/uploads\/2026\/01\/2400EJOMN00234-BLACK-X_621-4-USD-100x100.png",100,100,true]},"uagb_author_info":{"display_name":"yaser olabi","author_link":"https:\/\/turkishtrade.co\/fr\/author\/"},"uagb_comment_info":0,"uagb_excerpt":"Outer Material: Premium Calf Suede Leather Inner Lining: Soft Goat Leather Sole: Lightweight and Durable EVA Heel Height: Classic 1-3 cm for optimal comfort Available Sizes: 39, 40, 41, 42, 43, 44, 45 Minimum Order: 8 Pairs (Ideal for retailers and bulk purchasers) Delivery Time: 12 Days + Shipping","_links":{"self":[{"href":"https:\/\/turkishtrade.co\/fr\/wp-json\/wp\/v2\/product\/5719","targetHints":{"allow":["GET"]}}],"collection":[{"href":"https:\/\/turkishtrade.co\/fr\/wp-json\/wp\/v2\/product"}],"about":[{"href":"https:\/\/turkishtrade.co\/fr\/wp-json\/wp\/v2\/types\/product"}],"wp:featuredmedia":[{"embeddable":true,"href":"https:\/\/turkishtrade.co\/fr\/wp-json\/wp\/v2\/media\/3832"}],"wp:attachment":[{"href":"https:\/\/turkishtrade.co\/fr\/wp-json\/wp\/v2\/media?parent=5719"}],"wp:term":[{"taxonomy":"product_brand","embeddable":true,"href":"https:\/\/turkishtrade.co\/fr\/wp-json\/wp\/v2\/product_brand?post=5719"},{"taxonomy":"product_cat","embeddable":true,"href":"https:\/\/turkishtrade.co\/fr\/wp-json\/wp\/v2\/product_cat?post=5719"},{"taxonomy":"product_tag","embeddable":true,"href":"https:\/\/turkishtrade.co\/fr\/wp-json\/wp\/v2\/product_tag?post=5719"}],"curies":[{"name":"wp","href":"https:\/\/api.w.org\/{rel}","templated":true}]}}