{"id":5715,"date":"2026-01-14T12:59:12","date_gmt":"2026-01-14T12:59:12","guid":{"rendered":"https:\/\/turkishtrade.co\/product\/men-s-suede-loafers-2\/"},"modified":"2026-04-09T19:26:11","modified_gmt":"2026-04-09T19:26:11","slug":"mens-suede-loafers-6","status":"publish","type":"product","link":"https:\/\/turkishtrade.co\/fr\/shop\/mens-suede-loafers-6\/","title":{"rendered":"Mocassins en daim de qualit\u00e9 sup\u00e9rieure pour hommes | Cuir de veau et de ch\u00e8vre avec semelle en EVA"},"content":{"rendered":"<p><strong>Mocassins en daim pour hommes<\/strong><\/p>\n<p>Profitez d'un confort in\u00e9gal\u00e9 et d'un style classique gr\u00e2ce \u00e0 notre collection exquise de <b>mocassins en daim pour hommes<\/b>. Con\u00e7us pour le gentleman moderne qui appr\u00e9cie \u00e0 la fois l'esth\u00e9tique et la facilit\u00e9 d'utilisation, ces mocassins t\u00e9moignent d'un savoir-faire artisanal de qualit\u00e9 sup\u00e9rieure. Chaque paire de nos mocassins <b>mocassins en daim pour hommes<\/b> pr\u00e9sente une somptueuse tige en cuir de veau, m\u00e9ticuleusement choisie pour sa texture douce et sa finition \u00e9l\u00e9gante.<\/p>\n<p>Le toucher riche et velout\u00e9 du daim ajoute une touche de sophistication \u00e0 n'importe quelle tenue, faisant de ces chaussures un compl\u00e9ment polyvalent \u00e0 votre garde-robe.<\/p>\n<p>Au-del\u00e0 de leur aspect saisissant, le confort est primordial. L'int\u00e9rieur est doubl\u00e9 de cuir de ch\u00e8vre souple, ce qui garantit un confort exceptionnel d\u00e8s l'instant o\u00f9 vous les enfilez. Cette combinaison judicieuse de mat\u00e9riaux de qualit\u00e9 sup\u00e9rieure garantit que nos <b>mocassins en daim pour hommes<\/b> se moulera \u00e0 vos pieds au fil du temps, offrant un ajustement sur mesure.<\/p>\n<p>La base de ces mocassins est une semelle EVA l\u00e9g\u00e8re mais incroyablement durable. Ce mat\u00e9riau innovant offre une excellente absorption des chocs et une grande flexibilit\u00e9, garantissant un confort \u00e0 chaque pas, que vous naviguiez dans les rues de la ville ou que vous profitiez d'un week-end d\u00e9contract\u00e9.<\/p>\n<p><h3>Qualit\u00e9 in\u00e9gal\u00e9e et style polyvalent<\/h3>\n<\/p>\n<p>Notre <b>mocassins en daim pour hommes<\/b> ne sont pas de simples chaussures, mais une d\u00e9claration de go\u00fbt raffin\u00e9. Le mod\u00e8le classique \u00e0 enfiler, orn\u00e9 d'une couture moc-toe traditionnelle, incarne l'\u00e9l\u00e9gance intemporelle. Disponibles dans des teintes sophistiqu\u00e9es comme le noir profond et le marron chaud, ces mocassins peuvent passer sans effort d'une journ\u00e9e d\u00e9contract\u00e9e avec un pantalon chino \u00e0 une soir\u00e9e plus formelle avec un pantalon de tailleur.<\/p>\n<p>Le talon subtil de 1 \u00e0 3 cm de hauteur ajoute une touche d'\u00e9l\u00e9vation sans compromettre le confort, parfait pour \u00eatre port\u00e9 tout au long de la journ\u00e9e.<\/p>\n<p>Nous comprenons l'importance d'un ajustement parfait, c'est pourquoi nos <b>mocassins en daim pour hommes<\/b> sont disponibles dans une gamme compl\u00e8te de tailles allant de 39 \u00e0 45. Que vous achetiez pour votre usage personnel ou que vous approvisionniez votre commerce de d\u00e9tail, notre engagement en mati\u00e8re de qualit\u00e9 reste in\u00e9branlable. Pour nos clients professionnels, ces <b>mocassins en daim pour hommes<\/b> sont disponibles pour les commandes en gros avec une quantit\u00e9 minimum de 8 paires.<\/p>\n<p>Nous offrons des prix comp\u00e9titifs disponibles sur demande et assurons une livraison rapide dans les 12 jours plus le temps d'exp\u00e9dition, vous permettant d'am\u00e9liorer rapidement votre collection avec ces options de chaussures d\u00e9sirables. Investissez dans un style et un confort durables avec nos mocassins en daim pour hommes, fabriqu\u00e9s avec soin.<\/p>","protected":false},"excerpt":{"rendered":"<ul>\n<li><b>Excellence mat\u00e9rielle :<\/b> Fabriqu\u00e9 avec une tige en veau velours de premi\u00e8re qualit\u00e9 et une doublure en cuir de ch\u00e8vre souple pour un confort ultime.<\/li>\n<li><b>L\u00e9ger Confort :<\/b> Dot\u00e9e d'une semelle EVA durable et amortissante pour une utilisation tout au long de la journ\u00e9e.<\/li>\n<li><b>Style classique :<\/b> Mocassins au design intemporel, parfaits pour les ensembles d\u00e9contract\u00e9s ou \u00e9l\u00e9gants.<\/li>\n<li><b>Tailles disponibles :<\/b> Ils sont compris entre 39 et 45.<\/li>\n<li><b>Disponibilit\u00e9 en vrac :<\/b> Commande minimum de 8 paires ; contactez-nous pour conna\u00eetre les tarifs et les d\u00e9lais de livraison (12 jours + frais de port).<\/li>\n<li><b>Hauteur du talon :<\/b> Talon confortable de 1 \u00e0 3 cm pour une \u00e9l\u00e9vation subtile.<\/li>\n<\/ul>","protected":false},"featured_media":3831,"template":"","meta":{"_acf_changed":false,"_uag_custom_page_level_css":"","site-sidebar-layout":"default","site-content-layout":"","ast-site-content-layout":"default","site-content-style":"default","site-sidebar-style":"default","ast-global-header-display":"","ast-banner-title-visibility":"","ast-main-header-display":"","ast-hfb-above-header-display":"","ast-hfb-below-header-display":"","ast-hfb-mobile-header-display":"","site-post-title":"","ast-breadcrumbs-content":"","ast-featured-img":"","footer-sml-layout":"","ast-disable-related-posts":"","theme-transparent-header-meta":"","adv-header-id-meta":"","stick-header-meta":"","header-above-stick-meta":"","header-main-stick-meta":"","header-below-stick-meta":"","astra-migrate-meta-layouts":"default","ast-page-background-enabled":"default","ast-page-background-meta":{"desktop":{"background-color":"var(--ast-global-color-4)","background-image":"","background-repeat":"repeat","background-position":"center center","background-size":"auto","background-attachment":"scroll","background-type":"","background-media":"","overlay-type":"","overlay-color":"","overlay-opacity":"","overlay-gradient":""},"tablet":{"background-color":"","background-image":"","background-repeat":"repeat","background-position":"center center","background-size":"auto","background-attachment":"scroll","background-type":"","background-media":"","overlay-type":"","overlay-color":"","overlay-opacity":"","overlay-gradient":""},"mobile":{"background-color":"","background-image":"","background-repeat":"repeat","background-position":"center center","background-size":"auto","background-attachment":"scroll","background-type":"","background-media":"","overlay-type":"","overlay-color":"","overlay-opacity":"","overlay-gradient":""}},"ast-content-background-meta":{"desktop":{"background-color":"var(--ast-global-color-5)","background-image":"","background-repeat":"repeat","background-position":"center center","background-size":"auto","background-attachment":"scroll","background-type":"","background-media":"","overlay-type":"","overlay-color":"","overlay-opacity":"","overlay-gradient":""},"tablet":{"background-color":"var(--ast-global-color-5)","background-image":"","background-repeat":"repeat","background-position":"center center","background-size":"auto","background-attachment":"scroll","background-type":"","background-media":"","overlay-type":"","overlay-color":"","overlay-opacity":"","overlay-gradient":""},"mobile":{"background-color":"var(--ast-global-color-5)","background-image":"","background-repeat":"repeat","background-position":"center center","background-size":"auto","background-attachment":"scroll","background-type":"","background-media":"","overlay-type":"","overlay-color":"","overlay-opacity":"","overlay-gradient":""}}},"product_brand":[],"product_cat":[48,47,49,430,40],"product_tag":[370,147,1028,512,457,220,438,352,437,215,186,184,283],"class_list":{"0":"post-5715","1":"product","2":"type-product","3":"status-publish","4":"has-post-thumbnail","6":"product_cat-casual","7":"product_cat-classic","8":"product_cat-loafer","9":"product_cat-men","10":"product_cat-mens-shoes","11":"product_tag-black-loafers","12":"product_tag-brown-loafers","13":"product_tag-calf-suede","14":"product_tag-casual-loafers","15":"product_tag-classic-loafers","16":"product_tag-comfortable-loafers","17":"product_tag-eva-sole","18":"product_tag-formal-loafers","19":"product_tag-goat-leather","20":"product_tag-leather-loafers","21":"product_tag-mens-loafers","22":"product_tag-slip-on-shoes","23":"product_tag-suede-shoes","24":"desktop-align-center","25":"tablet-align-center","26":"mobile-align-center","28":"first","29":"instock","30":"shipping-taxable","31":"purchasable","32":"product-type-variable","33":"has-default-attributes"},"acf":[],"uagb_featured_image_src":{"full":["https:\/\/turkishtrade.co\/wp-content\/uploads\/2026\/01\/2400EJOMN00231-CAMEL-C_028-2-USD.png",453,250,false],"thumbnail":["https:\/\/turkishtrade.co\/wp-content\/uploads\/2026\/01\/2400EJOMN00231-CAMEL-C_028-2-USD-150x150.png",150,150,true],"medium":["https:\/\/turkishtrade.co\/wp-content\/uploads\/2026\/01\/2400EJOMN00231-CAMEL-C_028-2-USD-300x166.png",300,166,true],"medium_large":["https:\/\/turkishtrade.co\/wp-content\/uploads\/2026\/01\/2400EJOMN00231-CAMEL-C_028-2-USD.png",453,250,false],"large":["https:\/\/turkishtrade.co\/wp-content\/uploads\/2026\/01\/2400EJOMN00231-CAMEL-C_028-2-USD.png",453,250,false],"1536x1536":["https:\/\/turkishtrade.co\/wp-content\/uploads\/2026\/01\/2400EJOMN00231-CAMEL-C_028-2-USD.png",453,250,false],"2048x2048":["https:\/\/turkishtrade.co\/wp-content\/uploads\/2026\/01\/2400EJOMN00231-CAMEL-C_028-2-USD.png",453,250,false],"trp-custom-language-flag":["https:\/\/turkishtrade.co\/wp-content\/uploads\/2026\/01\/2400EJOMN00231-CAMEL-C_028-2-USD-18x10.png",18,10,true],"woocommerce_thumbnail":["https:\/\/turkishtrade.co\/wp-content\/uploads\/2026\/01\/2400EJOMN00231-CAMEL-C_028-2-USD-400x250.png",400,250,true],"woocommerce_single":["https:\/\/turkishtrade.co\/wp-content\/uploads\/2026\/01\/2400EJOMN00231-CAMEL-C_028-2-USD.png",453,250,false],"woocommerce_gallery_thumbnail":["https:\/\/turkishtrade.co\/wp-content\/uploads\/2026\/01\/2400EJOMN00231-CAMEL-C_028-2-USD-100x100.png",100,100,true]},"uagb_author_info":{"display_name":"yaser olabi","author_link":"https:\/\/turkishtrade.co\/fr\/author\/"},"uagb_comment_info":0,"uagb_excerpt":"Material Excellence: Crafted with a premium calf suede upper and soft goat leather lining for ultimate comfort. Lightweight Comfort: Features a durable, shock-absorbing EVA sole for all-day wear. Classic Style: Timeless loafer design, perfect for both casual and smart-casual ensembles. Available Sizes: Ranging from 39 to 45. Bulk Availability: Minimum order of 8 pairs; contact\u2026","_links":{"self":[{"href":"https:\/\/turkishtrade.co\/fr\/wp-json\/wp\/v2\/product\/5715","targetHints":{"allow":["GET"]}}],"collection":[{"href":"https:\/\/turkishtrade.co\/fr\/wp-json\/wp\/v2\/product"}],"about":[{"href":"https:\/\/turkishtrade.co\/fr\/wp-json\/wp\/v2\/types\/product"}],"wp:featuredmedia":[{"embeddable":true,"href":"https:\/\/turkishtrade.co\/fr\/wp-json\/wp\/v2\/media\/3831"}],"wp:attachment":[{"href":"https:\/\/turkishtrade.co\/fr\/wp-json\/wp\/v2\/media?parent=5715"}],"wp:term":[{"taxonomy":"product_brand","embeddable":true,"href":"https:\/\/turkishtrade.co\/fr\/wp-json\/wp\/v2\/product_brand?post=5715"},{"taxonomy":"product_cat","embeddable":true,"href":"https:\/\/turkishtrade.co\/fr\/wp-json\/wp\/v2\/product_cat?post=5715"},{"taxonomy":"product_tag","embeddable":true,"href":"https:\/\/turkishtrade.co\/fr\/wp-json\/wp\/v2\/product_tag?post=5715"}],"curies":[{"name":"wp","href":"https:\/\/api.w.org\/{rel}","templated":true}]}}