{"id":5708,"date":"2026-01-14T12:58:21","date_gmt":"2026-01-14T12:58:21","guid":{"rendered":"https:\/\/turkishtrade.co\/product\/mens-suede-derby-shoes\/"},"modified":"2026-04-09T19:26:27","modified_gmt":"2026-04-09T19:26:27","slug":"mens-suede-derby-shoes","status":"publish","type":"product","link":"https:\/\/turkishtrade.co\/fr\/shop\/mens-suede-derby-shoes\/","title":{"rendered":"Chaussures de derby en daim de premi\u00e8re qualit\u00e9 pour hommes"},"content":{"rendered":"<p><strong>Chaussures derby en daim pour hommes<\/strong><\/p>\n<p>Entrez dans un style intemporel et un confort in\u00e9gal\u00e9 gr\u00e2ce \u00e0 nos produits exquis. <b>Chaussures derby en daim pour hommes<\/b>. Con\u00e7ues pour le gentleman exigeant, ces chaussures allient parfaitement un design classique \u00e0 une facilit\u00e9 d'utilisation moderne. Chaque paire est m\u00e9ticuleusement fabriqu\u00e9e en daim de veau de premi\u00e8re qualit\u00e9, offrant un toucher doux et luxueux et une esth\u00e9tique sophistiqu\u00e9e qui rehaussera n'importe quel ensemble d\u00e9contract\u00e9 ou chic-d\u00e9contract\u00e9.<\/p>\n<p>La riche texture du daim, disponible dans des teintes polyvalentes comme le marron profond, le tan chaud et l'\u00e9l\u00e9gant bleu marine, garantit que ces chaussures seront toujours \u00e0 la hauteur des attentes. <b>Chaussures derby en daim pour hommes<\/b> sont un \u00e9l\u00e9ment essentiel de toute garde-robe bien organis\u00e9e.<\/p>\n<p><h3>Un confort et un savoir-faire in\u00e9gal\u00e9s<\/h3>\n<\/p>\n<p>Profitez d'un confort sup\u00e9rieur \u00e0 chaque pas, gr\u00e2ce \u00e0 une conception int\u00e9rieure bien pens\u00e9e. La doublure est en cuir de ch\u00e8vre souple, r\u00e9put\u00e9 pour son incroyable douceur et sa respirabilit\u00e9, qui s'adapte \u00e0 votre pied pour un ajustement vraiment personnalis\u00e9. Cette mati\u00e8re naturelle assure un confort optimal m\u00eame en cas de port prolong\u00e9, gardant vos pieds au sec et \u00e0 l'aise tout au long de la journ\u00e9e.<\/p>\n<p>En dessous, une semelle EVA l\u00e9g\u00e8re et tr\u00e8s r\u00e9sistante offre un excellent amorti et un bon soutien sans ajouter de volume, ce qui fait de ces chaussures de sport un produit de qualit\u00e9. <b>Chaussures derby en daim pour hommes<\/b> id\u00e9al pour les longues journ\u00e9es de marche. Le talon classique de 1 \u00e0 3 cm de hauteur offre une \u00e9l\u00e9vation subtile tout en maintenant la stabilit\u00e9 et une posture de marche naturelle.<\/p>\n<p><h3>Un style polyvalent pour toutes les occasions<\/h3>\n<\/p>\n<p>Ces produits polyvalents <b>Chaussures derby en daim pour hommes<\/b> sont plus que de simples chaussures ; elles repr\u00e9sentent un investissement en termes de qualit\u00e9 et de style. Leur conception adaptable en fait le choix id\u00e9al, que vous vous rendiez \u00e0 une r\u00e9union d'affaires d\u00e9contract\u00e9e, que vous preniez un brunch le week-end ou que vous recherchiez simplement des chaussures de tous les jours \u00e0 la fois confortables et chics. Associez-les \u00e0 un pantalon chino pour un look chic et d\u00e9contract\u00e9, ou \u00e0 un jean pour une allure d\u00e9contract\u00e9e et raffin\u00e9e.<\/p>\n<p>La construction robuste garantit la long\u00e9vit\u00e9, promettant des ann\u00e9es de port fiable tout en conservant leur attrait \u00e9l\u00e9gant.<\/p>\n<p><h3>Opportunit\u00e9 de vente en gros de chaussures de qualit\u00e9<\/h3>\n<\/p>\n<p>Pour nos pr\u00e9cieux partenaires grossistes, nous proposons ces produits de qualit\u00e9 sup\u00e9rieure. <b>Chaussures derby en daim pour hommes<\/b> avec une quantit\u00e9 minimale de 8 paires. Nous comprenons l'importance d'une livraison rapide et d'un engagement de qualit\u00e9, et nous nous assurons que vos commandes sont trait\u00e9es efficacement avec un d\u00e9lai de 12 jours plus les frais d'exp\u00e9dition. Offrez \u00e0 vos clients un produit qui se d\u00e9marque - un t\u00e9moignage d'un savoir-faire et d'un confort sup\u00e9rieurs.<\/p>\n<p>\u00c9largissez votre inventaire avec ces produits essentiels <b>Chaussures derby en daim pour hommes<\/b> et offrent un m\u00e9lange de sophistication et d'aisance d\u00e9contract\u00e9e que recherchent les acheteurs avertis, renfor\u00e7ant ainsi la r\u00e9putation d'excellence de votre marque.<\/p>","protected":false},"excerpt":{"rendered":"<ul>\n<li><b>Mat\u00e9riau :<\/b> Tige en daim de premi\u00e8re qualit\u00e9<\/li>\n<li><b>Doublure :<\/b> Int\u00e9rieur en cuir de ch\u00e8vre souple<\/li>\n<li><b>Semelle :<\/b> Semelle EVA l\u00e9g\u00e8re et durable<\/li>\n<li><b>Hauteur du talon :<\/b> Classique 1-3 cm<\/li>\n<li><b>Tailles disponibles :<\/b> UE 39, 40, 41, 42, 43, 44, 45<\/li>\n<li><b>Quantit\u00e9 minimale de commande :<\/b> 8 paires<\/li>\n<li><b>Grossiste D\u00e9lai d'ex\u00e9cution :<\/b> 12 jours + Exp\u00e9dition<\/li>\n<\/ul>","protected":false},"featured_media":3827,"template":"","meta":{"_acf_changed":false,"_uag_custom_page_level_css":"","site-sidebar-layout":"default","site-content-layout":"","ast-site-content-layout":"default","site-content-style":"default","site-sidebar-style":"default","ast-global-header-display":"","ast-banner-title-visibility":"","ast-main-header-display":"","ast-hfb-above-header-display":"","ast-hfb-below-header-display":"","ast-hfb-mobile-header-display":"","site-post-title":"","ast-breadcrumbs-content":"","ast-featured-img":"","footer-sml-layout":"","ast-disable-related-posts":"","theme-transparent-header-meta":"","adv-header-id-meta":"","stick-header-meta":"","header-above-stick-meta":"","header-main-stick-meta":"","header-below-stick-meta":"","astra-migrate-meta-layouts":"default","ast-page-background-enabled":"default","ast-page-background-meta":{"desktop":{"background-color":"var(--ast-global-color-4)","background-image":"","background-repeat":"repeat","background-position":"center center","background-size":"auto","background-attachment":"scroll","background-type":"","background-media":"","overlay-type":"","overlay-color":"","overlay-opacity":"","overlay-gradient":""},"tablet":{"background-color":"","background-image":"","background-repeat":"repeat","background-position":"center center","background-size":"auto","background-attachment":"scroll","background-type":"","background-media":"","overlay-type":"","overlay-color":"","overlay-opacity":"","overlay-gradient":""},"mobile":{"background-color":"","background-image":"","background-repeat":"repeat","background-position":"center center","background-size":"auto","background-attachment":"scroll","background-type":"","background-media":"","overlay-type":"","overlay-color":"","overlay-opacity":"","overlay-gradient":""}},"ast-content-background-meta":{"desktop":{"background-color":"var(--ast-global-color-5)","background-image":"","background-repeat":"repeat","background-position":"center center","background-size":"auto","background-attachment":"scroll","background-type":"","background-media":"","overlay-type":"","overlay-color":"","overlay-opacity":"","overlay-gradient":""},"tablet":{"background-color":"var(--ast-global-color-5)","background-image":"","background-repeat":"repeat","background-position":"center center","background-size":"auto","background-attachment":"scroll","background-type":"","background-media":"","overlay-type":"","overlay-color":"","overlay-opacity":"","overlay-gradient":""},"mobile":{"background-color":"var(--ast-global-color-5)","background-image":"","background-repeat":"repeat","background-position":"center center","background-size":"auto","background-attachment":"scroll","background-type":"","background-media":"","overlay-type":"","overlay-color":"","overlay-opacity":"","overlay-gradient":""}}},"product_brand":[],"product_cat":[48,47,49,430,40],"product_tag":[451,241,222,212,438,189,148,337,210,262],"class_list":{"0":"post-5708","1":"product","2":"type-product","3":"status-publish","4":"has-post-thumbnail","6":"product_cat-casual","7":"product_cat-classic","8":"product_cat-loafer","9":"product_cat-men","10":"product_cat-mens-shoes","11":"product_tag-calfskin-leather","12":"product_tag-casual-footwear","13":"product_tag-comfortable-shoes","14":"product_tag-derby-shoes","15":"product_tag-eva-sole","16":"product_tag-goat-leather-lining","17":"product_tag-loafers","18":"product_tag-mens-suede-shoes","19":"product_tag-smart-casual","20":"product_tag-wholesale-mens-shoes","21":"desktop-align-center","22":"tablet-align-center","23":"mobile-align-center","25":"first","26":"instock","27":"shipping-taxable","28":"purchasable","29":"product-type-variable","30":"has-default-attributes"},"acf":[],"uagb_featured_image_src":{"full":["https:\/\/turkishtrade.co\/wp-content\/uploads\/2026\/01\/2400EJOMN00216-DARK-BLUE-X_1351.png",453,250,false],"thumbnail":["https:\/\/turkishtrade.co\/wp-content\/uploads\/2026\/01\/2400EJOMN00216-DARK-BLUE-X_1351-150x150.png",150,150,true],"medium":["https:\/\/turkishtrade.co\/wp-content\/uploads\/2026\/01\/2400EJOMN00216-DARK-BLUE-X_1351-300x166.png",300,166,true],"medium_large":["https:\/\/turkishtrade.co\/wp-content\/uploads\/2026\/01\/2400EJOMN00216-DARK-BLUE-X_1351.png",453,250,false],"large":["https:\/\/turkishtrade.co\/wp-content\/uploads\/2026\/01\/2400EJOMN00216-DARK-BLUE-X_1351.png",453,250,false],"1536x1536":["https:\/\/turkishtrade.co\/wp-content\/uploads\/2026\/01\/2400EJOMN00216-DARK-BLUE-X_1351.png",453,250,false],"2048x2048":["https:\/\/turkishtrade.co\/wp-content\/uploads\/2026\/01\/2400EJOMN00216-DARK-BLUE-X_1351.png",453,250,false],"trp-custom-language-flag":["https:\/\/turkishtrade.co\/wp-content\/uploads\/2026\/01\/2400EJOMN00216-DARK-BLUE-X_1351-18x10.png",18,10,true],"woocommerce_thumbnail":["https:\/\/turkishtrade.co\/wp-content\/uploads\/2026\/01\/2400EJOMN00216-DARK-BLUE-X_1351-400x250.png",400,250,true],"woocommerce_single":["https:\/\/turkishtrade.co\/wp-content\/uploads\/2026\/01\/2400EJOMN00216-DARK-BLUE-X_1351.png",453,250,false],"woocommerce_gallery_thumbnail":["https:\/\/turkishtrade.co\/wp-content\/uploads\/2026\/01\/2400EJOMN00216-DARK-BLUE-X_1351-100x100.png",100,100,true]},"uagb_author_info":{"display_name":"yaser olabi","author_link":"https:\/\/turkishtrade.co\/fr\/author\/"},"uagb_comment_info":0,"uagb_excerpt":"Material: Premium Calfskin Suede Upper Lining: Soft Goat Leather Interior Sole: Lightweight and Durable EVA Sole Heel Height: Classic 1-3 cm Available Sizes: EU 39, 40, 41, 42, 43, 44, 45 Minimum Order Quantity: 8 Pairs Wholesale Lead Time: 12 Days + Shipping","_links":{"self":[{"href":"https:\/\/turkishtrade.co\/fr\/wp-json\/wp\/v2\/product\/5708","targetHints":{"allow":["GET"]}}],"collection":[{"href":"https:\/\/turkishtrade.co\/fr\/wp-json\/wp\/v2\/product"}],"about":[{"href":"https:\/\/turkishtrade.co\/fr\/wp-json\/wp\/v2\/types\/product"}],"wp:featuredmedia":[{"embeddable":true,"href":"https:\/\/turkishtrade.co\/fr\/wp-json\/wp\/v2\/media\/3827"}],"wp:attachment":[{"href":"https:\/\/turkishtrade.co\/fr\/wp-json\/wp\/v2\/media?parent=5708"}],"wp:term":[{"taxonomy":"product_brand","embeddable":true,"href":"https:\/\/turkishtrade.co\/fr\/wp-json\/wp\/v2\/product_brand?post=5708"},{"taxonomy":"product_cat","embeddable":true,"href":"https:\/\/turkishtrade.co\/fr\/wp-json\/wp\/v2\/product_cat?post=5708"},{"taxonomy":"product_tag","embeddable":true,"href":"https:\/\/turkishtrade.co\/fr\/wp-json\/wp\/v2\/product_tag?post=5708"}],"curies":[{"name":"wp","href":"https:\/\/api.w.org\/{rel}","templated":true}]}}