{"id":5707,"date":"2026-01-14T12:57:58","date_gmt":"2026-01-14T12:57:58","guid":{"rendered":"https:\/\/turkishtrade.co\/product\/mens-burgundy-leather-boots\/"},"modified":"2026-04-09T19:26:30","modified_gmt":"2026-04-09T19:26:30","slug":"mens-burgundy-leather-boots","status":"publish","type":"product","link":"https:\/\/turkishtrade.co\/fr\/shop\/mens-burgundy-leather-boots\/","title":{"rendered":"Bottes \u00e0 lacets en cuir \u00e0 bout arrondi pour hommes, bourgogne"},"content":{"rendered":"<p><strong>Bottes en cuir bourgogne pour hommes<\/strong><\/p>\n<p>Entrez dans l'\u00e9l\u00e9gance intemporelle avec nos produits haut de gamme <b>Bottes en cuir bourgogne pour hommes<\/b>. M\u00e9ticuleusement fabriqu\u00e9es pour offrir un style in\u00e9gal\u00e9 et une substance durable, ces bottes exceptionnelles sont con\u00e7ues pour les hommes exigeants qui appr\u00e9cient la qualit\u00e9 sup\u00e9rieure et le design sophistiqu\u00e9. Elles sont le choix par excellence pour rehausser les ensembles formels et d\u00e9contract\u00e9s. <b>Bottes en cuir bourgogne pour hommes<\/b> un compl\u00e9ment vraiment polyvalent et essentiel \u00e0 toute garde-robe contemporaine.<\/p>\n<p>La riche et profonde teinte bordeaux, magnifiquement brunie, d\u00e9gage un air de raffinement classique, garantissant \u00e0 ces produits particuliers une grande qualit\u00e9 de vie. <b>Bottes en cuir bourgogne pour hommes<\/b> sont un choix remarquable pour une vari\u00e9t\u00e9 d'occasions, des r\u00e9unions d'affaires aux rencontres sociales \u00e9l\u00e9gantes.<\/p>\n<h3>Un savoir-faire in\u00e9gal\u00e9 et des mat\u00e9riaux de premi\u00e8re qualit\u00e9<\/h3>\n<p>Faites l'exp\u00e9rience d'un savoir-faire in\u00e9gal\u00e9 avec un ext\u00e9rieur en cuir de veau v\u00e9ritable. Ce mat\u00e9riau de qualit\u00e9 sup\u00e9rieure est r\u00e9put\u00e9 pour sa texture lisse, sa durabilit\u00e9 inh\u00e9rente et sa remarquable capacit\u00e9 \u00e0 d\u00e9velopper une patine unique au fil du temps. <b>Bottes en cuir bourgogne pour hommes<\/b> ne fait que s'enrichir et prendre du caract\u00e8re avec l'\u00e2ge.<\/p>\n<p>Le design complexe de la pointe, compl\u00e9t\u00e9 par de subtils d\u00e9tails brogue le long des coutures, ajoute une touche d'art traditionnel et de sophistication. La fermeture \u00e0 lacets s\u00e9curis\u00e9e offre non seulement une esth\u00e9tique classique, mais aussi un ajustement confortable et ajustable \u00e0 votre pied. Sous cet ext\u00e9rieur exquis se cache un int\u00e9rieur luxueux en cuir de ch\u00e8vre, offrant une respirabilit\u00e9 exceptionnelle, une douceur sup\u00e9rieure et un confort supr\u00eame qui berce d\u00e9licatement vos pieds pendant les journ\u00e9es les plus longues.<\/p>\n<p>Cette doublure de qualit\u00e9 sup\u00e9rieure garantit une exp\u00e9rience de premier ordre, que vous naviguiez dans les rues anim\u00e9es de la ville ou que vous assistiez \u00e0 un \u00e9v\u00e9nement important. <b>Bottes en cuir bourgogne pour hommes<\/b> un vrai plaisir \u00e0 porter.<\/p>\n<h3>Confort, durabilit\u00e9 et style polyvalent<\/h3>\n<p>Le confort et la stabilit\u00e9 sont d'une importance primordiale, et ces <b>Bottes en cuir bourgogne pour hommes<\/b> se portent sans effort gr\u00e2ce \u00e0 leur semelle EVA \u00e0 la fois l\u00e9g\u00e8re et robuste. Ce mat\u00e9riau de pointe absorbe parfaitement les chocs, ce qui r\u00e9duit consid\u00e9rablement la fatigue du pied et offre une adh\u00e9rence fiable et antid\u00e9rapante sur diverses surfaces urbaines et naturelles. Avec une hauteur de talon confortable et \u00e9l\u00e9gante de 1 \u00e0 3 cm, ces chaussures sont tr\u00e8s pratiques. <b>Bottes en cuir bourgogne pour hommes<\/b> trouvent l'\u00e9quilibre parfait entre \u00e9l\u00e9vation sophistiqu\u00e9e et praticit\u00e9, \u00e0 porter tout au long de la journ\u00e9e.<\/p>\n<p>La combinaison harmonieuse de cuirs de veau et de ch\u00e8vre de premi\u00e8re qualit\u00e9 avec une semelle EVA bien pens\u00e9e garantit un produit qui non seulement a une apparence exceptionnelle, mais aussi des performances impeccables, jour apr\u00e8s jour.<\/p>\n<p>En effet, notre <b>Bottes en cuir bourgogne pour hommes<\/b> sont construits pour durer.<\/p>\n<p>Il ne s'agit pas de n'importe quelles bottes, mais d'un investissement dans un style et une qualit\u00e9 durables. Qu'il s'agisse de les associer \u00e0 un costume impeccablement taill\u00e9 pour un look professionnel raffin\u00e9 ou de les assortir \u00e0 un jean fonc\u00e9 ou \u00e0 un pantalon chino sophistiqu\u00e9 pour une tenue de week-end soign\u00e9e, la polyvalence de ces bottes est ind\u00e9niable. <b>Bottes en cuir bourgogne pour hommes<\/b> est tout simplement in\u00e9gal\u00e9e.<\/p>\n<p>Embrassez le m\u00e9lange parfait de l'esth\u00e9tique classique, de la construction robuste et du confort moderne. Faites une d\u00e9claration puissante \u00e0 chaque pas assur\u00e9 que vous faites dans ces chaussures exquises. <b>Bottes en cuir bourgogne pour hommes<\/b>. Disponibles dans une gamme compl\u00e8te de tailles europ\u00e9ennes allant de 39 \u00e0 45, nous garantissons un ajustement parfait \u00e0 un large \u00e9ventail de clients exigeants.<\/p>\n<p>Nous sommes fiers de proposer ces produits de haute qualit\u00e9, pr\u00eats pour la vente en gros. <b>Bottes en cuir bourgogne pour hommes<\/b> avec une quantit\u00e9 minimale de commande de 8 paires, ce qui en fait un choix id\u00e9al pour les d\u00e9taillants et les partenaires du commerce de gros \u00e0 la recherche de chaussures de qualit\u00e9 sup\u00e9rieure et commercialisables.<\/p>\n<p>La livraison est g\u00e9r\u00e9e efficacement, avec un d\u00e9lai d'environ 12 jours plus les frais d'exp\u00e9dition, ce qui garantit l'arriv\u00e9e en temps voulu de votre pr\u00e9cieuse commande en vrac de <b>Bottes en cuir bourgogne pour hommes<\/b>.<\/p>","protected":false},"excerpt":{"rendered":"<ul>\n<li><b>Mat\u00e9riau :<\/b> Tige en cuir de veau de premi\u00e8re qualit\u00e9<\/li>\n<li><b>Doublure :<\/b> Int\u00e9rieur en cuir de ch\u00e8vre souple<\/li>\n<li><b>Semelle :<\/b> EVA l\u00e9ger et durable<\/li>\n<li><b>Hauteur du talon :<\/b> Confortable 1-3 cm<\/li>\n<li><b>Tailles disponibles :<\/b> UE 39, 40, 41, 42, 43, 44, 45<\/li>\n<li><b>Quantit\u00e9 minimale de commande :<\/b> 8 paires (disponibilit\u00e9 en vrac)<\/li>\n<li><b>D\u00e9lai de livraison :<\/b> Environ 12 jours + Exp\u00e9dition<\/li>\n<\/ul>","protected":false},"featured_media":3806,"template":"","meta":{"_acf_changed":false,"_uag_custom_page_level_css":"","site-sidebar-layout":"default","site-content-layout":"","ast-site-content-layout":"default","site-content-style":"default","site-sidebar-style":"default","ast-global-header-display":"","ast-banner-title-visibility":"","ast-main-header-display":"","ast-hfb-above-header-display":"","ast-hfb-below-header-display":"","ast-hfb-mobile-header-display":"","site-post-title":"","ast-breadcrumbs-content":"","ast-featured-img":"","footer-sml-layout":"","ast-disable-related-posts":"","theme-transparent-header-meta":"default","adv-header-id-meta":"","stick-header-meta":"","header-above-stick-meta":"","header-main-stick-meta":"","header-below-stick-meta":"","astra-migrate-meta-layouts":"set","ast-page-background-enabled":"default","ast-page-background-meta":{"desktop":{"background-color":"var(--ast-global-color-4)","background-image":"","background-repeat":"repeat","background-position":"center center","background-size":"auto","background-attachment":"scroll","background-type":"","background-media":"","overlay-type":"","overlay-color":"","overlay-opacity":"","overlay-gradient":""},"tablet":{"background-color":"","background-image":"","background-repeat":"repeat","background-position":"center center","background-size":"auto","background-attachment":"scroll","background-type":"","background-media":"","overlay-type":"","overlay-color":"","overlay-opacity":"","overlay-gradient":""},"mobile":{"background-color":"","background-image":"","background-repeat":"repeat","background-position":"center center","background-size":"auto","background-attachment":"scroll","background-type":"","background-media":"","overlay-type":"","overlay-color":"","overlay-opacity":"","overlay-gradient":""}},"ast-content-background-meta":{"desktop":{"background-color":"var(--ast-global-color-5)","background-image":"","background-repeat":"repeat","background-position":"center center","background-size":"auto","background-attachment":"scroll","background-type":"","background-media":"","overlay-type":"","overlay-color":"","overlay-opacity":"","overlay-gradient":""},"tablet":{"background-color":"var(--ast-global-color-5)","background-image":"","background-repeat":"repeat","background-position":"center center","background-size":"auto","background-attachment":"scroll","background-type":"","background-media":"","overlay-type":"","overlay-color":"","overlay-opacity":"","overlay-gradient":""},"mobile":{"background-color":"var(--ast-global-color-5)","background-image":"","background-repeat":"repeat","background-position":"center center","background-size":"auto","background-attachment":"scroll","background-type":"","background-media":"","overlay-type":"","overlay-color":"","overlay-opacity":"","overlay-gradient":""}}},"product_brand":[],"product_cat":[52,47,430,40],"product_tag":[463,1025,993,1026,996,1012,999,438,478,556,994,476,461],"class_list":{"0":"post-5707","1":"product","2":"type-product","3":"status-publish","4":"has-post-thumbnail","6":"product_cat-boots","7":"product_cat-classic","8":"product_cat-men","9":"product_cat-mens-shoes","10":"product_tag-ankle-boots","11":"product_tag-boots","12":"product_tag-brogue-boots","13":"product_tag-burgundy-boots","14":"product_tag-calfskin-boots","15":"product_tag-cap-toe-boots","16":"product_tag-casual-boots","17":"product_tag-eva-sole","18":"product_tag-formal-boots","19":"product_tag-goatskin-lining","20":"product_tag-lace-up-boots","21":"product_tag-leather-boots","22":"product_tag-mens-boots","23":"desktop-align-center","24":"tablet-align-center","25":"mobile-align-center","27":"first","28":"instock","29":"sale","30":"shipping-taxable","31":"purchasable","32":"product-type-variable","33":"has-default-attributes"},"acf":[],"uagb_featured_image_src":{"full":["https:\/\/turkishtrade.co\/wp-content\/uploads\/2026\/01\/2400EJOMN00446-BURGUNDEY-X_874.png",453,250,false],"thumbnail":["https:\/\/turkishtrade.co\/wp-content\/uploads\/2026\/01\/2400EJOMN00446-BURGUNDEY-X_874-150x150.png",150,150,true],"medium":["https:\/\/turkishtrade.co\/wp-content\/uploads\/2026\/01\/2400EJOMN00446-BURGUNDEY-X_874-300x166.png",300,166,true],"medium_large":["https:\/\/turkishtrade.co\/wp-content\/uploads\/2026\/01\/2400EJOMN00446-BURGUNDEY-X_874.png",453,250,false],"large":["https:\/\/turkishtrade.co\/wp-content\/uploads\/2026\/01\/2400EJOMN00446-BURGUNDEY-X_874.png",453,250,false],"1536x1536":["https:\/\/turkishtrade.co\/wp-content\/uploads\/2026\/01\/2400EJOMN00446-BURGUNDEY-X_874.png",453,250,false],"2048x2048":["https:\/\/turkishtrade.co\/wp-content\/uploads\/2026\/01\/2400EJOMN00446-BURGUNDEY-X_874.png",453,250,false],"trp-custom-language-flag":["https:\/\/turkishtrade.co\/wp-content\/uploads\/2026\/01\/2400EJOMN00446-BURGUNDEY-X_874-18x10.png",18,10,true],"woocommerce_thumbnail":["https:\/\/turkishtrade.co\/wp-content\/uploads\/2026\/01\/2400EJOMN00446-BURGUNDEY-X_874-400x250.png",400,250,true],"woocommerce_single":["https:\/\/turkishtrade.co\/wp-content\/uploads\/2026\/01\/2400EJOMN00446-BURGUNDEY-X_874.png",453,250,false],"woocommerce_gallery_thumbnail":["https:\/\/turkishtrade.co\/wp-content\/uploads\/2026\/01\/2400EJOMN00446-BURGUNDEY-X_874-100x100.png",100,100,true]},"uagb_author_info":{"display_name":"yaser olabi","author_link":"https:\/\/turkishtrade.co\/fr\/author\/"},"uagb_comment_info":0,"uagb_excerpt":"Material: Premium Calfskin Leather Upper Lining: Soft Goatskin Leather Interior Sole: Lightweight and Durable EVA Heel Height: Comfortable 1-3 cm Available Sizes: EU 39, 40, 41, 42, 43, 44, 45 Minimum Order Quantity: 8 Pairs (bulk availability) Delivery Time: Approximately 12 days + Shipping","_links":{"self":[{"href":"https:\/\/turkishtrade.co\/fr\/wp-json\/wp\/v2\/product\/5707","targetHints":{"allow":["GET"]}}],"collection":[{"href":"https:\/\/turkishtrade.co\/fr\/wp-json\/wp\/v2\/product"}],"about":[{"href":"https:\/\/turkishtrade.co\/fr\/wp-json\/wp\/v2\/types\/product"}],"wp:featuredmedia":[{"embeddable":true,"href":"https:\/\/turkishtrade.co\/fr\/wp-json\/wp\/v2\/media\/3806"}],"wp:attachment":[{"href":"https:\/\/turkishtrade.co\/fr\/wp-json\/wp\/v2\/media?parent=5707"}],"wp:term":[{"taxonomy":"product_brand","embeddable":true,"href":"https:\/\/turkishtrade.co\/fr\/wp-json\/wp\/v2\/product_brand?post=5707"},{"taxonomy":"product_cat","embeddable":true,"href":"https:\/\/turkishtrade.co\/fr\/wp-json\/wp\/v2\/product_cat?post=5707"},{"taxonomy":"product_tag","embeddable":true,"href":"https:\/\/turkishtrade.co\/fr\/wp-json\/wp\/v2\/product_tag?post=5707"}],"curies":[{"name":"wp","href":"https:\/\/api.w.org\/{rel}","templated":true}]}}