{"id":5705,"date":"2026-01-14T12:57:19","date_gmt":"2026-01-14T12:57:19","guid":{"rendered":"https:\/\/turkishtrade.co\/product\/mens-leather-suede-boots\/"},"modified":"2026-04-09T19:26:33","modified_gmt":"2026-04-09T19:26:33","slug":"mens-leather-suede-boots","status":"publish","type":"product","link":"https:\/\/turkishtrade.co\/fr\/shop\/mens-leather-suede-boots\/","title":{"rendered":"Premium Men's Brown Leather Suede Ankle Boots"},"content":{"rendered":"<p><strong>Bottes en cuir et daim pour hommes<\/strong><\/p>\n<p>Entrez dans la sophistication avec nos produits haut de gamme <strong>Bottes en cuir et daim pour hommes<\/strong>, Ces bottes de cheville ont \u00e9t\u00e9 con\u00e7ues avec le plus grand soin pour le gentleman moderne. Ces bottines exquises allient l'\u00e9l\u00e9gance classique au confort contemporain, ce qui en fait un compl\u00e9ment indispensable \u00e0 toute garde-robe exigeante. Con\u00e7ues pour \u00eatre \u00e0 la fois durables et \u00e9l\u00e9gantes, nos <strong>bottes en cuir et daim pour hommes<\/strong> sont parfaits pour un large \u00e9ventail d'occasions, des affaires d\u00e9contract\u00e9es aux aventures du week-end.<\/p>\n<p><h3>Un savoir-faire in\u00e9gal\u00e9 et des mat\u00e9riaux de premi\u00e8re qualit\u00e9<\/h3>\n<\/p>\n<p>Chaque paire de ces remarquables <strong>bottes en cuir et daim pour hommes<\/strong> t\u00e9moigne d'un savoir-faire sup\u00e9rieur. L'ext\u00e9rieur pr\u00e9sente une luxueuse combinaison de cuir de veau marron riche \u00e0 la base, offrant un aspect poli et structur\u00e9, parfaitement compl\u00e9t\u00e9 par une tige en daim marron doux et tactile. Ce savant m\u00e9lange de textures cr\u00e9e un contraste visuellement attrayant et rehausse l'\u00e9l\u00e9gance g\u00e9n\u00e9rale des bottes.<\/p>\n<p>\u00c0 l'int\u00e9rieur, vos pieds b\u00e9n\u00e9ficieront d'un confort in\u00e9gal\u00e9 gr\u00e2ce \u00e0 la doublure en cuir de ch\u00e8vre souple, qui est naturellement respirante et se moule \u00e0 votre pied pour un ajustement personnalis\u00e9. La robuste semelle en EVA offre non seulement un excellent amorti et une bonne absorption des chocs, mais garantit \u00e9galement une usure durable et une traction fiable. <strong>bottes en cuir et daim pour hommes<\/strong> un investissement intelligent pour une utilisation quotidienne.<\/p>\n<p><h3>Style polyvalent et confort<\/h3>\n<\/p>\n<p>Nos bottines en cuir et daim marron sont dot\u00e9es d'un design intemporel \u00e0 bout arrondi qui d\u00e9gage un charme classique. Les tons terreux les rendent incroyablement polyvalentes, s'associant sans effort avec un jean pour un look d\u00e9contract\u00e9 ou compl\u00e9tant un pantalon chino ou un pantalon de tailleur pour un ensemble plus raffin\u00e9. La conception soigneusement \u00e9tudi\u00e9e garantit une grande facilit\u00e9 de port, avec une hauteur de talon confortable (1-3 cm) qui favorise le mouvement naturel du pied.<\/p>\n<p>Nous comprenons l'importance d'un ajustement parfait, c'est pourquoi ces bottes sont disponibles dans une large gamme de pointures europ\u00e9ennes allant de 39 \u00e0 45, ce qui permet \u00e0 chaque client de trouver sa paire id\u00e9ale.<\/p>\n<p><h3>Opportunit\u00e9s pour le commerce de gros<\/h3>\n<\/p>\n<p>Pour les d\u00e9taillants et les entreprises \u00e0 la recherche de chaussures de haute qualit\u00e9, ces <strong>bottes en cuir et daim pour hommes<\/strong> sont un excellent choix. Nous proposons des prix comp\u00e9titifs pour les commandes en gros, avec une quantit\u00e9 minimale de 8 paires. Notre processus de production et de livraison efficace garantit que votre commande sera pr\u00eate \u00e0 \u00eatre exp\u00e9di\u00e9e dans un d\u00e9lai d'environ 12 jours, avec un d\u00e9lai suppl\u00e9mentaire pour le transport.<\/p>\n<p>Faites \u00e9quipe avec nous pour offrir \u00e0 votre client\u00e8le des chaussures de qualit\u00e9 sup\u00e9rieure, \u00e9l\u00e9gantes et confortables qui se d\u00e9marquent sur le march\u00e9. Investissez dans une paire de nos <strong>bottes en cuir et daim pour hommes<\/strong> et d\u00e9couvrez le m\u00e9lange de style, de confort et de durabilit\u00e9 qui distingue notre collection.<\/p>","protected":false},"excerpt":{"rendered":"<ul>\n<li>Fabriqu\u00e9 de mani\u00e8re experte avec un ext\u00e9rieur en cuir de veau luxueux et un int\u00e9rieur en cuir de ch\u00e8vre souple.<\/li>\n<li>Semelle EVA durable et l\u00e9g\u00e8re pour un confort et un soutien sup\u00e9rieurs.<\/li>\n<li>\u00c9l\u00e9gante conception bicolore combinant le cuir marron lisse et le daim marron riche.<\/li>\n<li>Disponible dans une large gamme de tailles : EU 39, 40, 41, 42, 43, 44, 45.<\/li>\n<li>Quantit\u00e9 minimale de commande : 8 paires, id\u00e9al pour les acheteurs en gros et en masse.<\/li>\n<li>La livraison est estim\u00e9e \u00e0 12 jours, plus le temps d'exp\u00e9dition.<\/li>\n<\/ul>","protected":false},"featured_media":3823,"template":"","meta":{"_acf_changed":false,"_uag_custom_page_level_css":"","site-sidebar-layout":"default","site-content-layout":"","ast-site-content-layout":"default","site-content-style":"default","site-sidebar-style":"default","ast-global-header-display":"","ast-banner-title-visibility":"","ast-main-header-display":"","ast-hfb-above-header-display":"","ast-hfb-below-header-display":"","ast-hfb-mobile-header-display":"","site-post-title":"","ast-breadcrumbs-content":"","ast-featured-img":"","footer-sml-layout":"","ast-disable-related-posts":"","theme-transparent-header-meta":"","adv-header-id-meta":"","stick-header-meta":"","header-above-stick-meta":"","header-main-stick-meta":"","header-below-stick-meta":"","astra-migrate-meta-layouts":"default","ast-page-background-enabled":"default","ast-page-background-meta":{"desktop":{"background-color":"var(--ast-global-color-4)","background-image":"","background-repeat":"repeat","background-position":"center center","background-size":"auto","background-attachment":"scroll","background-type":"","background-media":"","overlay-type":"","overlay-color":"","overlay-opacity":"","overlay-gradient":""},"tablet":{"background-color":"","background-image":"","background-repeat":"repeat","background-position":"center center","background-size":"auto","background-attachment":"scroll","background-type":"","background-media":"","overlay-type":"","overlay-color":"","overlay-opacity":"","overlay-gradient":""},"mobile":{"background-color":"","background-image":"","background-repeat":"repeat","background-position":"center center","background-size":"auto","background-attachment":"scroll","background-type":"","background-media":"","overlay-type":"","overlay-color":"","overlay-opacity":"","overlay-gradient":""}},"ast-content-background-meta":{"desktop":{"background-color":"var(--ast-global-color-5)","background-image":"","background-repeat":"repeat","background-position":"center center","background-size":"auto","background-attachment":"scroll","background-type":"","background-media":"","overlay-type":"","overlay-color":"","overlay-opacity":"","overlay-gradient":""},"tablet":{"background-color":"var(--ast-global-color-5)","background-image":"","background-repeat":"repeat","background-position":"center center","background-size":"auto","background-attachment":"scroll","background-type":"","background-media":"","overlay-type":"","overlay-color":"","overlay-opacity":"","overlay-gradient":""},"mobile":{"background-color":"var(--ast-global-color-5)","background-image":"","background-repeat":"repeat","background-position":"center center","background-size":"auto","background-attachment":"scroll","background-type":"","background-media":"","overlay-type":"","overlay-color":"","overlay-opacity":"","overlay-gradient":""}}},"product_brand":[],"product_cat":[52,47,430,40],"product_tag":[463,1009,202,1012,999,474,1005,438,437,997,476,461,472,471,1024],"class_list":{"0":"post-5705","1":"product","2":"type-product","3":"status-publish","4":"has-post-thumbnail","6":"product_cat-boots","7":"product_cat-classic","8":"product_cat-men","9":"product_cat-mens-shoes","10":"product_tag-ankle-boots","11":"product_tag-brown-boots","12":"product_tag-calf-leather","13":"product_tag-cap-toe-boots","14":"product_tag-casual-boots","15":"product_tag-comfortable-boots","16":"product_tag-durable-boots","17":"product_tag-eva-sole","18":"product_tag-goat-leather","19":"product_tag-handmade-boots","20":"product_tag-leather-boots","21":"product_tag-mens-boots","22":"product_tag-premium-boots","23":"product_tag-smart-casual-boots","24":"product_tag-suede-boots","25":"desktop-align-center","26":"tablet-align-center","27":"mobile-align-center","29":"first","30":"instock","31":"shipping-taxable","32":"purchasable","33":"product-type-variable","34":"has-default-attributes"},"acf":[],"uagb_featured_image_src":{"full":["https:\/\/turkishtrade.co\/wp-content\/uploads\/2026\/01\/2400EJOMN00445-CAMEL-X_12580.png",453,250,false],"thumbnail":["https:\/\/turkishtrade.co\/wp-content\/uploads\/2026\/01\/2400EJOMN00445-CAMEL-X_12580-150x150.png",150,150,true],"medium":["https:\/\/turkishtrade.co\/wp-content\/uploads\/2026\/01\/2400EJOMN00445-CAMEL-X_12580-300x166.png",300,166,true],"medium_large":["https:\/\/turkishtrade.co\/wp-content\/uploads\/2026\/01\/2400EJOMN00445-CAMEL-X_12580.png",453,250,false],"large":["https:\/\/turkishtrade.co\/wp-content\/uploads\/2026\/01\/2400EJOMN00445-CAMEL-X_12580.png",453,250,false],"1536x1536":["https:\/\/turkishtrade.co\/wp-content\/uploads\/2026\/01\/2400EJOMN00445-CAMEL-X_12580.png",453,250,false],"2048x2048":["https:\/\/turkishtrade.co\/wp-content\/uploads\/2026\/01\/2400EJOMN00445-CAMEL-X_12580.png",453,250,false],"trp-custom-language-flag":["https:\/\/turkishtrade.co\/wp-content\/uploads\/2026\/01\/2400EJOMN00445-CAMEL-X_12580-18x10.png",18,10,true],"woocommerce_thumbnail":["https:\/\/turkishtrade.co\/wp-content\/uploads\/2026\/01\/2400EJOMN00445-CAMEL-X_12580-400x250.png",400,250,true],"woocommerce_single":["https:\/\/turkishtrade.co\/wp-content\/uploads\/2026\/01\/2400EJOMN00445-CAMEL-X_12580.png",453,250,false],"woocommerce_gallery_thumbnail":["https:\/\/turkishtrade.co\/wp-content\/uploads\/2026\/01\/2400EJOMN00445-CAMEL-X_12580-100x100.png",100,100,true]},"uagb_author_info":{"display_name":"yaser olabi","author_link":"https:\/\/turkishtrade.co\/fr\/author\/"},"uagb_comment_info":0,"uagb_excerpt":"Expertly crafted with a luxurious Calf Leather exterior and soft Goat Leather interior. Features a durable and lightweight EVA sole for superior comfort and support. Elegant two-tone design combining smooth brown leather with rich brown suede. Available in a comprehensive range of sizes: EU 39, 40, 41, 42, 43, 44, 45. Minimum order quantity: 8\u2026","_links":{"self":[{"href":"https:\/\/turkishtrade.co\/fr\/wp-json\/wp\/v2\/product\/5705","targetHints":{"allow":["GET"]}}],"collection":[{"href":"https:\/\/turkishtrade.co\/fr\/wp-json\/wp\/v2\/product"}],"about":[{"href":"https:\/\/turkishtrade.co\/fr\/wp-json\/wp\/v2\/types\/product"}],"wp:featuredmedia":[{"embeddable":true,"href":"https:\/\/turkishtrade.co\/fr\/wp-json\/wp\/v2\/media\/3823"}],"wp:attachment":[{"href":"https:\/\/turkishtrade.co\/fr\/wp-json\/wp\/v2\/media?parent=5705"}],"wp:term":[{"taxonomy":"product_brand","embeddable":true,"href":"https:\/\/turkishtrade.co\/fr\/wp-json\/wp\/v2\/product_brand?post=5705"},{"taxonomy":"product_cat","embeddable":true,"href":"https:\/\/turkishtrade.co\/fr\/wp-json\/wp\/v2\/product_cat?post=5705"},{"taxonomy":"product_tag","embeddable":true,"href":"https:\/\/turkishtrade.co\/fr\/wp-json\/wp\/v2\/product_tag?post=5705"}],"curies":[{"name":"wp","href":"https:\/\/api.w.org\/{rel}","templated":true}]}}