{"id":5702,"date":"2026-01-14T12:56:54","date_gmt":"2026-01-14T12:56:54","guid":{"rendered":"https:\/\/turkishtrade.co\/product\/mens-leather-brogue-chelsea-boot\/"},"modified":"2026-04-09T19:26:39","modified_gmt":"2026-04-09T19:26:39","slug":"mens-leather-brogue-chelsea-boot","status":"publish","type":"product","link":"https:\/\/turkishtrade.co\/fr\/shop\/mens-leather-brogue-chelsea-boot\/","title":{"rendered":"Bottes brogue en cuir pour hommes avec boucle"},"content":{"rendered":"<p><strong>Bottines Chelsea en cuir pour hommes<\/strong><\/p>\n<p>D\u00e9couvrez l'incarnation du style classique et de la sophistication moderne avec notre exquise collection d'objets d'art. <strong>Bottines Chelsea en cuir pour hommes<\/strong>. M\u00e9ticuleusement fabriqu\u00e9es \u00e0 la main, ces bottes sont con\u00e7ues pour les hommes exigeants qui appr\u00e9cient \u00e0 la fois l'\u00e9l\u00e9gance et le confort. Chaque paire est le fruit d'un travail artistique exceptionnel, alliant les d\u00e9tails traditionnels d'une brogue \u00e0 l'attrait contemporain d'une botte Chelsea, ce qui en fait un compl\u00e9ment polyvalent \u00e0 toute garde-robe.<\/p>\n<p>Notre engagement en faveur de la qualit\u00e9 commence par les mat\u00e9riaux. La surface ext\u00e9rieure de ce magnifique <strong>Bottines Chelsea en cuir pour hommes<\/strong> est fabriqu\u00e9 en cuir de veau riche et de premi\u00e8re qualit\u00e9, connu pour sa durabilit\u00e9, son toucher luxueux et sa capacit\u00e9 \u00e0 d\u00e9velopper une belle patine au fil du temps.<\/p>\n<p>\u00c0 l'int\u00e9rieur, vos pieds b\u00e9n\u00e9ficieront d'un confort in\u00e9gal\u00e9, gr\u00e2ce \u00e0 la doublure en cuir de ch\u00e8vre souple et respirant. Cette combinaison garantit non seulement un int\u00e9rieur moelleux, mais aussi une excellente ventilation, pour que vos pieds restent \u00e0 l'aise tout au long de la journ\u00e9e. Cette attention port\u00e9e aux d\u00e9tails d\u00e9finit la qualit\u00e9 sup\u00e9rieure de chaque chaussure. <strong>Bottines Chelsea en cuir pour hommes<\/strong> nous offrons.<\/p>\n<p><h3>Un design et un confort in\u00e9gal\u00e9s<\/h3>\n<\/p>\n<p>Les perforations brogue distinctives ajoutent une touche de charme intemporel, tandis que les panneaux lat\u00e9raux \u00e9lastiques, caract\u00e9ristiques du style Chelsea boot, permettent de porter la botte sans effort et de l'ajuster parfaitement. Une boucle \u00e9l\u00e9gante rehausse subtilement le profil sophistiqu\u00e9 de la botte, la distinguant des chaussures ordinaires. La semelle en EVA, \u00e0 la fois robuste et l\u00e9g\u00e8re, offre un amorti et une adh\u00e9rence sup\u00e9rieurs, ce qui fait de cette botte un mod\u00e8le d'exception. <strong>Bottines Chelsea en cuir pour hommes<\/strong> parfait pour les diff\u00e9rents terrains et conditions m\u00e9t\u00e9orologiques.<\/p>\n<p>Avec un talon classique de 1 \u00e0 3 cm, ces bottes offrent la portance id\u00e9ale pour une d\u00e9marche assur\u00e9e.<\/p>\n<p>Disponible dans une gamme compl\u00e8te de tailles europ\u00e9ennes allant du 39 au 45, il est facile de trouver la taille id\u00e9ale. Que vous vous habilliez pour une r\u00e9union d'affaires, une sortie d\u00e9contract\u00e9e le week-end ou une soir\u00e9e sp\u00e9ciale, la polyvalence de ce mod\u00e8le vous permettra de vous sentir \u00e0 l'aise. <strong>Bottines Chelsea en cuir pour hommes<\/strong> est incomparable. Son esth\u00e9tique raffin\u00e9e lui permet de s'harmoniser parfaitement avec les costumes sur mesure, les tenues d\u00e9contract\u00e9es ou m\u00eame les jeans sophistiqu\u00e9s.<\/p>\n<p><h3>Artisanat durable et disponibilit\u00e9 en vrac<\/h3>\n<\/p>\n<p>Nous sommes fiers de notre savoir-faire durable et proposons ces bottes de qualit\u00e9 sup\u00e9rieure avec des options d'achat en gros pratiques, \u00e0 partir d'un minimum de 8 paires. Cela permet \u00e0 nos <strong>Bottines Chelsea en cuir pour hommes<\/strong> un choix id\u00e9al pour les d\u00e9taillants, les fournisseurs d'uniformes ou les personnes souhaitant s'approvisionner en chaussures de haute qualit\u00e9. Chaque commande est pr\u00e9par\u00e9e avec soin, ce qui garantit un d\u00e9lai de livraison d'environ 12 jours, frais de port en sus.<\/p>\n<p>Investissez dans une paire de ces bottes exceptionnelles et faites l'exp\u00e9rience de la fusion parfaite entre le design patrimonial, les mat\u00e9riaux de premi\u00e8re qualit\u00e9 et le confort moderne. Am\u00e9liorez votre collection de chaussures avec une paire de <strong>Bottines Chelsea en cuir pour hommes<\/strong> qui promet un style et une qualit\u00e9 durables.<\/p>","protected":false},"excerpt":{"rendered":"<ul>\n<li><strong>Commande minimale :<\/strong> Disponible \u00e0 l'achat en gros, \u00e0 partir de 8 paires.<\/li>\n<li><strong>Livraison :<\/strong> Le d\u00e9lai de livraison est de 12 jours, plus le temps d'exp\u00e9dition.<\/li>\n<li><strong>Mat\u00e9riau ext\u00e9rieur :<\/strong> Cuir de veau souple de premi\u00e8re qualit\u00e9 pour une finition luxueuse.<\/li>\n<li><strong>Mat\u00e9riau int\u00e9rieur :<\/strong> Doublure en cuir de ch\u00e8vre souple et respirant pour un confort optimal.<\/li>\n<li><strong>Semelle :<\/strong> Semelle EVA l\u00e9g\u00e8re et durable pour une adh\u00e9rence et un soutien exceptionnels.<\/li>\n<li><strong>Hauteur du talon :<\/strong> Talon classique de 1 \u00e0 3 cm, parfait pour la vie de tous les jours et les occasions formelles.<\/li>\n<li><strong>Tailles disponibles :<\/strong> Tailles europ\u00e9ennes 39, 40, 41, 42, 43, 44, 45.<\/li>\n<\/ul>","protected":false},"featured_media":3822,"template":"","meta":{"_acf_changed":false,"_uag_custom_page_level_css":"","site-sidebar-layout":"default","site-content-layout":"","ast-site-content-layout":"default","site-content-style":"default","site-sidebar-style":"default","ast-global-header-display":"","ast-banner-title-visibility":"","ast-main-header-display":"","ast-hfb-above-header-display":"","ast-hfb-below-header-display":"","ast-hfb-mobile-header-display":"","site-post-title":"","ast-breadcrumbs-content":"","ast-featured-img":"","footer-sml-layout":"","ast-disable-related-posts":"","theme-transparent-header-meta":"","adv-header-id-meta":"","stick-header-meta":"","header-above-stick-meta":"","header-main-stick-meta":"","header-below-stick-meta":"","astra-migrate-meta-layouts":"default","ast-page-background-enabled":"default","ast-page-background-meta":{"desktop":{"background-color":"var(--ast-global-color-4)","background-image":"","background-repeat":"repeat","background-position":"center center","background-size":"auto","background-attachment":"scroll","background-type":"","background-media":"","overlay-type":"","overlay-color":"","overlay-opacity":"","overlay-gradient":""},"tablet":{"background-color":"","background-image":"","background-repeat":"repeat","background-position":"center center","background-size":"auto","background-attachment":"scroll","background-type":"","background-media":"","overlay-type":"","overlay-color":"","overlay-opacity":"","overlay-gradient":""},"mobile":{"background-color":"","background-image":"","background-repeat":"repeat","background-position":"center center","background-size":"auto","background-attachment":"scroll","background-type":"","background-media":"","overlay-type":"","overlay-color":"","overlay-opacity":"","overlay-gradient":""}},"ast-content-background-meta":{"desktop":{"background-color":"var(--ast-global-color-5)","background-image":"","background-repeat":"repeat","background-position":"center center","background-size":"auto","background-attachment":"scroll","background-type":"","background-media":"","overlay-type":"","overlay-color":"","overlay-opacity":"","overlay-gradient":""},"tablet":{"background-color":"var(--ast-global-color-5)","background-image":"","background-repeat":"repeat","background-position":"center center","background-size":"auto","background-attachment":"scroll","background-type":"","background-media":"","overlay-type":"","overlay-color":"","overlay-opacity":"","overlay-gradient":""},"mobile":{"background-color":"var(--ast-global-color-5)","background-image":"","background-repeat":"repeat","background-position":"center center","background-size":"auto","background-attachment":"scroll","background-type":"","background-media":"","overlay-type":"","overlay-color":"","overlay-opacity":"","overlay-gradient":""}}},"product_brand":[],"product_cat":[52,47,430,40],"product_tag":[463,993,477,1023,202,999,1003,474,1005,998,438,478,437,1017,476,217,461,198,1021,1022,855],"class_list":{"0":"post-5702","1":"product","2":"type-product","3":"status-publish","4":"has-post-thumbnail","6":"product_cat-boots","7":"product_cat-classic","8":"product_cat-men","9":"product_cat-mens-shoes","10":"product_tag-ankle-boots","11":"product_tag-brogue-boots","12":"product_tag-buckle-boots","13":"product_tag-business-casual-boots","14":"product_tag-calf-leather","15":"product_tag-casual-boots","16":"product_tag-chelsea-boots","17":"product_tag-comfortable-boots","18":"product_tag-durable-boots","19":"product_tag-elegant-boots","20":"product_tag-eva-sole","21":"product_tag-formal-boots","22":"product_tag-goat-leather","23":"product_tag-handcrafted-boots","24":"product_tag-leather-boots","25":"product_tag-luxury-footwear","26":"product_tag-mens-boots","27":"product_tag-mens-fashion","28":"product_tag-mens-leather-brogue-chelsea-boot","29":"product_tag-mens-style","30":"product_tag-sophisticated-footwear","31":"desktop-align-center","32":"tablet-align-center","33":"mobile-align-center","35":"first","36":"instock","37":"shipping-taxable","38":"purchasable","39":"product-type-variable","40":"has-default-attributes"},"acf":[],"uagb_featured_image_src":{"full":["https:\/\/turkishtrade.co\/wp-content\/uploads\/2026\/01\/2400EJOMN00444-DARK-BLUE-X_875.png",453,250,false],"thumbnail":["https:\/\/turkishtrade.co\/wp-content\/uploads\/2026\/01\/2400EJOMN00444-DARK-BLUE-X_875-150x150.png",150,150,true],"medium":["https:\/\/turkishtrade.co\/wp-content\/uploads\/2026\/01\/2400EJOMN00444-DARK-BLUE-X_875-300x166.png",300,166,true],"medium_large":["https:\/\/turkishtrade.co\/wp-content\/uploads\/2026\/01\/2400EJOMN00444-DARK-BLUE-X_875.png",453,250,false],"large":["https:\/\/turkishtrade.co\/wp-content\/uploads\/2026\/01\/2400EJOMN00444-DARK-BLUE-X_875.png",453,250,false],"1536x1536":["https:\/\/turkishtrade.co\/wp-content\/uploads\/2026\/01\/2400EJOMN00444-DARK-BLUE-X_875.png",453,250,false],"2048x2048":["https:\/\/turkishtrade.co\/wp-content\/uploads\/2026\/01\/2400EJOMN00444-DARK-BLUE-X_875.png",453,250,false],"trp-custom-language-flag":["https:\/\/turkishtrade.co\/wp-content\/uploads\/2026\/01\/2400EJOMN00444-DARK-BLUE-X_875-18x10.png",18,10,true],"woocommerce_thumbnail":["https:\/\/turkishtrade.co\/wp-content\/uploads\/2026\/01\/2400EJOMN00444-DARK-BLUE-X_875-400x250.png",400,250,true],"woocommerce_single":["https:\/\/turkishtrade.co\/wp-content\/uploads\/2026\/01\/2400EJOMN00444-DARK-BLUE-X_875.png",453,250,false],"woocommerce_gallery_thumbnail":["https:\/\/turkishtrade.co\/wp-content\/uploads\/2026\/01\/2400EJOMN00444-DARK-BLUE-X_875-100x100.png",100,100,true]},"uagb_author_info":{"display_name":"yaser olabi","author_link":"https:\/\/turkishtrade.co\/fr\/author\/"},"uagb_comment_info":0,"uagb_excerpt":"Minimum Order: Available for bulk purchase, starting from 8 pairs. Delivery: Expect delivery within 12 days, plus shipping time. Outer Material: Premium, supple Calf Leather for a luxurious finish. Inner Material: Soft and breathable Goat Leather lining for ultimate comfort. Sole: Lightweight and durable EVA Sole for exceptional grip and support. Heel Height: Classic 1-3\u2026","_links":{"self":[{"href":"https:\/\/turkishtrade.co\/fr\/wp-json\/wp\/v2\/product\/5702","targetHints":{"allow":["GET"]}}],"collection":[{"href":"https:\/\/turkishtrade.co\/fr\/wp-json\/wp\/v2\/product"}],"about":[{"href":"https:\/\/turkishtrade.co\/fr\/wp-json\/wp\/v2\/types\/product"}],"wp:featuredmedia":[{"embeddable":true,"href":"https:\/\/turkishtrade.co\/fr\/wp-json\/wp\/v2\/media\/3822"}],"wp:attachment":[{"href":"https:\/\/turkishtrade.co\/fr\/wp-json\/wp\/v2\/media?parent=5702"}],"wp:term":[{"taxonomy":"product_brand","embeddable":true,"href":"https:\/\/turkishtrade.co\/fr\/wp-json\/wp\/v2\/product_brand?post=5702"},{"taxonomy":"product_cat","embeddable":true,"href":"https:\/\/turkishtrade.co\/fr\/wp-json\/wp\/v2\/product_cat?post=5702"},{"taxonomy":"product_tag","embeddable":true,"href":"https:\/\/turkishtrade.co\/fr\/wp-json\/wp\/v2\/product_tag?post=5702"}],"curies":[{"name":"wp","href":"https:\/\/api.w.org\/{rel}","templated":true}]}}