{"id":5700,"date":"2026-01-14T12:56:33","date_gmt":"2026-01-14T12:56:33","guid":{"rendered":"https:\/\/turkishtrade.co\/product\/mens-leather-brogue-boots-2\/"},"modified":"2026-04-09T19:26:43","modified_gmt":"2026-04-09T19:26:43","slug":"mens-leather-brogue-boots-2","status":"publish","type":"product","link":"https:\/\/turkishtrade.co\/fr\/shop\/mens-leather-brogue-boots-2\/","title":{"rendered":"Bottes brogue en cuir pour hommes, fabriqu\u00e9es \u00e0 la main"},"content":{"rendered":"<p><strong>Bottes brogue en cuir pour hommes<\/strong><\/p>\n<p>Entrez dans un style et un confort in\u00e9gal\u00e9s gr\u00e2ce \u00e0 nos produits artisanaux exquis. <strong>Bottes brogue en cuir pour hommes<\/strong>. M\u00e9ticuleusement con\u00e7ues pour le gentleman moderne, ces bottes incarnent la fusion parfaite de l'\u00e9l\u00e9gance classique et de la fonctionnalit\u00e9 contemporaine. Chaque paire de nos <strong>bottes brogue en cuir pour hommes<\/strong> t\u00e9moigne d'une qualit\u00e9 de fabrication sup\u00e9rieure, garantissant \u00e0 la fois une apparence remarquable et une durabilit\u00e9 \u00e0 toute \u00e9preuve.<\/p>\n<p>L'ext\u00e9rieur distingu\u00e9 de ces bottes est fabriqu\u00e9 en cuir de veau de premi\u00e8re qualit\u00e9, r\u00e9put\u00e9 pour sa qualit\u00e9 exceptionnelle, sa texture lisse et sa r\u00e9silience inh\u00e9rente. Ce choix de mat\u00e9riau garantit une botte qui n'est pas seulement sophistiqu\u00e9e, mais qui vieillit merveilleusement bien, en d\u00e9veloppant une patine unique au fil du temps. Pour compl\u00e9ter l'ext\u00e9rieur robuste, l'int\u00e9rieur est somptueusement doubl\u00e9 de cuir de ch\u00e8vre v\u00e9ritable.<\/p>\n<p>Cette doublure douce et respirante offre un niveau de confort extraordinaire, ce qui fait de ces chaussures des objets de choix. <strong>bottes brogue en cuir pour hommes<\/strong> un plaisir \u00e0 porter tout au long de la journ\u00e9e.<\/p>\n<p>Les d\u00e9tails de la marque Brogue ornent l'embout et les coutures, ajoutant un caract\u00e8re intemporel et sophistiqu\u00e9 \u00e0 la riche finition marron bruni. La conception classique \u00e0 lacets assure une coupe ajust\u00e9e et r\u00e9glable, am\u00e9liorant \u00e0 la fois l'esth\u00e9tique et la praticit\u00e9 de la botte. Ces bottines polyvalentes passent sans effort du cadre professionnel aux sorties du week-end, ce qui en fait un compl\u00e9ment indispensable \u00e0 toute garde-robe.<\/p>\n<p>\u00c9levez votre style sans effort gr\u00e2ce \u00e0 ces chaussures raffin\u00e9es. <strong>bottes brogue en cuir pour hommes<\/strong>, Les v\u00eatements de la collection sont de qualit\u00e9 sup\u00e9rieure, qu'ils soient associ\u00e9s \u00e0 un pantalon de tailleur pour un look professionnel d\u00e9contract\u00e9 ou \u00e0 un jean de qualit\u00e9 sup\u00e9rieure pour une allure urbaine sophistiqu\u00e9e.<\/p>\n<p>Le confort est primordial, et ces <strong>bottes brogue en cuir pour hommes<\/strong> livrent. Elles sont dot\u00e9es d'une semelle EVA l\u00e9g\u00e8re et flexible, con\u00e7ue pour offrir un excellent amorti et un bon soutien \u00e0 chaque pas. Le talon subtil de 1 \u00e0 3 cm offre une \u00e9l\u00e9vation confortable sans compromettre la stabilit\u00e9.<\/p>\n<p>Disponibles dans une gamme compl\u00e8te de tailles europ\u00e9ennes allant du 39 au 45, nous garantissons un ajustement parfait \u00e0 une client\u00e8le diversifi\u00e9e. Nous nous engageons \u00e0 fournir des <strong>bottes brogue en cuir pour hommes<\/strong> qui allient style, confort et durabilit\u00e9.<\/p>\n<p>Pour les d\u00e9taillants et les entreprises qui souhaitent proposer des chaussures haut de gamme, nos <strong>bottes brogue en cuir pour hommes<\/strong> sont disponibles \u00e0 l'achat en gros. Nous demandons une commande minimum de 8 paires, ce qui vous permet de stocker ce style populaire. Avec un d\u00e9lai de livraison fiable d'environ 12 jours plus les frais de port, vous pouvez g\u00e9rer efficacement votre stock et r\u00e9pondre \u00e0 la demande de vos clients.<\/p>\n<p>\u00c9levez votre collection avec ces produits de premier ordre. <strong>bottes brogue en cuir pour hommes<\/strong>, Les produits de l'Union europ\u00e9enne sont des produits de qualit\u00e9, qui offrent \u00e0 vos clients un m\u00e9lange parfait de luxe, de confort et de style durable.<\/p>","protected":false},"excerpt":{"rendered":"<ul>\n<li>Tige en cuir de veau de premi\u00e8re qualit\u00e9 pour une durabilit\u00e9 et un style sup\u00e9rieurs<\/li>\n<li>Doublure en cuir de ch\u00e8vre souple pour un confort respirant tout au long de la journ\u00e9e<\/li>\n<li>Semelle EVA l\u00e9g\u00e8re et durable avec une hauteur de talon classique de 1 \u00e0 3 cm<\/li>\n<li>Une esth\u00e9tique sophistiqu\u00e9e gr\u00e2ce \u00e0 des d\u00e9tails intemporels de type \"brogue\".<\/li>\n<li>Fermeture \u00e0 lacet s\u00e9curis\u00e9e pour un ajustement personnalis\u00e9 et confortable<\/li>\n<li>Disponible en tailles europ\u00e9ennes 39, 40, 41, 42, 43, 44, 45<\/li>\n<li>Commande minimale en gros : 8 paires<\/li>\n<li>D\u00e9lai de livraison estim\u00e9 : 12 jours + frais de port<\/li>\n<\/ul>","protected":false},"featured_media":3820,"template":"","meta":{"_acf_changed":false,"_uag_custom_page_level_css":"","site-sidebar-layout":"default","site-content-layout":"","ast-site-content-layout":"default","site-content-style":"default","site-sidebar-style":"default","ast-global-header-display":"","ast-banner-title-visibility":"","ast-main-header-display":"","ast-hfb-above-header-display":"","ast-hfb-below-header-display":"","ast-hfb-mobile-header-display":"","site-post-title":"","ast-breadcrumbs-content":"","ast-featured-img":"","footer-sml-layout":"","ast-disable-related-posts":"","theme-transparent-header-meta":"","adv-header-id-meta":"","stick-header-meta":"","header-above-stick-meta":"","header-main-stick-meta":"","header-below-stick-meta":"","astra-migrate-meta-layouts":"default","ast-page-background-enabled":"default","ast-page-background-meta":{"desktop":{"background-color":"var(--ast-global-color-4)","background-image":"","background-repeat":"repeat","background-position":"center center","background-size":"auto","background-attachment":"scroll","background-type":"","background-media":"","overlay-type":"","overlay-color":"","overlay-opacity":"","overlay-gradient":""},"tablet":{"background-color":"","background-image":"","background-repeat":"repeat","background-position":"center center","background-size":"auto","background-attachment":"scroll","background-type":"","background-media":"","overlay-type":"","overlay-color":"","overlay-opacity":"","overlay-gradient":""},"mobile":{"background-color":"","background-image":"","background-repeat":"repeat","background-position":"center center","background-size":"auto","background-attachment":"scroll","background-type":"","background-media":"","overlay-type":"","overlay-color":"","overlay-opacity":"","overlay-gradient":""}},"ast-content-background-meta":{"desktop":{"background-color":"var(--ast-global-color-5)","background-image":"","background-repeat":"repeat","background-position":"center center","background-size":"auto","background-attachment":"scroll","background-type":"","background-media":"","overlay-type":"","overlay-color":"","overlay-opacity":"","overlay-gradient":""},"tablet":{"background-color":"var(--ast-global-color-5)","background-image":"","background-repeat":"repeat","background-position":"center center","background-size":"auto","background-attachment":"scroll","background-type":"","background-media":"","overlay-type":"","overlay-color":"","overlay-opacity":"","overlay-gradient":""},"mobile":{"background-color":"var(--ast-global-color-5)","background-image":"","background-repeat":"repeat","background-position":"center center","background-size":"auto","background-attachment":"scroll","background-type":"","background-media":"","overlay-type":"","overlay-color":"","overlay-opacity":"","overlay-gradient":""}}},"product_brand":[],"product_cat":[52,47,430,40],"product_tag":[463,993,1009,202,999,644,464,438,437,997,994,476,461,198,473],"class_list":{"0":"post-5700","1":"product","2":"type-product","3":"status-publish","4":"has-post-thumbnail","6":"product_cat-boots","7":"product_cat-classic","8":"product_cat-men","9":"product_cat-mens-shoes","10":"product_tag-ankle-boots","11":"product_tag-brogue-boots","12":"product_tag-brown-boots","13":"product_tag-calf-leather","14":"product_tag-casual-boots","15":"product_tag-classic-footwear","16":"product_tag-dress-boots","17":"product_tag-eva-sole","18":"product_tag-goat-leather","19":"product_tag-handmade-boots","20":"product_tag-lace-up-boots","21":"product_tag-leather-boots","22":"product_tag-mens-boots","23":"product_tag-mens-fashion","24":"product_tag-wholesale-boots","25":"desktop-align-center","26":"tablet-align-center","27":"mobile-align-center","29":"first","30":"instock","31":"shipping-taxable","32":"purchasable","33":"product-type-variable","34":"has-default-attributes"},"acf":[],"uagb_featured_image_src":{"full":["https:\/\/turkishtrade.co\/wp-content\/uploads\/2026\/01\/2400EJOMN00443-DARK-BROWN-X_76-TABAN-NOKTALI.png",453,250,false],"thumbnail":["https:\/\/turkishtrade.co\/wp-content\/uploads\/2026\/01\/2400EJOMN00443-DARK-BROWN-X_76-TABAN-NOKTALI-150x150.png",150,150,true],"medium":["https:\/\/turkishtrade.co\/wp-content\/uploads\/2026\/01\/2400EJOMN00443-DARK-BROWN-X_76-TABAN-NOKTALI-300x166.png",300,166,true],"medium_large":["https:\/\/turkishtrade.co\/wp-content\/uploads\/2026\/01\/2400EJOMN00443-DARK-BROWN-X_76-TABAN-NOKTALI.png",453,250,false],"large":["https:\/\/turkishtrade.co\/wp-content\/uploads\/2026\/01\/2400EJOMN00443-DARK-BROWN-X_76-TABAN-NOKTALI.png",453,250,false],"1536x1536":["https:\/\/turkishtrade.co\/wp-content\/uploads\/2026\/01\/2400EJOMN00443-DARK-BROWN-X_76-TABAN-NOKTALI.png",453,250,false],"2048x2048":["https:\/\/turkishtrade.co\/wp-content\/uploads\/2026\/01\/2400EJOMN00443-DARK-BROWN-X_76-TABAN-NOKTALI.png",453,250,false],"trp-custom-language-flag":["https:\/\/turkishtrade.co\/wp-content\/uploads\/2026\/01\/2400EJOMN00443-DARK-BROWN-X_76-TABAN-NOKTALI-18x10.png",18,10,true],"woocommerce_thumbnail":["https:\/\/turkishtrade.co\/wp-content\/uploads\/2026\/01\/2400EJOMN00443-DARK-BROWN-X_76-TABAN-NOKTALI-400x250.png",400,250,true],"woocommerce_single":["https:\/\/turkishtrade.co\/wp-content\/uploads\/2026\/01\/2400EJOMN00443-DARK-BROWN-X_76-TABAN-NOKTALI.png",453,250,false],"woocommerce_gallery_thumbnail":["https:\/\/turkishtrade.co\/wp-content\/uploads\/2026\/01\/2400EJOMN00443-DARK-BROWN-X_76-TABAN-NOKTALI-100x100.png",100,100,true]},"uagb_author_info":{"display_name":"yaser olabi","author_link":"https:\/\/turkishtrade.co\/fr\/author\/"},"uagb_comment_info":0,"uagb_excerpt":"Premium Calf Leather Upper for superior durability and style Soft Goat Leather Lining for breathable, all-day comfort Lightweight &amp; Durable EVA Sole with a classic 1-3 cm heel height Timeless Brogue Detailing for a sophisticated aesthetic Secure Lace-up Closure for a personalized and snug fit Available in European Sizes 39, 40, 41, 42, 43, 44,\u2026","_links":{"self":[{"href":"https:\/\/turkishtrade.co\/fr\/wp-json\/wp\/v2\/product\/5700","targetHints":{"allow":["GET"]}}],"collection":[{"href":"https:\/\/turkishtrade.co\/fr\/wp-json\/wp\/v2\/product"}],"about":[{"href":"https:\/\/turkishtrade.co\/fr\/wp-json\/wp\/v2\/types\/product"}],"wp:featuredmedia":[{"embeddable":true,"href":"https:\/\/turkishtrade.co\/fr\/wp-json\/wp\/v2\/media\/3820"}],"wp:attachment":[{"href":"https:\/\/turkishtrade.co\/fr\/wp-json\/wp\/v2\/media?parent=5700"}],"wp:term":[{"taxonomy":"product_brand","embeddable":true,"href":"https:\/\/turkishtrade.co\/fr\/wp-json\/wp\/v2\/product_brand?post=5700"},{"taxonomy":"product_cat","embeddable":true,"href":"https:\/\/turkishtrade.co\/fr\/wp-json\/wp\/v2\/product_cat?post=5700"},{"taxonomy":"product_tag","embeddable":true,"href":"https:\/\/turkishtrade.co\/fr\/wp-json\/wp\/v2\/product_tag?post=5700"}],"curies":[{"name":"wp","href":"https:\/\/api.w.org\/{rel}","templated":true}]}}